{"id":5002,"date":"2023-07-29T19:05:32","date_gmt":"2023-07-29T16:05:32","guid":{"rendered":"https:\/\/www.eurokolikonmaailma.fi\/?page_id=5002"},"modified":"2023-07-29T21:48:22","modified_gmt":"2023-07-29T18:48:22","slug":"he-man-and-the-masters-of-the-universe-2013-14","status":"publish","type":"page","link":"https:\/\/www.eurokolikonmaailma.fi\/?page_id=5002","title":{"rendered":"He-Man and the Masters of the Universe (2013-14)"},"content":{"rendered":"<p>T\u00e4m\u00e4 DC Comicsin julkaisema Masters of the Universe -sarja on suoraa jatkoa 2012-13 julkaistulle minisarjalle ja jatkuu suoraan He-Man: Eternity War -sarjassa. Ensimm\u00e4iset 12 numeroa l\u00f6ytyv\u00e4t itselt\u00e4ni yksitt\u00e4isnumeroina ja loput 7 numeroa kokoelmana. Lis\u00e4ksi numerot 13-19 l\u00f6ytyv\u00e4t digijulkaisuina.<\/p>\n<table style=\"border: 0px; width: 640px;\">\n<tbody style=\"border: 0px;\">\n<tr style=\"border: 0px;\">\n<td style=\"border: 0px;\"><a href=\"https:\/\/www.eurokolikonmaailma.fi\/?page_id=2977\"><img loading=\"lazy\" decoding=\"async\" src=\"http:\/\/motu.eurokolikonmaailma.fi\/kuvat\/sarjis\/hmotu01_13_cover.jpg\" alt=\"\" width=\"122\" height=\"189\" \/><\/a><\/td>\n<td style=\"border: 0px;\"><img loading=\"lazy\" decoding=\"async\" src=\"http:\/\/motu.eurokolikonmaailma.fi\/kuvat\/sarjis\/MAR130292_1._SX640_QL80_TTD_.jpg\" alt=\"\" width=\"122\" height=\"189\" \/><\/td>\n<td style=\"border: 0px;\"><img loading=\"lazy\" decoding=\"async\" src=\"http:\/\/motu.eurokolikonmaailma.fi\/kuvat\/sarjis\/DIG005218_1._SX640_QL80_TTD_.jpg\" alt=\"\" width=\"122\" height=\"189\" \/><\/td>\n<td style=\"border: 0px;\"><img loading=\"lazy\" decoding=\"async\" src=\"http:\/\/motu.eurokolikonmaailma.fi\/kuvat\/sarjis\/DIG006476_1._SX640_QL80_TTD_.jpg\" alt=\"\" width=\"122\" height=\"189\" \/><\/td>\n<\/tr>\n<tr style=\"border: 0px;\">\n<td style=\"border: 0px;\"><strong>#1: Desperate<br \/>\nTimes<\/strong><\/td>\n<td style=\"border: 0px;\"><strong>#2<\/strong><\/td>\n<td style=\"border: 0px;\"><strong>#3<\/strong><\/td>\n<td style=\"border: 0px;\"><strong>#4<\/strong><\/td>\n<\/tr>\n<tr style=\"border: 0px;\">\n<td style=\"border: 0px;\"><img loading=\"lazy\" decoding=\"async\" src=\"http:\/\/motu.eurokolikonmaailma.fi\/kuvat\/sarjis\/DIG008167_1._SX640_QL80_TTD_.jpg\" alt=\"\" width=\"122\" height=\"189\" \/><\/td>\n<td style=\"border: 0px;\"><img loading=\"lazy\" decoding=\"async\" src=\"http:\/\/motu.eurokolikonmaailma.fi\/kuvat\/sarjis\/DIG009193_1._SX640_QL80_TTD_.jpg\" alt=\"\" width=\"122\" height=\"189\" \/><\/td>\n<td style=\"border: 0px;\"><img loading=\"lazy\" decoding=\"async\" src=\"http:\/\/motu.eurokolikonmaailma.fi\/kuvat\/sarjis\/DIG010789_2._SX640_QL80_TTD_.jpg\" alt=\"\" width=\"122\" height=\"189\" \/><\/td>\n<td style=\"border: 0px;\"><img loading=\"lazy\" decoding=\"async\" src=\"http:\/\/motu.eurokolikonmaailma.fi\/kuvat\/sarjis\/DIG012677_2._SX640_QL80_TTD_.jpg\" alt=\"\" width=\"122\" height=\"189\" \/><\/td>\n<\/tr>\n<tr style=\"border: 0px;\">\n<td style=\"border: 0px;\"><strong>#5: Once Upon a Time<\/strong><\/td>\n<td style=\"border: 0px;\"><strong>#6: Bloodties<\/strong><\/td>\n<td style=\"border: 0px;\"><strong>#7: What Lies Within, Part 1<\/strong><\/td>\n<td style=\"border: 0px;\"><strong>#8:\u00a0What Lies Within, Part 2<\/strong><\/td>\n<\/tr>\n<tr style=\"border: 0px;\">\n<td style=\"border: 0px;\"><img loading=\"lazy\" decoding=\"async\" src=\"http:\/\/motu.eurokolikonmaailma.fi\/kuvat\/sarjis\/DIG013824_1._SX640_QL80_TTD_.jpg\" alt=\"\" width=\"122\" height=\"189\" \/><\/td>\n<td style=\"border: 0px;\"><img loading=\"lazy\" decoding=\"async\" src=\"http:\/\/motu.eurokolikonmaailma.fi\/kuvat\/sarjis\/DIG015288_1._SX640_QL80_TTD_.jpg\" alt=\"\" width=\"122\" height=\"189\" \/><\/td>\n<td style=\"border: 0px;\"><img loading=\"lazy\" decoding=\"async\" src=\"http:\/\/motu.eurokolikonmaailma.fi\/kuvat\/sarjis\/DIG017448_1._SX640_QL80_TTD_.jpg\" alt=\"\" width=\"122\" height=\"189\" \/><\/td>\n<td style=\"border: 0px;\"><img loading=\"lazy\" decoding=\"async\" src=\"http:\/\/motu.eurokolikonmaailma.fi\/kuvat\/sarjis\/DIG020064_1._SX640_QL80_TTD_.jpg\" alt=\"\" width=\"122\" height=\"189\" \/><\/td>\n<\/tr>\n<tr style=\"border: 0px;\">\n<td style=\"border: 0px;\"><strong>#9:\u00a0What Lies Within, Part 3<\/strong><\/td>\n<td style=\"border: 0px;\"><strong>#10:\u00a0What Lies Within, Part 4<\/strong><\/td>\n<td style=\"border: 0px;\"><strong>#11:\u00a0What Lies Within, Part 5<\/strong><\/td>\n<td style=\"border: 0px;\"><strong>#12:\u00a0What Lies Within, Part 6<\/strong><\/td>\n<\/tr>\n<tr style=\"border: 0px;\">\n<td style=\"border: 0px;\"><img loading=\"lazy\" decoding=\"async\" src=\"http:\/\/motu.eurokolikonmaailma.fi\/kuvat\/sarjis\/DIG021294_1._SX640_QL80_TTD_.jpg\" alt=\"\" width=\"122\" height=\"189\" \/><\/td>\n<td style=\"border: 0px;\"><img loading=\"lazy\" decoding=\"async\" src=\"http:\/\/motu.eurokolikonmaailma.fi\/kuvat\/sarjis\/DIG023048_1._SX640_QL80_TTD_.jpg\" alt=\"\" width=\"122\" height=\"189\" \/><\/td>\n<td style=\"border: 0px;\"><img loading=\"lazy\" decoding=\"async\" src=\"http:\/\/motu.eurokolikonmaailma.fi\/kuvat\/sarjis\/DIG025080._SX640_QL80_TTD_.jpg\" alt=\"\" width=\"122\" height=\"189\" \/><\/td>\n<td style=\"border: 0px;\"><img loading=\"lazy\" decoding=\"async\" src=\"http:\/\/motu.eurokolikonmaailma.fi\/kuvat\/sarjis\/DIG026549._SX640_QL80_TTD_.jpg\" alt=\"\" width=\"122\" height=\"189\" \/><\/td>\n<\/tr>\n<tr style=\"border: 0px;\">\n<td style=\"border: 0px;\"><strong>#13: The Blood of Grayskull Prologue<\/strong><\/td>\n<td style=\"border: 0px;\"><strong>#14: The Blood of Grayskull Part 1<\/strong><\/td>\n<td style=\"border: 0px;\"><strong>#15:\u00a0The Blood of Grayskull Part 2<\/strong><\/td>\n<td style=\"border: 0px;\"><strong>#16:\u00a0The Blood of Grayskull Part 3<\/strong><\/td>\n<\/tr>\n<tr style=\"border: 0px;\">\n<td style=\"border: 0px;\"><img loading=\"lazy\" decoding=\"async\" src=\"http:\/\/motu.eurokolikonmaailma.fi\/kuvat\/sarjis\/DIG027846_1._SX640_QL80_TTD_.jpg\" alt=\"\" width=\"122\" height=\"189\" \/><\/td>\n<td style=\"border: 0px;\"><img loading=\"lazy\" decoding=\"async\" src=\"http:\/\/motu.eurokolikonmaailma.fi\/kuvat\/sarjis\/DIG029448_1._SX640_QL80_TTD_.jpg\" alt=\"\" width=\"122\" height=\"189\" \/><\/td>\n<td style=\"border: 0px;\"><img loading=\"lazy\" decoding=\"async\" src=\"http:\/\/motu.eurokolikonmaailma.fi\/kuvat\/sarjis\/DIG031627_1._SX640_QL80_TTD_.jpg\" alt=\"\" width=\"122\" height=\"189\" \/><\/td>\n<td style=\"border: 0px;\"><\/td>\n<\/tr>\n<tr style=\"border: 0px;\">\n<td style=\"border: 0px;\"><strong>#17: The Blood of Grayskull Part 4<\/strong><\/td>\n<td style=\"border: 0px;\"><strong>#18: The Blood of Grayskull Part 5<\/strong><\/td>\n<td style=\"border: 0px;\"><strong>#19: Stuck in a Moment<\/strong><\/td>\n<td style=\"border: 0px;\"><\/td>\n<\/tr>\n<\/tbody>\n<\/table>\n","protected":false},"excerpt":{"rendered":"<p>T\u00e4m\u00e4 DC Comicsin julkaisema Masters of the Universe -sarja on suoraa jatkoa 2012-13 julkaistulle minisarjalle ja jatkuu suoraan He-Man: Eternity War -sarjassa. Ensimm\u00e4iset 12 numeroa l\u00f6ytyv\u00e4t itselt\u00e4ni yksitt\u00e4isnumeroina ja loput 7 numeroa kokoelmana. Lis\u00e4ksi numerot 13-19 l\u00f6ytyv\u00e4t digijulkaisuina. #1: Desperate &hellip; <a href=\"https:\/\/www.eurokolikonmaailma.fi\/?page_id=5002\">Lue loppuun <span class=\"meta-nav\">&rarr;<\/span><\/a><\/p>\n","protected":false},"author":1,"featured_media":0,"parent":1151,"menu_order":0,"comment_status":"closed","ping_status":"closed","template":"","meta":{"footnotes":""},"class_list":["post-5002","page","type-page","status-publish","hentry"],"_links":{"self":[{"href":"https:\/\/www.eurokolikonmaailma.fi\/index.php?rest_route=\/wp\/v2\/pages\/5002","targetHints":{"allow":["GET"]}}],"collection":[{"href":"https:\/\/www.eurokolikonmaailma.fi\/index.php?rest_route=\/wp\/v2\/pages"}],"about":[{"href":"https:\/\/www.eurokolikonmaailma.fi\/index.php?rest_route=\/wp\/v2\/types\/page"}],"author":[{"embeddable":true,"href":"https:\/\/www.eurokolikonmaailma.fi\/index.php?rest_route=\/wp\/v2\/users\/1"}],"replies":[{"embeddable":true,"href":"https:\/\/www.eurokolikonmaailma.fi\/index.php?rest_route=%2Fwp%2Fv2%2Fcomments&post=5002"}],"version-history":[{"count":3,"href":"https:\/\/www.eurokolikonmaailma.fi\/index.php?rest_route=\/wp\/v2\/pages\/5002\/revisions"}],"predecessor-version":[{"id":5046,"href":"https:\/\/www.eurokolikonmaailma.fi\/index.php?rest_route=\/wp\/v2\/pages\/5002\/revisions\/5046"}],"up":[{"embeddable":true,"href":"https:\/\/www.eurokolikonmaailma.fi\/index.php?rest_route=\/wp\/v2\/pages\/1151"}],"wp:attachment":[{"href":"https:\/\/www.eurokolikonmaailma.fi\/index.php?rest_route=%2Fwp%2Fv2%2Fmedia&parent=5002"}],"curies":[{"name":"wp","href":"https:\/\/api.w.org\/{rel}","templated":true}]}}