{"id":5000,"date":"2023-07-29T18:58:59","date_gmt":"2023-07-29T15:58:59","guid":{"rendered":"https:\/\/www.eurokolikonmaailma.fi\/?page_id=5000"},"modified":"2023-07-29T21:07:43","modified_gmt":"2023-07-29T18:07:43","slug":"he-man-and-the-masters-of-the-universe-miniseries-2012-13","status":"publish","type":"page","link":"https:\/\/www.eurokolikonmaailma.fi\/?page_id=5000","title":{"rendered":"He-Man and the Masters of the Universe Miniseries (2012-13)"},"content":{"rendered":"<p>T\u00e4m\u00e4 DC Comicsin julkaisema minisarja johtaa suoraan 19-osaiseen Masters of the Universe -sarjakuvasarjaan. N\u00e4m\u00e4kin lehdet kokoelmastani l\u00f6ytyv\u00e4t.<\/p>\n<table style=\"border: 0px; width: 640px;\">\n<tbody style=\"border: 0px;\">\n<tr style=\"border: 0px;\">\n<td style=\"border: 0px;\"><a href=\"https:\/\/www.eurokolikonmaailma.fi\/blogi\/?page_id=2101\"><img loading=\"lazy\" decoding=\"async\" title=\"He-Man and the Masters of the Universe #1 kansi\" src=\"http:\/\/motu.eurokolikonmaailma.fi\/kuvat\/sarjis\/hmotu01.jpg\" alt=\"\" width=\"122\" height=\"189\" \/><\/a><\/td>\n<td style=\"border: 0px;\"><a href=\"https:\/\/www.eurokolikonmaailma.fi\/blogi\/?page_id=2163\"><img loading=\"lazy\" decoding=\"async\" title=\"MOTU SDCC spesiaalikansi\" src=\"http:\/\/motu.eurokolikonmaailma.fi\/kuvat\/sarjis\/motucomiccoversdcc.jpg\" alt=\"\" width=\"122\" height=\"189\" \/><\/a><\/td>\n<td style=\"border: 0px;\"><a href=\"https:\/\/www.eurokolikonmaailma.fi\/?page_id=2544\"><img loading=\"lazy\" decoding=\"async\" src=\"http:\/\/motu.eurokolikonmaailma.fi\/kuvat\/sarjis\/hmotu02.jpg\" alt=\"\" width=\"122\" height=\"189\" \/><\/a><\/td>\n<td style=\"border: 0px;\"><a href=\"https:\/\/www.eurokolikonmaailma.fi\/?page_id=2725\"><img loading=\"lazy\" decoding=\"async\" src=\"http:\/\/motu.eurokolikonmaailma.fi\/kuvat\/sarjis\/hmotu03.jpg\" alt=\"\" width=\"122\" height=\"189\" \/><\/a><\/td>\n<\/tr>\n<tr style=\"border: 0px;\">\n<td style=\"border: 0px;\"><strong>#1: The Seeker<\/strong><\/td>\n<td style=\"border: 0px;\"><strong>SDCC 2012<br \/>\nSpecial<\/strong><\/td>\n<td style=\"border: 0px;\"><strong>#2:\u00a0Desert Storm<\/strong><\/td>\n<td style=\"border: 0px;\"><strong>#3: Blood Tide<\/strong><\/td>\n<\/tr>\n<tr style=\"border: 0px;\">\n<td style=\"border: 0px;\"><a href=\"https:\/\/www.eurokolikonmaailma.fi\/?page_id=2727\"><img loading=\"lazy\" decoding=\"async\" src=\"http:\/\/motu.eurokolikonmaailma.fi\/kuvat\/sarjis\/hmotu04.jpg\" alt=\"\" width=\"122\" height=\"189\" \/><\/a><\/td>\n<td style=\"border: 0px;\"><a href=\"https:\/\/www.eurokolikonmaailma.fi\/?page_id=2983\"><img loading=\"lazy\" decoding=\"async\" src=\"http:\/\/motu.eurokolikonmaailma.fi\/kuvat\/sarjis\/hmotu05_cover.jpg\" alt=\"\" width=\"122\" height=\"189\" \/><\/a><\/td>\n<td style=\"border: 0px;\"><a href=\"https:\/\/www.eurokolikonmaailma.fi\/?page_id=2988\"><img loading=\"lazy\" decoding=\"async\" src=\"http:\/\/motu.eurokolikonmaailma.fi\/kuvat\/sarjis\/hmotu06_cover.jpg\" alt=\"\" width=\"122\" height=\"189\" \/><\/a><\/td>\n<td style=\"border: 0px;\"><\/td>\n<\/tr>\n<tr style=\"border: 0px;\">\n<td style=\"border: 0px;\"><strong>#4: Cauldron of<br \/>\nDoom<\/strong><\/td>\n<td style=\"border: 0px;\">\u00a0<strong>#5: The Sword<br \/>\nand the Sorceress<\/strong><\/td>\n<td style=\"border: 0px;\">\u00a0<strong>#6: The Power!<\/strong><\/td>\n<td style=\"border: 0px;\"><\/td>\n<\/tr>\n<\/tbody>\n<\/table>\n","protected":false},"excerpt":{"rendered":"<p>T\u00e4m\u00e4 DC Comicsin julkaisema minisarja johtaa suoraan 19-osaiseen Masters of the Universe -sarjakuvasarjaan. N\u00e4m\u00e4kin lehdet kokoelmastani l\u00f6ytyv\u00e4t. #1: The Seeker SDCC 2012 Special #2:\u00a0Desert Storm #3: Blood Tide #4: Cauldron of Doom \u00a0#5: The Sword and the Sorceress \u00a0#6: The &hellip; <a href=\"https:\/\/www.eurokolikonmaailma.fi\/?page_id=5000\">Lue loppuun <span class=\"meta-nav\">&rarr;<\/span><\/a><\/p>\n","protected":false},"author":1,"featured_media":0,"parent":1151,"menu_order":0,"comment_status":"closed","ping_status":"closed","template":"","meta":{"footnotes":""},"class_list":["post-5000","page","type-page","status-publish","hentry"],"_links":{"self":[{"href":"https:\/\/www.eurokolikonmaailma.fi\/index.php?rest_route=\/wp\/v2\/pages\/5000","targetHints":{"allow":["GET"]}}],"collection":[{"href":"https:\/\/www.eurokolikonmaailma.fi\/index.php?rest_route=\/wp\/v2\/pages"}],"about":[{"href":"https:\/\/www.eurokolikonmaailma.fi\/index.php?rest_route=\/wp\/v2\/types\/page"}],"author":[{"embeddable":true,"href":"https:\/\/www.eurokolikonmaailma.fi\/index.php?rest_route=\/wp\/v2\/users\/1"}],"replies":[{"embeddable":true,"href":"https:\/\/www.eurokolikonmaailma.fi\/index.php?rest_route=%2Fwp%2Fv2%2Fcomments&post=5000"}],"version-history":[{"count":3,"href":"https:\/\/www.eurokolikonmaailma.fi\/index.php?rest_route=\/wp\/v2\/pages\/5000\/revisions"}],"predecessor-version":[{"id":5039,"href":"https:\/\/www.eurokolikonmaailma.fi\/index.php?rest_route=\/wp\/v2\/pages\/5000\/revisions\/5039"}],"up":[{"embeddable":true,"href":"https:\/\/www.eurokolikonmaailma.fi\/index.php?rest_route=\/wp\/v2\/pages\/1151"}],"wp:attachment":[{"href":"https:\/\/www.eurokolikonmaailma.fi\/index.php?rest_route=%2Fwp%2Fv2%2Fmedia&parent=5000"}],"curies":[{"name":"wp","href":"https:\/\/api.w.org\/{rel}","templated":true}]}}