{"id":4998,"date":"2023-07-29T18:56:40","date_gmt":"2023-07-29T15:56:40","guid":{"rendered":"https:\/\/www.eurokolikonmaailma.fi\/?page_id=4998"},"modified":"2023-07-29T21:38:06","modified_gmt":"2023-07-29T18:38:06","slug":"masters-of-the-universe-digital-series-2012","status":"publish","type":"page","link":"https:\/\/www.eurokolikonmaailma.fi\/?page_id=4998","title":{"rendered":"Masters of the Universe: Digital First (2012)"},"content":{"rendered":"<p>DC Comicsin vuonna 2012 julkaisemat digitaaliset sarjakuvat. N\u00e4m\u00e4 ilmestyiv\u00e4t viikon v\u00e4lein ja ovat suoraan sidoksissa DC Comicsin 2012-2016 julkaisemiin Masters of the Universe -sarjakuviin (He-Man and the Masters of the Universe; He-Man: Eternity War; Origins of Eternia). Omistan n\u00e4m\u00e4 digitaalisina sek\u00e4 painettuina.<\/p>\n<table>\n<tbody>\n<tr>\n<td><strong><a href=\"https:\/\/www.eurokolikonmaailma.fi\/blogi\/?page_id=2131\"><img loading=\"lazy\" decoding=\"async\" title=\"Sir Laser-Lot digisarjis kansi\" src=\"http:\/\/motu.eurokolikonmaailma.fi\/kuvat\/sarjis\/muds_01_smallcover.jpg\" alt=\"\" width=\"122\" height=\"189\" \/><\/a><\/strong><\/td>\n<td><strong><a href=\"https:\/\/www.eurokolikonmaailma.fi\/blogi\/?page_id=2135\"><img loading=\"lazy\" decoding=\"async\" title=\"Man-At-Arms digisarjis kansi\" src=\"http:\/\/motu.eurokolikonmaailma.fi\/kuvat\/sarjis\/muds_02_smallcover.jpg\" alt=\"\" width=\"122\" height=\"189\" \/><\/a><\/strong><\/td>\n<td><strong><a href=\"https:\/\/www.eurokolikonmaailma.fi\/blogi\/?page_id=2137\"><img loading=\"lazy\" decoding=\"async\" title=\"Battle Cat digisarjis kansi\" src=\"http:\/\/motu.eurokolikonmaailma.fi\/kuvat\/sarjis\/muds_03_smallcover.jpg\" alt=\"\" width=\"122\" height=\"189\" \/><\/a><\/strong><\/td>\n<td><strong><a href=\"https:\/\/www.eurokolikonmaailma.fi\/blogi\/?page_id=2258\"><img loading=\"lazy\" decoding=\"async\" src=\"http:\/\/motu.eurokolikonmaailma.fi\/kuvat\/sarjis\/muds_04_smallcover.jpg\" alt=\"\" width=\"122\" height=\"189\" \/><\/a><\/strong><\/td>\n<\/tr>\n<tr>\n<td><strong>#1: The Lost<br \/>\nKnight<\/strong><\/td>\n<td><strong>#2: Man-At-Arms<\/strong><\/td>\n<td><strong>#3: Battle Cat<\/strong><\/td>\n<td><strong>#4: Randor<\/strong><\/td>\n<\/tr>\n<tr>\n<td><strong><a href=\"https:\/\/www.eurokolikonmaailma.fi\/?page_id=2505\"><img loading=\"lazy\" decoding=\"async\" src=\"http:\/\/motu.eurokolikonmaailma.fi\/kuvat\/sarjis\/muds_05_smallcover.jpg\" alt=\"\" width=\"122\" height=\"189\" \/><\/a><\/strong><\/td>\n<td><strong><a href=\"https:\/\/www.eurokolikonmaailma.fi\/?page_id=2597\"><img loading=\"lazy\" decoding=\"async\" src=\"http:\/\/motu.eurokolikonmaailma.fi\/kuvat\/sarjis\/muds_06_smallcover.jpg\" alt=\"\" width=\"122\" height=\"189\" \/><\/a><\/strong><\/td>\n<td><strong><a href=\"https:\/\/www.eurokolikonmaailma.fi\/?page_id=2637\"><img loading=\"lazy\" decoding=\"async\" src=\"http:\/\/motu.eurokolikonmaailma.fi\/kuvat\/sarjis\/muds_07_smallcover.jpg\" alt=\"\" width=\"122\" height=\"189\" \/><\/a><\/strong><\/td>\n<td><strong><a href=\"https:\/\/www.eurokolikonmaailma.fi\/?page_id=2736\"><img loading=\"lazy\" decoding=\"async\" src=\"http:\/\/motu.eurokolikonmaailma.fi\/kuvat\/sarjis\/muds_08_smallcover.jpg\" alt=\"\" width=\"122\" height=\"189\" \/><\/a><\/strong><\/td>\n<\/tr>\n<tr>\n<td><strong>#5: Evil Lyn<\/strong><\/td>\n<td><strong>#6: Orko<\/strong><\/td>\n<td><strong>\u00a0#7: Trap Jaw<\/strong><\/td>\n<td><strong>#8: She-Ra<\/strong><\/td>\n<\/tr>\n<\/tbody>\n<\/table>\n","protected":false},"excerpt":{"rendered":"<p>DC Comicsin vuonna 2012 julkaisemat digitaaliset sarjakuvat. N\u00e4m\u00e4 ilmestyiv\u00e4t viikon v\u00e4lein ja ovat suoraan sidoksissa DC Comicsin 2012-2016 julkaisemiin Masters of the Universe -sarjakuviin (He-Man and the Masters of the Universe; He-Man: Eternity War; Origins of Eternia). Omistan n\u00e4m\u00e4 digitaalisina &hellip; <a href=\"https:\/\/www.eurokolikonmaailma.fi\/?page_id=4998\">Lue loppuun <span class=\"meta-nav\">&rarr;<\/span><\/a><\/p>\n","protected":false},"author":1,"featured_media":0,"parent":1151,"menu_order":0,"comment_status":"closed","ping_status":"closed","template":"","meta":{"footnotes":""},"class_list":["post-4998","page","type-page","status-publish","hentry"],"_links":{"self":[{"href":"https:\/\/www.eurokolikonmaailma.fi\/index.php?rest_route=\/wp\/v2\/pages\/4998","targetHints":{"allow":["GET"]}}],"collection":[{"href":"https:\/\/www.eurokolikonmaailma.fi\/index.php?rest_route=\/wp\/v2\/pages"}],"about":[{"href":"https:\/\/www.eurokolikonmaailma.fi\/index.php?rest_route=\/wp\/v2\/types\/page"}],"author":[{"embeddable":true,"href":"https:\/\/www.eurokolikonmaailma.fi\/index.php?rest_route=\/wp\/v2\/users\/1"}],"replies":[{"embeddable":true,"href":"https:\/\/www.eurokolikonmaailma.fi\/index.php?rest_route=%2Fwp%2Fv2%2Fcomments&post=4998"}],"version-history":[{"count":5,"href":"https:\/\/www.eurokolikonmaailma.fi\/index.php?rest_route=\/wp\/v2\/pages\/4998\/revisions"}],"predecessor-version":[{"id":5255,"href":"https:\/\/www.eurokolikonmaailma.fi\/index.php?rest_route=\/wp\/v2\/pages\/4998\/revisions\/5255"}],"up":[{"embeddable":true,"href":"https:\/\/www.eurokolikonmaailma.fi\/index.php?rest_route=\/wp\/v2\/pages\/1151"}],"wp:attachment":[{"href":"https:\/\/www.eurokolikonmaailma.fi\/index.php?rest_route=%2Fwp%2Fv2%2Fmedia&parent=4998"}],"curies":[{"name":"wp","href":"https:\/\/api.w.org\/{rel}","templated":true}]}}