{"id":4711,"date":"2023-07-28T01:50:23","date_gmt":"2023-07-27T22:50:23","guid":{"rendered":"https:\/\/www.eurokolikonmaailma.fi\/?page_id=4711"},"modified":"2025-05-24T19:54:29","modified_gmt":"2025-05-24T16:54:29","slug":"the-eternia-collection","status":"publish","type":"page","link":"https:\/\/www.eurokolikonmaailma.fi\/?page_id=4711","title":{"rendered":"The Eternia Collection"},"content":{"rendered":"<p><img loading=\"lazy\" decoding=\"async\" src=\"http:\/\/motu.eurokolikonmaailma.fi\/kuvat\/video\/hmatmotu_logo.jpg\" alt=\"\" width=\"75\" height=\"47\" border=\"0\" \/> <img loading=\"lazy\" decoding=\"async\" src=\"http:\/\/motu.eurokolikonmaailma.fi\/kuvat\/video\/she_ra_logo.jpg\" alt=\"\" width=\"90\" height=\"47\" border=\"0\" \/> <img loading=\"lazy\" decoding=\"async\" class=\"alignnone wp-image-4687\" src=\"https:\/\/motu.eurokolikonmaailma.fi\/kuvat\/video\/br_logo.png\" alt=\"\" width=\"93\" height=\"50\" \/><img loading=\"lazy\" decoding=\"async\" class=\"alignnone wp-image-4685\" src=\"https:\/\/motu.eurokolikonmaailma.fi\/kuvat\/video\/br_reg_b.png\" alt=\"\" width=\"45\" height=\"50\" \/> <img loading=\"lazy\" decoding=\"async\" class=\"alignnone wp-image-4690\" src=\"https:\/\/motu.eurokolikonmaailma.fi\/kuvat\/video\/k12.png\" alt=\"\" width=\"50\" height=\"50\" \/><\/p>\r\n<p><a href=\"https:\/\/motu.eurokolikonmaailma.fi\/kuvat\/video\/eternia_collection\/motu_br_lek.jpg\" target=\"_blank\" rel=\"noopener\"><img loading=\"lazy\" decoding=\"async\" class=\"alignnone wp-image-4661 size-medium\" src=\"https:\/\/motu.eurokolikonmaailma.fi\/kuvat\/video\/eternia_collection\/motu_br_lek.jpg\" alt=\"\" width=\"213\" height=\"300\" \/><\/a><a href=\"https:\/\/motu.eurokolikonmaailma.fi\/kuvat\/video\/eternia_collection\/motu_br_ls_m.jpg\" target=\"_blank\" rel=\"noopener\"><img loading=\"lazy\" decoding=\"async\" class=\"alignnone wp-image-4712 size-medium\" src=\"https:\/\/motu.eurokolikonmaailma.fi\/kuvat\/video\/eternia_collection\/motu_br_ls_m.jpg\" alt=\"\" width=\"63\" height=\"300\" \/><\/a><a href=\"https:\/\/motu.eurokolikonmaailma.fi\/kuvat\/video\/eternia_collection\/motu_br_ltk_m.jpg\" target=\"_blank\" rel=\"noopener\"><img loading=\"lazy\" decoding=\"async\" class=\"alignnone wp-image-4713 size-medium\" src=\"https:\/\/motu.eurokolikonmaailma.fi\/kuvat\/video\/eternia_collection\/motu_br_ltk_m.jpg\" alt=\"\" width=\"213\" height=\"300\" \/><\/a><a href=\"https:\/\/motu.eurokolikonmaailma.fi\/kuvat\/video\/eternia_collection\/motu_br_ls_m.jpg\" target=\"_blank\" rel=\"noopener\"><img loading=\"lazy\" decoding=\"async\" class=\"alignnone wp-image-4712 size-medium\" src=\"https:\/\/motu.eurokolikonmaailma.fi\/kuvat\/video\/eternia_collection\/motu_br_ls_m.jpg\" alt=\"\" width=\"63\" height=\"300\" \/><\/a><\/p>\r\n<p><a href=\"https:\/\/motu.eurokolikonmaailma.fi\/kuvat\/video\/eternia_collection\/motu_br_lt.jpg\" target=\"_blank\" rel=\"noopener\"><img loading=\"lazy\" decoding=\"async\" class=\"alignnone wp-image-4659 size-medium\" src=\"https:\/\/motu.eurokolikonmaailma.fi\/kuvat\/video\/eternia_collection\/motu_br_lt.jpg\" alt=\"\" width=\"209\" height=\"300\" \/><\/a><\/p>\r\n<p><a href=\"https:\/\/motu.eurokolikonmaailma.fi\/kuvat\/video\/eternia_collection\/motu_br_hm1.jpg\" target=\"_blank\" rel=\"noopener\"><img loading=\"lazy\" decoding=\"async\" class=\"alignnone wp-image-4650 size-full\" src=\"https:\/\/motu.eurokolikonmaailma.fi\/kuvat\/video\/eternia_collection\/motu_br_hm1.jpg\" alt=\"\" width=\"2000\" height=\"755\" \/><\/a><\/p>\r\n<p><a href=\"https:\/\/motu.eurokolikonmaailma.fi\/kuvat\/video\/eternia_collection\/motu_br_hm2b.jpg\" target=\"_blank\" rel=\"noopener\"><img loading=\"lazy\" decoding=\"async\" class=\"alignnone wp-image-4649 size-full\" src=\"https:\/\/motu.eurokolikonmaailma.fi\/kuvat\/video\/eternia_collection\/motu_br_hm2b.jpg\" alt=\"\" width=\"2000\" height=\"755\" \/><\/a><\/p>\r\n<p><a href=\"https:\/\/motu.eurokolikonmaailma.fi\/kuvat\/video\/eternia_collection\/motur_br_sr1.jpg\" target=\"_blank\" rel=\"noopener\"><img loading=\"lazy\" decoding=\"async\" class=\"alignnone wp-image-4648 size-full\" src=\"https:\/\/motu.eurokolikonmaailma.fi\/kuvat\/video\/eternia_collection\/motur_br_sr1.jpg\" alt=\"\" width=\"2000\" height=\"756\" \/><\/a><\/p>\r\n<p><a href=\"https:\/\/motu.eurokolikonmaailma.fi\/kuvat\/video\/eternia_collection\/motu_br_sr2.jpg\" target=\"_blank\" rel=\"noopener\"><img loading=\"lazy\" decoding=\"async\" class=\"alignnone wp-image-4647 size-full\" src=\"https:\/\/motu.eurokolikonmaailma.fi\/kuvat\/video\/eternia_collection\/motu_br_sr2.jpg\" alt=\"\" width=\"2000\" height=\"755\" \/><\/a><\/p>\r\n\r\n<p>T\u00e4m\u00e4 vuonna 2022 julkaistu 20-levyinen Blu-Ray -kokoelma sis\u00e4lt\u00e4\u00e4 kaikki Filmationin tuottamat He-Man ja She-Ra -jaksot. T\u00e4m\u00e4n lis\u00e4ksi se sis\u00e4lt\u00e4\u00e4 my\u00f6s bonuksena Secret of the Sword -elokuvaversion She-Ra-sarjan viidest\u00e4 ensimm\u00e4isest\u00e4 jaksosta, jouluspesiaalin sek\u00e4 Greatest Adventures of All ja Skeletor&#8217;s Revenge -jaksokokonaisuudet. Setti sis\u00e4lt\u00e4\u00e4 my\u00f6s kasap\u00e4in bonusmateriaalia. T\u00e4m\u00e4n boksin julkaisi saksalainen Plaion Pictures.<\/p>\r\n\r\n\r\n\r\n<p><strong>Kuvanlaatu vertailu<\/strong><br \/>Alla on kaksi esimerkkivertailua siit\u00e4, milt\u00e4 VHS, DVD ja Blu-Ray -laatuinen kuva n\u00e4ytt\u00e4\u00e4 Full HD -resoluutiolla.<br \/><br \/>Vertailu 1: Adam\/He-Man muodonmuutos alkuintrosta<br \/>Vertailu 2: Kohtaus jaksosta &#8221;Quest for He-Man&#8221;<br \/><br \/>Kuval\u00e4hteet:<br \/>* Orkon sed\u00e4n paluu Suomi-VHS<br \/>* UK Contender DVD (volume 4)<br \/>* The Eternia Collection<\/p>\r\n\r\n\r\n\r\n<figure class=\"wp-block-gallery has-nested-images columns-default is-cropped wp-block-gallery-1 is-layout-flex wp-block-gallery-is-layout-flex\">\r\n<figure class=\"wp-block-image size-full\"><a href=\"https:\/\/motu.eurokolikonmaailma.fi\/kuvat\/video\/eternia_collection\/motu_trans_comp_vhs.png\" target=\"_blank\" rel=\"noopener\"><img decoding=\"async\" data-id=\"4749\" class=\"wp-image-4749\" style=\"object-fit: cover;\" src=\"https:\/\/motu.eurokolikonmaailma.fi\/kuvat\/video\/eternia_collection\/motu_trans_comp_vhs.png\" alt=\"\" \/><\/a>\r\n<figcaption class=\"wp-element-caption\">VHS<\/figcaption>\r\n<\/figure>\r\n\r\n\r\n\r\n<figure class=\"wp-block-image size-full\"><a href=\"https:\/\/motu.eurokolikonmaailma.fi\/kuvat\/video\/eternia_collection\/motu_trans_comp_dvd.png\" target=\"_blank\" rel=\"noopener\"><img decoding=\"async\" data-id=\"4750\" class=\"wp-image-4750\" src=\"https:\/\/motu.eurokolikonmaailma.fi\/kuvat\/video\/eternia_collection\/motu_trans_comp_dvd.png\" alt=\"\" \/><\/a>\r\n<figcaption class=\"wp-element-caption\">DVD<\/figcaption>\r\n<\/figure>\r\n\r\n\r\n\r\n<figure class=\"wp-block-image size-full\"><a href=\"https:\/\/motu.eurokolikonmaailma.fi\/kuvat\/video\/eternia_collection\/motu_trans_comp_br.png\" target=\"_blank\" rel=\"noopener\"><img decoding=\"async\" data-id=\"4748\" class=\"wp-image-4748\" src=\"https:\/\/motu.eurokolikonmaailma.fi\/kuvat\/video\/eternia_collection\/motu_trans_comp_br.png\" alt=\"\" \/><\/a>\r\n<figcaption class=\"wp-element-caption\">Blu-Ray<\/figcaption>\r\n<\/figure>\r\n<\/figure>\r\n\r\n\r\n\r\n<figure class=\"wp-block-gallery has-nested-images columns-default is-cropped wp-block-gallery-2 is-layout-flex wp-block-gallery-is-layout-flex\">\r\n<figure class=\"wp-block-image size-large\"><a href=\"https:\/\/motu.eurokolikonmaailma.fi\/kuvat\/video\/eternia_collection\/motu_trans_size_vhs.jpg\" target=\"_blank\" rel=\"noopener\"><img decoding=\"async\" data-id=\"5249\" class=\"wp-image-5249\" src=\"https:\/\/motu.eurokolikonmaailma.fi\/kuvat\/video\/eternia_collection\/motu_trans_size_vhs.jpg\" alt=\"\" \/><\/a>\r\n<figcaption class=\"wp-element-caption\">VHS &#8211; Todellinen kuvakoko<\/figcaption>\r\n<\/figure>\r\n\r\n\r\n\r\n<figure class=\"wp-block-image size-large\"><a href=\"https:\/\/motu.eurokolikonmaailma.fi\/kuvat\/video\/eternia_collection\/motu_trans_size_dvd.jpg\" target=\"_blank\" rel=\"noopener\"><img decoding=\"async\" data-id=\"5250\" class=\"wp-image-5250\" src=\"https:\/\/motu.eurokolikonmaailma.fi\/kuvat\/video\/eternia_collection\/motu_trans_size_dvd.jpg\" alt=\"\" \/><\/a>\r\n<figcaption class=\"wp-element-caption\">DVD &#8211; Todellinen kuvakoko<\/figcaption>\r\n<\/figure>\r\n<\/figure>\r\n\r\n\r\n\r\n<figure class=\"wp-block-gallery has-nested-images columns-default is-cropped wp-block-gallery-3 is-layout-flex wp-block-gallery-is-layout-flex\">\r\n<figure class=\"wp-block-image size-full\"><a href=\"https:\/\/motu.eurokolikonmaailma.fi\/kuvat\/video\/eternia_collection\/motu_kv_1080_VHS.png\" target=\"_blank\" rel=\"noopener\"><img decoding=\"async\" data-id=\"4756\" class=\"wp-image-4756\" src=\"https:\/\/motu.eurokolikonmaailma.fi\/kuvat\/video\/eternia_collection\/motu_kv_1080_VHS.png\" alt=\"\" \/><\/a>\r\n<figcaption class=\"wp-element-caption\">VHS<\/figcaption>\r\n<\/figure>\r\n\r\n\r\n\r\n<figure class=\"wp-block-image size-full\"><a href=\"https:\/\/motu.eurokolikonmaailma.fi\/kuvat\/video\/eternia_collection\/motu_kv_1080_DVD.png\" target=\"_blank\" rel=\"noopener\"><img decoding=\"async\" data-id=\"4755\" class=\"wp-image-4755\" src=\"https:\/\/motu.eurokolikonmaailma.fi\/kuvat\/video\/eternia_collection\/motu_kv_1080_DVD.png\" alt=\"\" \/><\/a>\r\n<figcaption class=\"wp-element-caption\">DVD<\/figcaption>\r\n<\/figure>\r\n\r\n\r\n\r\n<figure class=\"wp-block-image size-large\"><a href=\"https:\/\/motu.eurokolikonmaailma.fi\/kuvat\/video\/eternia_collection\/motu_kv_1080_br.png\"><img decoding=\"async\" data-id=\"4754\" class=\"wp-image-4754\" src=\"https:\/\/motu.eurokolikonmaailma.fi\/kuvat\/video\/eternia_collection\/motu_kv_1080_br.png\" alt=\"\" \/><\/a>\r\n<figcaption class=\"wp-element-caption\">Blu-Ray<\/figcaption>\r\n<\/figure>\r\n<\/figure>\r\n\r\n\r\n\r\n<figure class=\"wp-block-gallery has-nested-images columns-default is-cropped wp-block-gallery-4 is-layout-flex wp-block-gallery-is-layout-flex\">\r\n<figure class=\"wp-block-image size-large\"><a href=\"https:\/\/motu.eurokolikonmaailma.fi\/kuvat\/video\/eternia_collection\/motu_kv_vhs.png\" target=\"_blank\" rel=\"noopener\"><img decoding=\"async\" data-id=\"5251\" class=\"wp-image-5251\" src=\"https:\/\/motu.eurokolikonmaailma.fi\/kuvat\/video\/eternia_collection\/motu_kv_vhs.png\" alt=\"\" \/><\/a>\r\n<figcaption class=\"wp-element-caption\">VHS &#8211; Todellinen kuvakoko<\/figcaption>\r\n<\/figure>\r\n\r\n\r\n\r\n<figure class=\"wp-block-image size-large\"><a href=\"https:\/\/motu.eurokolikonmaailma.fi\/kuvat\/video\/eternia_collection\/motu_kv_dvd.png\" target=\"_blank\" rel=\"noopener\"><img decoding=\"async\" data-id=\"5253\" class=\"wp-image-5253\" src=\"https:\/\/motu.eurokolikonmaailma.fi\/kuvat\/video\/eternia_collection\/motu_kv_dvd.png\" alt=\"\" \/><\/a>\r\n<figcaption class=\"wp-element-caption\">DVD &#8211; Todellinen kuvakoko<\/figcaption>\r\n<\/figure>\r\n<\/figure>\r\n\r\n\r\n\r\n<blockquote class=\"wp-block-quote is-layout-flow wp-block-quote-is-layout-flow\">\r\n<p>&nbsp;<\/p>\r\n<cite><em>Seit 40 Jahren besch\u00fctzen He-Man und die Masters of the Universe den Planeten Eternia. Der Herrscher des B\u00f6sen, Skeletor, schreckt vor nicht zur\u00fcck um Castle Grayskull zu erobern, doch die Helden stellen sich ihm jederzeit entgegen. Und auch He-Mans Schwester She-Ra, die Prinzessin der Macht, nimmt den Kampf gegen des B\u00f6se, in Form des fiesen Hordak auf.<\/em><br \/><br \/><em>BEI DER MACHT VON GRAYSKULL!<\/em><br \/><br \/><em>Diese Edition pr\u00e4sentiert alle Episoden der beliebten Zeichentrickserien \u201eHe-Man\u201c und \u201eShe-Ra\u201c aufwendig remastered und mit umfangreichem Bonusmaterial. Die ultimative Box f\u00fcr alle Fans.<\/em><\/cite><\/blockquote>\r\n\r\n\r\n\r\n<p>&nbsp;<\/p>\r\n\r\n\r\n\r\n<p><em><br \/><\/em><strong>Setin kokonaissis\u00e4lt\u00f6:<\/strong><br \/>* 4 x 5 Blu-Ray levy\u00e4<br \/>* <a href=\"https:\/\/motu.eurokolikonmaailma.fi\/kuvat\/video\/eternia_collection\/motu_br_c.jpg\" target=\"_blank\" rel=\"noopener\">Sarjakuvatarina<\/a> (saksankielinen): Eine Falle f\u00fcr He-Man (julkaistu suomeksi vuonna 1989 nimell\u00e4 &#8221;Skeletorin taikavoimat&#8221;). Voit lukea tarinan suomeksi <a href=\"https:\/\/www.eurokolikonmaailma.fi\/?page_id=3644\">t\u00e4\u00e4lt\u00e4<\/a> (sivut 26-41). <br \/>* Kaksi A2-kokoista julistetta: Yll\u00e4 olevan sarjakuvan kansitaide ja Secret of the Sword<br \/>* <a href=\"https:\/\/motu.eurokolikonmaailma.fi\/kuvat\/video\/eternia_collection\/motu_br_eg.jpg\" target=\"_blank\" rel=\"noopener\">Jakso-opas<\/a> (saksankielinen)<br \/>* Nelj\u00e4 animaatiokalvoihin perustuvaa taidekorttia: <a href=\"https:\/\/motu.eurokolikonmaailma.fi\/kuvat\/video\/eternia_collection\/motu_br_hmc.jpg\" target=\"_blank\" rel=\"noopener\">He-Man<\/a>, <a href=\"https:\/\/motu.eurokolikonmaailma.fi\/kuvat\/video\/eternia_collection\/motu_br_src.jpg\" target=\"_blank\" rel=\"noopener\">Skeletor<\/a>, <a href=\"https:\/\/motu.eurokolikonmaailma.fi\/kuvat\/video\/eternia_collection\/motu_br_bcc.jpg\" target=\"_blank\" rel=\"noopener\">Battle Cat<\/a>, <a href=\"https:\/\/motu.eurokolikonmaailma.fi\/kuvat\/video\/eternia_collection\/motu_br_swc.jpg\" target=\"_blank\" rel=\"noopener\">She-Ra &amp; Swiftwind<\/a><br \/>* Ostoajankohdasta riippuen joko <a href=\"https:\/\/motu.eurokolikonmaailma.fi\/kuvat\/video\/eternia_collection\/motu_br_rd2.jpg\" target=\"_blank\" rel=\"noopener\">yksi<\/a> tai kaksi yksitt\u00e4ispakattua korvaavaa Blu-Ray -levy\u00e4 (n\u00e4m\u00e4 levyt korjaavat muutamia pieni\u00e4 julkaisuvirheit\u00e4, jotka liittyv\u00e4t saksankielisiin dubbauksiin).<\/p>\r\n\r\n\r\n\r\n<p><strong>Levyt<\/strong><br \/><br \/>* He-Man levy 1 &#8211; Kausi 1, jaksot 1-13<br \/>* He-Man levy 2 &#8211; Kausi 1, jaksot 14-26<br \/>* He-Man levy 3 &#8211; Kausi 1, jaksot 27-39<br \/>* He-Man levy 4 &#8211; Kausi 1, jaksot 40-52<br \/>* He-Man levy 5 &#8211; Kausi 1, jaksot 53-65<br \/>* He-Man levy 6 &#8211; Kausi 2, jaksot 1-13<br \/>* He-Man levy 7 &#8211; Kausi 2, jaksot 14-26<br \/>* He-Man levy 8 &#8211; Kausi 2, jaksot 27-39<br \/>* He-Man levy 9 &#8211; Kausi 2, jaksot 40-53<br \/>* He-Man Levy 10 &#8211; Kausi 2, jaksot 54-65<br \/>* She-Ra levy 1 &#8211; Kausi 1, jaksot 1-13<br \/>* She-Ra levy 2 &#8211; Kausi 1, jaksot 14-26<br \/>* She-Ra levy 3 &#8211; Kausi 1, jaksot 27-39<br \/>* She-Ra levy 4 &#8211; Kausi 1, jaksot 40-52<br \/>* She-Ra levy 5 &#8211; Kausi 1, jaksot 52-65<br \/>* She-Ra levy 6 &#8211; Kausi 2, jaksot 1-14<br \/>* She-Ra levy 7 &#8211; Kausi 2, jaksot 15-28<br \/>* The Secret of the Sword (etiketiss\u00e4 lukee &#8221;Christmas Special&#8221;)<br \/>* Power of Grayskull<br \/>* Extramateriaali<\/p>\r\n\r\n<h2><strong>Bonusmateriaalit<\/strong><\/h2>\r\n<p><strong>Dokumentit<\/strong> (She-Ra levy 10)<\/p>\r\n<ul>\r\n<li>Power of Grayskull (95 min versio)\r\n<ul>\r\n<li>Saturday Morning Legacy of Filmation<\/li>\r\n<li>Hope, Honor, Heart &#8211; an Expanded Look at the Origins of She-Ra<\/li>\r\n<li>Early Concepts and illustrations With Charles Zembillas<\/li>\r\n<\/ul>\r\n<\/li>\r\n<li>The Tales of He-Man<\/li>\r\n<li>The Secret Origin of He-Man<\/li>\r\n<li>The Making of He-Man<\/li>\r\n<li>The Power of He-Man<\/li>\r\n<li>The Holidays and Morals of He-Man<\/li>\r\n<li>The Heroes and Villains of He-Man<\/li>\r\n<li>The Fans of He-Man<\/li>\r\n<li>The Magic of Filmation<\/li>\r\n<li>The Comic Adventures of He-Man<\/li>\r\n<li>He-Man at Comic Con<\/li>\r\n<li>30th Anniversary of Masters of the Universe<\/li>\r\n<li>The German speakers (Saksankielinen)\r\n<ul>\r\n<li>The Speakers of the Character He-Man<\/li>\r\n<li>The Speakers of the Cartoon<\/li>\r\n<li>He-Man: The Legend is Alive<\/li>\r\n<li>Audioplays<\/li>\r\n<\/ul>\r\n<\/li>\r\n<li>The Stories of She-Ra<\/li>\r\n<\/ul>\r\n<p><strong>Storyboard-vertailut<\/strong> (She-Ra levy 10)<\/p>\r\n<ul>\r\n<li>The Taking of Grayskull (He-Man 1 x 30)<\/li>\r\n<li>House of Shokoti, Part 1 (He-Man 1 x 40)\u00a0<\/li>\r\n<li>Troubles Middle Name (He-Man 2 x 26)<\/li>\r\n<li>Revenge is Never Sweet (He-Man 2 x 37)<\/li>\r\n<li>The Problem With Power (He-Man 2 x 65)<\/li>\r\n<li>Into Etheria (She-Ra 1 x 01)<\/li>\r\n<li>Huntara (She-Ra 1 x 45)\u00a0 \u00a0<\/li>\r\n<\/ul>\r\n<p><strong>&#8221;Erityisjaksot&#8221; <\/strong><\/p>\r\n<ul>\r\n<li>The Secret of the Sword -elokuva (She-Ra levy 8)\r\n<ul>\r\n<li>Kommenttiraidat\r\n<ul>\r\n<li>Tuotantotiimi<\/li>\r\n<li>James Eatock<\/li>\r\n<\/ul>\r\n<\/li>\r\n<li>Trailerit (Saksa, Englanti)<\/li>\r\n<li>Preview<\/li>\r\n<li>Musiikkivideo &#8221;I Have the Power&#8221;\r\n<ul>\r\n<li>Alkuper\u00e4isversio<\/li>\r\n<li>Karaokeversio<\/li>\r\n<li>Vaihtoehtoinen versio<\/li>\r\n<li>Storyboard comparison<\/li>\r\n<\/ul>\r\n<\/li>\r\n<li>Kuvagalleria\u00a0<\/li>\r\n<\/ul>\r\n<\/li>\r\n<li>The Greatest Adventures of All (She-Ra levy 8)<\/li>\r\n<li>Skeletor&#8217;s Revenge (She-Ra levy 8)<\/li>\r\n<li>Christmas Special (She-Ra levy 8)<\/li>\r\n<li>Return of Faker (Super Secret Special Content, She-Ra levy 10)\u00a0<\/li>\r\n<\/ul>\r\n<p><strong>Muuta<\/strong> (She-Ra levy 10)<\/p>\r\n<ul>\r\n<li>Previews and summaries for She-Ra episodes 1-5<\/li>\r\n<li>Saksankielisi\u00e4 mainoksia ja promomateriaalia\r\n<ul>\r\n<li>Promo videotape<\/li>\r\n<li>Castle Grayskull Commercial<\/li>\r\n<li>Ehapa Comics Commercial *<\/li>\r\n<\/ul>\r\n<\/li>\r\n<li>Englanninkielisi\u00e4 mainoksia ja promomateriaalia<\/li>\r\n<li>Castle Grayskull Commercial<\/li>\r\n<li>Promo Trailer for DVD Season 1 vol. 1 (BCI)<\/li>\r\n<li>Promo Trailer for DVD Collections (BCI)<\/li>\r\n<li>Promo Trailer for Best Of -Collection (BCI)\u00a0\u00a0<\/li>\r\n<\/ul>\r\n\r\n<p><strong>Ominaisuudet:<\/strong><br \/>* Ik\u00e4raja: 12<br \/>* Kesto: 4905 min<br \/>* Julkaisuvuosi: 2022<br \/>* Sis\u00e4ll\u00f6n julkaisuaika: 1983-1987 (He-Man ja She-Ra -sarjat), 2018 (Power of Grayskull -dokumentti)<br \/>* Aluekoodi: B<br \/>* \u00c4\u00e4ni: DTS-HD Master Audio 2.0<br \/>* Kieli: Englanti, Saksa (valikot, dubbaus)<br \/>* Tekstitys: Englanti<br \/>* Kuvakoko: 1.33:1<br \/>* Formaatti: 1080p High Definition<br \/>* EAN: 4020628637415<br \/>* Julkaisija: Plaion Pictures<\/p>\r\n","protected":false},"excerpt":{"rendered":"<p>T\u00e4m\u00e4 vuonna 2022 julkaistu 20-levyinen Blu-Ray -kokoelma sis\u00e4lt\u00e4\u00e4 kaikki Filmationin tuottamat He-Man ja She-Ra -jaksot. T\u00e4m\u00e4n lis\u00e4ksi se sis\u00e4lt\u00e4\u00e4 my\u00f6s bonuksena Secret of the Sword -elokuvaversion She-Ra-sarjan viidest\u00e4 ensimm\u00e4isest\u00e4 jaksosta, jouluspesiaalin sek\u00e4 Greatest Adventures of All ja Skeletor&#8217;s Revenge -jaksokokonaisuudet. &hellip; <a href=\"https:\/\/www.eurokolikonmaailma.fi\/?page_id=4711\">Lue loppuun <span class=\"meta-nav\">&rarr;<\/span><\/a><\/p>\n","protected":false},"author":1,"featured_media":0,"parent":4667,"menu_order":0,"comment_status":"closed","ping_status":"closed","template":"","meta":{"footnotes":""},"class_list":["post-4711","page","type-page","status-publish","hentry"],"_links":{"self":[{"href":"https:\/\/www.eurokolikonmaailma.fi\/index.php?rest_route=\/wp\/v2\/pages\/4711","targetHints":{"allow":["GET"]}}],"collection":[{"href":"https:\/\/www.eurokolikonmaailma.fi\/index.php?rest_route=\/wp\/v2\/pages"}],"about":[{"href":"https:\/\/www.eurokolikonmaailma.fi\/index.php?rest_route=\/wp\/v2\/types\/page"}],"author":[{"embeddable":true,"href":"https:\/\/www.eurokolikonmaailma.fi\/index.php?rest_route=\/wp\/v2\/users\/1"}],"replies":[{"embeddable":true,"href":"https:\/\/www.eurokolikonmaailma.fi\/index.php?rest_route=%2Fwp%2Fv2%2Fcomments&post=4711"}],"version-history":[{"count":26,"href":"https:\/\/www.eurokolikonmaailma.fi\/index.php?rest_route=\/wp\/v2\/pages\/4711\/revisions"}],"predecessor-version":[{"id":5375,"href":"https:\/\/www.eurokolikonmaailma.fi\/index.php?rest_route=\/wp\/v2\/pages\/4711\/revisions\/5375"}],"up":[{"embeddable":true,"href":"https:\/\/www.eurokolikonmaailma.fi\/index.php?rest_route=\/wp\/v2\/pages\/4667"}],"wp:attachment":[{"href":"https:\/\/www.eurokolikonmaailma.fi\/index.php?rest_route=%2Fwp%2Fv2%2Fmedia&parent=4711"}],"curies":[{"name":"wp","href":"https:\/\/api.w.org\/{rel}","templated":true}]}}