{"id":4680,"date":"2023-07-27T23:31:39","date_gmt":"2023-07-27T20:31:39","guid":{"rendered":"https:\/\/www.eurokolikonmaailma.fi\/?page_id=4680"},"modified":"2025-05-24T23:11:29","modified_gmt":"2025-05-24T20:11:29","slug":"masters-of-the-universe-elokuva-blu-ray","status":"publish","type":"page","link":"https:\/\/www.eurokolikonmaailma.fi\/?page_id=4680","title":{"rendered":"Masters of the Universe -elokuva (Blu-Ray)"},"content":{"rendered":"<h1><img loading=\"lazy\" decoding=\"async\" style=\"border-style: initial; border-color: initial;\" src=\"https:\/\/motu.eurokolikonmaailma.fi\/kuvat\/video\/motu_movie_logo.png\" alt=\"\" width=\"124\" height=\"46\" \/><img loading=\"lazy\" decoding=\"async\" class=\"alignnone wp-image-4687\" src=\"https:\/\/motu.eurokolikonmaailma.fi\/kuvat\/video\/br_logo.png\" alt=\"\" width=\"93\" height=\"50\" \/><img loading=\"lazy\" decoding=\"async\" class=\"alignnone wp-image-4685\" src=\"https:\/\/motu.eurokolikonmaailma.fi\/kuvat\/video\/br_reg_b.png\" alt=\"\" width=\"45\" height=\"50\" \/> <img loading=\"lazy\" decoding=\"async\" class=\"alignnone wp-image-4690\" src=\"https:\/\/motu.eurokolikonmaailma.fi\/kuvat\/video\/k12.png\" alt=\"\" width=\"50\" height=\"50\" \/> <img loading=\"lazy\" decoding=\"async\" src=\"https:\/\/motu.eurokolikonmaailma.fi\/kuvat\/video\/cannon_logo.jpg\" alt=\"\" width=\"45\" height=\"46\" \/> <img loading=\"lazy\" decoding=\"async\" class=\"alignnone wp-image-4696\" src=\"https:\/\/motu.eurokolikonmaailma.fi\/kuvat\/video\/vakivaltaa.png\" alt=\"\" width=\"50\" height=\"50\" \/> <img loading=\"lazy\" decoding=\"async\" class=\"alignnone wp-image-4694\" src=\"https:\/\/motu.eurokolikonmaailma.fi\/kuvat\/video\/ahdistusta.png\" alt=\"\" width=\"50\" height=\"50\" \/><\/h1>\r\n<p><a href=\"https:\/\/motu.eurokolikonmaailma.fi\/kuvat\/video\/motumbr_tk_m.jpg\"><img loading=\"lazy\" decoding=\"async\" class=\"alignnone wp-image-4724 size-medium\" src=\"https:\/\/motu.eurokolikonmaailma.fi\/kuvat\/video\/motumbr_tk_m.jpg\" alt=\"\" width=\"262\" height=\"300\" \/><\/a><a href=\"https:\/\/motu.eurokolikonmaailma.fi\/kuvat\/video\/motumbr_s_m.jpg\"><img loading=\"lazy\" decoding=\"async\" class=\"alignnone wp-image-4725 size-medium\" src=\"https:\/\/motu.eurokolikonmaailma.fi\/kuvat\/video\/motumbr_s_m.jpg\" alt=\"\" width=\"29\" height=\"300\" \/><\/a><a href=\"https:\/\/motu.eurokolikonmaailma.fi\/kuvat\/video\/motumbr_ek_m.jpg\"><img loading=\"lazy\" decoding=\"async\" class=\"alignnone wp-image-4684 size-medium\" src=\"https:\/\/motu.eurokolikonmaailma.fi\/kuvat\/video\/motumbr_ek_m.jpg\" alt=\"\" width=\"260\" height=\"300\" \/><\/a><\/p>\r\n\r\n<p>Masters of the Universe -elokuva julkaistiin Blu-Raylla Suomessa 2014. Muissa Pohjoismaissa Blu-Ray julkaistiin jo loppuvuodesta 2013. My\u00f6s itse hankin t\u00e4m\u00e4n, ennen Suomen julkaisua, Gigantin verkkokaupasta. Sen vuoksi takakannessa ei ole suomenkielist\u00e4 selostusta.<\/p>\r\n\r\n\r\n\r\n<p>Julkaisu sai fanipiireiss\u00e4 kyseenalaista julkisuutta, kun selvisi, ett\u00e4 julkaisun kansitaiteeseen on luvatta k\u00e4ytetty fanitaidetta.<\/p>\r\n\r\n\r\n\r\n<div class=\"wp-block-group\">\r\n<blockquote>\r\n<p>Hyv\u00e4syd\u00e4minen He-Man on ainoa asia, joka on seisonut pahan Skeletorin ja planeetta Eternian valloittamisen v\u00e4lill\u00e4. Kosmisen avaimen mets\u00e4st\u00e4minen siirt\u00e4\u00e4 kilpakumppanit kuitenkin 1980-luvun Kaliforniaan, jossa t\u00e4htien v\u00e4linen taistelu hyv\u00e4n ja pahan v\u00e4lill\u00e4 k\u00e4yd\u00e4\u00e4n loppuun.<\/p>\r\n<p>Dolph Lundgren (Rocky IV, T\u00e4ydellinen sotilas) ja Frank Langella (Yhdeks\u00e4s portti, Frost\/Nixon) esitt\u00e4v\u00e4t p\u00e4\u00e4osia suosittuun animaatio- ja lelusarjaan perustuvassa kulttielokuvassa. Varaudu t\u00e4ydelliseen suuren luokan kasarikokemukseen!<\/p>\r\n<\/blockquote>\r\n<\/div>\r\n<!-- \/wp:post-content -->\r\n\r\n<!-- wp:paragraph -->\r\n<p><strong>Ominaisuudet:<\/strong><br \/>* Ik\u00e4raja (Suomessa): 12<br \/>* Kesto: 106 min<br \/>* Valmistumisvuosi: 1987 (Blu-Ray 2013)<br \/>* Aluekoodi: B<br \/>* \u00c4\u00e4ni: Stereo<br \/>* Kieli: Englanti<br \/>* Tekstitys: Tanska, Suomi, Norja, Ruotsi<br \/>* Kuvakoko: 2,35:1<br \/>* EAN: 7319980015540<br \/>* Formaatti: 1080p High Definition<br \/>* BD-25: Single sided Blu-Ray<br \/>* Julkaisija: Atlantic Film AB<\/p>\r\n<!-- \/wp:paragraph -->","protected":false},"excerpt":{"rendered":"<p>Masters of the Universe -elokuva julkaistiin Blu-Raylla Suomessa 2014. Muissa Pohjoismaissa Blu-Ray julkaistiin jo loppuvuodesta 2013. My\u00f6s itse hankin t\u00e4m\u00e4n, ennen Suomen julkaisua, Gigantin verkkokaupasta. Sen vuoksi takakannessa ei ole suomenkielist\u00e4 selostusta. Julkaisu sai fanipiireiss\u00e4 kyseenalaista julkisuutta, kun selvisi, ett\u00e4 &hellip; <a href=\"https:\/\/www.eurokolikonmaailma.fi\/?page_id=4680\">Lue loppuun <span class=\"meta-nav\">&rarr;<\/span><\/a><\/p>\n","protected":false},"author":1,"featured_media":0,"parent":4667,"menu_order":0,"comment_status":"closed","ping_status":"closed","template":"","meta":{"footnotes":""},"class_list":["post-4680","page","type-page","status-publish","hentry"],"_links":{"self":[{"href":"https:\/\/www.eurokolikonmaailma.fi\/index.php?rest_route=\/wp\/v2\/pages\/4680","targetHints":{"allow":["GET"]}}],"collection":[{"href":"https:\/\/www.eurokolikonmaailma.fi\/index.php?rest_route=\/wp\/v2\/pages"}],"about":[{"href":"https:\/\/www.eurokolikonmaailma.fi\/index.php?rest_route=\/wp\/v2\/types\/page"}],"author":[{"embeddable":true,"href":"https:\/\/www.eurokolikonmaailma.fi\/index.php?rest_route=\/wp\/v2\/users\/1"}],"replies":[{"embeddable":true,"href":"https:\/\/www.eurokolikonmaailma.fi\/index.php?rest_route=%2Fwp%2Fv2%2Fcomments&post=4680"}],"version-history":[{"count":12,"href":"https:\/\/www.eurokolikonmaailma.fi\/index.php?rest_route=\/wp\/v2\/pages\/4680\/revisions"}],"predecessor-version":[{"id":5404,"href":"https:\/\/www.eurokolikonmaailma.fi\/index.php?rest_route=\/wp\/v2\/pages\/4680\/revisions\/5404"}],"up":[{"embeddable":true,"href":"https:\/\/www.eurokolikonmaailma.fi\/index.php?rest_route=\/wp\/v2\/pages\/4667"}],"wp:attachment":[{"href":"https:\/\/www.eurokolikonmaailma.fi\/index.php?rest_route=%2Fwp%2Fv2%2Fmedia&parent=4680"}],"curies":[{"name":"wp","href":"https:\/\/api.w.org\/{rel}","templated":true}]}}