{"id":4598,"date":"2021-05-16T22:27:47","date_gmt":"2021-05-16T19:27:47","guid":{"rendered":"https:\/\/www.eurokolikonmaailma.fi\/?page_id=4598"},"modified":"2025-05-30T17:45:17","modified_gmt":"2025-05-30T14:45:17","slug":"2018-2","status":"publish","type":"page","link":"https:\/\/www.eurokolikonmaailma.fi\/?page_id=4598","title":{"rendered":"2018"},"content":{"rendered":"\r\n<h2>Itselt\u00e4ni l\u00f6ytyv\u00e4t vuonna 2018 julkaistut Masters of the universe Classics hahmot\/tuotteet<\/h2>\r\n\r\n\r\n\r\n<p style=\"text-align: center;\"><a href=\"https:\/\/www.eurokolikonmaailma.fi\/?page_id=5749\"><img decoding=\"async\" class=\"wp-image-4599\" style=\"width: 250px; height: auto;\" src=\"https:\/\/www.eurokolikonmaailma.fi\/blogi\/wp-content\/uploads\/2021\/05\/Super-7-MOTUC-Stridor-003.jpg\" alt=\"\" \/><\/a><br \/><span style=\"color: #339966;\"><strong>* Stridor<\/strong><\/span><\/p>\r\n\r\n\r\n\r\n<p>&nbsp;<\/p>\r\n","protected":false},"excerpt":{"rendered":"<p>Itselt\u00e4ni l\u00f6ytyv\u00e4t vuonna 2018 julkaistut Masters of the universe Classics hahmot\/tuotteet * Stridor &nbsp;<\/p>\n","protected":false},"author":1,"featured_media":0,"parent":24,"menu_order":0,"comment_status":"closed","ping_status":"closed","template":"","meta":{"footnotes":""},"class_list":["post-4598","page","type-page","status-publish","hentry"],"_links":{"self":[{"href":"https:\/\/www.eurokolikonmaailma.fi\/index.php?rest_route=\/wp\/v2\/pages\/4598","targetHints":{"allow":["GET"]}}],"collection":[{"href":"https:\/\/www.eurokolikonmaailma.fi\/index.php?rest_route=\/wp\/v2\/pages"}],"about":[{"href":"https:\/\/www.eurokolikonmaailma.fi\/index.php?rest_route=\/wp\/v2\/types\/page"}],"author":[{"embeddable":true,"href":"https:\/\/www.eurokolikonmaailma.fi\/index.php?rest_route=\/wp\/v2\/users\/1"}],"replies":[{"embeddable":true,"href":"https:\/\/www.eurokolikonmaailma.fi\/index.php?rest_route=%2Fwp%2Fv2%2Fcomments&post=4598"}],"version-history":[{"count":7,"href":"https:\/\/www.eurokolikonmaailma.fi\/index.php?rest_route=\/wp\/v2\/pages\/4598\/revisions"}],"predecessor-version":[{"id":5755,"href":"https:\/\/www.eurokolikonmaailma.fi\/index.php?rest_route=\/wp\/v2\/pages\/4598\/revisions\/5755"}],"up":[{"embeddable":true,"href":"https:\/\/www.eurokolikonmaailma.fi\/index.php?rest_route=\/wp\/v2\/pages\/24"}],"wp:attachment":[{"href":"https:\/\/www.eurokolikonmaailma.fi\/index.php?rest_route=%2Fwp%2Fv2%2Fmedia&parent=4598"}],"curies":[{"name":"wp","href":"https:\/\/api.w.org\/{rel}","templated":true}]}}