{"id":438,"date":"2011-06-12T16:13:20","date_gmt":"2011-06-12T13:13:20","guid":{"rendered":"http:\/\/www.eurokolikonmaailma.fi\/blogi\/?page_id=438"},"modified":"2015-05-01T21:12:30","modified_gmt":"2015-05-01T18:12:30","slug":"1988-2","status":"publish","type":"page","link":"https:\/\/www.eurokolikonmaailma.fi\/?page_id=438","title":{"rendered":"1988"},"content":{"rendered":"<h2>Omistamani Suomessa vuonna 1988 julkaistut Masters of the Universe -sarjakuvalehdet<\/h2>\n<p>Vuonna 1988 Suomessa julkaistiin 6 numeroa Masters of the Universe -sarjakuvalehte\u00e4. N\u00e4m\u00e4 lehdet sis\u00e4lsiv\u00e4t tarinoita, jotka olivat alunperin julkaistu Yhdysvalloissa ja Britanniassa.<\/p>\n<table style=\"border: 0px;\">\n<tbody>\n<tr>\n<td style=\"border: 0px;\"><a href=\"https:\/\/www.eurokolikonmaailma.fi\/blogi\/?page_id=364\"><img loading=\"lazy\" decoding=\"async\" class=\" aligncenter\" src=\"http:\/\/motu.eurokolikonmaailma.fi\/kuvat\/sarjis\/img025.jpg\" alt=\"\" width=\"140\" height=\"216\" \/><\/a><\/td>\n<td style=\"border: 0px;\"><strong><a href=\"https:\/\/www.eurokolikonmaailma.fi\/blogi\/?page_id=399\"><img loading=\"lazy\" decoding=\"async\" class=\" aligncenter\" src=\"http:\/\/motu.eurokolikonmaailma.fi\/kuvat\/sarjis\/img032.jpg\" alt=\"\" width=\"140\" height=\"216\" \/><\/a><\/strong><\/td>\n<td style=\"border: 0px;\"><a href=\"https:\/\/www.eurokolikonmaailma.fi\/blogi\/?page_id=408\"><img loading=\"lazy\" decoding=\"async\" class=\" aligncenter\" src=\"http:\/\/motu.eurokolikonmaailma.fi\/kuvat\/sarjis\/img261.jpg\" alt=\"\" width=\"139\" height=\"216\" \/><\/a><\/td>\n<\/tr>\n<tr>\n<td style=\"text-align: center; border: 0px;\"><strong>1\/88<\/strong><\/td>\n<td style=\"text-align: center; border: 0px;\"><strong>2\/88<br \/>\n<\/strong><\/td>\n<td style=\"text-align: center; border: 0px;\"><strong>3\/88<\/strong><\/td>\n<\/tr>\n<tr>\n<td style=\"border: 0px;\"><a href=\"https:\/\/www.eurokolikonmaailma.fi\/?page_id=412\"><img loading=\"lazy\" decoding=\"async\" class=\"aligncenter\" src=\"http:\/\/motu.eurokolikonmaailma.fi\/kuvat\/sarjis\/4_88_kansi.jpg\" alt=\"\" width=\"140\" height=\"216\" \/><\/a><\/td>\n<td style=\"border: 0px;\"><a href=\"https:\/\/www.eurokolikonmaailma.fi\/blogi\/?page_id=416\"><img loading=\"lazy\" decoding=\"async\" class=\" aligncenter\" src=\"http:\/\/motu.eurokolikonmaailma.fi\/kuvat\/sarjis\/img254.jpg\" alt=\"\" width=\"140\" height=\"216\" \/><\/a><\/td>\n<td style=\"border: 0px;\"><a href=\"https:\/\/www.eurokolikonmaailma.fi\/blogi\/?page_id=419\"><img loading=\"lazy\" decoding=\"async\" class=\" aligncenter\" src=\"http:\/\/motu.eurokolikonmaailma.fi\/kuvat\/sarjis\/img022_p.jpg\" alt=\"\" width=\"140\" height=\"216\" \/><\/a><\/td>\n<\/tr>\n<tr>\n<td style=\"text-align: center; border: 0px;\"><strong>4\/88<\/strong><\/td>\n<td style=\"text-align: center; border: 0px;\"><strong>5\/88<\/strong><\/td>\n<td style=\"text-align: center; border: 0px;\"><strong>6\/88<\/strong><\/td>\n<\/tr>\n<\/tbody>\n<\/table>\n","protected":false},"excerpt":{"rendered":"<p>Omistamani Suomessa vuonna 1988 julkaistut Masters of the Universe -sarjakuvalehdet Vuonna 1988 Suomessa julkaistiin 6 numeroa Masters of the Universe -sarjakuvalehte\u00e4. N\u00e4m\u00e4 lehdet sis\u00e4lsiv\u00e4t tarinoita, jotka olivat alunperin julkaistu Yhdysvalloissa ja Britanniassa. 1\/88 2\/88 3\/88 4\/88 5\/88 6\/88<\/p>\n","protected":false},"author":1,"featured_media":0,"parent":1149,"menu_order":0,"comment_status":"open","ping_status":"closed","template":"","meta":{"footnotes":""},"class_list":["post-438","page","type-page","status-publish","hentry"],"_links":{"self":[{"href":"https:\/\/www.eurokolikonmaailma.fi\/index.php?rest_route=\/wp\/v2\/pages\/438","targetHints":{"allow":["GET"]}}],"collection":[{"href":"https:\/\/www.eurokolikonmaailma.fi\/index.php?rest_route=\/wp\/v2\/pages"}],"about":[{"href":"https:\/\/www.eurokolikonmaailma.fi\/index.php?rest_route=\/wp\/v2\/types\/page"}],"author":[{"embeddable":true,"href":"https:\/\/www.eurokolikonmaailma.fi\/index.php?rest_route=\/wp\/v2\/users\/1"}],"replies":[{"embeddable":true,"href":"https:\/\/www.eurokolikonmaailma.fi\/index.php?rest_route=%2Fwp%2Fv2%2Fcomments&post=438"}],"version-history":[{"count":7,"href":"https:\/\/www.eurokolikonmaailma.fi\/index.php?rest_route=\/wp\/v2\/pages\/438\/revisions"}],"predecessor-version":[{"id":3636,"href":"https:\/\/www.eurokolikonmaailma.fi\/index.php?rest_route=\/wp\/v2\/pages\/438\/revisions\/3636"}],"up":[{"embeddable":true,"href":"https:\/\/www.eurokolikonmaailma.fi\/index.php?rest_route=\/wp\/v2\/pages\/1149"}],"wp:attachment":[{"href":"https:\/\/www.eurokolikonmaailma.fi\/index.php?rest_route=%2Fwp%2Fv2%2Fmedia&parent=438"}],"curies":[{"name":"wp","href":"https:\/\/api.w.org\/{rel}","templated":true}]}}