{"id":3765,"date":"2016-07-09T11:10:23","date_gmt":"2016-07-09T08:10:23","guid":{"rendered":"http:\/\/www.eurokolikonmaailma.fi\/?page_id=3765"},"modified":"2016-07-09T11:11:19","modified_gmt":"2016-07-09T08:11:19","slug":"masters-of-the-universe-30-vuotta-juhlahattu","status":"publish","type":"page","link":"https:\/\/www.eurokolikonmaailma.fi\/?page_id=3765","title":{"rendered":"Masters of the Universe 30 vuotta -juhlahattu"},"content":{"rendered":"<h1>Masters of the Universe 30 vuotta -juhlahattu<\/h1>\n<p><img loading=\"lazy\" decoding=\"async\" src=\"http:\/\/motu.eurokolikonmaailma.fi\/kuvat\/sekalainen\/motu_partyhat_m.jpg\" width=\"640\" height=\"383\" \/><\/p>\n<p>Mattel jakoi t\u00e4t\u00e4 juhlahattua ilmaiseksi San Diego Comic Con 2012 -tapahtuman vierailijoille, kun oli Masters of the Universen 30-vuotis juhlavuosi. Itse en tapahtumassa paikan p\u00e4\u00e4ll\u00e4 ollut, mutta yhdysvaltalainen tuttavani oli ja postitti t\u00e4m\u00e4n minulle. Kuten kuvasta n\u00e4kee, t\u00e4m\u00e4 hattu on t\u00e4ysin k\u00e4ytt\u00e4m\u00e4t\u00f6n\/kokoamaton.<\/p>\n","protected":false},"excerpt":{"rendered":"<p>Masters of the Universe 30 vuotta -juhlahattu Mattel jakoi t\u00e4t\u00e4 juhlahattua ilmaiseksi San Diego Comic Con 2012 -tapahtuman vierailijoille, kun oli Masters of the Universen 30-vuotis juhlavuosi. Itse en tapahtumassa paikan p\u00e4\u00e4ll\u00e4 ollut, mutta yhdysvaltalainen tuttavani oli ja postitti t\u00e4m\u00e4n &hellip; <a href=\"https:\/\/www.eurokolikonmaailma.fi\/?page_id=3765\">Lue loppuun <span class=\"meta-nav\">&rarr;<\/span><\/a><\/p>\n","protected":false},"author":1,"featured_media":0,"parent":509,"menu_order":0,"comment_status":"closed","ping_status":"closed","template":"","meta":{"footnotes":""},"class_list":["post-3765","page","type-page","status-publish","hentry"],"_links":{"self":[{"href":"https:\/\/www.eurokolikonmaailma.fi\/index.php?rest_route=\/wp\/v2\/pages\/3765","targetHints":{"allow":["GET"]}}],"collection":[{"href":"https:\/\/www.eurokolikonmaailma.fi\/index.php?rest_route=\/wp\/v2\/pages"}],"about":[{"href":"https:\/\/www.eurokolikonmaailma.fi\/index.php?rest_route=\/wp\/v2\/types\/page"}],"author":[{"embeddable":true,"href":"https:\/\/www.eurokolikonmaailma.fi\/index.php?rest_route=\/wp\/v2\/users\/1"}],"replies":[{"embeddable":true,"href":"https:\/\/www.eurokolikonmaailma.fi\/index.php?rest_route=%2Fwp%2Fv2%2Fcomments&post=3765"}],"version-history":[{"count":2,"href":"https:\/\/www.eurokolikonmaailma.fi\/index.php?rest_route=\/wp\/v2\/pages\/3765\/revisions"}],"predecessor-version":[{"id":3769,"href":"https:\/\/www.eurokolikonmaailma.fi\/index.php?rest_route=\/wp\/v2\/pages\/3765\/revisions\/3769"}],"up":[{"embeddable":true,"href":"https:\/\/www.eurokolikonmaailma.fi\/index.php?rest_route=\/wp\/v2\/pages\/509"}],"wp:attachment":[{"href":"https:\/\/www.eurokolikonmaailma.fi\/index.php?rest_route=%2Fwp%2Fv2%2Fmedia&parent=3765"}],"curies":[{"name":"wp","href":"https:\/\/api.w.org\/{rel}","templated":true}]}}