{"id":3735,"date":"2016-04-02T10:32:32","date_gmt":"2016-04-02T07:32:32","guid":{"rendered":"http:\/\/www.eurokolikonmaailma.fi\/?page_id=3735"},"modified":"2025-05-12T23:50:17","modified_gmt":"2025-05-12T20:50:17","slug":"he-man-and-the-masters-of-the-universe-limited-edition","status":"publish","type":"page","link":"https:\/\/www.eurokolikonmaailma.fi\/?page_id=3735","title":{"rendered":"He-Man and the Masters of the Universe: Limited Edition"},"content":{"rendered":"<h1>Music From Television Series He-Man and the Masters of the Universe<\/h1>\n<p><a href=\"http:\/\/motu.eurokolikonmaailma.fi\/kuvat\/audio\/mfsb_p1.jpg\" target=\"_blank\" rel=\"noopener noreferrer\"><img decoding=\"async\" class=\"alignnone\" src=\"http:\/\/motu.eurokolikonmaailma.fi\/kuvat\/audio\/mfsb_p1.jpg\" alt=\"Filmation MOTU OST kansi\" height=\"300\" \/><\/a><\/p>\n<p><a href=\"http:\/\/motu.eurokolikonmaailma.fi\/kuvat\/audio\/mfsbc_i.jpg\" target=\"_blank\" rel=\"noopener noreferrer\"><img decoding=\"async\" class=\"alignnone\" src=\"http:\/\/motu.eurokolikonmaailma.fi\/kuvat\/audio\/mfsbc_i.jpg\" alt=\"Filmation MOTU OST takakansi sis\u00e4puoli\" height=\"300\" \/><\/a><\/p>\n<p><a href=\"http:\/\/motu.eurokolikonmaailma.fi\/kuvat\/audio\/mfsbc_o.jpg\" target=\"_blank\" rel=\"noopener noreferrer\"><img decoding=\"async\" class=\"alignnone\" src=\"http:\/\/motu.eurokolikonmaailma.fi\/kuvat\/audio\/mfsbc_o.jpg\" alt=\"Filmation MOTU OST takakansi ulkopuoli\" height=\"300\" \/><\/a><\/p>\n<p>T\u00e4m\u00e4 julkaisu on La La Land Recordsin yhdess\u00e4 Mattelin kanssa julkaisema 2 CD -kokoelma, joka sis\u00e4lt\u00e4\u00e4 musiikkia 80-luvun He-Man and the Masters of the Universe -animaatiosarjasta. T\u00e4m\u00e4 kokoelma on huomattavasti kattavampi kuin mit\u00e4 80-luvulla julkaistu LP-levy tai siit\u00e4 my\u00f6hemmin julkaistut CD-versiot. T\u00e4m\u00e4 kokoelma sis\u00e4lt\u00e4\u00e4 yli 90-minuuttia ennen julkaisematonta musiikkia. T\u00e4m\u00e4n kokoelman painos on rajoitettu 3000 kappaleeseen.<\/p>\n<h2>Raitalista:<\/h2>\n<p>CD1<br \/>\nAiemmin saatavilla ollut albumi<\/p>\n<ol start=\"1\">\n<li>He-Man (Main Theme) 1:13<\/li>\n<li>Teela\u2019s Theme* 1:27<\/li>\n<li>Orko\u2019s Theme* 1:52<\/li>\n<li>Sweet Dreams* 1:54<\/li>\n<li>Facing the Castle* 1:28<\/li>\n<li>Royal Family* 1:44<\/li>\n<li>Run, Orko, Run* 0:59<\/li>\n<li>The Castle* 2:05<\/li>\n<li>Meditation* 1:47<\/li>\n<li>Orko\u2019s Time Machine* 1:36<\/li>\n<li>Magic Planet* 2:54<\/li>\n<\/ol>\n<p>Ennen julkaisematonta musiikkia sarjasta<\/p>\n<ol start=\"12\">\n<li>He-Man at Home 1:41<\/li>\n<li>Orko Means Well 1:23<\/li>\n<li>He-Man Trapped 1:36<\/li>\n<li>Prince Adam and Teela 1:35<\/li>\n<li>Strangers in the Castle 1:36<\/li>\n<li>Evil-Lyn 1:57<\/li>\n<li>Battle in the Sky 1:04<\/li>\n<li>Queen of the Planet Phantos 1:57<\/li>\n<li>Evil-Lyn Chase 1:21<\/li>\n<li>The Sorceress 1:49<\/li>\n<li>Brave Teela 1:32<\/li>\n<li>Trouble in Grayskull 1:10<\/li>\n<li>Snake Mountain 1:10<\/li>\n<li>Skeletor Chase 1:09<\/li>\n<li>Darkness Falls 0:26<\/li>\n<li>Attack Truck 1:39<\/li>\n<li>Dragon Invasion 1:53<\/li>\n<li>Dragon\u2019s Eggs 1:16<\/li>\n<li>Stone Statue 1:54<\/li>\n<li>Skeletor\u2019s Spaceship 1:11<\/li>\n<li>Farewell 0:19<\/li>\n<li>Beast Man and Skulls 1:21<\/li>\n<li>Magical Orko 0:44<\/li>\n<li>Greatest Show on Eternia 0:09<\/li>\n<li>Circus Parade 1:03<\/li>\n<li>Beast Man 0:36<\/li>\n<li>Desolation 1:34<\/li>\n<li>See You Again 0:16<\/li>\n<li>Attack Truck Fight 0:47<\/li>\n<li>Memories 0:35<\/li>\n<li>Violent Attack (He-Man) 2:04<\/li>\n<li>Memory Loss 1:05<\/li>\n<li>Goodbye (Teela) 0:14<\/li>\n<li>Meteor Attack 1:46<\/li>\n<li>Journey Back in Time 1:51<\/li>\n<li>Book-Man 0:43<\/li>\n<li>Tar Swamp 1:14<\/li>\n<li>Changes 0:43<\/li>\n<li>Bad Attack 1:12<\/li>\n<li>Flash Chase 0:55<\/li>\n<li>Goodbye (Orko) 0:10<\/li>\n<li>Save the Day 1:23<\/li>\n<\/ol>\n<p>CD1\u00a0kesto\u00a069:26<\/p>\n<p>Levy 2<br \/>\nEnnen julkaisematonta musiikkia sarjasta<\/p>\n<ol start=\"1\">\n<li>He-Man (Main Theme \u2013 full version) 2:41<\/li>\n<li>Story Title (Heroic) 0:09<\/li>\n<li>Story Title (Mysterious) 0:09<\/li>\n<li>From Bad to Worse 0:39<\/li>\n<li>Adam and Orko 1:35<\/li>\n<li>Magical Dragon 0:32<\/li>\n<li>The Game Machine 1:08<\/li>\n<li>Electronic Game 1:07<\/li>\n<li>Villain Plays the Game 0:55<\/li>\n<li>Swordfight 0:43<\/li>\n<li>Octopus Windbag 0:33<\/li>\n<li>Video Game Sting 0:11<\/li>\n<li>Video Battle 1:58<\/li>\n<li>Aliens Attack 3:07<\/li>\n<li>Suspenseful Act-Out 0:15<\/li>\n<li>Good Vibes (He-Man) 0:26<\/li>\n<li>Fanfare 0:13<\/li>\n<li>Story Title (Main Theme) 0:11<\/li>\n<li>Opening A (Main Theme) 0:10<\/li>\n<li>Opening B 0:10<\/li>\n<li>Catch the Lightning 2:04<\/li>\n<li>Happy Times 0:53<\/li>\n<li>The Unknown Planet 0:16<\/li>\n<li>Journey to the Unknown Planet 2:16<\/li>\n<li>He-Man in Space 1:57<\/li>\n<li>Good Guys 2:30<\/li>\n<li>Lute Piece 0:15<\/li>\n<li>Singing Crystal (Remix) 1:22<\/li>\n<li>The Pyramid 1:33<\/li>\n<li>He-Man in the Country 1:14<\/li>\n<li>Marching Guy 0:41<\/li>\n<li>Look for Orko 0:38<\/li>\n<li>Joining Forces 1:22<\/li>\n<li>Quiet Interlude 1:03<\/li>\n<li>A Surprise 0:08<\/li>\n<li>Danger\u2019s Coming 0:20<\/li>\n<li>Bad Guys Attack 1:02<\/li>\n<li>A Near Miss 0:07<\/li>\n<li>End Sting 0:11<\/li>\n<li>Suspense Sting 0:07<\/li>\n<li>Getting Close 0:27<\/li>\n<li>The Fight 1:10<\/li>\n<li>The Munchkins 0:26<\/li>\n<li>Teela Saves the Day 1:22<\/li>\n<\/ol>\n<p>Bonus raidat<\/p>\n<ol start=\"45\">\n<li>He-Man (Main Theme \u2013 no vocal) 2:04<\/li>\n<li>Book-Man (alternate ending) 0:35<\/li>\n<li>Bad Attack (alternate ending) 1:04<\/li>\n<li>Flash Chase (alternate ending) 1:02<\/li>\n<li>Dragon\u2019s Eggs (alternate ending) 1:21<\/li>\n<li>Circus Parade (alternate ending) 1:11<\/li>\n<li>Beast Man and Skulls (alternate ending) 1:29<\/li>\n<li>Meditation (mono) 1:52<\/li>\n<li>Teela\u2019s Theme (mono) 1:29<\/li>\n<li>Run, Orko, Run (mono) 1:00<\/li>\n<li>Facing the Castle (mono) 1:29<\/li>\n<li>Royal Family (mono) 1:45<\/li>\n<li>Orko\u2019s Time Machine (mono) 1:42<\/li>\n<li>He-Man (Main Theme \u2013 Spanish vocal)* 2:04<br \/>\nvocal by Memo Aguirre<\/li>\n<\/ol>\n<p>CD2 kesto 60:56<br \/>\n*stereo track<\/p>\n<p><a href=\"http:\/\/motu.eurokolikonmaailma.fi\/kuvat\/audio\/mfs_d2.jpg\" target=\"_blank\" rel=\"noopener noreferrer\"><img decoding=\"async\" class=\"alignnone\" src=\"http:\/\/motu.eurokolikonmaailma.fi\/kuvat\/audio\/mfs_d1.jpg\" alt=\"Filmation MOTU OST cd1\" height=\"199\" \/><img decoding=\"async\" class=\"alignnone\" src=\"http:\/\/motu.eurokolikonmaailma.fi\/kuvat\/audio\/mfs_d2.jpg\" alt=\"Filmation MOTU OST cd2\" height=\"199\" \/><\/a><\/p>\n<p><strong>Kansilehtinen:<\/strong><br \/>\n<div class=\"_3d-flip-book  fb3d-fullscreen-mode full-size\" data-id=\"4416\" data-mode=\"fullscreen\" data-title=\"false\" data-template=\"short-white-book-view\" data-lightbox=\"dark-shadow\" data-urlparam=\"fb3d-page\" data-page-n=\"0\" data-pdf=\"\" data-tax=\"null\" data-thumbnail=\"\" data-cols=\"3\" data-book-template=\"default\" data-trigger=\"\"><\/div><script type=\"text\/javascript\">window.FB3D_CLIENT_DATA = window.FB3D_CLIENT_DATA || [];FB3D_CLIENT_DATA.push('eyJwb3N0cyI6eyI0NDE2Ijp7IklEIjo0NDE2LCJ0aXRsZSI6Ik1PVFUgRmlsbWF0aW9uIE9TVCIsInR5cGUiOiJwZGYiLCJyZWFkeV9mdW5jdGlvbiI6IiIsImJvb2tfc3R5bGUiOiJ2b2x1bWUiLCJib29rX3RlbXBsYXRlIjoibm9uZSIsIm91dGxpbmUiOltdLCJkYXRhIjp7InBvc3RfSUQiOiI1NDU4IiwiZ3VpZCI6Imh0dHBzOlwvXC93d3cuZXVyb2tvbGlrb25tYWFpbG1hLmZpXC9ibG9naVwvd3AtY29udGVudFwvdXBsb2Fkc1wvMjAyNVwvMDVcL21vdHVfZmlsbWF0aW9uX3NvdW5kdHJhY2tfbGltaXRlZF9lZGl0aW9uLnBkZiIsInBkZl9wYWdlcyI6IjIwIiwicGFnZXNfY3VzdG9taXphdGlvbiI6Im5vbmUifSwidGh1bWJuYWlsIjp7ImRhdGEiOnsicG9zdF9JRCI6IjAifSwidHlwZSI6ImF1dG8ifSwicHJvcHMiOnsiYmFja2dyb3VuZENvbG9yIjoiYXV0byIsImJhY2tncm91bmRJbWFnZSI6ImF1dG8iLCJiYWNrZ3JvdW5kU3R5bGUiOiJhdXRvIiwiaGlnaGxpZ2h0TGlua3MiOiJhdXRvIiwibGlnaHRpbmciOiJhdXRvIiwic2luZ2xlUGFnZU1vZGUiOiJhdXRvIiwiY2FjaGVkUGFnZXMiOiJhdXRvIiwicmVuZGVySW5hY3RpdmVQYWdlcyI6ImF1dG8iLCJyZW5kZXJJbmFjdGl2ZVBhZ2VzT25Nb2JpbGUiOiJhdXRvIiwicmVuZGVyV2hpbGVGbGlwcGluZyI6ImF1dG8iLCJwcmVsb2FkUGFnZXMiOiJhdXRvIiwiYXV0b1BsYXlEdXJhdGlvbiI6ImF1dG8iLCJydGwiOiJhdXRvIiwiaW50ZXJhY3RpdmVDb3JuZXJzIjoiYXV0byIsIm1heERlcHRoIjoiYXV0byIsInNoZWV0Ijp7InN0YXJ0VmVsb2NpdHkiOiJhdXRvIiwid2F2ZSI6ImF1dG8iLCJzaGFwZSI6ImF1dG8iLCJ3aWR0aFRleGVscyI6ImF1dG8iLCJjb2xvciI6ImF1dG8iLCJzaWRlIjoiYXV0byIsInN0cmV0Y2hJbWFnZXMiOiJhdXRvIiwiY29ybmVyRGV2aWF0aW9uIjoiYXV0byIsImZsZXhpYmlsaXR5IjoiYXV0byIsImZsZXhpYmxlQ29ybmVyIjoiYXV0byIsImJlbmRpbmciOiJhdXRvIiwiaGVpZ2h0VGV4ZWxzIjoiYXV0byJ9LCJjb3ZlciI6eyJ3YXZlIjoiYXV0byIsImNvbG9yIjoiYXV0byIsInNpZGUiOiJhdXRvIiwic3RyZXRjaEltYWdlcyI6ImF1dG8iLCJiaW5kZXJUZXh0dXJlIjoiYXV0byIsImRlcHRoIjoiYXV0byIsInBhZGRpbmciOiJhdXRvIiwic3RhcnRWZWxvY2l0eSI6ImF1dG8iLCJmbGV4aWJpbGl0eSI6ImF1dG8iLCJmbGV4aWJsZUNvcm5lciI6ImF1dG8iLCJiZW5kaW5nIjoiYXV0byIsIndpZHRoVGV4ZWxzIjoiYXV0byIsImhlaWdodFRleGVscyI6ImF1dG8iLCJtYXNzIjoiYXV0byIsInNoYXBlIjoiYXV0byJ9LCJwYWdlIjp7IndhdmUiOiJhdXRvIiwiY29sb3IiOiJhdXRvIiwic2lkZSI6ImF1dG8iLCJzdHJldGNoSW1hZ2VzIjoiYXV0byIsImRlcHRoIjoiYXV0byIsInN0YXJ0VmVsb2NpdHkiOiJhdXRvIiwiZmxleGliaWxpdHkiOiJhdXRvIiwiZmxleGlibGVDb3JuZXIiOiJhdXRvIiwiYmVuZGluZyI6ImF1dG8iLCJ3aWR0aFRleGVscyI6ImF1dG8iLCJoZWlnaHRUZXhlbHMiOiJhdXRvIiwibWFzcyI6ImF1dG8iLCJzaGFwZSI6ImF1dG8ifSwiaGVpZ2h0IjoiYXV0byIsIndpZHRoIjoiYXV0byIsImdyYXZpdHkiOiJhdXRvIiwicGFnZXNGb3JQcmVkaWN0aW5nIjoiYXV0byJ9LCJjb250cm9sUHJvcHMiOnsiYWN0aW9ucyI6eyJjbWRUb2MiOnsiZW5hYmxlZCI6ImF1dG8iLCJlbmFibGVkSW5OYXJyb3ciOiJhdXRvIiwiYWN0aXZlIjoiYXV0byIsImRlZmF1bHRUYWIiOiJhdXRvIn0sImNtZEF1dG9QbGF5Ijp7ImVuYWJsZWQiOiJhdXRvIiwiZW5hYmxlZEluTmFycm93IjoiYXV0byIsImFjdGl2ZSI6ImF1dG8ifSwiY21kU2F2ZSI6eyJlbmFibGVkIjoiMCIsImVuYWJsZWRJbk5hcnJvdyI6ImF1dG8ifSwiY21kUHJpbnQiOnsiZW5hYmxlZCI6IjAiLCJlbmFibGVkSW5OYXJyb3ciOiJhdXRvIn0sImNtZFNpbmdsZVBhZ2UiOnsiZW5hYmxlZCI6ImF1dG8iLCJlbmFibGVkSW5OYXJyb3ciOiJhdXRvIiwiYWN0aXZlIjoiYXV0byIsImFjdGl2ZUZvck1vYmlsZSI6ImF1dG8ifSwid2lkVG9vbGJhciI6eyJlbmFibGVkIjoiYXV0byIsImVuYWJsZWRJbk5hcnJvdyI6ImF1dG8ifX19LCJhdXRvVGh1bWJuYWlsIjoiaHR0cHM6XC9cL3d3dy5ldXJva29saWtvbm1hYWlsbWEuZmlcL2Jsb2dpXC93cC1jb250ZW50XC91cGxvYWRzXC8zZC1mbGlwLWJvb2tcL2F1dG8tdGh1bWJuYWlsc1wvNDQxNi5wbmciLCJwb3N0X25hbWUiOiJtb3R1LWZpbG1hdGlvbi1vc3QiLCJwb3N0X3R5cGUiOiIzZC1mbGlwLWJvb2sifX0sInBhZ2VzIjpbXSwiZmlyc3RQYWdlcyI6W119');window.FB3D_CLIENT_LOCALE && FB3D_CLIENT_LOCALE.render && FB3D_CLIENT_LOCALE.render();<\/script><\/p>\n","protected":false},"excerpt":{"rendered":"<p>Music From Television Series He-Man and the Masters of the Universe T\u00e4m\u00e4 julkaisu on La La Land Recordsin yhdess\u00e4 Mattelin kanssa julkaisema 2 CD -kokoelma, joka sis\u00e4lt\u00e4\u00e4 musiikkia 80-luvun He-Man and the Masters of the Universe -animaatiosarjasta. T\u00e4m\u00e4 kokoelma on &hellip; <a href=\"https:\/\/www.eurokolikonmaailma.fi\/?page_id=3735\">Lue loppuun <span class=\"meta-nav\">&rarr;<\/span><\/a><\/p>\n","protected":false},"author":1,"featured_media":0,"parent":28,"menu_order":0,"comment_status":"closed","ping_status":"closed","template":"","meta":{"footnotes":""},"class_list":["post-3735","page","type-page","status-publish","hentry"],"_links":{"self":[{"href":"https:\/\/www.eurokolikonmaailma.fi\/index.php?rest_route=\/wp\/v2\/pages\/3735","targetHints":{"allow":["GET"]}}],"collection":[{"href":"https:\/\/www.eurokolikonmaailma.fi\/index.php?rest_route=\/wp\/v2\/pages"}],"about":[{"href":"https:\/\/www.eurokolikonmaailma.fi\/index.php?rest_route=\/wp\/v2\/types\/page"}],"author":[{"embeddable":true,"href":"https:\/\/www.eurokolikonmaailma.fi\/index.php?rest_route=\/wp\/v2\/users\/1"}],"replies":[{"embeddable":true,"href":"https:\/\/www.eurokolikonmaailma.fi\/index.php?rest_route=%2Fwp%2Fv2%2Fcomments&post=3735"}],"version-history":[{"count":7,"href":"https:\/\/www.eurokolikonmaailma.fi\/index.php?rest_route=\/wp\/v2\/pages\/3735\/revisions"}],"predecessor-version":[{"id":5318,"href":"https:\/\/www.eurokolikonmaailma.fi\/index.php?rest_route=\/wp\/v2\/pages\/3735\/revisions\/5318"}],"up":[{"embeddable":true,"href":"https:\/\/www.eurokolikonmaailma.fi\/index.php?rest_route=\/wp\/v2\/pages\/28"}],"wp:attachment":[{"href":"https:\/\/www.eurokolikonmaailma.fi\/index.php?rest_route=%2Fwp%2Fv2%2Fmedia&parent=3735"}],"curies":[{"name":"wp","href":"https:\/\/api.w.org\/{rel}","templated":true}]}}