{"id":3729,"date":"2016-04-01T13:16:58","date_gmt":"2016-04-01T10:16:58","guid":{"rendered":"http:\/\/www.eurokolikonmaailma.fi\/?page_id=3729"},"modified":"2023-08-04T23:52:47","modified_gmt":"2023-08-04T20:52:47","slug":"vhs-she-ra-3","status":"publish","type":"page","link":"https:\/\/www.eurokolikonmaailma.fi\/?page_id=3729","title":{"rendered":"VHS: She-Ra, 3"},"content":{"rendered":"<h1><img loading=\"lazy\" decoding=\"async\" src=\"http:\/\/motu.eurokolikonmaailma.fi\/kuvat\/video\/she_ra_logo.jpg\" alt=\"\" width=\"90\" height=\"47\" border=\"0\" \/><img loading=\"lazy\" decoding=\"async\" src=\"http:\/\/motu.eurokolikonmaailma.fi\/kuvat\/video\/vhs_logo.jpg\" alt=\"\" width=\"91\" height=\"46\" \/>\u00a0<img loading=\"lazy\" decoding=\"async\" src=\"http:\/\/motu.eurokolikonmaailma.fi\/kuvat\/video\/sallittu.jpg\" alt=\"\" width=\"56\" height=\"44\" \/><\/h1>\n<h1>She-Ra mahdin prinsessa \u2013 He-Manin kaksoissisar, 3<\/h1>\n<p><a><img decoding=\"async\" class=\"alignnone\" src=\"http:\/\/motu.eurokolikonmaailma.fi\/kuvat\/video\/shera_vol3_fin_back.jpg\" alt=\"She-Ra VHS 3 takakansi\" height=\"338\" \/><img decoding=\"async\" src=\"http:\/\/motu.eurokolikonmaailma.fi\/kuvat\/video\/shera_vol3_fin_spine.jpg\" alt=\"She-Ra VHS 3 selk\u00e4mys\" height=\"338\" \/><img decoding=\"async\" src=\"http:\/\/motu.eurokolikonmaailma.fi\/kuvat\/video\/shera_vol3_fin_front.jpg\" alt=\"She-Ra VHS 3 etukansi\" height=\"338\" \/><\/a><\/p>\n<blockquote><p><strong>JOTAKIN VANHAA, JOTAKIN UUTTA (Something Old, Something New)<\/strong><\/p>\n<p>ELI uskoo olevansa niin taitava taikuri ettei h\u00e4nell\u00e4 ole en\u00e4\u00e4 mit\u00e4\u00e4n opittavaa kenelt\u00e4k\u00e4\u00e4n. H\u00e4n on k\u00e4hvelt\u00e4nyt ETHERIAN taikakiven ja VARJOKEHR\u00c4\u00c4J\u00c4 tekee kaikkensa saadakseen sen itselleen. Jos ETHERIAN taikakive\u00e4 ei saada takaisin paikalleen, koko planeetta suistuu radaltaan.<\/p>\n<p><strong>LOO KEEN SWEETY\u00a0(Loo-Kee&#8217;s Sweety)<\/strong><\/p>\n<p>VARJOKEHR\u00c4\u00c4J\u00c4 on saanut vangituksi alueen kaikki veijarimaiset konsiilit, jotka olivat vieneet salaa ruokaa vangeille. Yksi konsiili p\u00e4\u00e4see kuitenkin pakoon hakemaan apua LUKILTA ja SHE-RALTA, jotka l\u00e4htev\u00e4t pelastamaan vankeja&#8230;<\/p><\/blockquote>\n<h2>Tiedot:<\/h2>\n<p>* Kesto: n. 50 minuuttia<br \/>\n* Ik\u00e4raja: sallittu (S\/T) \u2013 I-02498<br \/>\n\u2013 sopii yleisesti kaikenik\u00e4isille<br \/>\n* Valmistumisvuosi: 1986 (VHS 1991)<br \/>\n*\u00a0\u00c4\u00e4ni: mono<br \/>\n* \u00c4\u00e4ni: Suomenkielinen teksti<br \/>\n* Kuvakoko: 4:3<br \/>\n*\u00a01 VHS<br \/>\n* Julkaisija: Oy Octagon Invest Ab<\/p>\n","protected":false},"excerpt":{"rendered":"<p>\u00a0 She-Ra mahdin prinsessa \u2013 He-Manin kaksoissisar, 3 JOTAKIN VANHAA, JOTAKIN UUTTA (Something Old, Something New) ELI uskoo olevansa niin taitava taikuri ettei h\u00e4nell\u00e4 ole en\u00e4\u00e4 mit\u00e4\u00e4n opittavaa kenelt\u00e4k\u00e4\u00e4n. H\u00e4n on k\u00e4hvelt\u00e4nyt ETHERIAN taikakiven ja VARJOKEHR\u00c4\u00c4J\u00c4 tekee kaikkensa saadakseen sen &hellip; <a href=\"https:\/\/www.eurokolikonmaailma.fi\/?page_id=3729\">Lue loppuun <span class=\"meta-nav\">&rarr;<\/span><\/a><\/p>\n","protected":false},"author":1,"featured_media":0,"parent":962,"menu_order":0,"comment_status":"closed","ping_status":"closed","template":"","meta":{"footnotes":""},"class_list":["post-3729","page","type-page","status-publish","hentry"],"_links":{"self":[{"href":"https:\/\/www.eurokolikonmaailma.fi\/index.php?rest_route=\/wp\/v2\/pages\/3729","targetHints":{"allow":["GET"]}}],"collection":[{"href":"https:\/\/www.eurokolikonmaailma.fi\/index.php?rest_route=\/wp\/v2\/pages"}],"about":[{"href":"https:\/\/www.eurokolikonmaailma.fi\/index.php?rest_route=\/wp\/v2\/types\/page"}],"author":[{"embeddable":true,"href":"https:\/\/www.eurokolikonmaailma.fi\/index.php?rest_route=\/wp\/v2\/users\/1"}],"replies":[{"embeddable":true,"href":"https:\/\/www.eurokolikonmaailma.fi\/index.php?rest_route=%2Fwp%2Fv2%2Fcomments&post=3729"}],"version-history":[{"count":2,"href":"https:\/\/www.eurokolikonmaailma.fi\/index.php?rest_route=\/wp\/v2\/pages\/3729\/revisions"}],"predecessor-version":[{"id":5188,"href":"https:\/\/www.eurokolikonmaailma.fi\/index.php?rest_route=\/wp\/v2\/pages\/3729\/revisions\/5188"}],"up":[{"embeddable":true,"href":"https:\/\/www.eurokolikonmaailma.fi\/index.php?rest_route=\/wp\/v2\/pages\/962"}],"wp:attachment":[{"href":"https:\/\/www.eurokolikonmaailma.fi\/index.php?rest_route=%2Fwp%2Fv2%2Fmedia&parent=3729"}],"curies":[{"name":"wp","href":"https:\/\/api.w.org\/{rel}","templated":true}]}}