{"id":3725,"date":"2016-04-01T13:01:29","date_gmt":"2016-04-01T10:01:29","guid":{"rendered":"http:\/\/www.eurokolikonmaailma.fi\/?page_id=3725"},"modified":"2023-08-04T23:51:40","modified_gmt":"2023-08-04T20:51:40","slug":"vhs-she-ra-2","status":"publish","type":"page","link":"https:\/\/www.eurokolikonmaailma.fi\/?page_id=3725","title":{"rendered":"VHS: She-Ra, 2"},"content":{"rendered":"<h1><img loading=\"lazy\" decoding=\"async\" src=\"http:\/\/motu.eurokolikonmaailma.fi\/kuvat\/video\/she_ra_logo.jpg\" alt=\"\" width=\"90\" height=\"47\" border=\"0\" \/><img loading=\"lazy\" decoding=\"async\" src=\"http:\/\/motu.eurokolikonmaailma.fi\/kuvat\/video\/vhs_logo.jpg\" alt=\"\" width=\"91\" height=\"46\" \/>\u00a0<img loading=\"lazy\" decoding=\"async\" src=\"http:\/\/motu.eurokolikonmaailma.fi\/kuvat\/video\/sallittu.jpg\" alt=\"\" width=\"56\" height=\"44\" \/><\/h1>\n<h1>She-Ra mahdin prinsessa \u2013 He-Manin kaksoissisar, 2<\/h1>\n<p><img decoding=\"async\" src=\"http:\/\/motu.eurokolikonmaailma.fi\/kuvat\/video\/shera_vol2_fin_back.jpg\" alt=\"She-Ra VHS 2 takakansi\" height=\"338\" \/><a href=\"http:\/\/motu.eurokolikonmaailma.fi\/kuvat\/video\/shera_vol2_fin_spine.jpg\" target=\"_blank\" rel=\"noopener\"><img decoding=\"async\" class=\"alignnone\" src=\"http:\/\/motu.eurokolikonmaailma.fi\/kuvat\/video\/shera_vol2_fin_spine.jpg\" alt=\"She-Ra VHS 2 selk\u00e4mys\" height=\"338\" \/><img decoding=\"async\" class=\"alignnone\" src=\"http:\/\/motu.eurokolikonmaailma.fi\/kuvat\/video\/shera_vol2_fin_front.jpg\" alt=\"She-Ra VHS 2 etukansi\" height=\"338\" \/><\/a><\/p>\n<blockquote><p><strong>FLUTTERINA\u00a0(Out of the Cocoon)<\/strong><\/p>\n<p>SAND WALLEYN asukkaita koettelee kuivuus ja SHE-RA l\u00e4htee heid\u00e4n avukseen. Paroni CONDOR keksii kieron juonen saadakseen avustustarvikkeet omille sotilailleen, jotta h\u00e4n voisi valloittaa koko laakson itselleen. Apuun tulee ihmeellinen FLUTTERINA, jolla on kyky muuttua perhoseksi.<\/p>\n<p><strong>OPPITUNTI\u00a0(A Lesson in Love)<\/strong><\/p>\n<p>Nuoren kruununprinssin pakomatka saa arvaamattomat seuraukset. H\u00e4n ajaa vahingossa Jet-py\u00f6r\u00e4ll\u00e4\u00e4n HARDACIN aikaoven l\u00e4pi ja t\u00e4m\u00e4 l\u00e4hett\u00e4\u00e4 h\u00e4net vakoilemaan SHE-RAN ja yst\u00e4viens\u00e4 karnevaaleja. HORDAC robotteineen tulee karnevaaleihin kuokkavieraana ja kidnappaa FLUTTERINAN&#8230;<\/p><\/blockquote>\n<h2>Tiedot:<\/h2>\n<p>* Kesto: n. 50 minuuttia<br \/>\n* Ik\u00e4raja: sallittu (S\/T) \u2013 I-02497<br \/>\n\u2013 sopii yleisesti kaikenik\u00e4isille<br \/>\n* Valmistumisvuosi: 1986 (VHS 1990)<br \/>\n*\u00a0\u00c4\u00e4ni: mono<br \/>\n* \u00c4\u00e4ni: Suomenkielinen teksti<br \/>\n* Kuvakoko: 4:3<br \/>\n*\u00a01 VHS<br \/>\n* Julkaisija: Oy Octagon Invest Ab<\/p>\n","protected":false},"excerpt":{"rendered":"<p>\u00a0 She-Ra mahdin prinsessa \u2013 He-Manin kaksoissisar, 2 FLUTTERINA\u00a0(Out of the Cocoon) SAND WALLEYN asukkaita koettelee kuivuus ja SHE-RA l\u00e4htee heid\u00e4n avukseen. Paroni CONDOR keksii kieron juonen saadakseen avustustarvikkeet omille sotilailleen, jotta h\u00e4n voisi valloittaa koko laakson itselleen. Apuun tulee &hellip; <a href=\"https:\/\/www.eurokolikonmaailma.fi\/?page_id=3725\">Lue loppuun <span class=\"meta-nav\">&rarr;<\/span><\/a><\/p>\n","protected":false},"author":1,"featured_media":0,"parent":962,"menu_order":0,"comment_status":"closed","ping_status":"closed","template":"","meta":{"footnotes":""},"class_list":["post-3725","page","type-page","status-publish","hentry"],"_links":{"self":[{"href":"https:\/\/www.eurokolikonmaailma.fi\/index.php?rest_route=\/wp\/v2\/pages\/3725","targetHints":{"allow":["GET"]}}],"collection":[{"href":"https:\/\/www.eurokolikonmaailma.fi\/index.php?rest_route=\/wp\/v2\/pages"}],"about":[{"href":"https:\/\/www.eurokolikonmaailma.fi\/index.php?rest_route=\/wp\/v2\/types\/page"}],"author":[{"embeddable":true,"href":"https:\/\/www.eurokolikonmaailma.fi\/index.php?rest_route=\/wp\/v2\/users\/1"}],"replies":[{"embeddable":true,"href":"https:\/\/www.eurokolikonmaailma.fi\/index.php?rest_route=%2Fwp%2Fv2%2Fcomments&post=3725"}],"version-history":[{"count":5,"href":"https:\/\/www.eurokolikonmaailma.fi\/index.php?rest_route=\/wp\/v2\/pages\/3725\/revisions"}],"predecessor-version":[{"id":5187,"href":"https:\/\/www.eurokolikonmaailma.fi\/index.php?rest_route=\/wp\/v2\/pages\/3725\/revisions\/5187"}],"up":[{"embeddable":true,"href":"https:\/\/www.eurokolikonmaailma.fi\/index.php?rest_route=\/wp\/v2\/pages\/962"}],"wp:attachment":[{"href":"https:\/\/www.eurokolikonmaailma.fi\/index.php?rest_route=%2Fwp%2Fv2%2Fmedia&parent=3725"}],"curies":[{"name":"wp","href":"https:\/\/api.w.org\/{rel}","templated":true}]}}