{"id":3682,"date":"2016-02-21T16:54:18","date_gmt":"2016-02-21T14:54:18","guid":{"rendered":"http:\/\/www.eurokolikonmaailma.fi\/?page_id=3682"},"modified":"2025-06-14T22:51:38","modified_gmt":"2025-06-14T19:51:38","slug":"2016-2","status":"publish","type":"page","link":"https:\/\/www.eurokolikonmaailma.fi\/?page_id=3682","title":{"rendered":"2016"},"content":{"rendered":"<h2>Itselt\u00e4ni l\u00f6ytyv\u00e4t vuonna 2016 julkaistut Masters of the Universe hahmot<\/h2>\r\n<h3><strong>Collector&#8217;s Choice\u00a0(=Masters of the Universe Classics)<\/strong><\/h3>\r\n<table style=\"border: 0px;\">\r\n<tbody>\r\n<tr>\r\n<td style=\"border: 0px; text-align: center;\"><a href=\"https:\/\/www.eurokolikonmaailma.fi\/?page_id=5816\"><img loading=\"lazy\" decoding=\"async\" class=\"alignnone wp-image-4562 size-thumbnail\" src=\"http:\/\/motu.eurokolikonmaailma.fi\/kuvat\/general_sundar\/DJT89_002_600x600.jpg\" alt=\"\" width=\"150\" height=\"150\" \/><\/a><\/td>\r\n<td style=\"border: 0px; text-align: center;\">\u00a0<\/td>\r\n<td style=\"border: 0px; text-align: center;\">\u00a0<\/td>\r\n<\/tr>\r\n<tr>\r\n<td style=\"border: 0px; text-align: center;\"><strong><span style=\"color: #008000;\">General Sundar<\/span><\/strong><\/td>\r\n<td style=\"border: 0px; text-align: center;\">\u00a0<\/td>\r\n<td style=\"border: 0px; text-align: center;\">\u00a0<\/td>\r\n<\/tr>\r\n<tr>\r\n<td style=\"border: 0px; text-align: center;\">\u00a0<\/td>\r\n<td style=\"border: 0px; text-align: center;\">\u00a0<\/td>\r\n<td style=\"border: 0px; text-align: center;\">\u00a0<\/td>\r\n<\/tr>\r\n<tr>\r\n<td style=\"border: 0px; text-align: center;\">\u00a0<\/td>\r\n<td style=\"border: 0px; text-align: center;\">\u00a0<\/td>\r\n<td style=\"border: 0px; text-align: center;\">\u00a0<\/td>\r\n<\/tr>\r\n<\/tbody>\r\n<\/table>\r\n<h3><strong>Club Grayskull (=He-Man and the Masters of the Universe AKA Classics 2.0)<\/strong><\/h3>\r\n<p>Based on the successful Mattel toy line, animated &#8221;He-Man and the Masters of the Universe&#8221; debuted in 1983 and immediately delighted young fans with unique storylines and interpretations of characters that until then had existed only in plastic. Now, many years later, Mattel pays homage to those thrilling episodic adventures with a collectible line on highly detailed and articulated action figures that are true to their animated counterparts. By the Power of Grayskull!<\/p>\r\n<p><em>Perustuen Mattelin menestyksekk\u00e4\u00e4seen lelusarjaan, animaatiosarja &#8221;He-Man and the Masters of the Universe&#8221; alkoi 1983 ja heti ilostutti nuoria fanejaan uniikeilla tarinoillaan sek\u00e4 tulkinnoillaan hahmoista, jotka olivat sit\u00e4 ennen olleet olemassa vain muovisina leluina. Nyt, useita vuosia my\u00f6hemmin, Mattel tekee kunniaa noille j\u00e4nnitt\u00e4ville seikkailujaksoille yksityiskohtaisten ja nivellettyjen leluhahmojen, jotka muistuttavat animaatiosarjaversioitaan, sarjalla. Kautta Harmaakallon mahdin!<\/em><\/p>\r\n<table style=\"border: 0px;\">\r\n<tbody>\r\n<tr>\r\n<td style=\"border: 0px; text-align: center;\">\u00a0<a href=\"https:\/\/www.eurokolikonmaailma.fi\/?page_id=5825\"><img loading=\"lazy\" decoding=\"async\" src=\"http:\/\/motu.eurokolikonmaailma.fi\/kuvat\/He-Man_2.0\/hm2.jpg\" alt=\"\" width=\"107\" height=\"150\" \/><\/a><\/td>\r\n<td style=\"border: 0px; text-align: center;\"><a href=\"https:\/\/www.eurokolikonmaailma.fi\/?page_id=5830\"><img loading=\"lazy\" decoding=\"async\" class=\"alignnone wp-image-4563\" src=\"https:\/\/motu.eurokolikonmaailma.fi\/kuvat\/TrapJaw_2.0\/DKC35_fullsizeimage01.png\" alt=\"\" width=\"107\" height=\"150\" \/><\/a><\/td>\r\n<td style=\"border: 0px; text-align: center;\"><a href=\"https:\/\/www.eurokolikonmaailma.fi\/?page_id=5834\"><img loading=\"lazy\" decoding=\"async\" class=\"alignnone wp-image-4564\" src=\"https:\/\/motu.eurokolikonmaailma.fi\/kuvat\/Skeletor_2.0\/DKC34_fullsizeimage01.jpg\" alt=\"\" width=\"107\" height=\"150\" \/><\/a><\/td>\r\n<\/tr>\r\n<tr>\r\n<td style=\"border: 0px; text-align: center;\"><strong><span style=\"color: #008000;\">*\u00a0He-Man<\/span><\/strong><\/td>\r\n<td style=\"border: 0px; text-align: center;\"><strong><span style=\"color: #ff0000;\">* Trap Jaw<\/span><\/strong><\/td>\r\n<td style=\"border: 0px; text-align: center;\"><strong><span style=\"color: #ff0000;\">* Skeletor<\/span><\/strong><\/td>\r\n<\/tr>\r\n<tr>\r\n<td style=\"border: 0px; text-align: center;\">\u00a0<\/td>\r\n<td style=\"border: 0px; text-align: center;\">\u00a0<\/td>\r\n<td style=\"border: 0px; text-align: center;\">\u00a0<\/td>\r\n<\/tr>\r\n<tr>\r\n<td style=\"border: 0px; text-align: center;\"><a href=\"https:\/\/www.eurokolikonmaailma.fi\/?page_id=5837\"><img loading=\"lazy\" decoding=\"async\" class=\"alignnone wp-image-4565\" src=\"https:\/\/motu.eurokolikonmaailma.fi\/kuvat\/Beastman_2.0\/DKC33_fullsizeimage02.jpg\" alt=\"\" width=\"107\" height=\"150\" \/><\/a><\/td>\r\n<td style=\"border: 0px; text-align: center;\"><a href=\"https:\/\/www.eurokolikonmaailma.fi\/?page_id=5841\"><img loading=\"lazy\" decoding=\"async\" class=\"alignnone wp-image-4566\" src=\"https:\/\/motu.eurokolikonmaailma.fi\/kuvat\/Evilseed_filmation\/DKC31_001_600x600.jpg\" alt=\"\" width=\"150\" height=\"150\" \/><\/a><\/td>\r\n<td style=\"border: 0px; text-align: center;\"><a href=\"https:\/\/www.eurokolikonmaailma.fi\/?page_id=5849\"><img loading=\"lazy\" decoding=\"async\" class=\"alignnone wp-image-4567\" src=\"https:\/\/motu.eurokolikonmaailma.fi\/kuvat\/Evil-Lyn_2.0\/DKC37_002_600x600.jpg\" alt=\"\" width=\"150\" height=\"150\" \/><\/a><\/td>\r\n<\/tr>\r\n<tr>\r\n<td style=\"border: 0px; text-align: center;\"><strong><span style=\"color: #ff0000;\">* Beast Man<\/span><\/strong><\/td>\r\n<td style=\"border: 0px; text-align: center;\"><strong><span style=\"color: #ff0000;\">* Evil Seed<\/span><\/strong><\/td>\r\n<td style=\"border: 0px; text-align: center;\"><strong><span style=\"color: #ff0000;\">* Evil-Lyn<\/span><\/strong><\/td>\r\n<\/tr>\r\n<tr>\r\n<td style=\"border: 0px; text-align: center;\">\u00a0<\/td>\r\n<td style=\"border: 0px; text-align: center;\">\u00a0<\/td>\r\n<td style=\"border: 0px; text-align: center;\">\u00a0<\/td>\r\n<\/tr>\r\n<tr>\r\n<td style=\"border: 0px; text-align: center;\"><a href=\"https:\/\/www.eurokolikonmaailma.fi\/?page_id=5845\"><img loading=\"lazy\" decoding=\"async\" class=\"alignnone wp-image-4568\" src=\"https:\/\/motu.eurokolikonmaailma.fi\/kuvat\/Clawful_2.0\/club-grayskull-clawful-side_full.jpeg\" alt=\"\" width=\"150\" height=\"150\" \/><\/a><\/td>\r\n<td style=\"border: 0px; text-align: center;\">\u00a0<\/td>\r\n<td style=\"border: 0px; text-align: center;\">\u00a0<\/td>\r\n<\/tr>\r\n<tr>\r\n<td style=\"border: 0px; text-align: center;\"><strong><span style=\"color: #ff0000;\">* Clawful<\/span><\/strong><\/td>\r\n<td style=\"border: 0px; text-align: center;\">\u00a0<\/td>\r\n<td style=\"border: 0px; text-align: center;\">\u00a0<\/td>\r\n<\/tr>\r\n<tr>\r\n<td style=\"border: 0px; text-align: center;\">\u00a0<\/td>\r\n<td style=\"border: 0px; text-align: center;\">\u00a0<\/td>\r\n<td style=\"border: 0px; text-align: center;\">\u00a0<\/td>\r\n<\/tr>\r\n<\/tbody>\r\n<\/table>\r\n<h3><br \/><br \/><\/h3>\r\n\r\n<p>&nbsp;<\/p>\r\n","protected":false},"excerpt":{"rendered":"<p>Itselt\u00e4ni l\u00f6ytyv\u00e4t vuonna 2016 julkaistut Masters of the Universe hahmot Collector&#8217;s Choice\u00a0(=Masters of the Universe Classics) \u00a0 \u00a0 General Sundar \u00a0 \u00a0 \u00a0 \u00a0 \u00a0 \u00a0 \u00a0 \u00a0 Club Grayskull (=He-Man and the Masters of the Universe AKA Classics 2.0) &hellip; <a href=\"https:\/\/www.eurokolikonmaailma.fi\/?page_id=3682\">Lue loppuun <span class=\"meta-nav\">&rarr;<\/span><\/a><\/p>\n","protected":false},"author":1,"featured_media":0,"parent":24,"menu_order":0,"comment_status":"closed","ping_status":"closed","template":"","meta":{"footnotes":""},"class_list":["post-3682","page","type-page","status-publish","hentry"],"_links":{"self":[{"href":"https:\/\/www.eurokolikonmaailma.fi\/index.php?rest_route=\/wp\/v2\/pages\/3682","targetHints":{"allow":["GET"]}}],"collection":[{"href":"https:\/\/www.eurokolikonmaailma.fi\/index.php?rest_route=\/wp\/v2\/pages"}],"about":[{"href":"https:\/\/www.eurokolikonmaailma.fi\/index.php?rest_route=\/wp\/v2\/types\/page"}],"author":[{"embeddable":true,"href":"https:\/\/www.eurokolikonmaailma.fi\/index.php?rest_route=\/wp\/v2\/users\/1"}],"replies":[{"embeddable":true,"href":"https:\/\/www.eurokolikonmaailma.fi\/index.php?rest_route=%2Fwp%2Fv2%2Fcomments&post=3682"}],"version-history":[{"count":27,"href":"https:\/\/www.eurokolikonmaailma.fi\/index.php?rest_route=\/wp\/v2\/pages\/3682\/revisions"}],"predecessor-version":[{"id":5853,"href":"https:\/\/www.eurokolikonmaailma.fi\/index.php?rest_route=\/wp\/v2\/pages\/3682\/revisions\/5853"}],"up":[{"embeddable":true,"href":"https:\/\/www.eurokolikonmaailma.fi\/index.php?rest_route=\/wp\/v2\/pages\/24"}],"wp:attachment":[{"href":"https:\/\/www.eurokolikonmaailma.fi\/index.php?rest_route=%2Fwp%2Fv2%2Fmedia&parent=3682"}],"curies":[{"name":"wp","href":"https:\/\/api.w.org\/{rel}","templated":true}]}}