{"id":3637,"date":"2015-05-01T21:16:09","date_gmt":"2015-05-01T18:16:09","guid":{"rendered":"http:\/\/www.eurokolikonmaailma.fi\/?page_id=3637"},"modified":"2022-12-06T17:45:02","modified_gmt":"2022-12-06T15:45:02","slug":"suomisarjakuva-589","status":"publish","type":"page","link":"https:\/\/www.eurokolikonmaailma.fi\/?page_id=3637","title":{"rendered":"Suomisarjakuva 05\/89"},"content":{"rendered":"<h1><span style=\"font-size: x-large;\">5 \/ 1989 (9,50 mk)<\/span><\/h1>\n<p><img loading=\"lazy\" decoding=\"async\" class=\"alignnone\" src=\"http:\/\/motu.eurokolikonmaailma.fi\/kuvat\/sarjis\/img257.jpg\" alt=\"\" width=\"325\" height=\"500\" \/><\/p>\n<h2><span style=\"font-size: large;\">Tarinat<\/span><\/h2>\n<p>&#8211; K\u00e4\u00e4rmemiehet! (Search for Viper Tower), UK MOTU numero 35\/87, hein\u00e4kuu<br \/>\n&#8211; Magna-k\u00e4\u00e4rmeet (Snake Attack!), UK MOTU numero 36\/87, hein\u00e4kuu<br \/>\n&#8211; Magna k\u00e4\u00e4rmeet, osa 2 (Snake Attack, part 2), UK MOTU numero 37\/87, elokuu<br \/>\n&#8211; Viper Tower l\u00f6ytyy! (The Finding of Viper Tower), UK MOTU numero 38\/87, elokuu<br \/>\n&#8211; He-Man kukistuu (The Defeat of He-Man), UK MOTU numero 39\/87, syyskuu<br \/>\n&#8211; Taistelu! (Viper Victory), UK MOTU numero 40\/87, syyskuu<br \/>\n&#8211; Ratkaisu! (Endgame), UK MOTU numero 41\/87, lokakuu<br \/>\n&#8211; Salaiset arkistot avautuvat: Hyvyyden taistelijoiden alkuvaiheet! (Secret Files of Scrollos: The First Masters!), UK MOTU numero 38\/87, elokuu<\/p>\n","protected":false},"excerpt":{"rendered":"<p>5 \/ 1989 (9,50 mk) Tarinat &#8211; K\u00e4\u00e4rmemiehet! (Search for Viper Tower), UK MOTU numero 35\/87, hein\u00e4kuu &#8211; Magna-k\u00e4\u00e4rmeet (Snake Attack!), UK MOTU numero 36\/87, hein\u00e4kuu &#8211; Magna k\u00e4\u00e4rmeet, osa 2 (Snake Attack, part 2), UK MOTU numero 37\/87, elokuu &hellip; <a href=\"https:\/\/www.eurokolikonmaailma.fi\/?page_id=3637\">Lue loppuun <span class=\"meta-nav\">&rarr;<\/span><\/a><\/p>\n","protected":false},"author":1,"featured_media":0,"parent":440,"menu_order":0,"comment_status":"open","ping_status":"closed","template":"","meta":{"footnotes":""},"class_list":["post-3637","page","type-page","status-publish","hentry"],"_links":{"self":[{"href":"https:\/\/www.eurokolikonmaailma.fi\/index.php?rest_route=\/wp\/v2\/pages\/3637","targetHints":{"allow":["GET"]}}],"collection":[{"href":"https:\/\/www.eurokolikonmaailma.fi\/index.php?rest_route=\/wp\/v2\/pages"}],"about":[{"href":"https:\/\/www.eurokolikonmaailma.fi\/index.php?rest_route=\/wp\/v2\/types\/page"}],"author":[{"embeddable":true,"href":"https:\/\/www.eurokolikonmaailma.fi\/index.php?rest_route=\/wp\/v2\/users\/1"}],"replies":[{"embeddable":true,"href":"https:\/\/www.eurokolikonmaailma.fi\/index.php?rest_route=%2Fwp%2Fv2%2Fcomments&post=3637"}],"version-history":[{"count":3,"href":"https:\/\/www.eurokolikonmaailma.fi\/index.php?rest_route=\/wp\/v2\/pages\/3637\/revisions"}],"predecessor-version":[{"id":4626,"href":"https:\/\/www.eurokolikonmaailma.fi\/index.php?rest_route=\/wp\/v2\/pages\/3637\/revisions\/4626"}],"up":[{"embeddable":true,"href":"https:\/\/www.eurokolikonmaailma.fi\/index.php?rest_route=\/wp\/v2\/pages\/440"}],"wp:attachment":[{"href":"https:\/\/www.eurokolikonmaailma.fi\/index.php?rest_route=%2Fwp%2Fv2%2Fmedia&parent=3637"}],"curies":[{"name":"wp","href":"https:\/\/api.w.org\/{rel}","templated":true}]}}