{"id":3525,"date":"2015-02-04T04:41:38","date_gmt":"2015-02-04T02:41:38","guid":{"rendered":"http:\/\/www.eurokolikonmaailma.fi\/?page_id=3525"},"modified":"2025-06-09T01:10:53","modified_gmt":"2025-06-08T22:10:53","slug":"2015-2","status":"publish","type":"page","link":"https:\/\/www.eurokolikonmaailma.fi\/?page_id=3525","title":{"rendered":"2015"},"content":{"rendered":"<h2>Itselt\u00e4ni l\u00f6ytyv\u00e4t vuonna 2015 julkaistut Masters of the universe Classics hahmot<\/h2>\n<h3><strong>Club Eternia (perushahmot)<\/strong><\/h3>\n<table style=\"border: 0px;\">\n<tbody>\n<tr>\n<td style=\"border: 0px;\"><a href=\"https:\/\/www.eurokolikonmaailma.fi\/?page_id=5796\"><img loading=\"lazy\" decoding=\"async\" class=\" aligncenter\" src=\"http:\/\/motu.eurokolikonmaailma.fi\/kuvat\/Ninjor\/ninjor.jpg\" alt=\"\" width=\"77\" height=\"150\" \/><\/a><\/td>\n<td style=\"border: 0px; text-align: center;\"><a href=\"https:\/\/www.eurokolikonmaailma.fi\/?page_id=5798\"><img loading=\"lazy\" decoding=\"async\" src=\"http:\/\/motu.eurokolikonmaailma.fi\/kuvat\/Peekablue\/peekablue.jpg\" alt=\"\" width=\"150\" height=\"150\" \/><\/a><\/td>\n<td style=\"border: 0px; text-align: center;\"><a href=\"https:\/\/www.eurokolikonmaailma.fi\/?page_id=5802\"><img loading=\"lazy\" decoding=\"async\" src=\"http:\/\/motu.eurokolikonmaailma.fi\/kuvat\/Perfuma\/perfuma.jpg\" alt=\"\" width=\"62\" height=\"150\" \/><\/a><\/td>\n<\/tr>\n<tr>\n<td style=\"border: 0px; text-align: center;\"><strong><span style=\"color: #ff0000;\">* Ninja Warrior \/ Ninjor<\/span><\/strong><\/td>\n<td style=\"border: 0px; text-align: center;\"><strong><span style=\"color: #008000;\">* Peekablue<\/span><\/strong><\/td>\n<td style=\"border: 0px; text-align: center;\"><strong><span style=\"color: #008000;\">* Perfuma<\/span><\/strong><\/td>\n<\/tr>\n<tr>\n<td style=\"border: 0px; text-align: center;\"><\/td>\n<td style=\"border: 0px; text-align: center;\"><\/td>\n<td style=\"border: 0px; text-align: center;\"><\/td>\n<\/tr>\n<tr>\n<td style=\"border: 0px; text-align: center;\"><\/td>\n<td style=\"border: 0px; text-align: center;\"><\/td>\n<td style=\"border: 0px; text-align: center;\"><\/td>\n<\/tr>\n<\/tbody>\n<\/table>\n<h3><strong>Bonus- ja spesiaalihahmot<\/strong><\/h3>\n<table style=\"border: 0px;\">\n<tbody>\n<tr>\n<td style=\"border: 0px;\"><a href=\"https:\/\/www.eurokolikonmaailma.fi\/?page_id=5807\"><img loading=\"lazy\" decoding=\"async\" class=\"aligncenter\" src=\"http:\/\/motu.eurokolikonmaailma.fi\/kuvat\/Spirit_Grayskull\/spirit_grayskull.jpg\" alt=\"\" width=\"102\" height=\"150\" \/><\/a><\/td>\n<td style=\"border: 0px; text-align: center;\"><\/td>\n<td style=\"border: 0px;\"><\/td>\n<\/tr>\n<tr>\n<td style=\"border: 0px; text-align: center;\"><strong><span style=\"color: #008000;\">* Spirit of Grayskull<\/span><\/strong><\/td>\n<td style=\"border: 0px; text-align: center;\"><\/td>\n<td style=\"border: 0px; text-align: center;\"><\/td>\n<\/tr>\n<tr>\n<td style=\"border: 0px; text-align: center;\"><strong><span style=\"color: #008000;\">satunnaisesti myyty tuote<\/span><\/strong><\/td>\n<td style=\"border: 0px; text-align: center;\"><\/td>\n<td style=\"border: 0px; text-align: center;\"><\/td>\n<\/tr>\n<tr>\n<td style=\"border: 0px; text-align: center;\"><\/td>\n<td style=\"border: 0px; text-align: center;\"><\/td>\n<td style=\"border: 0px; text-align: center;\"><\/td>\n<\/tr>\n<tr>\n<td style=\"border: 0px; text-align: center;\"><\/td>\n<td style=\"border: 0px; text-align: center;\"><\/td>\n<td style=\"border: 0px; text-align: center;\"><\/td>\n<\/tr>\n<\/tbody>\n<\/table>\n","protected":false},"excerpt":{"rendered":"<p>Itselt\u00e4ni l\u00f6ytyv\u00e4t vuonna 2015 julkaistut Masters of the universe Classics hahmot Club Eternia (perushahmot) * Ninja Warrior \/ Ninjor * Peekablue * Perfuma Bonus- ja spesiaalihahmot * Spirit of Grayskull satunnaisesti myyty tuote<\/p>\n","protected":false},"author":1,"featured_media":0,"parent":24,"menu_order":0,"comment_status":"open","ping_status":"open","template":"","meta":{"footnotes":""},"class_list":["post-3525","page","type-page","status-publish","hentry"],"_links":{"self":[{"href":"https:\/\/www.eurokolikonmaailma.fi\/index.php?rest_route=\/wp\/v2\/pages\/3525","targetHints":{"allow":["GET"]}}],"collection":[{"href":"https:\/\/www.eurokolikonmaailma.fi\/index.php?rest_route=\/wp\/v2\/pages"}],"about":[{"href":"https:\/\/www.eurokolikonmaailma.fi\/index.php?rest_route=\/wp\/v2\/types\/page"}],"author":[{"embeddable":true,"href":"https:\/\/www.eurokolikonmaailma.fi\/index.php?rest_route=\/wp\/v2\/users\/1"}],"replies":[{"embeddable":true,"href":"https:\/\/www.eurokolikonmaailma.fi\/index.php?rest_route=%2Fwp%2Fv2%2Fcomments&post=3525"}],"version-history":[{"count":24,"href":"https:\/\/www.eurokolikonmaailma.fi\/index.php?rest_route=\/wp\/v2\/pages\/3525\/revisions"}],"predecessor-version":[{"id":5809,"href":"https:\/\/www.eurokolikonmaailma.fi\/index.php?rest_route=\/wp\/v2\/pages\/3525\/revisions\/5809"}],"up":[{"embeddable":true,"href":"https:\/\/www.eurokolikonmaailma.fi\/index.php?rest_route=\/wp\/v2\/pages\/24"}],"wp:attachment":[{"href":"https:\/\/www.eurokolikonmaailma.fi\/index.php?rest_route=%2Fwp%2Fv2%2Fmedia&parent=3525"}],"curies":[{"name":"wp","href":"https:\/\/api.w.org\/{rel}","templated":true}]}}