{"id":3276,"date":"2013-11-07T17:56:18","date_gmt":"2013-11-07T15:56:18","guid":{"rendered":"http:\/\/www.eurokolikonmaailma.fi\/?page_id=3276"},"modified":"2025-06-08T23:11:06","modified_gmt":"2025-06-08T20:11:06","slug":"2014-2","status":"publish","type":"page","link":"https:\/\/www.eurokolikonmaailma.fi\/?page_id=3276","title":{"rendered":"2014"},"content":{"rendered":"<h2>Itselt\u00e4ni l\u00f6ytyv\u00e4t vuonna 2014 julkaistut Masters of the universe Classics hahmot<\/h2>\n<h3><strong>Club Eternia (perushahmot)<\/strong><\/h3>\n<table style=\"border: 0px;\">\n<tbody style=\"border: 0px;\">\n<tr>\n<td style=\"border: 0px;\"><img loading=\"lazy\" decoding=\"async\" class=\" aligncenter\" src=\"http:\/\/motu.eurokolikonmaailma.fi\/kuvat\/Glimmer\/glimmer.jpg\" alt=\"\" width=\"92\" height=\"150\" \/><\/td>\n<td style=\"border: 0px; text-align: center;\"><img loading=\"lazy\" decoding=\"async\" class=\"aligncenter\" src=\"http:\/\/motu.eurokolikonmaailma.fi\/kuvat\/Brakk\/brakk.jpg\" alt=\"\" width=\"100\" height=\"150\" \/><\/td>\n<td style=\"border: 0px; text-align: center;\"><a href=\"https:\/\/www.eurokolikonmaailma.fi\/?page_id=5771\"><img loading=\"lazy\" decoding=\"async\" class=\"aligncenter\" src=\"http:\/\/motu.eurokolikonmaailma.fi\/kuvat\/Flutterina\/flutterina.jpg\" alt=\"\" width=\"123\" height=\"150\" \/><\/a><\/td>\n<\/tr>\n<tr>\n<td style=\"border: 0px; text-align: center;\"><strong><span style=\"color: #008000;\">* Glimmer<\/span><\/strong><\/td>\n<td style=\"border: 0px; text-align: center;\"><strong><span style=\"color: #ff0000;\">* Brakk\/Flogg<\/span><\/strong><\/td>\n<td style=\"border: 0px; text-align: center;\"><strong><span style=\"color: #008000;\">* Flutterina<\/span><\/strong><\/td>\n<\/tr>\n<tr>\n<td style=\"border: 0px; text-align: center;\"><\/td>\n<td style=\"border: 0px; text-align: center;\"><\/td>\n<td style=\"border: 0px; text-align: center;\"><\/td>\n<\/tr>\n<tr>\n<td style=\"border: 0px;\"><a href=\"https:\/\/www.eurokolikonmaailma.fi\/?page_id=5773\"><img loading=\"lazy\" decoding=\"async\" class=\" aligncenter\" src=\"http:\/\/motu.eurokolikonmaailma.fi\/kuvat\/RioBlast\/RioBlast.jpg\" alt=\"\" width=\"92\" height=\"150\" \/><\/a><\/td>\n<td style=\"border: 0px;\"><a href=\"https:\/\/www.eurokolikonmaailma.fi\/?page_id=5775\"><img loading=\"lazy\" decoding=\"async\" src=\"http:\/\/motu.eurokolikonmaailma.fi\/kuvat\/mermista\/mermista.jpg\" alt=\"\" width=\"179\" height=\"150\" \/><\/a><\/td>\n<td style=\"border: 0px;\"><\/td>\n<\/tr>\n<tr>\n<td style=\"border: 0px; text-align: center;\"><strong><span style=\"color: #008000;\">* Rio Blast<\/span><\/strong><\/td>\n<td style=\"border: 0px; text-align: center;\"><strong><span style=\"color: #008000;\">* Mermista<\/span><\/strong><\/td>\n<td style=\"border: 0px; text-align: center;\"><\/td>\n<\/tr>\n<tr>\n<td style=\"border: 0px; text-align: center;\"><\/td>\n<td style=\"border: 0px; text-align: center;\"><\/td>\n<td style=\"border: 0px; text-align: center;\"><\/td>\n<\/tr>\n<tr>\n<td style=\"border: 0px;\"><\/td>\n<td style=\"border: 0px;\"><\/td>\n<td style=\"border: 0px;\"><\/td>\n<\/tr>\n<\/tbody>\n<\/table>\n<h3><strong>Club Etheria<\/strong><\/h3>\n<table style=\"border: 0px;\">\n<tbody>\n<tr>\n<td style=\"border: 0px;\"><a href=\"https:\/\/www.eurokolikonmaailma.fi\/?page_id=5786\"><img loading=\"lazy\" decoding=\"async\" class=\" aligncenter\" src=\"http:\/\/motu.eurokolikonmaailma.fi\/kuvat\/MadameRazz\/madamerazz.jpg\" alt=\"\" width=\"134\" height=\"150\" \/><\/a><\/td>\n<td style=\"border: 0px;\"><a href=\"https:\/\/www.eurokolikonmaailma.fi\/?page_id=5763\"><img loading=\"lazy\" decoding=\"async\" class=\" aligncenter\" src=\"http:\/\/motu.eurokolikonmaailma.fi\/kuvat\/LightHope\/lighthope.jpg\" alt=\"\" width=\"70\" height=\"150\" \/><\/a><\/td>\n<td style=\"border: 0px; text-align: center;\"><\/td>\n<\/tr>\n<tr>\n<td style=\"border: 0px; text-align: center;\"><strong><span style=\"color: #008000;\">* Madame Razz &amp; Broom<\/span><\/strong><\/td>\n<td style=\"border: 0px; text-align: center;\"><strong style=\"line-height: 24px;\"><span style=\"color: #008000;\">* \u00a0Light Hope<\/span><\/strong><\/td>\n<td style=\"border: 0px; text-align: center;\"><\/td>\n<\/tr>\n<tr>\n<td style=\"border: 0px; text-align: center;\"><\/td>\n<td style=\"border: 0px; text-align: center;\"><strong><span style=\"color: #008000;\">Club Etheria Exclusive\u00a0<\/span><\/strong><\/td>\n<td style=\"border: 0px; text-align: center;\"><\/td>\n<\/tr>\n<tr>\n<td style=\"border: 0px; text-align: center;\"><\/td>\n<td style=\"border: 0px; text-align: center;\"><\/td>\n<td style=\"border: 0px; text-align: center;\"><\/td>\n<\/tr>\n<tr>\n<td style=\"border: 0px; text-align: center;\"><\/td>\n<td style=\"border: 0px; text-align: center;\"><\/td>\n<td style=\"border: 0px; text-align: center;\"><\/td>\n<\/tr>\n<\/tbody>\n<\/table>\n<h3><strong>Bonus- ja spesiaalihahmot<\/strong><\/h3>\n<table style=\"border: 0px;\">\n<tbody>\n<tr>\n<td style=\"border: 0px;\"><a href=\"https:\/\/www.eurokolikonmaailma.fi\/?page_id=5789\"><img loading=\"lazy\" decoding=\"async\" class=\"aligncenter\" src=\"http:\/\/motu.eurokolikonmaailma.fi\/kuvat\/Lookee_Kowl\/lookee_kowl.jpg\" alt=\"\" width=\"86\" height=\"150\" \/><\/a><\/td>\n<td style=\"border: 0px;\"><\/td>\n<td style=\"border: 0px;\"><\/td>\n<\/tr>\n<tr>\n<td style=\"border: 0px; text-align: center;\"><strong><span style=\"color: #008000;\">* Kowl &amp; Loo-Kee 2-pack<\/span><\/strong><\/td>\n<td style=\"border: 0px; text-align: center;\"><\/td>\n<td style=\"border: 0px; text-align: center;\"><\/td>\n<\/tr>\n<tr>\n<td style=\"border: 0px; text-align: center;\"><strong><span style=\"color: #008000;\">satunnaisesti myynniss\u00e4 oleva tuote<\/span><\/strong><\/td>\n<td style=\"border: 0px; text-align: center;\"><\/td>\n<td style=\"border: 0px; text-align: center;\"><\/td>\n<\/tr>\n<tr>\n<td style=\"border: 0px; text-align: center;\"><\/td>\n<td style=\"border: 0px; text-align: center;\"><\/td>\n<td style=\"border: 0px; text-align: center;\"><\/td>\n<\/tr>\n<tr>\n<td style=\"border: 0px; text-align: center;\"><\/td>\n<td style=\"border: 0px; text-align: center;\"><\/td>\n<td style=\"border: 0px;\"><\/td>\n<\/tr>\n<\/tbody>\n<\/table>\n","protected":false},"excerpt":{"rendered":"<p>Itselt\u00e4ni l\u00f6ytyv\u00e4t vuonna 2014 julkaistut Masters of the universe Classics hahmot Club Eternia (perushahmot) * Glimmer * Brakk\/Flogg * Flutterina * Rio Blast * Mermista Club Etheria * Madame Razz &amp; Broom * \u00a0Light Hope Club Etheria Exclusive\u00a0 Bonus- ja &hellip; <a href=\"https:\/\/www.eurokolikonmaailma.fi\/?page_id=3276\">Lue loppuun <span class=\"meta-nav\">&rarr;<\/span><\/a><\/p>\n","protected":false},"author":1,"featured_media":0,"parent":24,"menu_order":0,"comment_status":"open","ping_status":"open","template":"","meta":{"footnotes":""},"class_list":["post-3276","page","type-page","status-publish","hentry"],"_links":{"self":[{"href":"https:\/\/www.eurokolikonmaailma.fi\/index.php?rest_route=\/wp\/v2\/pages\/3276","targetHints":{"allow":["GET"]}}],"collection":[{"href":"https:\/\/www.eurokolikonmaailma.fi\/index.php?rest_route=\/wp\/v2\/pages"}],"about":[{"href":"https:\/\/www.eurokolikonmaailma.fi\/index.php?rest_route=\/wp\/v2\/types\/page"}],"author":[{"embeddable":true,"href":"https:\/\/www.eurokolikonmaailma.fi\/index.php?rest_route=\/wp\/v2\/users\/1"}],"replies":[{"embeddable":true,"href":"https:\/\/www.eurokolikonmaailma.fi\/index.php?rest_route=%2Fwp%2Fv2%2Fcomments&post=3276"}],"version-history":[{"count":29,"href":"https:\/\/www.eurokolikonmaailma.fi\/index.php?rest_route=\/wp\/v2\/pages\/3276\/revisions"}],"predecessor-version":[{"id":5791,"href":"https:\/\/www.eurokolikonmaailma.fi\/index.php?rest_route=\/wp\/v2\/pages\/3276\/revisions\/5791"}],"up":[{"embeddable":true,"href":"https:\/\/www.eurokolikonmaailma.fi\/index.php?rest_route=\/wp\/v2\/pages\/24"}],"wp:attachment":[{"href":"https:\/\/www.eurokolikonmaailma.fi\/index.php?rest_route=%2Fwp%2Fv2%2Fmedia&parent=3276"}],"curies":[{"name":"wp","href":"https:\/\/api.w.org\/{rel}","templated":true}]}}