{"id":314,"date":"2011-05-29T23:34:59","date_gmt":"2011-05-29T20:34:59","guid":{"rendered":"http:\/\/www.eurokolikonmaailma.fi\/blogi\/?page_id=314"},"modified":"2025-05-30T15:00:01","modified_gmt":"2025-05-30T12:00:01","slug":"bow","status":"publish","type":"page","link":"https:\/\/www.eurokolikonmaailma.fi\/?page_id=314","title":{"rendered":"Bow"},"content":{"rendered":"<p><img loading=\"lazy\" decoding=\"async\" style=\"border: 0px initial initial;\" title=\"Masters of the Universe Classics logo\" src=\"http:\/\/motu.eurokolikonmaailma.fi\/kuvat\/Bow\/motuc.1.jpg\" alt=\"\" width=\"118\" height=\"47\" border=\"0\" \/><img loading=\"lazy\" decoding=\"async\" style=\"border: 0px initial initial;\" title=\"Princess of Power logo\" src=\"http:\/\/motu.eurokolikonmaailma.fi\/kuvat\/Bow\/POP_logo.jpg\" alt=\"\" width=\"95\" height=\"47\" border=\"0\" \/><img loading=\"lazy\" decoding=\"async\" style=\"border: 0px initial initial;\" title=\"Club Eternia merkki\" src=\"http:\/\/motu.eurokolikonmaailma.fi\/kuvat\/Bow\/clubeternia_burst.gif\" alt=\"\" width=\"46\" height=\"47\" border=\"0\" \/><br \/>\nTuotekoodi: T5792<\/p>\n<h1><span style=\"font-size: xx-large;\">Bow<br \/>\n&#8211; Special Friend who helps She-Ra<\/span><\/h1>\n<p><a href=\"http:\/\/motu.eurokolikonmaailma.fi\/kuvat\/Bow\/bow_package_front.jpg\" target=\"_blank\" rel=\"noopener\"><img loading=\"lazy\" decoding=\"async\" style=\"border: 0px initial initial;\" src=\"http:\/\/motu.eurokolikonmaailma.fi\/kuvat\/Bow\/bow_package_front.jpg\" alt=\"\" width=\"236\" height=\"350\" border=\"0\" \/><\/a><span style=\"color: #ffffff;\">aaaaa<\/span><a href=\"http:\/\/motu.eurokolikonmaailma.fi\/kuvat\/Bow\/bow_cardback.jpg\"><img loading=\"lazy\" decoding=\"async\" style=\"border: 0px initial initial;\" src=\"http:\/\/motu.eurokolikonmaailma.fi\/kuvat\/Bow\/bow_cardback.jpg\" alt=\"\" width=\"248\" height=\"350\" border=\"0\" \/><\/a><\/p>\n<p><strong>Oikea nimi:<\/strong> Kyle Reccula\u2122<\/p>\n<p>After wandering through Despondos\u2122 for several centuries and unable to return to Eternia\u00ae, Hordak\u00ae and his ageless army eventually claimed Etheria as a new throne world, deposing the local monarchs and ruling the people through fear. A nobleman in Queen Angella\u2019s court, Kyle was one of many brave warriors who took up arms against the Horde invaders and joined the Great Rebellion. Nicknamed \u201cBow\u2122\u201d due to his natural ability as an archer, each of his arrows possesses different powers and he has a magical heart that beats frantically when She-Ra\u2122 is in danger. Bow\u2122 is secretly in love with Princess Adora, unaware that she and She-Ra\u2122 are one and the same!<\/p>\n<p><em>Vaelleltuaan ymp\u00e4ri Despondosia vuosisatojen ajan, onnistumatta palaamaan Eternialle, Hordak ja h\u00e4nen ajaton armeijansa lopulta valtasivat Etherian uudeksi vallankeskuksekseen, sy\u00f6sten paikalliset monarkit vallastaan ja halliten ihmisi\u00e4 pelon avulla. Aatelismies kuningatar Angellan hovissa, Kyle oli yksi monista urheista sotureista, jotka alkoivat vastustamaan Hordihy\u00f6kk\u00e4\u00e4ji\u00e4 aseiden voimalla ja liittyi Mahtavaan Kapinaan. H\u00e4n sai lempinimen &#8221;Bow&#8221; koska h\u00e4n oli luonnonlahjakkuus jousiampujana. Jokainen h\u00e4nen nuolistaan omaa jonkin erilaisen voiman ja h\u00e4nell\u00e4 on maaginen syd\u00e4nm joka hakkaa hulluna, kun She-Ra on vaarassa. Bow on salaa rakastunut prinsessa Adoraan, ollen t\u00e4ysin tiet\u00e4m\u00e4t\u00f6n, ett\u00e4 Adora ja She-Ra ovat yksi ja sama henkil\u00f6!<\/em><\/p>\n<p><span style=\"text-decoration: underline;\"><strong>Mukana tulevat varusteet:<\/strong><\/span><br \/>\n* irrotettava haarniska\/viitta yhdistelm\u00e4<br \/>\n* nuoli<br \/>\n* jousi<br \/>\n* harppu<br \/>\n* vaihdettava rintalogo<br \/>\n* extrap\u00e4\u00e4<\/p>\n<p><strong>Loppuunmyynti aika:<\/strong> 54 min<\/p>\n<p><strong>Hahmon saapumiseen kulunut aika (ei oma): <\/strong>14 p\u00e4iv\u00e4\u00e4 (10 arkip\u00e4iv\u00e4\u00e4)<strong><br \/>\nOman hahmon saapumiseen kulunut aika: <\/strong>15 p\u00e4iv\u00e4\u00e4 (11 arkip\u00e4iv\u00e4\u00e4)<\/p>\n<p>&nbsp;<\/p>\n<h2><span style=\"font-size: x-large;\">L\u00e4hikuvat<\/span><\/h2>\n<p><a href=\"http:\/\/motu.eurokolikonmaailma.fi\/kuvat\/Bow\/bow_closeup_moustache.jpg\"><img loading=\"lazy\" decoding=\"async\" style=\"border: 0px initial initial;\" title=\"Bow l\u00e4hikuva tyyliopas p\u00e4\u00e4\" src=\"http:\/\/motu.eurokolikonmaailma.fi\/kuvat\/Bow\/bow_closeup_moustache.jpg\" alt=\"\" width=\"336\" height=\"350\" border=\"0\" \/><\/a> <a href=\"http:\/\/motu.eurokolikonmaailma.fi\/kuvat\/Bow\/bow_closeup_no_moustache.jpg\"><img loading=\"lazy\" decoding=\"async\" style=\"border: 0px initial initial;\" title=\"Bow l\u00e4hikuva vintage lelup\u00e4\u00e4\" src=\"http:\/\/motu.eurokolikonmaailma.fi\/kuvat\/Bow\/bow_closeup_no_moustache.jpg\" alt=\"\" width=\"346\" height=\"350\" border=\"0\" \/><\/a><\/p>\n<p>&nbsp;<\/p>\n<h2><span style=\"font-size: x-large;\">Kokovartalokuvat<\/span><\/h2>\n<p><a href=\"http:\/\/motu.eurokolikonmaailma.fi\/kuvat\/Bow\/bow_main.jpg\"><img loading=\"lazy\" decoding=\"async\" style=\"border: 0px initial initial;\" title=\"Bow t\u00e4ysin varustettuna\" src=\"http:\/\/motu.eurokolikonmaailma.fi\/kuvat\/Bow\/bow_main.jpg\" alt=\"\" width=\"302\" height=\"500\" border=\"0\" \/><\/a><\/p>\n<p><a href=\"http:\/\/motu.eurokolikonmaailma.fi\/kuvat\/Bow\/bow_front_armor.jpg\"><img loading=\"lazy\" decoding=\"async\" style=\"border: 0px initial initial;\" title=\"Bow edest\u00e4\" src=\"http:\/\/motu.eurokolikonmaailma.fi\/kuvat\/Bow\/bow_front_armor.jpg\" alt=\"\" width=\"313\" height=\"500\" border=\"0\" \/><\/a><a href=\"http:\/\/motu.eurokolikonmaailma.fi\/kuvat\/Bow\/bow_angled1_armor.jpg\"><img loading=\"lazy\" decoding=\"async\" style=\"border: 0px initial initial;\" title=\"Bow sivukuva 1\" src=\"http:\/\/motu.eurokolikonmaailma.fi\/kuvat\/Bow\/bow_angled1_armor.jpg\" alt=\"\" width=\"262\" height=\"500\" border=\"0\" \/><\/a><a href=\"http:\/\/motu.eurokolikonmaailma.fi\/kuvat\/Bow\/bow_armor_angled2.jpg\"><img loading=\"lazy\" decoding=\"async\" style=\"border: 0px initial initial;\" title=\"Bow sivukuva 2\" src=\"http:\/\/motu.eurokolikonmaailma.fi\/kuvat\/Bow\/bow_armor_angled2.jpg\" alt=\"\" width=\"340\" height=\"500\" border=\"0\" \/><\/a><\/p>\n<p><a href=\"http:\/\/motu.eurokolikonmaailma.fi\/kuvat\/Bow\/bow_armor_angled3.jpg\"><img loading=\"lazy\" decoding=\"async\" style=\"border: 0px initial initial;\" title=\"Bow sivukuva 3\" src=\"http:\/\/motu.eurokolikonmaailma.fi\/kuvat\/Bow\/bow_armor_angled3.jpg\" alt=\"\" width=\"250\" height=\"500\" border=\"0\" \/><\/a><a href=\"http:\/\/motu.eurokolikonmaailma.fi\/kuvat\/Bow\/bow_armor_back.jpg\"><img loading=\"lazy\" decoding=\"async\" style=\"border: 0px initial initial;\" title=\"Bow takaa\" src=\"http:\/\/motu.eurokolikonmaailma.fi\/kuvat\/Bow\/bow_armor_back.jpg\" alt=\"\" width=\"398\" height=\"500\" border=\"0\" \/><\/a><\/p>\n<p><a href=\"http:\/\/motu.eurokolikonmaailma.fi\/kuvat\/Bow\/bow_front_no_amor.jpg\"><img loading=\"lazy\" decoding=\"async\" style=\"border: 0px initial initial;\" title=\"Bow edest\u00e4 ilman haarniskaa\" src=\"http:\/\/motu.eurokolikonmaailma.fi\/kuvat\/Bow\/bow_front_no_amor.jpg\" alt=\"\" width=\"247\" height=\"500\" border=\"0\" \/><\/a><a href=\"http:\/\/motu.eurokolikonmaailma.fi\/kuvat\/Bow\/bow_angled1_no_armor.jpg\"><img loading=\"lazy\" decoding=\"async\" style=\"border: 0px initial initial;\" title=\"Bow sivukuva 1 ilman haarniskaa\" src=\"http:\/\/motu.eurokolikonmaailma.fi\/kuvat\/Bow\/bow_angled1_no_armor.jpg\" alt=\"\" width=\"174\" height=\"500\" border=\"0\" \/><\/a><a href=\"http:\/\/motu.eurokolikonmaailma.fi\/kuvat\/Bow\/bow_angled2_no_armor.jpg\"><img loading=\"lazy\" decoding=\"async\" style=\"border: 0px initial initial;\" title=\"Bow sivukuva 2 ilman haarniskaa\" src=\"http:\/\/motu.eurokolikonmaailma.fi\/kuvat\/Bow\/bow_angled2_no_armor.jpg\" alt=\"\" width=\"205\" height=\"500\" border=\"0\" \/><\/a><\/p>\n<p><a href=\"http:\/\/motu.eurokolikonmaailma.fi\/kuvat\/Bow\/bow_angled3_no_armor.jpg\"><img loading=\"lazy\" decoding=\"async\" style=\"border: 0px initial initial;\" title=\"Bow sivukuva 3 ilman haarniskaa\" src=\"http:\/\/motu.eurokolikonmaailma.fi\/kuvat\/Bow\/bow_angled3_no_armor.jpg\" alt=\"\" width=\"185\" height=\"500\" border=\"0\" \/><\/a><\/p>\n<p><a href=\"http:\/\/motu.eurokolikonmaailma.fi\/kuvat\/Bow\/bow_back_no_armor.jpg\"><img loading=\"lazy\" decoding=\"async\" style=\"border: 0px initial initial;\" title=\"Bow takaa ilman haarniskaa\" src=\"http:\/\/motu.eurokolikonmaailma.fi\/kuvat\/Bow\/bow_back_no_armor.jpg\" alt=\"\" width=\"237\" height=\"500\" border=\"0\" \/><\/a><\/p>\n<p>&nbsp;<\/p>\n<h2><span style=\"font-size: x-large;\">Yksityiskohta<\/span><\/h2>\n<p><a href=\"http:\/\/motu.eurokolikonmaailma.fi\/kuvat\/Bow\/bow_new_wrist.jpg\"><img loading=\"lazy\" decoding=\"async\" style=\"border: 0px initial initial;\" title=\"Bown uudenlainen rannenivel\" src=\"http:\/\/motu.eurokolikonmaailma.fi\/kuvat\/Bow\/bow_new_wrist.jpg\" alt=\"\" width=\"144\" height=\"150\" border=\"0\" \/><\/a><\/p>\n<p>&nbsp;<\/p>\n<h2><span style=\"font-size: x-large;\">Varusteet<\/span><\/h2>\n<p><a href=\"http:\/\/motu.eurokolikonmaailma.fi\/kuvat\/Bow\/bow_armor_backview.jpg\"><img loading=\"lazy\" decoding=\"async\" style=\"border: 0px initial initial;\" title=\"Bown viitta &amp; haarniska takaa\" src=\"http:\/\/motu.eurokolikonmaailma.fi\/kuvat\/Bow\/bow_armor_backview.jpg\" alt=\"\" width=\"515\" height=\"500\" border=\"0\" \/><\/a><a href=\"http:\/\/motu.eurokolikonmaailma.fi\/kuvat\/Bow\/bow_armor_frontview.jpg\"><img loading=\"lazy\" decoding=\"async\" style=\"border: 0px initial initial;\" title=\"Bown viitta &amp; haarniska edest\u00e4\" src=\"http:\/\/motu.eurokolikonmaailma.fi\/kuvat\/Bow\/bow_armor_frontview.jpg\" alt=\"\" width=\"496\" height=\"500\" border=\"0\" \/><\/a><\/p>\n<p><a href=\"http:\/\/motu.eurokolikonmaailma.fi\/kuvat\/Bow\/bow_bow_arrow.jpg\"><img loading=\"lazy\" decoding=\"async\" style=\"border: 0px initial initial;\" title=\"Bown jousi ja nuoli\" src=\"http:\/\/motu.eurokolikonmaailma.fi\/kuvat\/Bow\/bow_bow_arrow.jpg\" alt=\"\" width=\"500\" height=\"130\" border=\"0\" \/><\/a><a href=\"http:\/\/motu.eurokolikonmaailma.fi\/kuvat\/Bow\/bow_emblem.jpg\"><img loading=\"lazy\" decoding=\"async\" style=\"border: 0px initial initial;\" title=\"Bown rintasymbolit\" src=\"http:\/\/motu.eurokolikonmaailma.fi\/kuvat\/Bow\/bow_emblem.jpg\" alt=\"\" width=\"150\" height=\"84\" border=\"0\" \/><\/a><a href=\"http:\/\/motu.eurokolikonmaailma.fi\/kuvat\/Bow\/bow_harp.jpg\"><img loading=\"lazy\" decoding=\"async\" style=\"border: 0px initial initial;\" title=\"Bown harppu\" src=\"http:\/\/motu.eurokolikonmaailma.fi\/kuvat\/Bow\/bow_harp.jpg\" alt=\"\" width=\"121\" height=\"200\" border=\"0\" \/><\/a><\/p>\n<p>&nbsp;<\/p>\n<h2><span style=\"font-size: x-large;\">Videoesittelyni hahmosta:<\/span><\/h2>\n<p><strong>Suomi<\/strong><\/p>\n<p><iframe loading=\"lazy\" title=\"Masters of the Universe Classics Bow (Finnish)\" width=\"640\" height=\"360\" src=\"https:\/\/www.youtube.com\/embed\/xFJy6lVozsw?feature=oembed\" frameborder=\"0\" allow=\"accelerometer; autoplay; clipboard-write; encrypted-media; gyroscope; picture-in-picture; web-share\" referrerpolicy=\"strict-origin-when-cross-origin\" allowfullscreen><\/iframe><\/p>\n<p><strong>In English<\/strong><\/p>\n<p><iframe loading=\"lazy\" title=\"Masters of the Universe Classics Bow (English)\" width=\"640\" height=\"360\" src=\"https:\/\/www.youtube.com\/embed\/YVpjgfRPvWo?feature=oembed\" frameborder=\"0\" allow=\"accelerometer; autoplay; clipboard-write; encrypted-media; gyroscope; picture-in-picture; web-share\" referrerpolicy=\"strict-origin-when-cross-origin\" allowfullscreen><\/iframe><\/p>\n<p><strong>\u00a0<\/strong><\/p>\n","protected":false},"excerpt":{"rendered":"<p>Tuotekoodi: T5792 Bow &#8211; Special Friend who helps She-Ra aaaaa Oikea nimi: Kyle Reccula\u2122 After wandering through Despondos\u2122 for several centuries and unable to return to Eternia\u00ae, Hordak\u00ae and his ageless army eventually claimed Etheria as a new throne world, &hellip; <a href=\"https:\/\/www.eurokolikonmaailma.fi\/?page_id=314\">Lue loppuun <span class=\"meta-nav\">&rarr;<\/span><\/a><\/p>\n","protected":false},"author":1,"featured_media":0,"parent":294,"menu_order":0,"comment_status":"open","ping_status":"open","template":"","meta":{"footnotes":""},"class_list":["post-314","page","type-page","status-publish","hentry"],"_links":{"self":[{"href":"https:\/\/www.eurokolikonmaailma.fi\/index.php?rest_route=\/wp\/v2\/pages\/314","targetHints":{"allow":["GET"]}}],"collection":[{"href":"https:\/\/www.eurokolikonmaailma.fi\/index.php?rest_route=\/wp\/v2\/pages"}],"about":[{"href":"https:\/\/www.eurokolikonmaailma.fi\/index.php?rest_route=\/wp\/v2\/types\/page"}],"author":[{"embeddable":true,"href":"https:\/\/www.eurokolikonmaailma.fi\/index.php?rest_route=\/wp\/v2\/users\/1"}],"replies":[{"embeddable":true,"href":"https:\/\/www.eurokolikonmaailma.fi\/index.php?rest_route=%2Fwp%2Fv2%2Fcomments&post=314"}],"version-history":[{"count":11,"href":"https:\/\/www.eurokolikonmaailma.fi\/index.php?rest_route=\/wp\/v2\/pages\/314\/revisions"}],"predecessor-version":[{"id":5673,"href":"https:\/\/www.eurokolikonmaailma.fi\/index.php?rest_route=\/wp\/v2\/pages\/314\/revisions\/5673"}],"up":[{"embeddable":true,"href":"https:\/\/www.eurokolikonmaailma.fi\/index.php?rest_route=\/wp\/v2\/pages\/294"}],"wp:attachment":[{"href":"https:\/\/www.eurokolikonmaailma.fi\/index.php?rest_route=%2Fwp%2Fv2%2Fmedia&parent=314"}],"curies":[{"name":"wp","href":"https:\/\/api.w.org\/{rel}","templated":true}]}}