{"id":3078,"date":"2013-05-28T20:24:09","date_gmt":"2013-05-28T17:24:09","guid":{"rendered":"http:\/\/www.eurokolikonmaailma.fi\/?page_id=3078"},"modified":"2025-05-30T17:02:24","modified_gmt":"2025-05-30T14:02:24","slug":"spirit-of-hordak","status":"publish","type":"page","link":"https:\/\/www.eurokolikonmaailma.fi\/?page_id=3078","title":{"rendered":"Spirit of Hordak"},"content":{"rendered":"<p><img loading=\"lazy\" decoding=\"async\" src=\"http:\/\/motu.eurokolikonmaailma.fi\/kuvat\/Spirit_Hordak\/motuc.1.jpg\" alt=\"\" width=\"125\" height=\"48\" \/><img loading=\"lazy\" decoding=\"async\" src=\"http:\/\/motu.eurokolikonmaailma.fi\/kuvat\/Spirit_Hordak\/horde_logo.png\" alt=\"\" width=\"108\" height=\"48\" \/><br \/>\nTuotekoodi:\u00a0Y3168<\/p>\n<h1><span style=\"color: #000000; font-size: 31px; line-height: 46px;\">Hordak &#8211; Spirit<\/span><\/h1>\n<p><a href=\"http:\/\/motu.eurokolikonmaailma.fi\/kuvat\/Spirit_Hordak\/soh_package_front_alt.jpg\" target=\"_blank\" rel=\"noopener\"><img loading=\"lazy\" decoding=\"async\" title=\"Spirit of Hordak pakkaus edest\u00e4\" src=\"http:\/\/motu.eurokolikonmaailma.fi\/kuvat\/Spirit_Hordak\/soh_package_front_alt.jpg\" alt=\"\" width=\"214\" height=\"309\" \/><\/a>\u00a0 \u00a0 \u00a0<a href=\"http:\/\/motu.eurokolikonmaailma.fi\/kuvat\/Spirit_Hordak\/soh_cardback.jpg\" target=\"_blank\" rel=\"noopener\"><img loading=\"lazy\" decoding=\"async\" title=\"Spirit of Hordak pakkaus takaa\" src=\"http:\/\/motu.eurokolikonmaailma.fi\/kuvat\/Spirit_Hordak\/soh_cardback.jpg\" alt=\"\" width=\"221\" height=\"309\" \/><\/a><\/p>\n<p><strong>Oikea nimi:<\/strong>\u00a0Hec-Tor Kur\u2122<\/p>\n<p>While trapped in the dark dimension of Despondos, Hordak discovered the power to project his spirit back to Eternia. In this form, he made contact with the banished Prince Keldor. Through dark Magic and manipulation, Hordak was able to entice Keldor to forsake his birthright and become an Overlord of Evil. He taught Keldor the ways of black magic and eventually, in return for Keldor&#8217;s promise to release him from Despondos saved Keldor&#8217;s life by merging him with a powerful demon. In his Spirit form, Hordak projects his essence to Eternia turning Keldor to the side of evil!<\/p>\n<p><em>Ollessaan vangittuna pime\u00e4ss\u00e4 Despondos ulottuvuudessa, Hordak l\u00f6ysi voiman, jonka avulla h\u00e4n voi projisoida henkens\u00e4 Eternialle. T\u00e4ss\u00e4 muodossa h\u00e4n otti yhteytt\u00e4 karkoitettuun prinssi Keldoriin. Mustan magian ja manipulaation avulla Hordakin onnistui houkutella Keldor hylk\u00e4\u00e4m\u00e4\u00e4n syntym\u00e4oikeutensa ja ryhtym\u00e4\u00e4n Pahuuden Ylilordiksi. H\u00e4n opetti Keldorille mustan magian k\u00e4yt\u00f6n ja lopulta vastineeksi Keldorin lupauksesta vapauttaa h\u00e4net Despondosista, h\u00e4n pelasti Keldorin hengen yhdist\u00e4m\u00e4ll\u00e4 h\u00e4net mahtavan demonin hengen kanssa. Henkimuodossaan, Hordak projisoi olemuksensa Eternialle k\u00e4\u00e4nnytt\u00e4\u00e4kseen Keldorin pimeyden puolelle!<\/em><\/p>\n<p><strong>Mukana tulevat varusteet:<\/strong><br \/>\n*\u00a0irrotetava viitta\/huppu yhdistelm\u00e4<br \/>\n* irrotettava haarniska<br \/>\n* varsijousi<\/p>\n<p><strong>Oman hahmon saapumiseen kulunut aika:\u00a0<\/strong>12 p\u00e4iv\u00e4\u00e4 (8 arkip\u00e4iv\u00e4\u00e4)<\/p>\n<p>&nbsp;<\/p>\n<h2>L\u00e4hikuva<\/h2>\n<p><a href=\"http:\/\/motu.eurokolikonmaailma.fi\/kuvat\/Spirit_Hordak\/soh_closeup.jpg\" target=\"_blank\" rel=\"noopener\"><img loading=\"lazy\" decoding=\"async\" title=\"Spirit of Hordak l\u00e4hikuva\" src=\"http:\/\/motu.eurokolikonmaailma.fi\/kuvat\/Spirit_Hordak\/soh_closeup.jpg\" alt=\"\" width=\"350\" height=\"331\" \/><\/a><\/p>\n<p>&nbsp;<\/p>\n<h2>Kokovartalokuvat<\/h2>\n<p><a href=\"http:\/\/motu.eurokolikonmaailma.fi\/kuvat\/Spirit_Hordak\/soh_main.jpg\" target=\"_blank\" rel=\"noopener\"><img loading=\"lazy\" decoding=\"async\" title=\"Spirit of Hordak varustettuna\" src=\"http:\/\/motu.eurokolikonmaailma.fi\/kuvat\/Spirit_Hordak\/soh_main.jpg\" alt=\"\" width=\"332\" height=\"490\" \/><\/a>\u00a0 \u00a0<a href=\"http:\/\/motu.eurokolikonmaailma.fi\/kuvat\/Spirit_Hordak\/soh_action.jpg\" target=\"_blank\" rel=\"noopener\"><img loading=\"lazy\" decoding=\"async\" title=\"Spirit of Hordak action\" src=\"http:\/\/motu.eurokolikonmaailma.fi\/kuvat\/Spirit_Hordak\/soh_action.jpg\" alt=\"\" width=\"413\" height=\"490\" \/><\/a><\/p>\n<p>&nbsp;<\/p>\n<p><a href=\"http:\/\/motu.eurokolikonmaailma.fi\/kuvat\/Spirit_Hordak\/soh_front.jpg\" target=\"_blank\" rel=\"noopener\"><img loading=\"lazy\" decoding=\"async\" title=\"Spirit of Hordak edest\u00e4\" src=\"http:\/\/motu.eurokolikonmaailma.fi\/kuvat\/Spirit_Hordak\/soh_front.jpg\" alt=\"\" width=\"254\" height=\"490\" \/><\/a>\u00a0 \u00a0<a href=\"http:\/\/motu.eurokolikonmaailma.fi\/kuvat\/Spirit_Hordak\/soh_angle1.jpg\" target=\"_blank\" rel=\"noopener\"><img loading=\"lazy\" decoding=\"async\" title=\"Spirit of Hordak etuviistosta 1\" src=\"http:\/\/motu.eurokolikonmaailma.fi\/kuvat\/Spirit_Hordak\/soh_angle1.jpg\" alt=\"\" width=\"250\" height=\"490\" \/><\/a><\/p>\n<p><a href=\"http:\/\/motu.eurokolikonmaailma.fi\/kuvat\/Spirit_Hordak\/soh_side1.jpg\" target=\"_blank\" rel=\"noopener\"><img loading=\"lazy\" decoding=\"async\" title=\"Spirit of Hordak sivukuva 1\" src=\"http:\/\/motu.eurokolikonmaailma.fi\/kuvat\/Spirit_Hordak\/soh_side1.jpg\" alt=\"\" width=\"200\" height=\"490\" \/><\/a>\u00a0 \u00a0<a href=\"http:\/\/motu.eurokolikonmaailma.fi\/kuvat\/Spirit_Hordak\/soh_angle2.jpg\" target=\"_blank\" rel=\"noopener\"><img loading=\"lazy\" decoding=\"async\" title=\"Spirit of Hordak takaviistosta 1\" src=\"http:\/\/motu.eurokolikonmaailma.fi\/kuvat\/Spirit_Hordak\/soh_angle2.jpg\" alt=\"\" width=\"285\" height=\"490\" \/><\/a><\/p>\n<p>&nbsp;<\/p>\n<p><a href=\"http:\/\/motu.eurokolikonmaailma.fi\/kuvat\/Spirit_Hordak\/soh_back.jpg\" target=\"_blank\" rel=\"noopener\"><img loading=\"lazy\" decoding=\"async\" title=\"Spirit of Hordak takaa\" src=\"http:\/\/motu.eurokolikonmaailma.fi\/kuvat\/Spirit_Hordak\/soh_back.jpg\" alt=\"\" width=\"294\" height=\"490\" \/><\/a>\u00a0 \u00a0<a href=\"http:\/\/motu.eurokolikonmaailma.fi\/kuvat\/Spirit_Hordak\/soh_angle3.jpg\" target=\"_blank\" rel=\"noopener\"><img loading=\"lazy\" decoding=\"async\" title=\"Spirit of Hordak takaviistosta 2\" src=\"http:\/\/motu.eurokolikonmaailma.fi\/kuvat\/Spirit_Hordak\/soh_angle3.jpg\" alt=\"\" width=\"268\" height=\"490\" \/><\/a><\/p>\n<p>&nbsp;<\/p>\n<p><a href=\"http:\/\/motu.eurokolikonmaailma.fi\/kuvat\/Spirit_Hordak\/soh_side2.jpg\" target=\"_blank\" rel=\"noopener\"><img loading=\"lazy\" decoding=\"async\" title=\"Spirit of Hordak sivukuva 2\" src=\"http:\/\/motu.eurokolikonmaailma.fi\/kuvat\/Spirit_Hordak\/soh_side2.jpg\" alt=\"\" width=\"179\" height=\"490\" \/><\/a>\u00a0 \u00a0<a href=\"http:\/\/motu.eurokolikonmaailma.fi\/kuvat\/Spirit_Hordak\/soh_angle4.jpg\" target=\"_blank\" rel=\"noopener\"><img loading=\"lazy\" decoding=\"async\" title=\"Spirit of Hordak etuviistosta 2\" src=\"http:\/\/motu.eurokolikonmaailma.fi\/kuvat\/Spirit_Hordak\/soh_angle4.jpg\" alt=\"\" width=\"268\" height=\"490\" \/><\/a><\/p>\n<p>&nbsp;<\/p>\n<p><a href=\"http:\/\/motu.eurokolikonmaailma.fi\/kuvat\/Spirit_Hordak\/soh_front_no_cape.jpg\" target=\"_blank\" rel=\"noopener\"><img loading=\"lazy\" decoding=\"async\" title=\"Spirit of Hordak ei viittaa edest\u00e4\" src=\"http:\/\/motu.eurokolikonmaailma.fi\/kuvat\/Spirit_Hordak\/soh_front_no_cape.jpg\" alt=\"\" width=\"269\" height=\"490\" \/><\/a>\u00a0 \u00a0<a href=\"http:\/\/motu.eurokolikonmaailma.fi\/kuvat\/Spirit_Hordak\/soh_back_no_cape.jpg\" target=\"_blank\" rel=\"noopener\"><img loading=\"lazy\" decoding=\"async\" title=\"Spirit of Hordak ei viittaa takaa\" src=\"http:\/\/motu.eurokolikonmaailma.fi\/kuvat\/Spirit_Hordak\/soh_back_no_cape.jpg\" alt=\"\" width=\"249\" height=\"490\" \/><\/a><\/p>\n<p>&nbsp;<\/p>\n<p><a href=\"http:\/\/motu.eurokolikonmaailma.fi\/kuvat\/Spirit_Hordak\/soh_front_no_accessories.jpg\" target=\"_blank\" rel=\"noopener\"><img loading=\"lazy\" decoding=\"async\" title=\"Spirit of Hordak ei varusteita edest\u00e4\" src=\"http:\/\/motu.eurokolikonmaailma.fi\/kuvat\/Spirit_Hordak\/soh_front_no_accessories.jpg\" alt=\"\" width=\"255\" height=\"490\" \/><\/a>\u00a0 \u00a0<a href=\"http:\/\/motu.eurokolikonmaailma.fi\/kuvat\/Spirit_Hordak\/soh_back_no_accessories.jpg\" target=\"_blank\" rel=\"noopener\"><img loading=\"lazy\" decoding=\"async\" title=\"Spirit of Hordak ei varusteita takaa\" src=\"http:\/\/motu.eurokolikonmaailma.fi\/kuvat\/Spirit_Hordak\/soh_back_no_accessories.jpg\" alt=\"\" width=\"234\" height=\"490\" \/><\/a><\/p>\n<p>&nbsp;<\/p>\n<h2>Videoesittelyni hahmosta:<\/h2>\n<p><strong>Suomi<\/strong><\/p>\n<p><iframe loading=\"lazy\" title=\"MOTUC Spirit of Hordak esittely (Finnish)\" width=\"640\" height=\"360\" src=\"https:\/\/www.youtube.com\/embed\/bzY17RDT50o?feature=oembed\" frameborder=\"0\" allow=\"accelerometer; autoplay; clipboard-write; encrypted-media; gyroscope; picture-in-picture; web-share\" referrerpolicy=\"strict-origin-when-cross-origin\" allowfullscreen><\/iframe><\/p>\n<p><strong>In English<\/strong><\/p>\n<p><iframe loading=\"lazy\" title=\"MOTUC Spirit of Hordak Review (English)\" width=\"640\" height=\"360\" src=\"https:\/\/www.youtube.com\/embed\/zt988ZQMM2g?feature=oembed\" frameborder=\"0\" allow=\"accelerometer; autoplay; clipboard-write; encrypted-media; gyroscope; picture-in-picture; web-share\" referrerpolicy=\"strict-origin-when-cross-origin\" allowfullscreen><\/iframe><\/p>\n","protected":false},"excerpt":{"rendered":"<p>Tuotekoodi:\u00a0Y3168 Hordak &#8211; Spirit \u00a0 \u00a0 \u00a0 Oikea nimi:\u00a0Hec-Tor Kur\u2122 While trapped in the dark dimension of Despondos, Hordak discovered the power to project his spirit back to Eternia. In this form, he made contact with the banished Prince Keldor. &hellip; <a href=\"https:\/\/www.eurokolikonmaailma.fi\/?page_id=3078\">Lue loppuun <span class=\"meta-nav\">&rarr;<\/span><\/a><\/p>\n","protected":false},"author":1,"featured_media":0,"parent":2119,"menu_order":0,"comment_status":"open","ping_status":"open","template":"","meta":{"footnotes":""},"class_list":["post-3078","page","type-page","status-publish","hentry"],"_links":{"self":[{"href":"https:\/\/www.eurokolikonmaailma.fi\/index.php?rest_route=\/wp\/v2\/pages\/3078","targetHints":{"allow":["GET"]}}],"collection":[{"href":"https:\/\/www.eurokolikonmaailma.fi\/index.php?rest_route=\/wp\/v2\/pages"}],"about":[{"href":"https:\/\/www.eurokolikonmaailma.fi\/index.php?rest_route=\/wp\/v2\/types\/page"}],"author":[{"embeddable":true,"href":"https:\/\/www.eurokolikonmaailma.fi\/index.php?rest_route=\/wp\/v2\/users\/1"}],"replies":[{"embeddable":true,"href":"https:\/\/www.eurokolikonmaailma.fi\/index.php?rest_route=%2Fwp%2Fv2%2Fcomments&post=3078"}],"version-history":[{"count":5,"href":"https:\/\/www.eurokolikonmaailma.fi\/index.php?rest_route=\/wp\/v2\/pages\/3078\/revisions"}],"predecessor-version":[{"id":5820,"href":"https:\/\/www.eurokolikonmaailma.fi\/index.php?rest_route=\/wp\/v2\/pages\/3078\/revisions\/5820"}],"up":[{"embeddable":true,"href":"https:\/\/www.eurokolikonmaailma.fi\/index.php?rest_route=\/wp\/v2\/pages\/2119"}],"wp:attachment":[{"href":"https:\/\/www.eurokolikonmaailma.fi\/index.php?rest_route=%2Fwp%2Fv2%2Fmedia&parent=3078"}],"curies":[{"name":"wp","href":"https:\/\/api.w.org\/{rel}","templated":true}]}}