{"id":303,"date":"2011-05-29T23:16:07","date_gmt":"2011-05-29T20:16:07","guid":{"rendered":"http:\/\/www.eurokolikonmaailma.fi\/blogi\/?page_id=303"},"modified":"2025-05-30T13:47:45","modified_gmt":"2025-05-30T10:47:45","slug":"battle-armor-he-man","status":"publish","type":"page","link":"https:\/\/www.eurokolikonmaailma.fi\/?page_id=303","title":{"rendered":"Battle Armor He-Man"},"content":{"rendered":"<p><img loading=\"lazy\" decoding=\"async\" style=\"border: 0px initial initial;\" title=\"Masters of the Universe Classics logo\" src=\"http:\/\/motu.eurokolikonmaailma.fi\/kuvat\/Battle_heman\/motuc.1.jpg\" alt=\"\" width=\"118\" height=\"47\" border=\"0\" \/><br \/>\nTuotekoodi: R6241<\/p>\n<h1><span style=\"font-size: xx-large;\">Battle Armor He-Man<br \/>\n&#8211; The Most Powerful Man in the Universe<\/span><\/h1>\n<p>&nbsp;<\/p>\n<p><a href=\"http:\/\/motu.eurokolikonmaailma.fi\/kuvat\/Battle_heman\/bah_package_front_alternate.jpg\" target=\"_blank\" rel=\"noopener\"><img loading=\"lazy\" decoding=\"async\" title=\"Battle Armor He-Man pakkaus edest\u00e4\" src=\"http:\/\/motu.eurokolikonmaailma.fi\/kuvat\/Battle_heman\/bah_package_front_alternate.jpg\" alt=\"\" width=\"226\" height=\"336\" \/><\/a> <span style=\"color: #ffffff;\">aaaaa<\/span><a href=\"http:\/\/motu.eurokolikonmaailma.fi\/kuvat\/Battle_heman\/bah_cardback.jpg\" target=\"_blank\" rel=\"noopener\"><img loading=\"lazy\" decoding=\"async\" title=\"Battle Armor He-Man pakkaus takaa\" src=\"http:\/\/motu.eurokolikonmaailma.fi\/kuvat\/Battle_heman\/bah_cardback.jpg\" alt=\"\" width=\"239\" height=\"336\" \/><\/a><span style=\"color: #ffffff;\">aaaaa<\/span> <a href=\"http:\/\/motu.eurokolikonmaailma.fi\/kuvat\/Battle_heman\/bah_package_staburst.jpg\" target=\"_blank\" rel=\"noopener\"><img loading=\"lazy\" decoding=\"async\" title=\"Battle Armor He-Man selite\" src=\"http:\/\/motu.eurokolikonmaailma.fi\/kuvat\/Battle_heman\/bah_package_staburst.jpg\" alt=\"\" width=\"192\" height=\"105\" \/><\/a><\/p>\n<p><strong>Oikea nimi:<\/strong> Adam of the House Randor<\/p>\n<p>To adapt to new enemies and situations, Adam has learned to tap further into the great power that his sword unlocks. The combined Power of the Universe and the Knowledge of the Elders is called upon by Adam and channeled through the Sword of He to create new forms of armor and weapons to combat evil. His Battle Armor\u00ae was created to protect He-Man\u00ae during his early battles with Skeletor\u00ae and his evil warriors. Using the Power of Grayskull\u2122, He-Man\u00ae \u2014 The Most Powerful Man in the Universe\u2122, is now shielded by his mighty Battle Armor\u00ae!<\/p>\n<p><em>Mukautuakseen uusiin vihollisiin ja tilanteisiin, Adam on oppinut tunkeutumaan syvemm\u00e4lle miekkansa avaamaan suureen voimaan. Adam kutsuu Vanhimpien tiet\u00e4myksen ja universumin voimien yhdistetty\u00e4 voimaa ja kanavoi sen miekkansa kautta luodakseen uusia muotoja haarniskastaan ja aseistaan taistellakseen pahuutta vastaan. H\u00e4nen taisteluhaarniskansa luotiin suojelemaan He-Mania ensimm\u00e4isten Skeletorin ja h\u00e4nen joukkojensa kanssa k\u00e4ytyjen kamppailujen aikana. K\u00e4ytt\u00e4en Grayskullin voimaa, He-Man &#8211; Maailmankaikkeuden Mahtavinta Miest\u00e4 suojelee nyt h\u00e4nen mahtava taisteluhaarniskansa!<\/em><\/p>\n<p><span style=\"text-decoration: underline;\"><strong>Mukana tulevat varusteet:<\/strong><\/span><br \/>\n* irrotettava haarniska<br \/>\n* kirves<br \/>\n* kolme vaihdettavaa haarniskan vauriotason osoittavaa osaa<\/p>\n<p><strong>Loppuunmyynti aika:<\/strong> 3 p\u00e4iv\u00e4\u00e4 6 tuntia<\/p>\n<p><strong>Oman hahmon saapumiseen kulunut aika (Ebay): <\/strong>5\u00a0p\u00e4iv\u00e4\u00e4 (3 arkip\u00e4iv\u00e4\u00e4)<\/p>\n<p>&nbsp;<\/p>\n<h2><span style=\"font-size: x-large;\">L\u00e4hikuva<\/span><\/h2>\n<p><a href=\"http:\/\/motu.eurokolikonmaailma.fi\/kuvat\/Battle_heman\/bah_closeup.jpg\" target=\"_blank\" rel=\"noopener\"><img loading=\"lazy\" decoding=\"async\" title=\"Battle Armor He-Man l\u00e4hikuva\" src=\"http:\/\/motu.eurokolikonmaailma.fi\/kuvat\/Battle_heman\/bah_closeup.jpg\" alt=\"\" width=\"309\" height=\"336\" \/><\/a><\/p>\n<p>&nbsp;<\/p>\n<p>&nbsp;<\/p>\n<h2><span style=\"font-size: x-large;\">Kokovartalokuvat<\/span><\/h2>\n<p><a href=\"http:\/\/motu.eurokolikonmaailma.fi\/kuvat\/Battle_heman\/bah_main.jpg\" target=\"_blank\" rel=\"noopener\"><img loading=\"lazy\" decoding=\"async\" title=\"Battle Armor He-Man t\u00e4ysin varustetuna\" src=\"http:\/\/motu.eurokolikonmaailma.fi\/kuvat\/Battle_heman\/bah_main.jpg\" alt=\"\" width=\"330\" height=\"490\" \/><\/a> <a href=\"http:\/\/motu.eurokolikonmaailma.fi\/kuvat\/Battle_heman\/bah_front_armor.jpg\" target=\"_blank\" rel=\"noopener\"><img loading=\"lazy\" decoding=\"async\" title=\"Battle Armor He-Man edest\u00e4\" src=\"http:\/\/motu.eurokolikonmaailma.fi\/kuvat\/Battle_heman\/bah_front_armor.jpg\" alt=\"\" width=\"280\" height=\"490\" \/><\/a><\/p>\n<p><a href=\"http:\/\/motu.eurokolikonmaailma.fi\/kuvat\/Battle_heman\/bah_angled1_armor.jpg\"><img loading=\"lazy\" decoding=\"async\" title=\"Battle Armor He-Man sivukuva 1\" src=\"http:\/\/motu.eurokolikonmaailma.fi\/kuvat\/Battle_heman\/bah_angled1_armor.jpg\" alt=\"\" width=\"255\" height=\"490\" \/><\/a> <a href=\"http:\/\/motu.eurokolikonmaailma.fi\/kuvat\/Battle_heman\/bah_angled2_armor.jpg\"><img loading=\"lazy\" decoding=\"async\" title=\"Battle Armor He-Man sivukuva 2\" src=\"http:\/\/motu.eurokolikonmaailma.fi\/kuvat\/Battle_heman\/bah_angled2_armor.jpg\" alt=\"\" width=\"241\" height=\"490\" \/><\/a><\/p>\n<p><a href=\"http:\/\/motu.eurokolikonmaailma.fi\/kuvat\/Battle_heman\/bah_back_armor.jpg\"><img loading=\"lazy\" decoding=\"async\" title=\"Battle Armor He-Man takaa\" src=\"http:\/\/motu.eurokolikonmaailma.fi\/kuvat\/Battle_heman\/bah_back_armor.jpg\" alt=\"\" width=\"295\" height=\"490\" \/><\/a> <a href=\"http:\/\/motu.eurokolikonmaailma.fi\/kuvat\/Battle_heman\/bah_angled3_armor.jpg\"><img loading=\"lazy\" decoding=\"async\" title=\"Battle Armor He-Man sivukuva 3\" src=\"http:\/\/motu.eurokolikonmaailma.fi\/kuvat\/Battle_heman\/bah_angled3_armor.jpg\" alt=\"\" width=\"231\" height=\"490\" \/><\/a><\/p>\n<p><a href=\"http:\/\/motu.eurokolikonmaailma.fi\/kuvat\/Battle_heman\/bah_no_armor_front.jpg\"><img loading=\"lazy\" decoding=\"async\" title=\"Battle Armor He-Man edest\u00e4 ilman haarniskaa\" src=\"http:\/\/motu.eurokolikonmaailma.fi\/kuvat\/Battle_heman\/bah_no_armor_front.jpg\" alt=\"\" width=\"224\" height=\"490\" \/><\/a> <a href=\"http:\/\/motu.eurokolikonmaailma.fi\/kuvat\/Battle_heman\/bah_angled2_no_armor.jpg\"><img loading=\"lazy\" decoding=\"async\" title=\"Battle Armor He-Man sivukuva 1 ilman haarniskaa\" src=\"http:\/\/motu.eurokolikonmaailma.fi\/kuvat\/Battle_heman\/bah_angled2_no_armor.jpg\" alt=\"\" width=\"208\" height=\"490\" \/><\/a> <a href=\"http:\/\/motu.eurokolikonmaailma.fi\/kuvat\/Battle_heman\/bah_angled1_no_armor.jpg\"><img loading=\"lazy\" decoding=\"async\" title=\"Battle Armor He-Man sivukuva 2 ilman haarniskaa\" src=\"http:\/\/motu.eurokolikonmaailma.fi\/kuvat\/Battle_heman\/bah_angled1_no_armor.jpg\" alt=\"\" width=\"196\" height=\"490\" \/><\/a><\/p>\n<p><a href=\"http:\/\/motu.eurokolikonmaailma.fi\/kuvat\/Battle_heman\/bah_back_no_armor.jpg\"><img loading=\"lazy\" decoding=\"async\" title=\"Battle Armor He-Man takaa ilman haarniskaa\" src=\"http:\/\/motu.eurokolikonmaailma.fi\/kuvat\/Battle_heman\/bah_back_no_armor.jpg\" alt=\"\" width=\"234\" height=\"490\" \/><\/a> <a href=\"http:\/\/motu.eurokolikonmaailma.fi\/kuvat\/Battle_heman\/bah_angled3_no_armor.jpg\"><img loading=\"lazy\" decoding=\"async\" title=\"Battle Armor He-Man sivukuva 3 ilman haarniskaa\" src=\"http:\/\/motu.eurokolikonmaailma.fi\/kuvat\/Battle_heman\/bah_angled3_no_armor.jpg\" alt=\"\" width=\"204\" height=\"490\" \/><\/a><\/p>\n<p>&nbsp;<\/p>\n<h2><span style=\"font-size: x-large;\">Varusteet<\/span><\/h2>\n<p><a href=\"http:\/\/motu.eurokolikonmaailma.fi\/kuvat\/Battle_heman\/bah_axe.jpg\"><img loading=\"lazy\" decoding=\"async\" title=\"Battle Armor He-Man kirves\" src=\"http:\/\/motu.eurokolikonmaailma.fi\/kuvat\/Battle_heman\/bah_axe.jpg\" alt=\"\" width=\"174\" height=\"336\" \/><\/a> <a href=\"http:\/\/motu.eurokolikonmaailma.fi\/kuvat\/Battle_heman\/bah_armor.jpg\"><img loading=\"lazy\" decoding=\"async\" title=\"Battle Armor He-Man haarniska\" src=\"http:\/\/motu.eurokolikonmaailma.fi\/kuvat\/Battle_heman\/bah_armor.jpg\" alt=\"\" width=\"490\" height=\"382\" \/><\/a><\/p>\n<p>&nbsp;<\/p>\n<h2><span style=\"font-size: x-large;\">Videoesittelyni hahmosta:<\/span><\/h2>\n<p><strong>Suomi<\/strong><\/p>\n<p><iframe loading=\"lazy\" title=\"Masters of the Universe Classics Battle Armor He-Man (Finnish)\" width=\"640\" height=\"360\" src=\"https:\/\/www.youtube.com\/embed\/5mkmwATnKgQ?feature=oembed\" frameborder=\"0\" allow=\"accelerometer; autoplay; clipboard-write; encrypted-media; gyroscope; picture-in-picture; web-share\" referrerpolicy=\"strict-origin-when-cross-origin\" allowfullscreen><\/iframe><\/p>\n<p><strong>In English<\/strong><\/p>\n<p><iframe loading=\"lazy\" title=\"Masters of the Universe Classics Battle Armor He-Man (English)\" width=\"640\" height=\"360\" src=\"https:\/\/www.youtube.com\/embed\/mlmfyMFYlT4?feature=oembed\" frameborder=\"0\" allow=\"accelerometer; autoplay; clipboard-write; encrypted-media; gyroscope; picture-in-picture; web-share\" referrerpolicy=\"strict-origin-when-cross-origin\" allowfullscreen><\/iframe><\/p>\n","protected":false},"excerpt":{"rendered":"<p>Tuotekoodi: R6241 Battle Armor He-Man &#8211; The Most Powerful Man in the Universe &nbsp; aaaaaaaaaa Oikea nimi: Adam of the House Randor To adapt to new enemies and situations, Adam has learned to tap further into the great power that &hellip; <a href=\"https:\/\/www.eurokolikonmaailma.fi\/?page_id=303\">Lue loppuun <span class=\"meta-nav\">&rarr;<\/span><\/a><\/p>\n","protected":false},"author":1,"featured_media":0,"parent":292,"menu_order":0,"comment_status":"open","ping_status":"open","template":"","meta":{"footnotes":""},"class_list":["post-303","page","type-page","status-publish","hentry"],"_links":{"self":[{"href":"https:\/\/www.eurokolikonmaailma.fi\/index.php?rest_route=\/wp\/v2\/pages\/303","targetHints":{"allow":["GET"]}}],"collection":[{"href":"https:\/\/www.eurokolikonmaailma.fi\/index.php?rest_route=\/wp\/v2\/pages"}],"about":[{"href":"https:\/\/www.eurokolikonmaailma.fi\/index.php?rest_route=\/wp\/v2\/types\/page"}],"author":[{"embeddable":true,"href":"https:\/\/www.eurokolikonmaailma.fi\/index.php?rest_route=\/wp\/v2\/users\/1"}],"replies":[{"embeddable":true,"href":"https:\/\/www.eurokolikonmaailma.fi\/index.php?rest_route=%2Fwp%2Fv2%2Fcomments&post=303"}],"version-history":[{"count":10,"href":"https:\/\/www.eurokolikonmaailma.fi\/index.php?rest_route=\/wp\/v2\/pages\/303\/revisions"}],"predecessor-version":[{"id":5624,"href":"https:\/\/www.eurokolikonmaailma.fi\/index.php?rest_route=\/wp\/v2\/pages\/303\/revisions\/5624"}],"up":[{"embeddable":true,"href":"https:\/\/www.eurokolikonmaailma.fi\/index.php?rest_route=\/wp\/v2\/pages\/292"}],"wp:attachment":[{"href":"https:\/\/www.eurokolikonmaailma.fi\/index.php?rest_route=%2Fwp%2Fv2%2Fmedia&parent=303"}],"curies":[{"name":"wp","href":"https:\/\/api.w.org\/{rel}","templated":true}]}}