{"id":2988,"date":"2013-05-10T21:29:00","date_gmt":"2013-05-10T18:29:00","guid":{"rendered":"http:\/\/www.eurokolikonmaailma.fi\/?page_id=2988"},"modified":"2023-07-30T00:10:52","modified_gmt":"2023-07-29T21:10:52","slug":"he-man-and-the-masters-of-the-universe-6","status":"publish","type":"page","link":"https:\/\/www.eurokolikonmaailma.fi\/?page_id=2988","title":{"rendered":"He-Man and the Masters of the Universe #6"},"content":{"rendered":"<h1>He-Man and the Masters of the Universe #6<br \/>\n&#8211; The Power! ($2,99)<\/h1>\n<p><a href=\"http:\/\/motu.eurokolikonmaailma.fi\/kuvat\/sarjis\/hmotu06_full_m.jpg\" target=\"_blank\" rel=\"noopener\"><img loading=\"lazy\" decoding=\"async\" title=\"He-Man and the Masters of the Universe #6 kansi kokonainen\" src=\"http:\/\/motu.eurokolikonmaailma.fi\/kuvat\/sarjis\/hmotu06_full_m.jpg\" alt=\"\" width=\"551\" height=\"422\" \/><\/a><\/p>\n<p>T\u00e4m\u00e4 on kuudes ja viimeinen osa 6 osaisesta minisarjasta.<\/p>\n<p>Julkaisuaika: 31. tammikuuta 2013<\/p>\n<p><strong>Tekij\u00e4t<\/strong><\/p>\n<p><strong>Tarina:<\/strong>\u00a0Keith Giffen<br \/>\n<strong>Kuvitus:<\/strong>\u00a0Pop Mhan<br \/>\n<strong>V\u00e4rit:<\/strong>\u00a0Lee Laughridge<br \/>\n<strong>Tekstitt\u00e4j\u00e4:<\/strong>\u00a0Saida Temofonte<br \/>\n<strong>Toimittaja:<\/strong>\u00a0Michael McCalister<br \/>\n<strong>Kansi:<\/strong>\u00a0Dave Wilkins<\/p>\n","protected":false},"excerpt":{"rendered":"<p>He-Man and the Masters of the Universe #6 &#8211; The Power! ($2,99) T\u00e4m\u00e4 on kuudes ja viimeinen osa 6 osaisesta minisarjasta. Julkaisuaika: 31. tammikuuta 2013 Tekij\u00e4t Tarina:\u00a0Keith Giffen Kuvitus:\u00a0Pop Mhan V\u00e4rit:\u00a0Lee Laughridge Tekstitt\u00e4j\u00e4:\u00a0Saida Temofonte Toimittaja:\u00a0Michael McCalister Kansi:\u00a0Dave Wilkins<\/p>\n","protected":false},"author":1,"featured_media":0,"parent":5000,"menu_order":0,"comment_status":"open","ping_status":"closed","template":"","meta":{"footnotes":""},"class_list":["post-2988","page","type-page","status-publish","hentry"],"_links":{"self":[{"href":"https:\/\/www.eurokolikonmaailma.fi\/index.php?rest_route=\/wp\/v2\/pages\/2988","targetHints":{"allow":["GET"]}}],"collection":[{"href":"https:\/\/www.eurokolikonmaailma.fi\/index.php?rest_route=\/wp\/v2\/pages"}],"about":[{"href":"https:\/\/www.eurokolikonmaailma.fi\/index.php?rest_route=\/wp\/v2\/types\/page"}],"author":[{"embeddable":true,"href":"https:\/\/www.eurokolikonmaailma.fi\/index.php?rest_route=\/wp\/v2\/users\/1"}],"replies":[{"embeddable":true,"href":"https:\/\/www.eurokolikonmaailma.fi\/index.php?rest_route=%2Fwp%2Fv2%2Fcomments&post=2988"}],"version-history":[{"count":4,"href":"https:\/\/www.eurokolikonmaailma.fi\/index.php?rest_route=\/wp\/v2\/pages\/2988\/revisions"}],"predecessor-version":[{"id":5131,"href":"https:\/\/www.eurokolikonmaailma.fi\/index.php?rest_route=\/wp\/v2\/pages\/2988\/revisions\/5131"}],"up":[{"embeddable":true,"href":"https:\/\/www.eurokolikonmaailma.fi\/index.php?rest_route=\/wp\/v2\/pages\/5000"}],"wp:attachment":[{"href":"https:\/\/www.eurokolikonmaailma.fi\/index.php?rest_route=%2Fwp%2Fv2%2Fmedia&parent=2988"}],"curies":[{"name":"wp","href":"https:\/\/api.w.org\/{rel}","templated":true}]}}