{"id":2977,"date":"2013-05-10T19:51:56","date_gmt":"2013-05-10T16:51:56","guid":{"rendered":"http:\/\/www.eurokolikonmaailma.fi\/?page_id=2977"},"modified":"2023-07-29T23:51:04","modified_gmt":"2023-07-29T20:51:04","slug":"he-man-and-the-masters-of-the-universe-1-2013","status":"publish","type":"page","link":"https:\/\/www.eurokolikonmaailma.fi\/?page_id=2977","title":{"rendered":"He-Man and the Masters of the Universe #1 (2013-2014)"},"content":{"rendered":"<h1>He-Man and the Masters of the Universe #1 (2013-2014)<br \/>\n&#8211; Desperate Times ($2,99)<\/h1>\n<p><a href=\"http:\/\/motu.eurokolikonmaailma.fi\/kuvat\/sarjis\/hmotu01_13_cover.jpg\" target=\"_blank\" rel=\"noopener\"><img loading=\"lazy\" decoding=\"async\" title=\"He-Man and the Masters of the Universe #1 (2013-) kansi\" src=\"http:\/\/motu.eurokolikonmaailma.fi\/kuvat\/sarjis\/hmotu01_13_cover.jpg\" alt=\"\" width=\"325\" height=\"503\" \/><\/a><\/p>\n<p>T\u00e4m\u00e4 on ensimm\u00e4inen numero 2013 alkaneesta kuukausittaisesta<em> He-Man and the Masters of the Universe<\/em> -sarjakuvasarjasta, joka on jatkoa 0\/12-01\/13 julkaistulle He-Man and the Masters of the Universe minisarjalle.<\/p>\n<p>Yll\u00e4 oleva kansikuva on Mattycollector-eksklusiivi (vain niille, jotka liittyiv\u00e4t vuoden mittaiseen sarjakuvatilauspalveluun).<\/p>\n<p>Julkaisuaika: 17. huhtikuuta 2013<\/p>\n<p><strong>Tekij\u00e4t<\/strong><\/p>\n<p><strong>Tarina:<\/strong>\u00a0Keith Giffen<br \/>\n<strong>Kuvitus:<\/strong>\u00a0Pop Mhan<br \/>\n<strong>V\u00e4rit:<\/strong>\u00a0Kathryn Layno<br \/>\n<strong>Tekstitt\u00e4j\u00e4:<\/strong>\u00a0Saida Temofonte<br \/>\n<strong>Toimittaja:<\/strong>\u00a0Michael McCalister<br \/>\n<strong>Kansi (perusversio):<\/strong>\u00a0Ed Benes &amp; Randy Mayor<\/p>\n","protected":false},"excerpt":{"rendered":"<p>He-Man and the Masters of the Universe #1 (2013-2014) &#8211; Desperate Times ($2,99) T\u00e4m\u00e4 on ensimm\u00e4inen numero 2013 alkaneesta kuukausittaisesta He-Man and the Masters of the Universe -sarjakuvasarjasta, joka on jatkoa 0\/12-01\/13 julkaistulle He-Man and the Masters of the Universe &hellip; <a href=\"https:\/\/www.eurokolikonmaailma.fi\/?page_id=2977\">Lue loppuun <span class=\"meta-nav\">&rarr;<\/span><\/a><\/p>\n","protected":false},"author":1,"featured_media":0,"parent":5002,"menu_order":0,"comment_status":"open","ping_status":"closed","template":"","meta":{"footnotes":""},"class_list":["post-2977","page","type-page","status-publish","hentry"],"_links":{"self":[{"href":"https:\/\/www.eurokolikonmaailma.fi\/index.php?rest_route=\/wp\/v2\/pages\/2977","targetHints":{"allow":["GET"]}}],"collection":[{"href":"https:\/\/www.eurokolikonmaailma.fi\/index.php?rest_route=\/wp\/v2\/pages"}],"about":[{"href":"https:\/\/www.eurokolikonmaailma.fi\/index.php?rest_route=\/wp\/v2\/types\/page"}],"author":[{"embeddable":true,"href":"https:\/\/www.eurokolikonmaailma.fi\/index.php?rest_route=\/wp\/v2\/users\/1"}],"replies":[{"embeddable":true,"href":"https:\/\/www.eurokolikonmaailma.fi\/index.php?rest_route=%2Fwp%2Fv2%2Fcomments&post=2977"}],"version-history":[{"count":6,"href":"https:\/\/www.eurokolikonmaailma.fi\/index.php?rest_route=\/wp\/v2\/pages\/2977\/revisions"}],"predecessor-version":[{"id":5120,"href":"https:\/\/www.eurokolikonmaailma.fi\/index.php?rest_route=\/wp\/v2\/pages\/2977\/revisions\/5120"}],"up":[{"embeddable":true,"href":"https:\/\/www.eurokolikonmaailma.fi\/index.php?rest_route=\/wp\/v2\/pages\/5002"}],"wp:attachment":[{"href":"https:\/\/www.eurokolikonmaailma.fi\/index.php?rest_route=%2Fwp%2Fv2%2Fmedia&parent=2977"}],"curies":[{"name":"wp","href":"https:\/\/api.w.org\/{rel}","templated":true}]}}