{"id":290,"date":"2011-05-29T22:55:34","date_gmt":"2011-05-29T19:55:34","guid":{"rendered":"http:\/\/www.eurokolikonmaailma.fi\/blogi\/?page_id=290"},"modified":"2021-05-16T21:44:22","modified_gmt":"2021-05-16T18:44:22","slug":"2009-2","status":"publish","type":"page","link":"https:\/\/www.eurokolikonmaailma.fi\/?page_id=290","title":{"rendered":"2009"},"content":{"rendered":"<h2>Itselt\u00e4ni l\u00f6ytyv\u00e4t vuonna 2009 julkaistut Masters of the universe Classics hahmot<\/h2>\n<h3><strong>\u00a0Perushahmot\u00a0<\/strong><\/h3>\n<table style=\"border: 0px;\">\n<tbody>\n<tr>\n<td style=\"border: 0px;\"><a href=\"https:\/\/www.eurokolikonmaailma.fi\/blogi\/?page_id=1829\"><img loading=\"lazy\" decoding=\"async\" class=\"aligncenter\" src=\"http:\/\/motu.eurokolikonmaailma.fi\/kuvat\/Skeletor\/skele_with_accs.jpg\" alt=\"\" width=\"101\" height=\"151\" \/><\/a><\/td>\n<td style=\"border: 0px;\"><a href=\"https:\/\/www.eurokolikonmaailma.fi\/blogi\/?page_id=559\"><img loading=\"lazy\" decoding=\"async\" class=\"aligncenter\" src=\"http:\/\/motu.eurokolikonmaailma.fi\/kuvat\/Stratos\/ss_main.jpg\" alt=\"\" width=\"109\" height=\"151\" \/><\/a><\/td>\n<td style=\"border: 0px;\"><a href=\"https:\/\/www.eurokolikonmaailma.fi\/blogi\/?page_id=1376\"><img loading=\"lazy\" decoding=\"async\" class=\"aligncenter\" title=\"Faker varusteineen\" src=\"http:\/\/motu.eurokolikonmaailma.fi\/kuvat\/Faker\/fr_main.jpg\" alt=\"\" width=\"89\" height=\"151\" \/><\/a><\/td>\n<\/tr>\n<tr>\n<td style=\"border-image: initial; text-align: center; border: 0px initial initial;\"><strong><span style=\"color: #ff0000;\">Skeletor<\/span><\/strong><\/td>\n<td style=\"border-image: initial; text-align: center; border: 0px initial initial;\"><strong><span style=\"color: #008000;\">Stratos<\/span><\/strong><\/td>\n<td style=\"border-image: initial; text-align: center; border: 0px initial initial;\"><strong><span style=\"color: #ff0000;\">Faker<\/span><\/strong><\/td>\n<\/tr>\n<tr>\n<td style=\"border-image: initial; text-align: center; border: 0px initial initial;\"><\/td>\n<td style=\"border-image: initial; text-align: center; border: 0px initial initial;\"><\/td>\n<td style=\"border-image: initial; text-align: center; border: 0px initial initial;\"><\/td>\n<\/tr>\n<tr>\n<td style=\"border: 0px;\"><a href=\"https:\/\/www.eurokolikonmaailma.fi\/blogi\/?page_id=1839\"><img loading=\"lazy\" decoding=\"async\" class=\"aligncenter\" src=\"http:\/\/motu.eurokolikonmaailma.fi\/kuvat\/Mer-Man\/mer_man_profile.jpg\" alt=\"\" width=\"104\" height=\"151\" \/><\/a><\/td>\n<td style=\"border: 0px;\"><a href=\"https:\/\/www.eurokolikonmaailma.fi\/blogi\/?page_id=1852\"><img loading=\"lazy\" decoding=\"async\" class=\"aligncenter\" src=\"http:\/\/motu.eurokolikonmaailma.fi\/kuvat\/Zodac\/P4028_Zo.jpg\" alt=\"\" width=\"105\" height=\"147\" \/><\/a><\/td>\n<td style=\"border: 0px;\"><a href=\"https:\/\/www.eurokolikonmaailma.fi\/blogi\/?page_id=1858\"><img loading=\"lazy\" decoding=\"async\" class=\"aligncenter\" src=\"http:\/\/motu.eurokolikonmaailma.fi\/kuvat\/Hordak\/hordak_with_accs.jpg\" alt=\"\" width=\"82\" height=\"151\" \/><\/a><\/td>\n<\/tr>\n<tr>\n<td style=\"border-image: initial; text-align: center; border: 0px initial initial;\"><strong><span style=\"color: #ff0000;\">Mer-Man<\/span><\/strong><\/td>\n<td style=\"border-image: initial; text-align: center; border: 0px initial initial;\"><strong><span style=\"color: #008000;\">* Zodac<\/span><\/strong><\/td>\n<td style=\"border-image: initial; text-align: center; border: 0px initial initial;\"><strong><span style=\"color: #ff0000;\">Hordak<\/span><\/strong><\/td>\n<\/tr>\n<tr>\n<td style=\"border-image: initial; text-align: center; border: 0px initial initial;\"><\/td>\n<td style=\"border-image: initial; text-align: center; border: 0px initial initial;\"><\/td>\n<td style=\"border-image: initial; text-align: center; border: 0px initial initial;\"><\/td>\n<\/tr>\n<tr>\n<td style=\"border: 0px;\"><a href=\"https:\/\/www.eurokolikonmaailma.fi\/blogi\/?page_id=1857\"><img loading=\"lazy\" decoding=\"async\" class=\"aligncenter\" src=\"http:\/\/motu.eurokolikonmaailma.fi\/kuvat\/Man_at_arms\/maa_main.jpg\" alt=\"\" width=\"88\" height=\"151\" \/><\/a><\/td>\n<td style=\"border: 0px;\"><a href=\"https:\/\/www.eurokolikonmaailma.fi\/blogi\/?page_id=1899\"><img loading=\"lazy\" decoding=\"async\" class=\"aligncenter\" src=\"http:\/\/motu.eurokolikonmaailma.fi\/kuvat\/TriKlops\/P4017_Tr.jpg\" alt=\"\" width=\"105\" height=\"147\" \/><\/a><\/td>\n<td style=\"border: 0px;\"><a href=\"https:\/\/www.eurokolikonmaailma.fi\/blogi\/?page_id=1903\"><img loading=\"lazy\" decoding=\"async\" class=\"aligncenter\" src=\"http:\/\/motu.eurokolikonmaailma.fi\/kuvat\/Webstor\/100_3345.JPG\" alt=\"\" width=\"109\" height=\"151\" \/><\/a><\/td>\n<\/tr>\n<tr>\n<td style=\"border-image: initial; text-align: center; border: 0px initial initial;\"><strong><span style=\"color: #008000;\">Man-at-Arms<\/span><\/strong><\/td>\n<td style=\"border-image: initial; text-align: center; border: 0px initial initial;\"><strong><span style=\"color: #ff0000;\">* Tri-Klops\u00a0<\/span><\/strong><\/td>\n<td style=\"border-image: initial; text-align: center; border: 0px initial initial;\"><strong><span style=\"color: #ff0000;\">Webstor<\/span><\/strong><\/td>\n<\/tr>\n<tr>\n<td style=\"border-image: initial; text-align: center; border: 0px initial initial;\"><\/td>\n<td style=\"border-image: initial; text-align: center; border: 0px initial initial;\"><strong><span style=\"color: #ff0000;\">\u00a0<\/span><\/strong><\/td>\n<td style=\"border-image: initial; text-align: center; border: 0px initial initial;\"><\/td>\n<\/tr>\n<tr>\n<td style=\"border: 0px;\"><a href=\"https:\/\/www.eurokolikonmaailma.fi\/blogi\/?page_id=1953\"><img loading=\"lazy\" decoding=\"async\" class=\"aligncenter\" src=\"http:\/\/motu.eurokolikonmaailma.fi\/kuvat\/Teela\/teela_main.jpg\" alt=\"\" width=\"76\" height=\"151\" \/><\/a><\/td>\n<td style=\"border: 0px;\"><a href=\"https:\/\/www.eurokolikonmaailma.fi\/blogi\/?page_id=1965\"><img loading=\"lazy\" decoding=\"async\" class=\"aligncenter\" src=\"http:\/\/motu.eurokolikonmaailma.fi\/kuvat\/Scareglow\/sg_with_accessories.jpg\" alt=\"\" width=\"132\" height=\"151\" \/><\/a><\/td>\n<td style=\"border: 0px;\"><a href=\"https:\/\/www.eurokolikonmaailma.fi\/blogi\/?page_id=1970\"><img loading=\"lazy\" decoding=\"async\" class=\"aligncenter\" src=\"http:\/\/motu.eurokolikonmaailma.fi\/kuvat\/King_Randor\/randor_with_accs.jpg\" alt=\"\" width=\"93\" height=\"151\" \/><\/a><\/td>\n<\/tr>\n<tr>\n<td style=\"border-image: initial; text-align: center; border: 0px initial initial;\"><strong><span style=\"color: #008000;\">Teela<\/span><\/strong><\/td>\n<td style=\"border-image: initial; text-align: center; border: 0px initial initial;\"><strong><span style=\"color: #ff0000;\">Scareglow<\/span><\/strong><\/td>\n<td style=\"border-image: initial; text-align: center; border: 0px initial initial;\"><strong><span style=\"color: #008000;\">King Randor<\/span><\/strong><\/td>\n<\/tr>\n<tr>\n<td style=\"border-image: initial; text-align: center; border: 0px initial initial;\"><\/td>\n<td style=\"border-image: initial; text-align: center; border: 0px initial initial;\"><\/td>\n<td style=\"border-image: initial; text-align: center; border: 0px initial initial;\"><\/td>\n<\/tr>\n<\/tbody>\n<\/table>\n<h3><strong>Bonus- \/ spesiaalihahmot<\/strong><\/h3>\n<table style=\"border: 0px;\">\n<tbody>\n<tr>\n<td style=\"border: 0px;\"><a href=\"https:\/\/www.eurokolikonmaailma.fi\/blogi\/?page_id=1896\"><img loading=\"lazy\" decoding=\"async\" class=\"aligncenter\" src=\"http:\/\/motu.eurokolikonmaailma.fi\/kuvat\/He-Ro\/He-Ro%20%282%29.jpg\" alt=\"\" width=\"90\" height=\"151\" \/><\/a><\/td>\n<td style=\"border: 0px;\"><a href=\"https:\/\/www.eurokolikonmaailma.fi\/blogi\/?page_id=1959\"><img loading=\"lazy\" decoding=\"async\" class=\"aligncenter\" src=\"http:\/\/motu.eurokolikonmaailma.fi\/kuvat\/Zodak\/P4028_fu.jpg\" alt=\"\" width=\"108\" height=\"151\" \/><\/a><\/td>\n<td style=\"border: 0px;\"><a href=\"https:\/\/www.eurokolikonmaailma.fi\/blogi\/?page_id=1976\"><img loading=\"lazy\" decoding=\"async\" class=\"aligncenter\" src=\"http:\/\/motu.eurokolikonmaailma.fi\/kuvat\/Goddess\/goddess_with_accs.jpg\" alt=\"\" width=\"61\" height=\"151\" \/><\/a><\/td>\n<\/tr>\n<tr>\n<td style=\"border-image: initial; text-align: center; border: 0px initial initial;\"><strong><span style=\"color: #008000;\">He-Ro<\/span><\/strong><\/td>\n<td style=\"border-image: initial; text-align: center; border: 0px initial initial;\"><strong><span style=\"color: #008000;\">* Zodak<\/span><\/strong><\/td>\n<td style=\"border: 0px;\"><strong><span style=\"color: #008000;\">The Goddess (i,p,v)\u00a0<\/span><\/strong><\/td>\n<\/tr>\n<tr>\n<td style=\"border: 0px;\"><strong><span style=\"color: #008000;\">SDCC spesiaalihahmo 6&#8243;<\/span><\/strong><\/td>\n<td style=\"border-image: initial; text-align: center; border: 0px initial initial;\"><strong><span style=\"color: #008000;\">bonus 6&#8243;\u00a0<\/span><\/strong><\/td>\n<td style=\"border-image: initial; text-align: center; border: 0px initial initial;\"><strong><span style=\"color: #008000;\">bonus 6&#8243;\u00a0<\/span><\/strong><\/td>\n<\/tr>\n<tr>\n<td style=\"border-image: initial; text-align: center; border: 0px initial initial;\"><\/td>\n<td style=\"border-image: initial; text-align: center; border: 0px initial initial;\"><\/td>\n<td style=\"border-image: initial; text-align: center; border: 0px initial initial;\"><\/td>\n<\/tr>\n<\/tbody>\n<\/table>\n","protected":false},"excerpt":{"rendered":"<p>Itselt\u00e4ni l\u00f6ytyv\u00e4t vuonna 2009 julkaistut Masters of the universe Classics hahmot \u00a0Perushahmot\u00a0 Skeletor Stratos Faker Mer-Man * Zodac Hordak Man-at-Arms * Tri-Klops\u00a0 Webstor \u00a0 Teela Scareglow King Randor Bonus- \/ spesiaalihahmot He-Ro * Zodak The Goddess (i,p,v)\u00a0 SDCC spesiaalihahmo 6&#8243; &hellip; <a href=\"https:\/\/www.eurokolikonmaailma.fi\/?page_id=290\">Lue loppuun <span class=\"meta-nav\">&rarr;<\/span><\/a><\/p>\n","protected":false},"author":1,"featured_media":0,"parent":24,"menu_order":0,"comment_status":"open","ping_status":"open","template":"","meta":{"footnotes":""},"class_list":["post-290","page","type-page","status-publish","hentry"],"_links":{"self":[{"href":"https:\/\/www.eurokolikonmaailma.fi\/index.php?rest_route=\/wp\/v2\/pages\/290","targetHints":{"allow":["GET"]}}],"collection":[{"href":"https:\/\/www.eurokolikonmaailma.fi\/index.php?rest_route=\/wp\/v2\/pages"}],"about":[{"href":"https:\/\/www.eurokolikonmaailma.fi\/index.php?rest_route=\/wp\/v2\/types\/page"}],"author":[{"embeddable":true,"href":"https:\/\/www.eurokolikonmaailma.fi\/index.php?rest_route=\/wp\/v2\/users\/1"}],"replies":[{"embeddable":true,"href":"https:\/\/www.eurokolikonmaailma.fi\/index.php?rest_route=%2Fwp%2Fv2%2Fcomments&post=290"}],"version-history":[{"count":32,"href":"https:\/\/www.eurokolikonmaailma.fi\/index.php?rest_route=\/wp\/v2\/pages\/290\/revisions"}],"predecessor-version":[{"id":4584,"href":"https:\/\/www.eurokolikonmaailma.fi\/index.php?rest_route=\/wp\/v2\/pages\/290\/revisions\/4584"}],"up":[{"embeddable":true,"href":"https:\/\/www.eurokolikonmaailma.fi\/index.php?rest_route=\/wp\/v2\/pages\/24"}],"wp:attachment":[{"href":"https:\/\/www.eurokolikonmaailma.fi\/index.php?rest_route=%2Fwp%2Fv2%2Fmedia&parent=290"}],"curies":[{"name":"wp","href":"https:\/\/api.w.org\/{rel}","templated":true}]}}