{"id":288,"date":"2011-05-29T22:55:18","date_gmt":"2011-05-29T19:55:18","guid":{"rendered":"http:\/\/www.eurokolikonmaailma.fi\/blogi\/?page_id=288"},"modified":"2021-05-16T21:41:20","modified_gmt":"2021-05-16T18:41:20","slug":"2008-2","status":"publish","type":"page","link":"https:\/\/www.eurokolikonmaailma.fi\/?page_id=288","title":{"rendered":"2008"},"content":{"rendered":"<h2>Itselt\u00e4ni l\u00f6ytyv\u00e4t vuonna 2008 julkaistut Masters of the universe Classics hahmot<\/h2>\n<h3><strong>Perushahmot<\/strong><\/h3>\n<table style=\"border: 0px;\">\n<tbody>\n<tr>\n<td style=\"border: 0px;\"><a href=\"https:\/\/www.eurokolikonmaailma.fi\/blogi\/?page_id=1807\"><img loading=\"lazy\" decoding=\"async\" class=\"aligncenter\" src=\"http:\/\/motu.eurokolikonmaailma.fi\/kuvat\/He-Man\/hm_with%20accs.jpg\" alt=\"\" width=\"91\" height=\"151\" \/><\/a><\/td>\n<td style=\"border: 0px;\"><a href=\"https:\/\/www.eurokolikonmaailma.fi\/blogi\/?page_id=528\"><img loading=\"lazy\" decoding=\"async\" class=\"aligncenter\" src=\"http:\/\/motu.eurokolikonmaailma.fi\/kuvat\/beastman\/bm_main_alt.jpg\" alt=\"\" width=\"98\" height=\"151\" \/><\/a><\/td>\n<td style=\"border: 0px;\"><\/td>\n<\/tr>\n<tr>\n<td style=\"border-image: initial; text-align: center; border: 0px initial initial;\">\u00a0<strong><span style=\"color: #008000;\">He-Man)<\/span><\/strong><\/td>\n<td style=\"border-image: initial; text-align: center; border: 0px initial initial;\"><strong><span style=\"color: #ff0000;\">Beast Man\u00a0<\/span><\/strong><\/td>\n<td style=\"border: 0px;\"><\/td>\n<\/tr>\n<tr>\n<td style=\"border-image: initial; text-align: center; border: 0px initial initial;\"><\/td>\n<td style=\"border-image: initial; text-align: center; border: 0px initial initial;\"><\/td>\n<td style=\"border: 0px;\"><\/td>\n<\/tr>\n<\/tbody>\n<\/table>\n<h3><\/h3>\n","protected":false},"excerpt":{"rendered":"<p>Itselt\u00e4ni l\u00f6ytyv\u00e4t vuonna 2008 julkaistut Masters of the universe Classics hahmot Perushahmot \u00a0He-Man) Beast Man\u00a0<\/p>\n","protected":false},"author":1,"featured_media":0,"parent":24,"menu_order":0,"comment_status":"open","ping_status":"open","template":"","meta":{"footnotes":""},"class_list":["post-288","page","type-page","status-publish","hentry"],"_links":{"self":[{"href":"https:\/\/www.eurokolikonmaailma.fi\/index.php?rest_route=\/wp\/v2\/pages\/288","targetHints":{"allow":["GET"]}}],"collection":[{"href":"https:\/\/www.eurokolikonmaailma.fi\/index.php?rest_route=\/wp\/v2\/pages"}],"about":[{"href":"https:\/\/www.eurokolikonmaailma.fi\/index.php?rest_route=\/wp\/v2\/types\/page"}],"author":[{"embeddable":true,"href":"https:\/\/www.eurokolikonmaailma.fi\/index.php?rest_route=\/wp\/v2\/users\/1"}],"replies":[{"embeddable":true,"href":"https:\/\/www.eurokolikonmaailma.fi\/index.php?rest_route=%2Fwp%2Fv2%2Fcomments&post=288"}],"version-history":[{"count":14,"href":"https:\/\/www.eurokolikonmaailma.fi\/index.php?rest_route=\/wp\/v2\/pages\/288\/revisions"}],"predecessor-version":[{"id":4582,"href":"https:\/\/www.eurokolikonmaailma.fi\/index.php?rest_route=\/wp\/v2\/pages\/288\/revisions\/4582"}],"up":[{"embeddable":true,"href":"https:\/\/www.eurokolikonmaailma.fi\/index.php?rest_route=\/wp\/v2\/pages\/24"}],"wp:attachment":[{"href":"https:\/\/www.eurokolikonmaailma.fi\/index.php?rest_route=%2Fwp%2Fv2%2Fmedia&parent=288"}],"curies":[{"name":"wp","href":"https:\/\/api.w.org\/{rel}","templated":true}]}}