{"id":2869,"date":"2013-02-20T21:13:46","date_gmt":"2013-02-20T19:13:46","guid":{"rendered":"http:\/\/www.eurokolikonmaailma.fi\/?page_id=2869"},"modified":"2014-09-19T11:40:38","modified_gmt":"2014-09-19T08:40:38","slug":"my-little-pony-friendship-is-magic-micro-series-1-twilight-sparkle","status":"publish","type":"page","link":"https:\/\/www.eurokolikonmaailma.fi\/?page_id=2869","title":{"rendered":"My Little Pony: Friendship is Magic Micro-Series #1 &#8211; Twilight Sparkle"},"content":{"rendered":"<p><img loading=\"lazy\" decoding=\"async\" style=\"line-height: 24px;\" src=\"https:\/\/www.eurokolikonmaailma.fi\/images\/MLP\/mlp_fim_logo.jpg\" alt=\"\" width=\"55\" height=\"48\" \/>\u00a0<img loading=\"lazy\" decoding=\"async\" src=\"https:\/\/www.eurokolikonmaailma.fi\/images\/MLP\/comic\/idw_block.jpg\" alt=\"\" width=\"103\" height=\"48\" \/><\/p>\n<h1>My Little Pony: Friendship is Magic<br \/>\nMicro-Series #1<br \/>\n&#8211; Twilight Sparkle ($3,99)<\/h1>\n<p><a href=\"https:\/\/www.eurokolikonmaailma.fi\/images\/MLP\/comic\/mlpfim_ms01_c1.jpg\" target=\"_blank\"><img loading=\"lazy\" decoding=\"async\" title=\"MLP Micro-Sarja Twilight Sparkle kansi A\" src=\"https:\/\/www.eurokolikonmaailma.fi\/images\/MLP\/comic\/mlpfim_ms01_c1.jpg\" alt=\"\" width=\"295\" height=\"454\" \/><\/a>\u00a0 \u00a0<a href=\"https:\/\/www.eurokolikonmaailma.fi\/images\/MLP\/comic\/mlpfim_ms01_c2.jpg\" target=\"_blank\"><img loading=\"lazy\" decoding=\"async\" title=\"MLP Micro-Sarja Twilight Sparkle kansi B\" src=\"https:\/\/www.eurokolikonmaailma.fi\/images\/MLP\/comic\/mlpfim_ms01_c2.jpg\" alt=\"\" width=\"295\" height=\"454\" \/><\/a><\/p>\n<p>T\u00e4m\u00e4 on ensimm\u00e4inen numero vuonna 2013 alkaneesta &#8221;My Little Pony: Friendship is Magic Micro-Series&#8221; sarjakuvasarjasta.\u00a0Yll\u00e4 n\u00e4kyv\u00e4t molemmat t\u00e4m\u00e4n numeron peruskannet. Digijulkaisu sis\u00e4lt\u00e4\u00e4 molemmat peruskannet.<\/p>\n<p><a href=\"https:\/\/www.eurokolikonmaailma.fi\/images\/MLP\/comic\/mlpfim_ms01_p1.jpg\" target=\"_blank\"><img loading=\"lazy\" decoding=\"async\" title=\"MLP Micro-Sarja Twilight Sparkle esikatselukuva 1\" src=\"https:\/\/www.eurokolikonmaailma.fi\/images\/MLP\/comic\/mlpfim_ms01_p1.jpg\" alt=\"\" width=\"196\" height=\"302\" \/><\/a>\u00a0 \u00a0<a href=\"https:\/\/www.eurokolikonmaailma.fi\/images\/MLP\/comic\/mlpfim_ms01_p2.jpg\" target=\"_blank\"><img loading=\"lazy\" decoding=\"async\" title=\"MLP Micro-Sarja Twilight Sparkle esikatselukuva 2\" src=\"https:\/\/www.eurokolikonmaailma.fi\/images\/MLP\/comic\/mlpfim_ms01_p2.jpg\" alt=\"\" width=\"197\" height=\"302\" \/><\/a>\u00a0 \u00a0<a href=\"https:\/\/www.eurokolikonmaailma.fi\/images\/MLP\/comic\/mlpfim_ms01_p3.jpg\" target=\"_blank\"><img loading=\"lazy\" decoding=\"async\" title=\"MLP Micro-Sarja Twilight Sparkle esikatselukuva 3\" src=\"https:\/\/www.eurokolikonmaailma.fi\/images\/MLP\/comic\/mlpfim_ms01_p3.jpg\" alt=\"\" width=\"197\" height=\"302\" \/><\/a><\/p>\n<p><strong>Julkaisuaika:<\/strong>\u00a020. helmikuuta 2013<\/p>\n<p><strong>Tekij\u00e4t:<\/strong><\/p>\n<p><strong>Tarina:<\/strong>\u00a0Thomas Zahler<br \/>\n<strong>Kuvitus:<\/strong>\u00a0Thomas Zahler<br \/>\n<strong>V\u00e4rit:<\/strong>\u00a0Ronda Pattison<br \/>\n<strong>Tekstitt\u00e4j\u00e4:<\/strong>\u00a0Thomas Zahler<br \/>\n<strong>Toimittaja:<\/strong>\u00a0Bobby Curnow<br \/>\n<strong>Peruskannet:<\/strong>\u00a0Amy Mebberson,\u00a0Thomas Zahler<\/p>\n<p>T\u00e4m\u00e4n lehden digiversio on ostettavissa:<br \/>\n<a href=\"http:\/\/www.comixology.com\/My-Little-Pony-Micro-Series-Twilight-Sparkle-1-of-6\/digital-comic\/DEC120395\" target=\"_blank\">http:\/\/www.comixology.com\/My-Little-Pony-Micro-Series-Twilight-Sparkle-1-of-6\/digital-comic\/DEC120395\u00a0\u00a0<\/a><\/p>\n","protected":false},"excerpt":{"rendered":"<p>\u00a0 My Little Pony: Friendship is Magic Micro-Series #1 &#8211; Twilight Sparkle ($3,99) \u00a0 \u00a0 T\u00e4m\u00e4 on ensimm\u00e4inen numero vuonna 2013 alkaneesta &#8221;My Little Pony: Friendship is Magic Micro-Series&#8221; sarjakuvasarjasta.\u00a0Yll\u00e4 n\u00e4kyv\u00e4t molemmat t\u00e4m\u00e4n numeron peruskannet. Digijulkaisu sis\u00e4lt\u00e4\u00e4 molemmat peruskannet. \u00a0 &hellip; <a href=\"https:\/\/www.eurokolikonmaailma.fi\/?page_id=2869\">Lue loppuun <span class=\"meta-nav\">&rarr;<\/span><\/a><\/p>\n","protected":false},"author":1,"featured_media":0,"parent":2708,"menu_order":0,"comment_status":"open","ping_status":"open","template":"","meta":{"footnotes":""},"class_list":["post-2869","page","type-page","status-publish","hentry"],"_links":{"self":[{"href":"https:\/\/www.eurokolikonmaailma.fi\/index.php?rest_route=\/wp\/v2\/pages\/2869","targetHints":{"allow":["GET"]}}],"collection":[{"href":"https:\/\/www.eurokolikonmaailma.fi\/index.php?rest_route=\/wp\/v2\/pages"}],"about":[{"href":"https:\/\/www.eurokolikonmaailma.fi\/index.php?rest_route=\/wp\/v2\/types\/page"}],"author":[{"embeddable":true,"href":"https:\/\/www.eurokolikonmaailma.fi\/index.php?rest_route=\/wp\/v2\/users\/1"}],"replies":[{"embeddable":true,"href":"https:\/\/www.eurokolikonmaailma.fi\/index.php?rest_route=%2Fwp%2Fv2%2Fcomments&post=2869"}],"version-history":[{"count":5,"href":"https:\/\/www.eurokolikonmaailma.fi\/index.php?rest_route=\/wp\/v2\/pages\/2869\/revisions"}],"predecessor-version":[{"id":3382,"href":"https:\/\/www.eurokolikonmaailma.fi\/index.php?rest_route=\/wp\/v2\/pages\/2869\/revisions\/3382"}],"up":[{"embeddable":true,"href":"https:\/\/www.eurokolikonmaailma.fi\/index.php?rest_route=\/wp\/v2\/pages\/2708"}],"wp:attachment":[{"href":"https:\/\/www.eurokolikonmaailma.fi\/index.php?rest_route=%2Fwp%2Fv2%2Fmedia&parent=2869"}],"curies":[{"name":"wp","href":"https:\/\/api.w.org\/{rel}","templated":true}]}}