{"id":286,"date":"2011-05-29T22:54:42","date_gmt":"2011-05-29T19:54:42","guid":{"rendered":"http:\/\/www.eurokolikonmaailma.fi\/blogi\/?page_id=286"},"modified":"2025-05-30T14:49:49","modified_gmt":"2025-05-30T11:49:49","slug":"battle-armor-skeletor","status":"publish","type":"page","link":"https:\/\/www.eurokolikonmaailma.fi\/?page_id=286","title":{"rendered":"Battle Armor Skeletor"},"content":{"rendered":"<p><img loading=\"lazy\" decoding=\"async\" style=\"border: 0px initial initial;\" title=\"Masters of the Universe Classics logo\" src=\"http:\/\/motu.eurokolikonmaailma.fi\/kuvat\/battle_skeletor\/motuc.1.jpg\" alt=\"\" width=\"118\" height=\"47\" border=\"0\" \/><img loading=\"lazy\" decoding=\"async\" style=\"border: 0px initial initial;\" title=\"Club Eternia merkki\" src=\"http:\/\/motu.eurokolikonmaailma.fi\/kuvat\/battle_skeletor\/clubeternia_burst.gif\" alt=\"\" width=\"46\" height=\"47\" border=\"0\" \/><br \/>\nTuotekoodi: T5805<\/p>\n<h1><span style=\"font-size: xx-large;\">Battle Armor Skeletor<br \/>\n&#8211; Evil Lord of <\/span><span style=\"font-size: xx-large;\">Destruction<\/span><\/h1>\n<p><a href=\"http:\/\/motu.eurokolikonmaailma.fi\/kuvat\/battle_skeletor\/bas_front_package1.jpg\" target=\"_blank\" rel=\"noopener\"><img loading=\"lazy\" decoding=\"async\" title=\"Battle Armor Skeletor pakkaus edest\u00e4\" src=\"http:\/\/motu.eurokolikonmaailma.fi\/kuvat\/battle_skeletor\/bas_front_package1.jpg\" alt=\"\" width=\"229\" height=\"336\" \/><\/a> <span style=\"color: #ffffff;\">aaaaa<\/span><a href=\"http:\/\/motu.eurokolikonmaailma.fi\/kuvat\/battle_skeletor\/bas_cardback.jpg\" target=\"_blank\" rel=\"noopener\"><img loading=\"lazy\" decoding=\"async\" src=\"http:\/\/motu.eurokolikonmaailma.fi\/kuvat\/battle_skeletor\/bas_cardback.jpg\" alt=\"\" width=\"239\" height=\"336\" \/><\/a><\/p>\n<p><strong>Oikea nimi:<\/strong> Keldor\u00ae of the house of Miro<\/p>\n<p>Using dark magic taught by Hordak\u00ae, Skeletor\u00ae occasionally creates new forms of armor and weapons to outmaneuver the Masters of the Universe\u00ae. His Battle Armor\u00ae was first created to help Skeletor\u00ae penetrate through the Mystic Wall in order to kidnap Adora and secretly clone the Sorceress\u00ae of Grayskull\u2122. The original armor was destroyed by Oo-larr\u2122 after three strikes with his mighty battle axe, sending Skeletor\u00ae back behind the Wall. Skeletor\u00ae re-formed the armor 20 years later in an effort to combat a similar battle suit now worn by He-Man\u00ae. Although lacking the mystic qualities of the original, his new armor was stronger and more powerful. Skeletor\u00ae, Evil Lord of Destruction\u2122 is now protected by his magic Battle Armor\u00ae!<\/p>\n<p><em>K\u00e4ytt\u00e4en Hordakilta oppimaansa mustaa magiaa, Skeletor toisinaan luo itselleen uudenlaisia haarniskoja ja aseita peitotakseen Masters of the Universe -ryhm\u00e4n. H\u00e4nen Taistelu Haarniskansa luotiin alunperin auttamaan Skeletoria tunkeutumaan Mystisen Muurin l\u00e4pi, jotta h\u00e4n voisi kidnapata Adoran ja muilta salassa kloonata P\u00e4\u00e4kallolinnan Velhottaren. Alkuper\u00e4isen haarniskan tuhosi Oo-larr kolmella voimakkaan taistelukiveens\u00e4 iskulla, l\u00e4hett\u00e4en Skeletorin takaisin Mystisen Muurin taakse. Skeletor loi uudelleen haarniskansa 20 vuotta my\u00f6hemmin taistellakseen samanlaista haarniskaa kantavan He-Manin kanssa. Vaikkakin uudesta haarniskasta puuttuivatkin alkuper\u00e4isen mystiset ominaisuudet, oli se vahvempi ja voimakkaampi. Skeletor, ilke\u00e4 tuhon herralla on nyt suojanaan h\u00e4nen maaginen Taistelu Haarniskansa!<\/em><\/p>\n<p><strong>Loppuunmyynti aika:<\/strong> 21 tuntia 58 min<\/p>\n<p><strong>Oman hahmon saapumiseen kulunut aika (tilauspalvelu): <\/strong>9 p\u00e4iv\u00e4\u00e4 (7 arkip\u00e4iv\u00e4\u00e4)<\/p>\n<h2><span style=\"font-weight: bold; font-size: x-large;\"><br \/>\n<\/span><span style=\"font-size: x-large;\">L\u00e4hikuva<\/span><\/h2>\n<p><a href=\"http:\/\/motu.eurokolikonmaailma.fi\/kuvat\/battle_skeletor\/bas_closeup.jpg\"><img loading=\"lazy\" decoding=\"async\" title=\"Battle Armor Skeletor l\u00e4hikuva\" src=\"http:\/\/motu.eurokolikonmaailma.fi\/kuvat\/battle_skeletor\/bas_closeup.jpg\" alt=\"\" width=\"332\" height=\"336\" \/><\/a><\/p>\n<h2><span style=\"text-decoration: underline;\"><strong><span style=\"font-size: x-large;\"><br \/>\n<\/span><\/strong><\/span><span style=\"font-size: x-large;\">Kokovartalokuvat<\/span><\/h2>\n<p><a href=\"http:\/\/motu.eurokolikonmaailma.fi\/kuvat\/battle_skeletor\/bas_main.jpg\"><img loading=\"lazy\" decoding=\"async\" title=\"Battle Armor Skeletor varusteineen\" src=\"http:\/\/motu.eurokolikonmaailma.fi\/kuvat\/battle_skeletor\/bas_main.jpg\" alt=\"\" width=\"319\" height=\"490\" \/><\/a> <a href=\"http:\/\/motu.eurokolikonmaailma.fi\/kuvat\/battle_skeletor\/bas_front_armor.jpg\"><img loading=\"lazy\" decoding=\"async\" title=\"Battle Armor Skeletor edest\u00e4\" src=\"http:\/\/motu.eurokolikonmaailma.fi\/kuvat\/battle_skeletor\/bas_front_armor.jpg\" alt=\"\" width=\"298\" height=\"490\" \/><\/a><\/p>\n<p><a href=\"http:\/\/motu.eurokolikonmaailma.fi\/kuvat\/battle_skeletor\/bas_angled1_armor.jpg\"><img loading=\"lazy\" decoding=\"async\" title=\"Battle Armor Skeletor sivukuva 1\" src=\"http:\/\/motu.eurokolikonmaailma.fi\/kuvat\/battle_skeletor\/bas_angled1_armor.jpg\" alt=\"\" width=\"257\" height=\"490\" \/><\/a> <a href=\"http:\/\/motu.eurokolikonmaailma.fi\/kuvat\/battle_skeletor\/bas_angled2_armor.jpg\"><img loading=\"lazy\" decoding=\"async\" title=\"Battle Armor Skeletor sivukuva 2\" src=\"http:\/\/motu.eurokolikonmaailma.fi\/kuvat\/battle_skeletor\/bas_angled2_armor.jpg\" alt=\"\" width=\"254\" height=\"490\" \/><\/a><\/p>\n<p><a href=\"http:\/\/motu.eurokolikonmaailma.fi\/kuvat\/battle_skeletor\/bas_angled3_armor.jpg\"><img loading=\"lazy\" decoding=\"async\" title=\"Battle Armor Skeletor sivukuva 3\" src=\"http:\/\/motu.eurokolikonmaailma.fi\/kuvat\/battle_skeletor\/bas_angled3_armor.jpg\" alt=\"\" width=\"252\" height=\"490\" \/><\/a> <a href=\"http:\/\/motu.eurokolikonmaailma.fi\/kuvat\/battle_skeletor\/bas_back_armor.jpg\"><img loading=\"lazy\" decoding=\"async\" title=\"Battle Armor Skeletor takaa\" src=\"http:\/\/motu.eurokolikonmaailma.fi\/kuvat\/battle_skeletor\/bas_back_armor.jpg\" alt=\"\" width=\"307\" height=\"490\" \/><\/a><a href=\"http:\/\/motu.eurokolikonmaailma.fi\/kuvat\/battle_skeletor\/bas_angled4_armor.jpg\"><img loading=\"lazy\" decoding=\"async\" title=\"Battle Armor Skeletor sivukuva 4\" src=\"http:\/\/motu.eurokolikonmaailma.fi\/kuvat\/battle_skeletor\/bas_angled4_armor.jpg\" alt=\"\" width=\"277\" height=\"490\" \/><\/a> <a href=\"http:\/\/motu.eurokolikonmaailma.fi\/kuvat\/battle_skeletor\/bas_front_no_armor.jpg\"><img loading=\"lazy\" decoding=\"async\" title=\"Battle Armor Skeletor edest\u00e4 ilman haarniskaa \" src=\"http:\/\/motu.eurokolikonmaailma.fi\/kuvat\/battle_skeletor\/bas_front_no_armor.jpg\" alt=\"\" width=\"307\" height=\"490\" \/><\/a><a href=\"http:\/\/motu.eurokolikonmaailma.fi\/kuvat\/battle_skeletor\/bas_angled1_no_armor.jpg\"><img loading=\"lazy\" decoding=\"async\" title=\"Battle Armor Skeletor sivukuva 1 ilman haarniskaa \" src=\"http:\/\/motu.eurokolikonmaailma.fi\/kuvat\/battle_skeletor\/bas_angled1_no_armor.jpg\" alt=\"\" width=\"275\" height=\"490\" \/><\/a> <a href=\"http:\/\/motu.eurokolikonmaailma.fi\/kuvat\/battle_skeletor\/bas_angled2_no_armor.jpg\"><img loading=\"lazy\" decoding=\"async\" title=\"Battle Armor Skeletor sivukuva 2 ilman haarniskaa \" src=\"http:\/\/motu.eurokolikonmaailma.fi\/kuvat\/battle_skeletor\/bas_angled2_no_armor.jpg\" alt=\"\" width=\"258\" height=\"490\" \/><\/a><\/p>\n<p><a href=\"http:\/\/motu.eurokolikonmaailma.fi\/kuvat\/battle_skeletor\/bas_angled3_no_armor.jpg\"><img loading=\"lazy\" decoding=\"async\" title=\"Battle Armor Skeletor sivukuva 3 ilman haarniskaa \" src=\"http:\/\/motu.eurokolikonmaailma.fi\/kuvat\/battle_skeletor\/bas_angled3_no_armor.jpg\" alt=\"\" width=\"266\" height=\"490\" \/><\/a> <a href=\"http:\/\/motu.eurokolikonmaailma.fi\/kuvat\/battle_skeletor\/bas_back_no_armor.jpg\"><img loading=\"lazy\" decoding=\"async\" title=\"Battle Armor Skeletor takaa ilman haarniskaa \" src=\"http:\/\/motu.eurokolikonmaailma.fi\/kuvat\/battle_skeletor\/bas_back_no_armor.jpg\" alt=\"\" width=\"307\" height=\"490\" \/><\/a><\/p>\n<p><a href=\"http:\/\/motu.eurokolikonmaailma.fi\/kuvat\/battle_skeletor\/bas_angled4_no_armor.jpg\"><img loading=\"lazy\" decoding=\"async\" title=\"Battle Armor Skeletor sivukuva 4 ilman haarniskaa \" src=\"http:\/\/motu.eurokolikonmaailma.fi\/kuvat\/battle_skeletor\/bas_angled4_no_armor.jpg\" alt=\"\" width=\"254\" height=\"490\" \/><\/a><\/p>\n<h2><span style=\"font-size: x-large;\">Varusteet<\/span><\/h2>\n<p><span style=\"text-decoration: underline;\"><strong><span style=\"font-size: x-large;\">\u00a0<\/span><\/strong><\/span><\/p>\n<p><a href=\"http:\/\/motu.eurokolikonmaailma.fi\/kuvat\/battle_skeletor\/bas_armor.jpg\"><img loading=\"lazy\" decoding=\"async\" title=\"Battle Armor Skeletor haarniska\" src=\"http:\/\/motu.eurokolikonmaailma.fi\/kuvat\/battle_skeletor\/bas_armor.jpg\" alt=\"\" width=\"387\" height=\"420\" \/><\/a> <a href=\"http:\/\/motu.eurokolikonmaailma.fi\/kuvat\/battle_skeletor\/bas_axe.jpg\"><img loading=\"lazy\" decoding=\"async\" title=\"Battle Armor Skeletor kirves\" src=\"http:\/\/motu.eurokolikonmaailma.fi\/kuvat\/battle_skeletor\/bas_axe.jpg\" alt=\"\" width=\"336\" height=\"170\" \/><\/a><\/p>\n<p>&nbsp;<\/p>\n<h2><span style=\"font-size: x-large;\">Videoesittelyni hahmosta:<\/span><\/h2>\n<p><strong><span style=\"font-size: large;\">Suomi<\/span><\/strong><\/p>\n<p><iframe loading=\"lazy\" title=\"Masters of the Universe Classics Battle Armor Skeletor (Finnish)\" width=\"640\" height=\"360\" src=\"https:\/\/www.youtube.com\/embed\/I6znUuyBJ04?feature=oembed\" frameborder=\"0\" allow=\"accelerometer; autoplay; clipboard-write; encrypted-media; gyroscope; picture-in-picture; web-share\" referrerpolicy=\"strict-origin-when-cross-origin\" allowfullscreen><\/iframe><\/p>\n<p><strong><span style=\"font-size: large;\">In English<\/span><\/strong><\/p>\n<p><iframe loading=\"lazy\" title=\"Masters of the Universe Classics Battle Armor Skeletor (English)\" width=\"640\" height=\"360\" src=\"https:\/\/www.youtube.com\/embed\/AgL_lFE3Ll4?feature=oembed\" frameborder=\"0\" allow=\"accelerometer; autoplay; clipboard-write; encrypted-media; gyroscope; picture-in-picture; web-share\" referrerpolicy=\"strict-origin-when-cross-origin\" allowfullscreen><\/iframe><\/p>\n","protected":false},"excerpt":{"rendered":"<p>Tuotekoodi: T5805 Battle Armor Skeletor &#8211; Evil Lord of Destruction aaaaa Oikea nimi: Keldor\u00ae of the house of Miro Using dark magic taught by Hordak\u00ae, Skeletor\u00ae occasionally creates new forms of armor and weapons to outmaneuver the Masters of the &hellip; <a href=\"https:\/\/www.eurokolikonmaailma.fi\/?page_id=286\">Lue loppuun <span class=\"meta-nav\">&rarr;<\/span><\/a><\/p>\n","protected":false},"author":1,"featured_media":0,"parent":294,"menu_order":0,"comment_status":"open","ping_status":"closed","template":"","meta":{"footnotes":""},"class_list":["post-286","page","type-page","status-publish","hentry"],"_links":{"self":[{"href":"https:\/\/www.eurokolikonmaailma.fi\/index.php?rest_route=\/wp\/v2\/pages\/286","targetHints":{"allow":["GET"]}}],"collection":[{"href":"https:\/\/www.eurokolikonmaailma.fi\/index.php?rest_route=\/wp\/v2\/pages"}],"about":[{"href":"https:\/\/www.eurokolikonmaailma.fi\/index.php?rest_route=\/wp\/v2\/types\/page"}],"author":[{"embeddable":true,"href":"https:\/\/www.eurokolikonmaailma.fi\/index.php?rest_route=\/wp\/v2\/users\/1"}],"replies":[{"embeddable":true,"href":"https:\/\/www.eurokolikonmaailma.fi\/index.php?rest_route=%2Fwp%2Fv2%2Fcomments&post=286"}],"version-history":[{"count":12,"href":"https:\/\/www.eurokolikonmaailma.fi\/index.php?rest_route=\/wp\/v2\/pages\/286\/revisions"}],"predecessor-version":[{"id":5667,"href":"https:\/\/www.eurokolikonmaailma.fi\/index.php?rest_route=\/wp\/v2\/pages\/286\/revisions\/5667"}],"up":[{"embeddable":true,"href":"https:\/\/www.eurokolikonmaailma.fi\/index.php?rest_route=\/wp\/v2\/pages\/294"}],"wp:attachment":[{"href":"https:\/\/www.eurokolikonmaailma.fi\/index.php?rest_route=%2Fwp%2Fv2%2Fmedia&parent=286"}],"curies":[{"name":"wp","href":"https:\/\/api.w.org\/{rel}","templated":true}]}}