{"id":28,"date":"2011-05-16T12:12:55","date_gmt":"2011-05-16T09:12:55","guid":{"rendered":"http:\/\/www.eurokolikonmaailma.fi\/blogi\/?page_id=28"},"modified":"2025-05-24T22:42:59","modified_gmt":"2025-05-24T19:42:59","slug":"audio","status":"publish","type":"page","link":"https:\/\/www.eurokolikonmaailma.fi\/?page_id=28","title":{"rendered":"Audio"},"content":{"rendered":"<h1><span style=\"font-size: 38px; font-family: 'Times New Roman'; line-height: normal;\">Masters of the Universe audio<\/span><\/h1>\n<table style=\"border: 0px;\">\n<tbody>\n<tr>\n<td style=\"border: 0px;\"><img loading=\"lazy\" decoding=\"async\" src=\"http:\/\/motu.eurokolikonmaailma.fi\/kuvat\/audio\/kidnappaus_kasetti.jpg\" alt=\"\" width=\"75\" height=\"48\" border=\"0\" \/><\/td>\n<td style=\"border: 0px;\"><a style=\"color: #ff4b33; line-height: 24px;\" href=\"https:\/\/www.eurokolikonmaailma.fi\/blogi\/?page_id=473\">Teelan Kidnappaus -seikkailukuunnelma<\/a><\/td>\n<\/tr>\n<tr>\n<td style=\"border: 0px;\"><img loading=\"lazy\" decoding=\"async\" src=\"http:\/\/motu.eurokolikonmaailma.fi\/kuvat\/audio\/tahtisumua_kasetti.jpg\" width=\"75\" height=\"42\" \/><\/td>\n<td style=\"border: 0px;\"><a href=\"https:\/\/www.eurokolikonmaailma.fi\/?page_id=3759\">T\u00e4htisumua -seikkailun\u00e4ytelm\u00e4<\/a><\/td>\n<\/tr>\n<tr>\n<td style=\"border: 0px;\"><img loading=\"lazy\" decoding=\"async\" class=\"alignnone\" title=\"Liejuhaudan vanki kirjanen etukansi\" src=\"https:\/\/motu.eurokolikonmaailma.fi\/kuvat\/audio\/hlhv_00.jpg\" alt=\"\" width=\"75\" height=\"79\" \/><\/td>\n<td style=\"border: 0px;\"><a href=\"https:\/\/www.eurokolikonmaailma.fi\/blogi\/?page_id=1490\">Liejuhaudan vanki<\/a><\/td>\n<\/tr>\n<tr>\n<td style=\"border: 0px;\"><img loading=\"lazy\" decoding=\"async\" src=\"http:\/\/motu.eurokolikonmaailma.fi\/kuvat\/audio\/hmsoundtrack_front.jpg\" alt=\"\" width=\"77\" height=\"76\" \/><\/td>\n<td style=\"border: 0px;\"><a href=\"https:\/\/www.eurokolikonmaailma.fi\/?page_id=2395\">Les Maitres de l&#8217;Universe Soundtrack<\/a><\/td>\n<\/tr>\n<tr>\n<td style=\"border: 0px;\"><img decoding=\"async\" src=\"http:\/\/motu.eurokolikonmaailma.fi\/kuvat\/audio\/mfsb_p1.jpg\" alt=\"\" width=\"77\" \/><\/td>\n<td style=\"border: 0px;\"><a href=\"https:\/\/www.eurokolikonmaailma.fi\/?page_id=3735\">He-Man and the Masters of the Universe: Limited Edition<\/a><\/td>\n<\/tr>\n<tr>\n<td style=\"border: 0px;\"><img loading=\"lazy\" decoding=\"async\" src=\"http:\/\/motu.eurokolikonmaailma.fi\/kuvat\/audio\/MOTU_OST_kansi.jpg\" alt=\"\" width=\"74\" height=\"75\" \/><\/td>\n<td style=\"border: 0px;\"><a href=\"https:\/\/www.eurokolikonmaailma.fi\/?page_id=2402\">Masters of the Universe OST<\/a><\/td>\n<\/tr>\n<\/tbody>\n<\/table>\n<p><span style=\"font-size: 38px; font-family: 'Times New Roman'; line-height: normal;\">\u00a0<\/span><\/p>\n<p>&nbsp;<\/p>\n","protected":false},"excerpt":{"rendered":"<p>Masters of the Universe audio Teelan Kidnappaus -seikkailukuunnelma T\u00e4htisumua -seikkailun\u00e4ytelm\u00e4 Liejuhaudan vanki Les Maitres de l&#8217;Universe Soundtrack He-Man and the Masters of the Universe: Limited Edition Masters of the Universe OST \u00a0 &nbsp;<\/p>\n","protected":false},"author":1,"featured_media":0,"parent":19,"menu_order":0,"comment_status":"open","ping_status":"closed","template":"","meta":{"footnotes":""},"class_list":["post-28","page","type-page","status-publish","hentry"],"_links":{"self":[{"href":"https:\/\/www.eurokolikonmaailma.fi\/index.php?rest_route=\/wp\/v2\/pages\/28","targetHints":{"allow":["GET"]}}],"collection":[{"href":"https:\/\/www.eurokolikonmaailma.fi\/index.php?rest_route=\/wp\/v2\/pages"}],"about":[{"href":"https:\/\/www.eurokolikonmaailma.fi\/index.php?rest_route=\/wp\/v2\/types\/page"}],"author":[{"embeddable":true,"href":"https:\/\/www.eurokolikonmaailma.fi\/index.php?rest_route=\/wp\/v2\/users\/1"}],"replies":[{"embeddable":true,"href":"https:\/\/www.eurokolikonmaailma.fi\/index.php?rest_route=%2Fwp%2Fv2%2Fcomments&post=28"}],"version-history":[{"count":11,"href":"https:\/\/www.eurokolikonmaailma.fi\/index.php?rest_route=\/wp\/v2\/pages\/28\/revisions"}],"predecessor-version":[{"id":5402,"href":"https:\/\/www.eurokolikonmaailma.fi\/index.php?rest_route=\/wp\/v2\/pages\/28\/revisions\/5402"}],"up":[{"embeddable":true,"href":"https:\/\/www.eurokolikonmaailma.fi\/index.php?rest_route=\/wp\/v2\/pages\/19"}],"wp:attachment":[{"href":"https:\/\/www.eurokolikonmaailma.fi\/index.php?rest_route=%2Fwp%2Fv2%2Fmedia&parent=28"}],"curies":[{"name":"wp","href":"https:\/\/api.w.org\/{rel}","templated":true}]}}