{"id":2761,"date":"2012-12-29T14:11:25","date_gmt":"2012-12-29T12:11:25","guid":{"rendered":"http:\/\/www.eurokolikonmaailma.fi\/?page_id=2761"},"modified":"2025-05-30T16:17:22","modified_gmt":"2025-05-30T13:17:22","slug":"mosquitor","status":"publish","type":"page","link":"https:\/\/www.eurokolikonmaailma.fi\/?page_id=2761","title":{"rendered":"Mosquitor"},"content":{"rendered":"<p><img loading=\"lazy\" decoding=\"async\" style=\"color: #000000; font-family: 'Times New Roman'; line-height: normal; font-size: medium; font-weight: bold; width: 123px; height: 47px;\" src=\"http:\/\/motu.eurokolikonmaailma.fi\/kuvat\/Mosquitor\/motuc.1.jpg\" alt=\"\" width=\"580\" height=\"221\" \/><img loading=\"lazy\" decoding=\"async\" class=\"alignnone size-full\" src=\"http:\/\/motu.eurokolikonmaailma.fi\/kuvat\/Mosquitor\/horde_logo.png\" width=\"105\" height=\"47\" \/><img loading=\"lazy\" decoding=\"async\" style=\"color: #000000; font-family: 'Times New Roman'; line-height: normal; font-size: medium; font-weight: bold; width: 46px; height: 47px;\" src=\"http:\/\/motu.eurokolikonmaailma.fi\/kuvat\/Mosquitor\/clubeternia_burst.gif\" alt=\"\" width=\"79\" height=\"80\" \/><img loading=\"lazy\" decoding=\"async\" style=\"color: #000000; font-family: 'Times New Roman'; line-height: normal; font-size: medium; font-weight: bold; width: 57px; height: 47px;\" src=\"http:\/\/motu.eurokolikonmaailma.fi\/kuvat\/Mosquitor\/30th_MOTUClogo.jpg\" alt=\"\" width=\"1034\" height=\"846\" \/><br style=\"color: #000000; font-family: 'Times New Roman'; font-size: medium; font-weight: bold; line-height: normal;\" \/><span style=\"color: #000000; font-family: 'Times New Roman'; font-size: medium; line-height: normal;\" data-mce-mark=\"1\">Tuotekoodi:\u00a0Y3184<\/span><\/p>\n<h1>Mosquitor<br \/>\n&#8211; Evil Energy-draining Insectoid<\/h1>\n<p><img loading=\"lazy\" decoding=\"async\" style=\"-webkit-user-select: none;\" src=\"http:\/\/motu.eurokolikonmaailma.fi\/kuvat\/Mosquitor\/Y3184_fullsizeimage03.jpg\" alt=\"\" width=\"219\" height=\"306\" \/>\u00a0 \u00a0 \u00a0<img decoding=\"async\" style=\"-webkit-user-select: none;\" src=\"http:\/\/motu.eurokolikonmaailma.fi\/kuvat\/Mosquitor\/Y3184_fullsizeimage04.jpg\" alt=\"\" \/><\/p>\n<p><strong>Oikea nimi:<\/strong> Bliddeon Black<\/p>\n<p>A Kribleen insectoid vampire from the Gluubux Galaxy, Mosquitor joined The Evil Horde on his own accord, preferring the Empire to life in a mud hole on his home world. Looking like a normal insectoid, Mosquitor moves in on his prey then stings them hard and sucks them dry. He is extremely vicious though not particularly brainy. You can&#8217;t get blood from a rock, but Mosquitor has tried in his day. Mosquitor drains his enemies of their energy while his bionic stinger and chest oozes red with power. Even Hordak keeps his distance from The Evil Horde vampire!<\/p>\n<p><em>Kribleen &#8211; vampyyrim\u00e4inen hy\u00f6nteisolento Gluubux galaksista, Mosquitor liittyi ilkeisiin Hordeihin omasta tahdostaan, valiten mieluummin Imperiumin palvelemisen, kuin mutakuopassa kotiplaneetallaan el\u00e4misen. N\u00e4ytt\u00e4en tavalliselta hy\u00f6nteisolennolta, Mosquitor hy\u00f6kk\u00e4\u00e4 saaliinsa kimppuun ja imee heid\u00e4t kuiviin. H\u00e4n on eritt\u00e4in h\u00e4ijy vaikkakaan ei mitenk\u00e4\u00e4n liian v\u00e4lkky. Kivest\u00e4 ei voi verta ime\u00e4, Mosquitor on t\u00e4t\u00e4kin koettanut. Mosquitor imee vastustajiensa energian, h\u00e4nen bionisen pistimen ja rintakeh\u00e4n tihkuessa punaisena energiasta. Jopa Hordak pysyy et\u00e4\u00e4ll\u00e4 ilke\u00e4st\u00e4 Hordivampyyrist\u00e4!<\/em><\/p>\n","protected":false},"excerpt":{"rendered":"<p>Tuotekoodi:\u00a0Y3184 Mosquitor &#8211; Evil Energy-draining Insectoid \u00a0 \u00a0 \u00a0 Oikea nimi: Bliddeon Black A Kribleen insectoid vampire from the Gluubux Galaxy, Mosquitor joined The Evil Horde on his own accord, preferring the Empire to life in a mud hole on &hellip; <a href=\"https:\/\/www.eurokolikonmaailma.fi\/?page_id=2761\">Lue loppuun <span class=\"meta-nav\">&rarr;<\/span><\/a><\/p>\n","protected":false},"author":1,"featured_media":0,"parent":1478,"menu_order":0,"comment_status":"open","ping_status":"open","template":"","meta":{"footnotes":""},"class_list":["post-2761","page","type-page","status-publish","hentry"],"_links":{"self":[{"href":"https:\/\/www.eurokolikonmaailma.fi\/index.php?rest_route=\/wp\/v2\/pages\/2761","targetHints":{"allow":["GET"]}}],"collection":[{"href":"https:\/\/www.eurokolikonmaailma.fi\/index.php?rest_route=\/wp\/v2\/pages"}],"about":[{"href":"https:\/\/www.eurokolikonmaailma.fi\/index.php?rest_route=\/wp\/v2\/types\/page"}],"author":[{"embeddable":true,"href":"https:\/\/www.eurokolikonmaailma.fi\/index.php?rest_route=\/wp\/v2\/users\/1"}],"replies":[{"embeddable":true,"href":"https:\/\/www.eurokolikonmaailma.fi\/index.php?rest_route=%2Fwp%2Fv2%2Fcomments&post=2761"}],"version-history":[{"count":5,"href":"https:\/\/www.eurokolikonmaailma.fi\/index.php?rest_route=\/wp\/v2\/pages\/2761\/revisions"}],"predecessor-version":[{"id":5724,"href":"https:\/\/www.eurokolikonmaailma.fi\/index.php?rest_route=\/wp\/v2\/pages\/2761\/revisions\/5724"}],"up":[{"embeddable":true,"href":"https:\/\/www.eurokolikonmaailma.fi\/index.php?rest_route=\/wp\/v2\/pages\/1478"}],"wp:attachment":[{"href":"https:\/\/www.eurokolikonmaailma.fi\/index.php?rest_route=%2Fwp%2Fv2%2Fmedia&parent=2761"}],"curies":[{"name":"wp","href":"https:\/\/api.w.org\/{rel}","templated":true}]}}