{"id":2727,"date":"2012-12-07T18:16:35","date_gmt":"2012-12-07T16:16:35","guid":{"rendered":"http:\/\/www.eurokolikonmaailma.fi\/?page_id=2727"},"modified":"2023-07-30T00:09:42","modified_gmt":"2023-07-29T21:09:42","slug":"he-man-and-the-masters-of-the-universe-4","status":"publish","type":"page","link":"https:\/\/www.eurokolikonmaailma.fi\/?page_id=2727","title":{"rendered":"He-Man and the Masters of the Universe #4"},"content":{"rendered":"<h1>He-Man and the Masters of the Universe #4<br \/>\n&#8211; Cauldron of Doom ($2,99)<\/h1>\n<p><a href=\"http:\/\/motu.eurokolikonmaailma.fi\/kuvat\/sarjis\/hmotu04.jpg\" target=\"_blank\" rel=\"noopener\"><img loading=\"lazy\" decoding=\"async\" title=\"He-Man and the Masters of the Universe #4 kansi\" src=\"http:\/\/motu.eurokolikonmaailma.fi\/kuvat\/sarjis\/hmotu04.jpg\" alt=\"\" width=\"323\" height=\"500\" \/><\/a><\/p>\n<p>T\u00e4m\u00e4 on nelj\u00e4s osa 6 osaisesta minisarjasta.<\/p>\n<p>Julkaisuaika: 14. marraskuuta 2012<\/p>\n<p><strong>Tekij\u00e4t<\/strong><\/p>\n<p><strong>Tarina:<\/strong>\u00a0Keith Giffen<br \/>\n<strong>Kuvitus:<\/strong>\u00a0Pop Mhan (1-11,14-20)Philip Tan (12,13)<br \/>\n<strong>Tussaus:<\/strong>\u00a0Ruy Jose (12,13) &amp; Pop Mhahn (1-11,14-20)<br \/>\n<strong>V\u00e4rit:<\/strong>\u00a0Lee Loughridge<br \/>\n<strong>Tekstitt\u00e4j\u00e4:<\/strong>\u00a0Saida Temofonte<br \/>\n<strong>Toimittaja:<\/strong>\u00a0Michael McCalister<br \/>\n<strong>Kansi:<\/strong>\u00a0Dave Wilkins<\/p>\n","protected":false},"excerpt":{"rendered":"<p>He-Man and the Masters of the Universe #4 &#8211; Cauldron of Doom ($2,99) T\u00e4m\u00e4 on nelj\u00e4s osa 6 osaisesta minisarjasta. Julkaisuaika: 14. marraskuuta 2012 Tekij\u00e4t Tarina:\u00a0Keith Giffen Kuvitus:\u00a0Pop Mhan (1-11,14-20)Philip Tan (12,13) Tussaus:\u00a0Ruy Jose (12,13) &amp; Pop Mhahn (1-11,14-20) V\u00e4rit:\u00a0Lee &hellip; <a href=\"https:\/\/www.eurokolikonmaailma.fi\/?page_id=2727\">Lue loppuun <span class=\"meta-nav\">&rarr;<\/span><\/a><\/p>\n","protected":false},"author":1,"featured_media":0,"parent":5000,"menu_order":0,"comment_status":"open","ping_status":"closed","template":"","meta":{"footnotes":""},"class_list":["post-2727","page","type-page","status-publish","hentry"],"_links":{"self":[{"href":"https:\/\/www.eurokolikonmaailma.fi\/index.php?rest_route=\/wp\/v2\/pages\/2727","targetHints":{"allow":["GET"]}}],"collection":[{"href":"https:\/\/www.eurokolikonmaailma.fi\/index.php?rest_route=\/wp\/v2\/pages"}],"about":[{"href":"https:\/\/www.eurokolikonmaailma.fi\/index.php?rest_route=\/wp\/v2\/types\/page"}],"author":[{"embeddable":true,"href":"https:\/\/www.eurokolikonmaailma.fi\/index.php?rest_route=\/wp\/v2\/users\/1"}],"replies":[{"embeddable":true,"href":"https:\/\/www.eurokolikonmaailma.fi\/index.php?rest_route=%2Fwp%2Fv2%2Fcomments&post=2727"}],"version-history":[{"count":4,"href":"https:\/\/www.eurokolikonmaailma.fi\/index.php?rest_route=\/wp\/v2\/pages\/2727\/revisions"}],"predecessor-version":[{"id":5129,"href":"https:\/\/www.eurokolikonmaailma.fi\/index.php?rest_route=\/wp\/v2\/pages\/2727\/revisions\/5129"}],"up":[{"embeddable":true,"href":"https:\/\/www.eurokolikonmaailma.fi\/index.php?rest_route=\/wp\/v2\/pages\/5000"}],"wp:attachment":[{"href":"https:\/\/www.eurokolikonmaailma.fi\/index.php?rest_route=%2Fwp%2Fv2%2Fmedia&parent=2727"}],"curies":[{"name":"wp","href":"https:\/\/api.w.org\/{rel}","templated":true}]}}