{"id":2725,"date":"2012-12-07T18:07:30","date_gmt":"2012-12-07T16:07:30","guid":{"rendered":"http:\/\/www.eurokolikonmaailma.fi\/?page_id=2725"},"modified":"2023-07-30T00:09:31","modified_gmt":"2023-07-29T21:09:31","slug":"he-man-and-the-masters-of-the-universe-3","status":"publish","type":"page","link":"https:\/\/www.eurokolikonmaailma.fi\/?page_id=2725","title":{"rendered":"He-Man and the Masters of the Universe #3"},"content":{"rendered":"<h1>He-Man and the Masters of the Universe #3<br \/>\n&#8211; Blood Tide ($2,99)<\/h1>\n<p><a href=\"http:\/\/motu.eurokolikonmaailma.fi\/kuvat\/sarjis\/hmotu03.jpg\" target=\"_blank\" rel=\"noopener\"><img loading=\"lazy\" decoding=\"async\" title=\"He-Man and the Masters of the Universe #3 kansi\" src=\"http:\/\/motu.eurokolikonmaailma.fi\/kuvat\/sarjis\/hmotu03.jpg\" alt=\"\" width=\"321\" height=\"500\" \/><\/a><\/p>\n<p>T\u00e4m\u00e4 on kolmas osa 6 osaisesta minisarjasta.<\/p>\n<p>Julkaisuaika: 17. lokakuuta 2012<\/p>\n<p><strong>Tekij\u00e4t<\/strong><\/p>\n<p><strong>Tarina:<\/strong>\u00a0Keith Giffen<br \/>\n<strong>Kuvitus:<\/strong>\u00a0Philip Tan<br \/>\n<strong>Tussaus:<\/strong>\u00a0Ruy Jose (1-3,16-20), Norman Lee (4,11-13), Ray Snyder (5-6,8-10) and Walden Wong (7,14-15)<br \/>\n<strong>V\u00e4rit:<\/strong>\u00a0Lee Loughridge<br \/>\n<strong>Tekstitt\u00e4j\u00e4:<\/strong>\u00a0Carlos M. Mangual<br \/>\n<strong>Toimittaja:<\/strong>\u00a0Michael McCalister<br \/>\n<strong>Kansi:<\/strong>\u00a0Dave Wilkins<br \/>\n<strong>Erityiskiitos:<\/strong>\u00a0Ben Abernathy<\/p>\n","protected":false},"excerpt":{"rendered":"<p>He-Man and the Masters of the Universe #3 &#8211; Blood Tide ($2,99) T\u00e4m\u00e4 on kolmas osa 6 osaisesta minisarjasta. Julkaisuaika: 17. lokakuuta 2012 Tekij\u00e4t Tarina:\u00a0Keith Giffen Kuvitus:\u00a0Philip Tan Tussaus:\u00a0Ruy Jose (1-3,16-20), Norman Lee (4,11-13), Ray Snyder (5-6,8-10) and Walden Wong &hellip; <a href=\"https:\/\/www.eurokolikonmaailma.fi\/?page_id=2725\">Lue loppuun <span class=\"meta-nav\">&rarr;<\/span><\/a><\/p>\n","protected":false},"author":1,"featured_media":0,"parent":5000,"menu_order":0,"comment_status":"open","ping_status":"closed","template":"","meta":{"footnotes":""},"class_list":["post-2725","page","type-page","status-publish","hentry"],"_links":{"self":[{"href":"https:\/\/www.eurokolikonmaailma.fi\/index.php?rest_route=\/wp\/v2\/pages\/2725","targetHints":{"allow":["GET"]}}],"collection":[{"href":"https:\/\/www.eurokolikonmaailma.fi\/index.php?rest_route=\/wp\/v2\/pages"}],"about":[{"href":"https:\/\/www.eurokolikonmaailma.fi\/index.php?rest_route=\/wp\/v2\/types\/page"}],"author":[{"embeddable":true,"href":"https:\/\/www.eurokolikonmaailma.fi\/index.php?rest_route=\/wp\/v2\/users\/1"}],"replies":[{"embeddable":true,"href":"https:\/\/www.eurokolikonmaailma.fi\/index.php?rest_route=%2Fwp%2Fv2%2Fcomments&post=2725"}],"version-history":[{"count":4,"href":"https:\/\/www.eurokolikonmaailma.fi\/index.php?rest_route=\/wp\/v2\/pages\/2725\/revisions"}],"predecessor-version":[{"id":5128,"href":"https:\/\/www.eurokolikonmaailma.fi\/index.php?rest_route=\/wp\/v2\/pages\/2725\/revisions\/5128"}],"up":[{"embeddable":true,"href":"https:\/\/www.eurokolikonmaailma.fi\/index.php?rest_route=\/wp\/v2\/pages\/5000"}],"wp:attachment":[{"href":"https:\/\/www.eurokolikonmaailma.fi\/index.php?rest_route=%2Fwp%2Fv2%2Fmedia&parent=2725"}],"curies":[{"name":"wp","href":"https:\/\/api.w.org\/{rel}","templated":true}]}}