{"id":2703,"date":"2012-11-21T21:05:03","date_gmt":"2012-11-21T19:05:03","guid":{"rendered":"http:\/\/www.eurokolikonmaailma.fi\/?page_id=2703"},"modified":"2025-05-30T16:56:55","modified_gmt":"2025-05-30T13:56:55","slug":"temple-of-darkness-sorceress","status":"publish","type":"page","link":"https:\/\/www.eurokolikonmaailma.fi\/?page_id=2703","title":{"rendered":"Temple of Darkness Sorceress"},"content":{"rendered":"<p><img loading=\"lazy\" decoding=\"async\" style=\"color: #000000; font-family: 'Times New Roman'; line-height: normal; font-size: medium; font-weight: bold; width: 123px; height: 47px;\" src=\"http:\/\/motu.eurokolikonmaailma.fi\/kuvat\/TOD_sorceress\/motuc.1.jpg\" alt=\"\" width=\"580\" height=\"221\" \/><img loading=\"lazy\" decoding=\"async\" style=\"color: #000000; font-family: 'Times New Roman'; line-height: normal; font-size: medium; font-weight: bold; width: 57px; height: 47px;\" src=\"http:\/\/motu.eurokolikonmaailma.fi\/kuvat\/TOD_sorceress\/30th_MOTUClogo.jpg\" alt=\"\" width=\"1034\" height=\"846\" \/><img loading=\"lazy\" decoding=\"async\" style=\"color: #000000; font-family: 'Times New Roman'; line-height: normal; font-size: medium; font-weight: bold; width: 149px; height: 47px;\" src=\"http:\/\/motu.eurokolikonmaailma.fi\/kuvat\/TOD_sorceress\/power-con_logo.png\" alt=\"\" width=\"580\" height=\"221\" \/><br style=\"color: #000000; font-family: 'Times New Roman'; font-size: medium; font-weight: bold; line-height: normal;\" \/><span style=\"color: #000000; font-family: 'Times New Roman'; font-size: medium; line-height: normal;\">Tuotekoodi:\u00a0W8921<\/span><\/p>\n<h1>Temple of Darkness Sorceress<br \/>\n&#8211; Heroic Guardian of Castle Grayskull<\/h1>\n<p><img loading=\"lazy\" decoding=\"async\" style=\"-webkit-user-select: none;\" src=\"http:\/\/motu.eurokolikonmaailma.fi\/kuvat\/TOD_sorceress\/W8921_fullsizeimage4.jpg\" alt=\"\" width=\"222\" height=\"313\" \/>\u00a0 \u00a0 \u00a0<img decoding=\"async\" style=\"-webkit-user-select: none;\" src=\"http:\/\/motu.eurokolikonmaailma.fi\/kuvat\/TOD_sorceress\/W8921_fullsizeimage5.jpg\" alt=\"\" \/><\/p>\n<p>T\u00e4m\u00e4 figuuri oli vuoden 2012 Power-Con exclusive -hahmo. Hyvin pieni m\u00e4\u00e4r\u00e4 hahmoja oli tilattavissa my\u00f6s Mattycollectorista. Oman kappaleeni minulle osti ja postitti Power-Conissa vieraillut yhdysvaltalainen tuttavani.<\/p>\n<p><strong>Oikea nimi:<\/strong> Teela&#8217;na<\/p>\n<p>To safeguard the Power of the Universe after their secret bargain with the Trolla, Grayskull&#8217;s Elders transfused the power from the Sword of He into a giant orb, which they hid deep within the abyss below the Castle Grayskull. There, Grayskull&#8217;s widow took up the lonely duty of Sorceress, guarding the castle to prevent the power from falling into the wrong hands. For five millennia her students continued this role while the castle faded from memory into legend. At the end of the Great Unrest, a new Sorceress named Teela&#8217;na helped the remaining Elders combine their wisdom to tap into Eternia&#8217;s magical secrets with the orb, creating a new unified force which would be called upon as the &#8221;Power of Grayskull&#8221; named for the castle which hid it.<\/p>\n<p><em>Turvatakseen Universumin Voiman Trollan kanssa solmitun salaisen sopimuksen j\u00e4lkeen, Grayskullin Vanhimmat siirsiv\u00e4t voiman Hen miekasta j\u00e4ttimaiseen palloon, jonka he piilottivat syv\u00e4lle P\u00e4\u00e4kallolinnan alaiseen kuiluun. Siell\u00e4, Grayskullin leski otti vastaan yksin\u00e4isen teht\u00e4v\u00e4ns\u00e4 Velhottarena, vahtien linnaa, jottei Voima joutuisi v\u00e4\u00e4riin k\u00e4siin. Viiden vuosituhannen ajan h\u00e4nen oppilaansa jatkoivat t\u00e4ss\u00e4 roolissa, samalla kun linnan h\u00e4ipyi unohduksiin ja muuttui legendaksi. Suuren Levottomuuden loppuaikoina, uusi Velhotar nimelt\u00e4\u00e4n Teela&#8217;na auttoi j\u00e4ljell\u00e4 olevia Vanhimpia yhdist\u00e4m\u00e4\u00e4n viisautensa hyv\u00e4ksi k\u00e4ytt\u00e4\u00e4kseen Eternian maagisia salaisuuksia pallon kanssa, luoden uuden yhten\u00e4isen voiman, jota kutsuttaisiin &#8221;P\u00e4\u00e4kallolinnan mahdiksi&#8221;, nimettyn\u00e4 sen piilottaneen linnan mukaan.<\/em><\/p>\n","protected":false},"excerpt":{"rendered":"<p>Tuotekoodi:\u00a0W8921 Temple of Darkness Sorceress &#8211; Heroic Guardian of Castle Grayskull \u00a0 \u00a0 \u00a0 T\u00e4m\u00e4 figuuri oli vuoden 2012 Power-Con exclusive -hahmo. Hyvin pieni m\u00e4\u00e4r\u00e4 hahmoja oli tilattavissa my\u00f6s Mattycollectorista. Oman kappaleeni minulle osti ja postitti Power-Conissa vieraillut yhdysvaltalainen tuttavani. &hellip; <a href=\"https:\/\/www.eurokolikonmaailma.fi\/?page_id=2703\">Lue loppuun <span class=\"meta-nav\">&rarr;<\/span><\/a><\/p>\n","protected":false},"author":1,"featured_media":0,"parent":1478,"menu_order":0,"comment_status":"open","ping_status":"open","template":"","meta":{"footnotes":""},"class_list":["post-2703","page","type-page","status-publish","hentry"],"_links":{"self":[{"href":"https:\/\/www.eurokolikonmaailma.fi\/index.php?rest_route=\/wp\/v2\/pages\/2703","targetHints":{"allow":["GET"]}}],"collection":[{"href":"https:\/\/www.eurokolikonmaailma.fi\/index.php?rest_route=\/wp\/v2\/pages"}],"about":[{"href":"https:\/\/www.eurokolikonmaailma.fi\/index.php?rest_route=\/wp\/v2\/types\/page"}],"author":[{"embeddable":true,"href":"https:\/\/www.eurokolikonmaailma.fi\/index.php?rest_route=\/wp\/v2\/users\/1"}],"replies":[{"embeddable":true,"href":"https:\/\/www.eurokolikonmaailma.fi\/index.php?rest_route=%2Fwp%2Fv2%2Fcomments&post=2703"}],"version-history":[{"count":4,"href":"https:\/\/www.eurokolikonmaailma.fi\/index.php?rest_route=\/wp\/v2\/pages\/2703\/revisions"}],"predecessor-version":[{"id":5743,"href":"https:\/\/www.eurokolikonmaailma.fi\/index.php?rest_route=\/wp\/v2\/pages\/2703\/revisions\/5743"}],"up":[{"embeddable":true,"href":"https:\/\/www.eurokolikonmaailma.fi\/index.php?rest_route=\/wp\/v2\/pages\/1478"}],"wp:attachment":[{"href":"https:\/\/www.eurokolikonmaailma.fi\/index.php?rest_route=%2Fwp%2Fv2%2Fmedia&parent=2703"}],"curies":[{"name":"wp","href":"https:\/\/api.w.org\/{rel}","templated":true}]}}