{"id":2694,"date":"2012-11-16T15:28:32","date_gmt":"2012-11-16T13:28:32","guid":{"rendered":"http:\/\/www.eurokolikonmaailma.fi\/?page_id=2694"},"modified":"2012-11-16T15:28:32","modified_gmt":"2012-11-16T13:28:32","slug":"he-man-and-the-masters-of-the-universe-osa-6-robotin-pelinavaus","status":"publish","type":"page","link":"https:\/\/www.eurokolikonmaailma.fi\/?page_id=2694","title":{"rendered":"He-Man and the Masters of the Universe, Osa 6: Robotin pelinavaus"},"content":{"rendered":"<p><img loading=\"lazy\" decoding=\"async\" style=\"line-height: 24px;\" src=\"http:\/\/motu.eurokolikonmaailma.fi\/kuvat\/video\/picture2.php.jpg\" alt=\"\" width=\"236\" height=\"48\" \/><img loading=\"lazy\" decoding=\"async\" style=\"line-height: 24px;\" src=\"http:\/\/motu.eurokolikonmaailma.fi\/kuvat\/video\/210px-Dvd-video-logo.svg.png\" alt=\"\" width=\"78\" height=\"48\" \/><img loading=\"lazy\" decoding=\"async\" style=\"line-height: 24px;\" src=\"http:\/\/motu.eurokolikonmaailma.fi\/kuvat\/video\/alue2.jpg\" alt=\"\" width=\"47\" height=\"48\" \/><img loading=\"lazy\" decoding=\"async\" style=\"line-height: 24px;\" src=\"http:\/\/motu.eurokolikonmaailma.fi\/kuvat\/video\/k7.jpg\" alt=\"\" width=\"48\" height=\"48\" \/><\/p>\n<h1>He-Man and the Masters of the Universe, Osa 6: Robotin pelinavaus<\/h1>\n<p><a href=\"http:\/\/motu.eurokolikonmaailma.fi\/kuvat\/video\/200x_hm_vol6_back.jpg\" target=\"_blank\"><img loading=\"lazy\" decoding=\"async\" title=\"MYP MOTU DVD 6 takakansi\" src=\"http:\/\/motu.eurokolikonmaailma.fi\/kuvat\/video\/200x_hm_vol6_back.jpg\" alt=\"\" width=\"215\" height=\"300\" \/><\/a><a href=\"http:\/\/motu.eurokolikonmaailma.fi\/kuvat\/video\/200x_hm_vol6_spine.jpg\" target=\"_blank\"><img loading=\"lazy\" decoding=\"async\" title=\"MYP MOTU DVD 6 selk\u00e4mys\" src=\"http:\/\/motu.eurokolikonmaailma.fi\/kuvat\/video\/200x_hm_vol6_spine.jpg\" alt=\"\" width=\"25\" height=\"300\" \/><\/a><a href=\"http:\/\/motu.eurokolikonmaailma.fi\/kuvat\/video\/200x_hm_vol6_front.jpg\" target=\"_blank\"><img loading=\"lazy\" decoding=\"async\" title=\"MYP MOTU DVD 6 etukansi\" src=\"http:\/\/motu.eurokolikonmaailma.fi\/kuvat\/video\/200x_hm_vol6_front.jpg\" alt=\"\" width=\"213\" height=\"300\" \/><\/a><\/p>\n<p><strong>Anwat Garin salaisuus\u00a0<strong>(The Mystery of Anwat Gar)<\/strong><\/strong><\/p>\n<p>He-Man l\u00e4htee Uskollisten soturiensa kanssa kaukaiselle Anwat Garin saarelle etsim\u00e4\u00e4n ikiaikaisia, myyttisi\u00e4 kivi\u00e4. Mutta saari on t\u00e4ynn\u00e4 ansoja, ja lis\u00e4ksi kivill\u00e4 on jo vartija.<\/p>\n<p><strong>Robotin pelinavaus (Roboto&#8217;s Gambit)<\/strong><\/p>\n<p>Yksinkertainen shakkia pelaava Robotti haluaisi muuntua soturiksi ja puolustaa P\u00e4\u00e4kallolinnaa vihollisilta, mutta Teela ei usko sen kykyihin. Tosipaikan tullen Robotti yll\u00e4tt\u00e4\u00e4 kaikki!<\/p>\n<p><strong>Luottamus (Trust)<\/strong><\/p>\n<p>Stratos l\u00e4htee J\u00e4\u00e4vuorille etsim\u00e4\u00e4n legendaarista metallia. Perill\u00e4 odottaa yll\u00e4tyshy\u00f6kk\u00e4ys ja h\u00e4n joutuu vihollisen ansaan. Eternium metallilla onkin monta merkityst\u00e4.<\/p>\n<p><strong>Tekniset tiedot:<br \/>\n<\/strong>* Kesto: n. 68 minuuttia<br \/>\n* Ik\u00e4raja: 7<br \/>\n&#8211; sopii yleisesti kaikenik\u00e4isille, mutta jotkin kohdat voivat olla sopimattomia pienimmille lapsille<\/p>\n<p>* Valmistumisvuosi: 2004 (DVD 2005)<br \/>\n* Aluekoodi: 2<br \/>\n* \u00c4\u00e4ni: Stereo<br \/>\n* Kieli: Puhuttu suomeksi<br \/>\n* Kuvakoko: 4:3<br \/>\n* DVD-formaatti: DVD5<br \/>\n* EAN: 6415018618682<br \/>\n* Keepcase 1 DVD<br \/>\n* Julkaisija: Finnkino Oy<\/p>\n<p><a href=\"http:\/\/motu.eurokolikonmaailma.fi\/kuvat\/video\/200x_hm_vol6_disc.jpg\" target=\"_blank\"><img loading=\"lazy\" decoding=\"async\" title=\"MYP MOTU DVD 6 levy\" src=\"http:\/\/motu.eurokolikonmaailma.fi\/kuvat\/video\/200x_hm_vol6_disc.jpg\" alt=\"\" width=\"179\" height=\"180\" \/><\/a><\/p>\n","protected":false},"excerpt":{"rendered":"<p>He-Man and the Masters of the Universe, Osa 6: Robotin pelinavaus Anwat Garin salaisuus\u00a0(The Mystery of Anwat Gar) He-Man l\u00e4htee Uskollisten soturiensa kanssa kaukaiselle Anwat Garin saarelle etsim\u00e4\u00e4n ikiaikaisia, myyttisi\u00e4 kivi\u00e4. Mutta saari on t\u00e4ynn\u00e4 ansoja, ja lis\u00e4ksi kivill\u00e4 on &hellip; <a href=\"https:\/\/www.eurokolikonmaailma.fi\/?page_id=2694\">Lue loppuun <span class=\"meta-nav\">&rarr;<\/span><\/a><\/p>\n","protected":false},"author":1,"featured_media":0,"parent":1056,"menu_order":0,"comment_status":"open","ping_status":"open","template":"","meta":{"footnotes":""},"class_list":["post-2694","page","type-page","status-publish","hentry"],"_links":{"self":[{"href":"https:\/\/www.eurokolikonmaailma.fi\/index.php?rest_route=\/wp\/v2\/pages\/2694","targetHints":{"allow":["GET"]}}],"collection":[{"href":"https:\/\/www.eurokolikonmaailma.fi\/index.php?rest_route=\/wp\/v2\/pages"}],"about":[{"href":"https:\/\/www.eurokolikonmaailma.fi\/index.php?rest_route=\/wp\/v2\/types\/page"}],"author":[{"embeddable":true,"href":"https:\/\/www.eurokolikonmaailma.fi\/index.php?rest_route=\/wp\/v2\/users\/1"}],"replies":[{"embeddable":true,"href":"https:\/\/www.eurokolikonmaailma.fi\/index.php?rest_route=%2Fwp%2Fv2%2Fcomments&post=2694"}],"version-history":[{"count":2,"href":"https:\/\/www.eurokolikonmaailma.fi\/index.php?rest_route=\/wp\/v2\/pages\/2694\/revisions"}],"predecessor-version":[{"id":2697,"href":"https:\/\/www.eurokolikonmaailma.fi\/index.php?rest_route=\/wp\/v2\/pages\/2694\/revisions\/2697"}],"up":[{"embeddable":true,"href":"https:\/\/www.eurokolikonmaailma.fi\/index.php?rest_route=\/wp\/v2\/pages\/1056"}],"wp:attachment":[{"href":"https:\/\/www.eurokolikonmaailma.fi\/index.php?rest_route=%2Fwp%2Fv2%2Fmedia&parent=2694"}],"curies":[{"name":"wp","href":"https:\/\/api.w.org\/{rel}","templated":true}]}}