{"id":2691,"date":"2012-11-16T15:12:23","date_gmt":"2012-11-16T13:12:23","guid":{"rendered":"http:\/\/www.eurokolikonmaailma.fi\/?page_id=2691"},"modified":"2012-11-16T15:12:23","modified_gmt":"2012-11-16T13:12:23","slug":"he-man-and-the-masters-of-the-universe-osa-4-lohikaarmeen-jalkelaiset","status":"publish","type":"page","link":"https:\/\/www.eurokolikonmaailma.fi\/?page_id=2691","title":{"rendered":"He-Man and the Masters of the Universe, Osa 4: Lohik\u00e4\u00e4rmeen j\u00e4lkel\u00e4iset"},"content":{"rendered":"<p><img loading=\"lazy\" decoding=\"async\" style=\"line-height: 24px;\" src=\"http:\/\/motu.eurokolikonmaailma.fi\/kuvat\/video\/picture2.php.jpg\" alt=\"\" width=\"236\" height=\"48\" \/><img loading=\"lazy\" decoding=\"async\" style=\"line-height: 24px;\" src=\"http:\/\/motu.eurokolikonmaailma.fi\/kuvat\/video\/210px-Dvd-video-logo.svg.png\" alt=\"\" width=\"78\" height=\"48\" \/><img loading=\"lazy\" decoding=\"async\" style=\"line-height: 24px;\" src=\"http:\/\/motu.eurokolikonmaailma.fi\/kuvat\/video\/alue2.jpg\" alt=\"\" width=\"47\" height=\"48\" \/><img loading=\"lazy\" decoding=\"async\" style=\"line-height: 24px;\" src=\"http:\/\/motu.eurokolikonmaailma.fi\/kuvat\/video\/k7.jpg\" alt=\"\" width=\"48\" height=\"48\" \/><\/p>\n<h1>He-Man and the Masters of the Universe, Osa 4: Lohik\u00e4\u00e4rmeen j\u00e4lkel\u00e4iset<\/h1>\n<p><a href=\"http:\/\/motu.eurokolikonmaailma.fi\/kuvat\/video\/200x_hm_vol4_back.jpg\" target=\"_blank\"><img loading=\"lazy\" decoding=\"async\" title=\"MYP MOTU DVD 4 takakansi\" src=\"http:\/\/motu.eurokolikonmaailma.fi\/kuvat\/video\/200x_hm_vol4_back.jpg\" alt=\"\" width=\"216\" height=\"300\" \/><\/a><a href=\"http:\/\/motu.eurokolikonmaailma.fi\/kuvat\/video\/200x_hm_vol4_spine.jpg\" target=\"_blank\"><img loading=\"lazy\" decoding=\"async\" title=\"MYP MOTU DVD 4 selk\u00e4mys\" src=\"http:\/\/motu.eurokolikonmaailma.fi\/kuvat\/video\/200x_hm_vol4_spine.jpg\" alt=\"\" width=\"22\" height=\"300\" \/><\/a><a href=\"http:\/\/motu.eurokolikonmaailma.fi\/kuvat\/video\/200x_hm_vol4_front.jpg\" target=\"_blank\"><img loading=\"lazy\" decoding=\"async\" title=\"MYP MOTU DVD 4 etukansi\" src=\"http:\/\/motu.eurokolikonmaailma.fi\/kuvat\/video\/200x_hm_vol4_front.jpg\" alt=\"\" width=\"214\" height=\"300\" \/><\/a><\/p>\n<p><strong>Lohik\u00e4\u00e4rmeen j\u00e4lkel\u00e4iset\u00a0<strong>(Dragon&#8217;s Brood)<\/strong><\/strong><\/p>\n<p>Prinssi Adam ja Teela vapauttavat lohik\u00e4\u00e4rmeen, joka on joutunut luolan vangiksi. Orko salakuljettaa lohik\u00e4\u00e4rmeen munia Eterniaan, jossa ne kuoriutuvat ja aiheuttavat suuren kaaoksen. Skeletor p\u00e4\u00e4tt\u00e4\u00e4 valloittaa P\u00e4\u00e4kallolinnan k\u00e4ytt\u00e4m\u00e4ll\u00e4 hyv\u00e4ksi n\u00e4it\u00e4 j\u00e4ttil\u00e4ism\u00e4isi\u00e4, tulta sy\u00f6ksevi\u00e4 petoja.<\/p>\n<p><strong>Keikaukset (Turnabout)<\/strong><\/p>\n<p>Skeletoria rangaistaan kaulapannalla, joka est\u00e4\u00e4 h\u00e4nen pahat aikeensa. Kostoksi Skeletor vangitsee He-Manin ja asentaa t\u00e4lle samanlaisen laitteen. Sen tarkoituksena on heikent\u00e4\u00e4 h\u00e4nt\u00e4 aina kun h\u00e4n haluaisi tehd\u00e4 hyv\u00e4n teon.<\/p>\n<p><strong>Mekanekin murhe (Mekaneck&#8217;s Lament)<\/strong><\/p>\n<p>Kun Mekanek yritt\u00e4\u00e4 saada itselleen lis\u00e4\u00e4 voimia, h\u00e4n vapauttaa vahingossa vaarallisen rikollisen, jolla on vain yksi tavoite: taika-amuletti, jonka avulla h\u00e4n voi tuhota Eternian.<\/p>\n<p><strong>Tekniset tiedot:<br \/>\n<\/strong>* Kesto: n. 68 minuuttia<br \/>\n* Ik\u00e4raja: 7<br \/>\n&#8211; sopii yleisesti kaikenik\u00e4isille, mutta jotkin kohdat voivat olla sopimattomia pienimmille lapsille<\/p>\n<p>* Valmistumisvuosi: 2004 (DVD 2005)<br \/>\n* Aluekoodi: 2<br \/>\n* \u00c4\u00e4ni: Stereo<br \/>\n* Kieli: Puhuttu suomeksi<br \/>\n* Kuvakoko: 4:3<br \/>\n* DVD-formaatti: DVD5<br \/>\n* EAN: 6415016618668<br \/>\n* Keepcase 1 DVD<br \/>\n* Julkaisija: Finnkino Oy<\/p>\n<p><a href=\"http:\/\/motu.eurokolikonmaailma.fi\/kuvat\/video\/200x_hm_vol4_disc.jpg\" target=\"_blank\"><img loading=\"lazy\" decoding=\"async\" title=\"MYP MOTU DVD 4 levy\" src=\"http:\/\/motu.eurokolikonmaailma.fi\/kuvat\/video\/200x_hm_vol4_disc.jpg\" alt=\"\" width=\"181\" height=\"180\" \/><\/a><\/p>\n","protected":false},"excerpt":{"rendered":"<p>He-Man and the Masters of the Universe, Osa 4: Lohik\u00e4\u00e4rmeen j\u00e4lkel\u00e4iset Lohik\u00e4\u00e4rmeen j\u00e4lkel\u00e4iset\u00a0(Dragon&#8217;s Brood) Prinssi Adam ja Teela vapauttavat lohik\u00e4\u00e4rmeen, joka on joutunut luolan vangiksi. Orko salakuljettaa lohik\u00e4\u00e4rmeen munia Eterniaan, jossa ne kuoriutuvat ja aiheuttavat suuren kaaoksen. Skeletor p\u00e4\u00e4tt\u00e4\u00e4 valloittaa &hellip; <a href=\"https:\/\/www.eurokolikonmaailma.fi\/?page_id=2691\">Lue loppuun <span class=\"meta-nav\">&rarr;<\/span><\/a><\/p>\n","protected":false},"author":1,"featured_media":0,"parent":1056,"menu_order":0,"comment_status":"open","ping_status":"open","template":"","meta":{"footnotes":""},"class_list":["post-2691","page","type-page","status-publish","hentry"],"_links":{"self":[{"href":"https:\/\/www.eurokolikonmaailma.fi\/index.php?rest_route=\/wp\/v2\/pages\/2691","targetHints":{"allow":["GET"]}}],"collection":[{"href":"https:\/\/www.eurokolikonmaailma.fi\/index.php?rest_route=\/wp\/v2\/pages"}],"about":[{"href":"https:\/\/www.eurokolikonmaailma.fi\/index.php?rest_route=\/wp\/v2\/types\/page"}],"author":[{"embeddable":true,"href":"https:\/\/www.eurokolikonmaailma.fi\/index.php?rest_route=\/wp\/v2\/users\/1"}],"replies":[{"embeddable":true,"href":"https:\/\/www.eurokolikonmaailma.fi\/index.php?rest_route=%2Fwp%2Fv2%2Fcomments&post=2691"}],"version-history":[{"count":2,"href":"https:\/\/www.eurokolikonmaailma.fi\/index.php?rest_route=\/wp\/v2\/pages\/2691\/revisions"}],"predecessor-version":[{"id":2695,"href":"https:\/\/www.eurokolikonmaailma.fi\/index.php?rest_route=\/wp\/v2\/pages\/2691\/revisions\/2695"}],"up":[{"embeddable":true,"href":"https:\/\/www.eurokolikonmaailma.fi\/index.php?rest_route=\/wp\/v2\/pages\/1056"}],"wp:attachment":[{"href":"https:\/\/www.eurokolikonmaailma.fi\/index.php?rest_route=%2Fwp%2Fv2%2Fmedia&parent=2691"}],"curies":[{"name":"wp","href":"https:\/\/api.w.org\/{rel}","templated":true}]}}