{"id":268,"date":"2011-05-25T20:16:16","date_gmt":"2011-05-25T17:16:16","guid":{"rendered":"http:\/\/www.eurokolikonmaailma.fi\/blogi\/?page_id=268"},"modified":"2025-05-30T15:12:47","modified_gmt":"2025-05-30T12:12:47","slug":"king-hssss","status":"publish","type":"page","link":"https:\/\/www.eurokolikonmaailma.fi\/?page_id=268","title":{"rendered":"King Hssss"},"content":{"rendered":"<p><img loading=\"lazy\" decoding=\"async\" title=\"Masters of the Universe Classics logo\" src=\"http:\/\/motu.eurokolikonmaailma.fi\/kuvat\/King_Hssss\/motuc.1.jpg\" alt=\"\" width=\"125\" height=\"48\" \/><img loading=\"lazy\" decoding=\"async\" title=\"K\u00e4\u00e4rmemiesten logo\" src=\"http:\/\/motu.eurokolikonmaailma.fi\/kuvat\/King_Hssss\/snakelogo.jpg\" alt=\"\" width=\"76\" height=\"48\" \/><img loading=\"lazy\" decoding=\"async\" title=\"Club Eternia merkki\" src=\"http:\/\/motu.eurokolikonmaailma.fi\/kuvat\/King_Hssss\/clubeternia_burst.gif\" alt=\"\" width=\"47\" height=\"48\" \/><br \/>\nTuotekoodi: T5794<\/p>\n<h1>King Hssss<br \/>\n&#8211; Dreadful Disguised Leader of the Snake Men!<\/h1>\n<p><a href=\"http:\/\/motu.eurokolikonmaailma.fi\/kuvat\/King_Hssss\/hssss_package_front.jpg\" target=\"_blank\" rel=\"noopener\"><img loading=\"lazy\" decoding=\"async\" title=\"King Hssss pakkaus edest\u00e4\" src=\"http:\/\/motu.eurokolikonmaailma.fi\/kuvat\/King_Hssss\/hssss_package_front.jpg\" alt=\"\" width=\"231\" height=\"336\" \/><\/a><span style=\"color: #ffffff;\">aaaaa<\/span> <a href=\"http:\/\/motu.eurokolikonmaailma.fi\/kuvat\/King_Hssss\/hssss_cardback.jpg\" target=\"_blank\" rel=\"noopener\"><img loading=\"lazy\" decoding=\"async\" title=\"King Hssss pakkaus takaa\" src=\"http:\/\/motu.eurokolikonmaailma.fi\/kuvat\/King_Hssss\/hssss_cardback.jpg\" alt=\"\" width=\"239\" height=\"336\" \/><\/a><\/p>\n<p>Hahmo (1. julkaisu) tuli myyntiin kahdessa e\u00e4ss\u00e4, koska kaikki hahmot eiv\u00e4t saapuneet ajoissa maaliskuun 15. myyntip\u00e4iv\u00e4\u00e4n menness\u00e4. Hahmon 1. ja viimeisell\u00e4 julkaisuversiolla oli v\u00e4\u00e4r\u00e4npuoleiset olkap\u00e4\u00e4t.<\/p>\n<p><strong>Oikea nimi:<\/strong> Hssss of the Viper House\u2122<\/p>\n<p>A servant of the Unnamed One, Hssss was chosen to lead an army of Snake Men\u2122 to the planet of Eternia\u00ae to plunder its magical secrets. He ruled Eternia\u00ae for three centuries until a rebellion formed under D\u2019Vann Grayskull. Soon afterwards, the Horde invaded and Hssss was drawn into a three-way war. All three sides agreed to a temporary truce in order to construct the Three Towers, but Hssss was betrayed by Hordak\u00ae and in time was banished to the Void by the Elders and Zodak\u2122. For five centuries he and his army waited until Evil-Lyn\u00ae and a Snake Men\u2122 descendent named Kobra Khan opened the Snake Pit to free them. King Hssss\u2122 often tricks foes by appearing heroic but then transforms into a seething mass of serpents and leads the Snake Men\u2122 into battle!<\/p>\n<p><em>Nimett\u00f6m\u00e4n palvelija, Hssss valittiin johtamaan K\u00e4\u00e4rmemiesten armeijaa Eternia planeetan maagisten salaisuuksien ry\u00f6st\u00f6retkell\u00e4. H\u00e4n hallitsi Eterniaa kolmen vuosisadan ajan, kunnnes D&#8217;vann Grayskullin muodostama kapina alkoi. Pian sen j\u00e4lkeen, Hordit saapuivat ja Hssss joutui kolmiosapuoliseen sotaan. Sodan osapuolet solmivat v\u00e4liaikaisen rauhan rakentaakseen Kolme Tornia, mutta Hordak petti Hssss:n ja aikanaan h\u00e4net karkoitettiin Tyhjyyteen Vanhimpien ja Zodak yhteisty\u00f6ll\u00e4. Viidentuhannen vuoden ajan h\u00e4n ja h\u00e4nen armeijansa odottivat kunnes Evil-Lyn ja K\u00e4\u00e4rmemiesten j\u00e4lkel\u00e4inen Kobra Khan avasivat K\u00e4\u00e4rmekuopan vapauttaakseen heid\u00e4t. King Hssss usein huijaa vastustajansa esitt\u00e4m\u00e4ll\u00e4 sankaria, mutta sitten h\u00e4n muuntautumalla kasaksi k\u00e4\u00e4rmeit\u00e4 h\u00e4n johtaa K\u00e4\u00e4rmemiehet taisteluun!<\/em><\/p>\n<p><strong><span style=\"text-decoration: underline;\">Mukana tulevat varusteet:<br \/>\n<\/span><\/strong>* k\u00e4\u00e4rmesauva<br \/>\n* kilpi<br \/>\n* extrayl\u00e4torso<\/p>\n<p><strong>Loppuunmyynti aika (1. myyntier\u00e4):<\/strong> 20 min<br \/>\n<strong>Loppuunmyynti aika (2. myyntier\u00e4):<\/strong> n. 2 p\u00e4iv\u00e4\u00e4 23 tuntia<\/p>\n<p><strong>Oman hahmon saapumiseen kulunut aika (tilauspalvelu): <\/strong>9 p\u00e4iv\u00e4\u00e4 (7 arkip\u00e4iv\u00e4\u00e4)<br \/>\n<strong>Oman hahmon saapumiseen kulunut aika (extra kappale, Mattycollector): <\/strong>29 p\u00e4iv\u00e4\u00e4 (21 arkip\u00e4iv\u00e4\u00e4)<\/p>\n<p>&nbsp;<\/p>\n<h2><span style=\"font-size: x-large;\">L\u00e4hikuvat<\/span><\/h2>\n<p><a href=\"http:\/\/motu.eurokolikonmaailma.fi\/kuvat\/King_Hssss\/hssss_closeup_human.jpg\"><img loading=\"lazy\" decoding=\"async\" title=\"King Hssss l\u00e4hikuva ihmismuoto\" src=\"http:\/\/motu.eurokolikonmaailma.fi\/kuvat\/King_Hssss\/hssss_closeup_human.jpg\" alt=\"\" width=\"321\" height=\"343\" \/><\/a><a href=\"http:\/\/motu.eurokolikonmaailma.fi\/kuvat\/King_Hssss\/hssss_closeup_snake.jpg\"><img loading=\"lazy\" decoding=\"async\" title=\"King Hssss l\u00e4hikuva k\u00e4\u00e4rmemuoto\" src=\"http:\/\/motu.eurokolikonmaailma.fi\/kuvat\/King_Hssss\/hssss_closeup_snake.jpg\" alt=\"\" width=\"441\" height=\"333\" \/><\/a><\/p>\n<p>&nbsp;<\/p>\n<p>&nbsp;<\/p>\n<h2><span style=\"font-size: x-large;\">Kokovartalokuvat<\/span><br \/>\n<a href=\"http:\/\/motu.eurokolikonmaailma.fi\/kuvat\/King_Hssss\/hssss_main.jpg\"><img loading=\"lazy\" decoding=\"async\" title=\"King Hssss ihmismuoto t\u00e4ydess\u00e4 varustuksessa\" src=\"http:\/\/motu.eurokolikonmaailma.fi\/kuvat\/King_Hssss\/hssss_main.jpg\" alt=\"\" width=\"340\" height=\"490\" \/><\/a><br \/>\n<a href=\"http:\/\/motu.eurokolikonmaailma.fi\/kuvat\/King_Hssss\/hssss_front_human.jpg\"><img loading=\"lazy\" decoding=\"async\" title=\"King Hssss ihmismuoto edest\u00e4\" src=\"http:\/\/motu.eurokolikonmaailma.fi\/kuvat\/King_Hssss\/hssss_front_human.jpg\" alt=\"\" width=\"296\" height=\"490\" \/><\/a> <a href=\"http:\/\/motu.eurokolikonmaailma.fi\/kuvat\/King_Hssss\/hssss_angled2_human.jpg\"><img loading=\"lazy\" decoding=\"async\" title=\"King Hssss ihmismuoto sivukuva 1\" src=\"http:\/\/motu.eurokolikonmaailma.fi\/kuvat\/King_Hssss\/hssss_angled2_human.jpg\" alt=\"\" width=\"214\" height=\"490\" \/><\/a> <a href=\"http:\/\/motu.eurokolikonmaailma.fi\/kuvat\/King_Hssss\/hssss_angled1_human.jpg\"><img loading=\"lazy\" decoding=\"async\" title=\"King Hssss ihmismuoto sivukuva 2\" src=\"http:\/\/motu.eurokolikonmaailma.fi\/kuvat\/King_Hssss\/hssss_angled1_human.jpg\" alt=\"\" width=\"202\" height=\"490\" \/><\/a><br \/>\n<a href=\"http:\/\/motu.eurokolikonmaailma.fi\/kuvat\/King_Hssss\/hssss_back_human.jpg\"><img loading=\"lazy\" decoding=\"async\" title=\"King Hssss ihmismuoto takaa\" src=\"http:\/\/motu.eurokolikonmaailma.fi\/kuvat\/King_Hssss\/hssss_back_human.jpg\" alt=\"\" width=\"279\" height=\"490\" \/><\/a><br \/>\n<a href=\"http:\/\/motu.eurokolikonmaailma.fi\/kuvat\/King_Hssss\/hssss_front_snake.jpg\"><img loading=\"lazy\" decoding=\"async\" title=\"King Hssss k\u00e4\u00e4rmemuoto edest\u00e4\" src=\"http:\/\/motu.eurokolikonmaailma.fi\/kuvat\/King_Hssss\/hssss_front_snake.jpg\" alt=\"\" width=\"255\" height=\"490\" \/><\/a><a href=\"http:\/\/motu.eurokolikonmaailma.fi\/kuvat\/King_Hssss\/hssss_angled2_snake.jpg\"><img loading=\"lazy\" decoding=\"async\" title=\"King Hssss k\u00e4\u00e4rmemuoto sivukuva 1\" src=\"http:\/\/motu.eurokolikonmaailma.fi\/kuvat\/King_Hssss\/hssss_angled2_snake.jpg\" alt=\"\" width=\"237\" height=\"490\" \/><\/a><a href=\"http:\/\/motu.eurokolikonmaailma.fi\/kuvat\/King_Hssss\/hssss_angled1_snake.jpg\"><img loading=\"lazy\" decoding=\"async\" title=\"King Hssss k\u00e4\u00e4rmemuoto sivukuva 2\" src=\"http:\/\/motu.eurokolikonmaailma.fi\/kuvat\/King_Hssss\/hssss_angled1_snake.jpg\" alt=\"\" width=\"228\" height=\"490\" \/><\/a><br \/>\n<a href=\"http:\/\/motu.eurokolikonmaailma.fi\/kuvat\/King_Hssss\/hssss_back_snake.jpg\"><img loading=\"lazy\" decoding=\"async\" title=\"King Hssss k\u00e4\u00e4rmemuoto takaa\" src=\"http:\/\/motu.eurokolikonmaailma.fi\/kuvat\/King_Hssss\/hssss_back_snake.jpg\" alt=\"\" width=\"242\" height=\"490\" \/><\/a><a href=\"http:\/\/motu.eurokolikonmaailma.fi\/kuvat\/King_Hssss\/hssss_bodyparts.jpg\"><img loading=\"lazy\" decoding=\"async\" title=\"King Hssss ruumiinosat\" src=\"http:\/\/motu.eurokolikonmaailma.fi\/kuvat\/King_Hssss\/hssss_bodyparts.jpg\" alt=\"\" width=\"490\" height=\"329\" \/><\/a><\/h2>\n<p>&nbsp;<\/p>\n<p>&nbsp;<\/p>\n<h2><span style=\"font-size: x-large;\">Varusteet<\/span><\/h2>\n<p><a href=\"http:\/\/motu.eurokolikonmaailma.fi\/kuvat\/King_Hssss\/hssss_weapons.jpg\"><img loading=\"lazy\" decoding=\"async\" title=\"King Hssss varusteet: kilpi ja sauva\" src=\"http:\/\/motu.eurokolikonmaailma.fi\/kuvat\/King_Hssss\/hssss_weapons.jpg\" alt=\"\" width=\"490\" height=\"280\" \/><\/a><\/p>\n<h2>Videoesittelyni hahmosta:<\/h2>\n<p><strong>Suomi:<\/strong><\/p>\n<p><iframe loading=\"lazy\" title=\"Masters of the Universe Classics King Hssss (Finnish)\" width=\"640\" height=\"360\" src=\"https:\/\/www.youtube.com\/embed\/qQIDvET-Rpw?feature=oembed\" frameborder=\"0\" allow=\"accelerometer; autoplay; clipboard-write; encrypted-media; gyroscope; picture-in-picture; web-share\" referrerpolicy=\"strict-origin-when-cross-origin\" allowfullscreen><\/iframe><\/p>\n<p><strong>In English:<\/strong><\/p>\n<p><iframe loading=\"lazy\" title=\"Masters of the Universe Classics King Hssss (English)\" width=\"640\" height=\"360\" src=\"https:\/\/www.youtube.com\/embed\/neesqZQ7ZK8?feature=oembed\" frameborder=\"0\" allow=\"accelerometer; autoplay; clipboard-write; encrypted-media; gyroscope; picture-in-picture; web-share\" referrerpolicy=\"strict-origin-when-cross-origin\" allowfullscreen><\/iframe><\/p>\n<p>&nbsp;<\/p>\n","protected":false},"excerpt":{"rendered":"<p>Tuotekoodi: T5794 King Hssss &#8211; Dreadful Disguised Leader of the Snake Men! aaaaa Hahmo (1. julkaisu) tuli myyntiin kahdessa e\u00e4ss\u00e4, koska kaikki hahmot eiv\u00e4t saapuneet ajoissa maaliskuun 15. myyntip\u00e4iv\u00e4\u00e4n menness\u00e4. Hahmon 1. ja viimeisell\u00e4 julkaisuversiolla oli v\u00e4\u00e4r\u00e4npuoleiset olkap\u00e4\u00e4t. Oikea nimi: &hellip; <a href=\"https:\/\/www.eurokolikonmaailma.fi\/?page_id=268\">Lue loppuun <span class=\"meta-nav\">&rarr;<\/span><\/a><\/p>\n","protected":false},"author":1,"featured_media":0,"parent":294,"menu_order":0,"comment_status":"open","ping_status":"closed","template":"","meta":{"footnotes":""},"class_list":["post-268","page","type-page","status-publish","hentry"],"_links":{"self":[{"href":"https:\/\/www.eurokolikonmaailma.fi\/index.php?rest_route=\/wp\/v2\/pages\/268","targetHints":{"allow":["GET"]}}],"collection":[{"href":"https:\/\/www.eurokolikonmaailma.fi\/index.php?rest_route=\/wp\/v2\/pages"}],"about":[{"href":"https:\/\/www.eurokolikonmaailma.fi\/index.php?rest_route=\/wp\/v2\/types\/page"}],"author":[{"embeddable":true,"href":"https:\/\/www.eurokolikonmaailma.fi\/index.php?rest_route=\/wp\/v2\/users\/1"}],"replies":[{"embeddable":true,"href":"https:\/\/www.eurokolikonmaailma.fi\/index.php?rest_route=%2Fwp%2Fv2%2Fcomments&post=268"}],"version-history":[{"count":15,"href":"https:\/\/www.eurokolikonmaailma.fi\/index.php?rest_route=\/wp\/v2\/pages\/268\/revisions"}],"predecessor-version":[{"id":5690,"href":"https:\/\/www.eurokolikonmaailma.fi\/index.php?rest_route=\/wp\/v2\/pages\/268\/revisions\/5690"}],"up":[{"embeddable":true,"href":"https:\/\/www.eurokolikonmaailma.fi\/index.php?rest_route=\/wp\/v2\/pages\/294"}],"wp:attachment":[{"href":"https:\/\/www.eurokolikonmaailma.fi\/index.php?rest_route=%2Fwp%2Fv2%2Fmedia&parent=268"}],"curies":[{"name":"wp","href":"https:\/\/api.w.org\/{rel}","templated":true}]}}