{"id":2659,"date":"2012-11-06T15:07:38","date_gmt":"2012-11-06T13:07:38","guid":{"rendered":"http:\/\/www.eurokolikonmaailma.fi\/?page_id=2659"},"modified":"2025-05-30T15:33:04","modified_gmt":"2025-05-30T12:33:04","slug":"castle-grayskullman","status":"publish","type":"page","link":"https:\/\/www.eurokolikonmaailma.fi\/?page_id=2659","title":{"rendered":"Castle Grayskullman"},"content":{"rendered":"<p><img loading=\"lazy\" decoding=\"async\" style=\"line-height: 24px;\" src=\"http:\/\/motu.eurokolikonmaailma.fi\/kuvat\/CastleGrayskullman\/motuc.1.jpg\" alt=\"\" width=\"125\" height=\"48\" \/><img loading=\"lazy\" decoding=\"async\" style=\"line-height: 24px;\" src=\"http:\/\/motu.eurokolikonmaailma.fi\/kuvat\/CastleGrayskullman\/clubMOTU30th_fullsizeimage.jpg\" alt=\"\" width=\"44\" height=\"48\" \/><img loading=\"lazy\" decoding=\"async\" style=\"line-height: 24px;\" src=\"http:\/\/motu.eurokolikonmaailma.fi\/kuvat\/CastleGrayskullman\/30th_MOTUClogo.jpg\" alt=\"\" width=\"58\" height=\"48\" \/><br style=\"line-height: 24px;\" \/><span style=\"line-height: 24px;\" data-mce-mark=\"1\">Tuotekoodi:\u00a0W8895<\/span><\/p>\n<h1>Castle Grayskullman<br \/>\n&#8211; Heroic Embodiment of Castle Grayskull<\/h1>\n<p><img loading=\"lazy\" decoding=\"async\" style=\"-webkit-user-select: none;\" src=\"http:\/\/motu.eurokolikonmaailma.fi\/kuvat\/CastleGrayskullman\/W8895_fullsizeimage04.jpg\" alt=\"\" width=\"215\" height=\"300\" \/>\u00a0 \u00a0 \u00a0<img decoding=\"async\" style=\"-webkit-user-select: none;\" src=\"http:\/\/motu.eurokolikonmaailma.fi\/kuvat\/CastleGrayskullman\/W8895_fullsizeimage05.jpg\" alt=\"\" \/><\/p>\n<p><em>Masters of The Universe 30-vuotta juhlahahmo 6\/6. T\u00e4m\u00e4 hahmo on vuoden 2011 Masters of the Universe luo-hahmo-kilpailun voittajahahmo, jonka on luonut Daniel Benedict<\/em><em>.<\/em><\/p>\n<p><strong>Oikea nimi:<\/strong> ei ole<\/p>\n<p>During the Second Ultimate Battleground, Hordak\u00ae and King Hssss\u2019 grand army pressed in against the allied heroes of Eternia\u00ae. In the darkest moment of battle, all hope seemed lost as many heroes fell, including\u00a0<em>Snake<\/em>\u00a0Man-At-Arms\u00ae and Stratos\u00ae. Reaching out through the Orb of Power, hidden deep inside Castle Grayskull\u00ae, He-Man\u00ae and the new Sorceress\u00ae used an unrepeatable spell to call upon the Powers of Grayskull\u2122 and infuse life into the very spirit of the castle itself. Rising from the castle\u2019s hidden Chamber of Defense; Castle Grayskullman\u2122 marched into battle, swinging his dual swords of power, helping to turn the tide.<\/p>\n<p><em>Toisen Ultimaalisen Teistelukent\u00e4n aikana, Hordak ja kuningas Hssss:n suurarmeija painoi Eternian yhdistyneiden sankareiden joukkoja vastaan. Taistelun pimeimp\u00e4n\u00e4 hetken\u00e4, kaikki toivo n\u00e4ytti olevan mennytt\u00e4 kun useiden sankarien kaatuessa, mukaan lukien K\u00e4\u00e4rme Asemies ja Stratos. K\u00e4ytt\u00e4en hyv\u00e4kseen syv\u00e4lle P\u00e4\u00e4kallolinnan uumeniin piilotettua Voimakuulaa, He-Man ja uusi Velhotar tekiv\u00e4t toistamattoman loitsun kutsuakseen P\u00e4\u00e4kallolinnan mahtia ja her\u00e4tt\u00e4\u00e4kseen linnan hengen. Nousten linnan piilotetusta Puolustuksen kammiosta: Castle Grayskullman (P\u00e4\u00e4kallolinnamies) marssi taisteluun, heiluttaen kaksoisvoimamiekkojaan jaauttaen k\u00e4\u00e4nt\u00e4m\u00e4\u00e4n taistelun kulun.<\/em><\/p>\n<h2>Videoesittelyni hahmosta:<\/h2>\n<p><strong>Suomi<\/strong><\/p>\n<p><iframe loading=\"lazy\" title=\"MOTUC Castle Grayskullman esittely\/arvostelu\" width=\"640\" height=\"360\" src=\"https:\/\/www.youtube.com\/embed\/zLyu5L0UucQ?feature=oembed\" frameborder=\"0\" allow=\"accelerometer; autoplay; clipboard-write; encrypted-media; gyroscope; picture-in-picture; web-share\" referrerpolicy=\"strict-origin-when-cross-origin\" allowfullscreen><\/iframe><\/p>\n<p><strong>In English<\/strong><\/p>\n<p><iframe loading=\"lazy\" title=\"MOTUC Castle Grayskullman Review (English)\" width=\"640\" height=\"360\" src=\"https:\/\/www.youtube.com\/embed\/f5XdTB_I_kM?feature=oembed\" frameborder=\"0\" allow=\"accelerometer; autoplay; clipboard-write; encrypted-media; gyroscope; picture-in-picture; web-share\" referrerpolicy=\"strict-origin-when-cross-origin\" allowfullscreen><\/iframe><\/p>\n","protected":false},"excerpt":{"rendered":"<p>Tuotekoodi:\u00a0W8895 Castle Grayskullman &#8211; Heroic Embodiment of Castle Grayskull \u00a0 \u00a0 \u00a0 Masters of The Universe 30-vuotta juhlahahmo 6\/6. T\u00e4m\u00e4 hahmo on vuoden 2011 Masters of the Universe luo-hahmo-kilpailun voittajahahmo, jonka on luonut Daniel Benedict. Oikea nimi: ei ole During &hellip; <a href=\"https:\/\/www.eurokolikonmaailma.fi\/?page_id=2659\">Lue loppuun <span class=\"meta-nav\">&rarr;<\/span><\/a><\/p>\n","protected":false},"author":1,"featured_media":0,"parent":1478,"menu_order":0,"comment_status":"open","ping_status":"open","template":"","meta":{"footnotes":""},"class_list":["post-2659","page","type-page","status-publish","hentry"],"_links":{"self":[{"href":"https:\/\/www.eurokolikonmaailma.fi\/index.php?rest_route=\/wp\/v2\/pages\/2659","targetHints":{"allow":["GET"]}}],"collection":[{"href":"https:\/\/www.eurokolikonmaailma.fi\/index.php?rest_route=\/wp\/v2\/pages"}],"about":[{"href":"https:\/\/www.eurokolikonmaailma.fi\/index.php?rest_route=\/wp\/v2\/types\/page"}],"author":[{"embeddable":true,"href":"https:\/\/www.eurokolikonmaailma.fi\/index.php?rest_route=\/wp\/v2\/users\/1"}],"replies":[{"embeddable":true,"href":"https:\/\/www.eurokolikonmaailma.fi\/index.php?rest_route=%2Fwp%2Fv2%2Fcomments&post=2659"}],"version-history":[{"count":7,"href":"https:\/\/www.eurokolikonmaailma.fi\/index.php?rest_route=\/wp\/v2\/pages\/2659\/revisions"}],"predecessor-version":[{"id":5713,"href":"https:\/\/www.eurokolikonmaailma.fi\/index.php?rest_route=\/wp\/v2\/pages\/2659\/revisions\/5713"}],"up":[{"embeddable":true,"href":"https:\/\/www.eurokolikonmaailma.fi\/index.php?rest_route=\/wp\/v2\/pages\/1478"}],"wp:attachment":[{"href":"https:\/\/www.eurokolikonmaailma.fi\/index.php?rest_route=%2Fwp%2Fv2%2Fmedia&parent=2659"}],"curies":[{"name":"wp","href":"https:\/\/api.w.org\/{rel}","templated":true}]}}