{"id":2655,"date":"2012-11-06T14:51:13","date_gmt":"2012-11-06T12:51:13","guid":{"rendered":"http:\/\/www.eurokolikonmaailma.fi\/?page_id=2655"},"modified":"2012-11-06T14:51:13","modified_gmt":"2012-11-06T12:51:13","slug":"palace-eternos-king-randor","status":"publish","type":"page","link":"https:\/\/www.eurokolikonmaailma.fi\/?page_id=2655","title":{"rendered":"Palace Eternos King Randor"},"content":{"rendered":"<p><img loading=\"lazy\" decoding=\"async\" style=\"color: #000000; font-family: 'Times New Roman'; line-height: normal; font-size: medium; font-weight: bold; width: 123px; height: 47px;\" src=\"http:\/\/motu.eurokolikonmaailma.fi\/kuvat\/pe_Randor\/motuc.1.jpg\" alt=\"\" width=\"580\" height=\"221\" \/><img loading=\"lazy\" decoding=\"async\" style=\"color: #000000; font-family: 'Times New Roman'; line-height: normal; font-size: medium; font-weight: bold; width: 46px; height: 47px;\" src=\"http:\/\/motu.eurokolikonmaailma.fi\/kuvat\/pe_Randor\/clubeternia_burst.gif\" alt=\"\" width=\"79\" height=\"80\" \/><img loading=\"lazy\" decoding=\"async\" style=\"color: #000000; font-family: 'Times New Roman'; line-height: normal; font-size: medium; font-weight: bold; width: 57px; height: 47px;\" src=\"http:\/\/motu.eurokolikonmaailma.fi\/kuvat\/pe_Randor\/30th_MOTUClogo.jpg\" alt=\"\" width=\"1034\" height=\"846\" \/><br style=\"color: #000000; font-family: 'Times New Roman'; font-size: medium; font-weight: bold; line-height: normal;\" \/><span style=\"color: #000000; font-family: 'Times New Roman'; font-size: medium; line-height: normal;\">Tuotekoodi:\u00a0W8897<\/span><\/p>\n<h1>King Randor<br \/>\n&#8211; Eternos Palace<\/h1>\n<p><img loading=\"lazy\" decoding=\"async\" style=\"-webkit-user-select: none;\" src=\"http:\/\/motu.eurokolikonmaailma.fi\/kuvat\/pe_Randor\/W8897_fullsizeimage03.jpg\" alt=\"\" width=\"216\" height=\"302\" \/>\u00a0 \u00a0 \u00a0<img decoding=\"async\" style=\"-webkit-user-select: none;\" src=\"http:\/\/motu.eurokolikonmaailma.fi\/kuvat\/pe_Randor\/W8897_fullsizeimage04.jpg\" alt=\"\" \/><\/p>\n<p><strong>Oikea nimi:<\/strong> Randor of the House of Miro<\/p>\n<p>Shortly after his father was thrown into Despondos by Count Marzo, Randor&#8217;s older brother was banished from the Royal palace, leaving Eternia without a king. Randor continued to act as Captain of the Guard leading the royal armies against their enemies, including Keldor who had returned from exile with an army of outcasts and escaped convicts. Finally besting Keldor in single combat, Randor mortally wounded his half-brother and ordered a mystic wall erected to keep him and his warriors magically bound to the Dark Hemisphere. For ending The Great Unrest, the Council of Elders agreed to set aside Eternian laws of kingship and gave Randor the crown, despite not being the first born. King Randor heroically raises his staff, declaring his rule over all Eternia.<\/p>\n<p><em>Pian sen j\u00e4lkeen h\u00e4nen is\u00e4ns\u00e4 oli heitetty Despondosiin Count Marzon toimesta, Randorin vanhempi veli karkoitettiin kuninkaallisesta palatsista, j\u00e4tt\u00e4en Eternian ilman Kuningasta. Randor jatkoi kaartin kapteenina johtaen kuninkaallisen armeijan vihollisia, kuten my\u00f6s karkoituksesta palanneen Keldorin henkipattojen ja karanneiden vankien armeijaa vastaan. Lopulta peitoten Keldorin taistelussa, Randor kuolettavasti haavoitti velipuoltaan ja k\u00e4ski pystytt\u00e4\u00e4 Mystisen Muurin, joka pit\u00e4isi Keldorin ja h\u00e4nen soturinsa maagisesti sidottuina Eternian pime\u00e4lle puolelle. Randorin p\u00e4\u00e4tetty\u00e4 Suuren Levottomuuden, Vanhimpien Neuvosto p\u00e4\u00e4tti ohittaa Eternian lait kuninkuudesta ja antoi kruunun Randorille, vaikkei h\u00e4n ollut esikoinen. Kuningas Randor sankarillisesti kohottaa sauvansa, julistaen valtansa Eternialle.<\/em><\/p>\n","protected":false},"excerpt":{"rendered":"<p>Tuotekoodi:\u00a0W8897 King Randor &#8211; Eternos Palace \u00a0 \u00a0 \u00a0 Oikea nimi: Randor of the House of Miro Shortly after his father was thrown into Despondos by Count Marzo, Randor&#8217;s older brother was banished from the Royal palace, leaving Eternia without &hellip; <a href=\"https:\/\/www.eurokolikonmaailma.fi\/?page_id=2655\">Lue loppuun <span class=\"meta-nav\">&rarr;<\/span><\/a><\/p>\n","protected":false},"author":1,"featured_media":0,"parent":1478,"menu_order":0,"comment_status":"open","ping_status":"open","template":"","meta":{"footnotes":""},"class_list":["post-2655","page","type-page","status-publish","hentry"],"_links":{"self":[{"href":"https:\/\/www.eurokolikonmaailma.fi\/index.php?rest_route=\/wp\/v2\/pages\/2655","targetHints":{"allow":["GET"]}}],"collection":[{"href":"https:\/\/www.eurokolikonmaailma.fi\/index.php?rest_route=\/wp\/v2\/pages"}],"about":[{"href":"https:\/\/www.eurokolikonmaailma.fi\/index.php?rest_route=\/wp\/v2\/types\/page"}],"author":[{"embeddable":true,"href":"https:\/\/www.eurokolikonmaailma.fi\/index.php?rest_route=\/wp\/v2\/users\/1"}],"replies":[{"embeddable":true,"href":"https:\/\/www.eurokolikonmaailma.fi\/index.php?rest_route=%2Fwp%2Fv2%2Fcomments&post=2655"}],"version-history":[{"count":2,"href":"https:\/\/www.eurokolikonmaailma.fi\/index.php?rest_route=\/wp\/v2\/pages\/2655\/revisions"}],"predecessor-version":[{"id":2657,"href":"https:\/\/www.eurokolikonmaailma.fi\/index.php?rest_route=\/wp\/v2\/pages\/2655\/revisions\/2657"}],"up":[{"embeddable":true,"href":"https:\/\/www.eurokolikonmaailma.fi\/index.php?rest_route=\/wp\/v2\/pages\/1478"}],"wp:attachment":[{"href":"https:\/\/www.eurokolikonmaailma.fi\/index.php?rest_route=%2Fwp%2Fv2%2Fmedia&parent=2655"}],"curies":[{"name":"wp","href":"https:\/\/api.w.org\/{rel}","templated":true}]}}