{"id":2651,"date":"2012-11-06T14:41:32","date_gmt":"2012-11-06T12:41:32","guid":{"rendered":"http:\/\/www.eurokolikonmaailma.fi\/?page_id=2651"},"modified":"2012-11-06T14:41:32","modified_gmt":"2012-11-06T12:41:32","slug":"dekker","status":"publish","type":"page","link":"https:\/\/www.eurokolikonmaailma.fi\/?page_id=2651","title":{"rendered":"Dekker"},"content":{"rendered":"<p><img loading=\"lazy\" decoding=\"async\" style=\"color: #000000; font-family: 'Times New Roman'; line-height: normal; font-size: medium; font-weight: bold; width: 123px; height: 47px;\" src=\"http:\/\/motu.eurokolikonmaailma.fi\/kuvat\/Dekker\/motuc.1.jpg\" alt=\"\" width=\"580\" height=\"221\" \/><img loading=\"lazy\" decoding=\"async\" style=\"color: #000000; font-family: 'Times New Roman'; line-height: normal; font-size: medium; font-weight: bold; width: 46px; height: 47px;\" src=\"http:\/\/motu.eurokolikonmaailma.fi\/kuvat\/Dekker\/clubeternia_burst.gif\" alt=\"\" width=\"79\" height=\"80\" \/><img loading=\"lazy\" decoding=\"async\" style=\"color: #000000; font-family: 'Times New Roman'; line-height: normal; font-size: medium; font-weight: bold; width: 57px; height: 47px;\" src=\"http:\/\/motu.eurokolikonmaailma.fi\/kuvat\/Dekker\/30th_MOTUClogo.jpg\" alt=\"\" width=\"1034\" height=\"846\" \/><br style=\"color: #000000; font-family: 'Times New Roman'; font-size: medium; font-weight: bold; line-height: normal;\" \/><span style=\"color: #000000; font-family: 'Times New Roman'; font-size: medium; line-height: normal;\">Tuotekoodi: W8899<\/span><\/p>\n<h1>Dekker<br \/>\n&#8211; Heroic Trainer-Of-Arms<\/h1>\n<p><img loading=\"lazy\" decoding=\"async\" style=\"-webkit-user-select: none;\" src=\"http:\/\/motu.eurokolikonmaailma.fi\/kuvat\/Dekker\/W8899_fullsizeimage04.jpg\" alt=\"\" width=\"216\" height=\"303\" \/>\u00a0 \u00a0 \u00a0<img decoding=\"async\" style=\"-webkit-user-select: none;\" src=\"http:\/\/motu.eurokolikonmaailma.fi\/kuvat\/Dekker\/W8899_fullsizeimage05.jpg\" alt=\"\" \/><\/p>\n<p><strong>Oikea nimi:<\/strong> Dekker<\/p>\n<p>Originally a mercenary from the Dunes of Doom, Dekker\u2122 switched sides during one of the early battles of the Great Unrest and fought with King Miro\u2122 against Marzo\u2019s tyranny. His wisdom and courage quickly lead to his appointment as Miro\u2019s Man-At-Arms\u00ae, leading and training the royal soldiers. Throughout these battles Dekker\u2122 took a young prodigy named Duncan\u2122 under his wing, traveling throughout Eternia\u00ae, fighting evil together. In time, Dekker\u2122 retired to Orkas Island, passing his title and duties to his former apprentice and sidekick. Although he now enjoys the simple life of a fisherman, the ever-present forces of evil occasionally call him back to fight for justice along side the heroic Masters of the Universe\u00ae.<\/p>\n<p><em>Alunperin palkkasoturi Tuomion Dyyneilt\u00e4, Dekker vaihtoi puolta er\u00e4\u00e4n Suuren Levottomuuden alkuaikojen taistelun aikana ja taisteli yhdess\u00e4 kuningas Miron kanssa Marzon tyranniaa vastaan. H\u00e4nen viisautensa ja rohkeutensa nopeasti johti siihen, ett\u00e4 h\u00e4net nimettiin Miron asemieheksi, johtaen ja kouluttaen kuninkaallisia joukkoja. L\u00e4pi n\u00e4iden taistelujen, Dekker otti nuoren ihmelapsen nimelt\u00e4\u00e4n Duncan siipens\u00e4 alle, matkaten helki Eterniaa, taistellen yhdess\u00e4 pahaa vastaan. Aikanaan, Dekker siirtyi el\u00e4kkeelle Orcas saarelle, luovuttaen tittelins\u00e4 ja velvollisuutensa entiselle oppipojalleeen ja apurilleen. Vaikka h\u00e4n nyt nauttiikin yksinkertaisesta el\u00e4m\u00e4st\u00e4 kalastajana, jatkuvasti l\u00e4sn\u00e4 olevat pahuuden voimat toisinaan kutsuvat h\u00e4net takaisin taisteluun oikeudenmukaisuuden puolesta yhdess\u00e4 Masters of the Universe -ryhm\u00e4n kanssa.<\/em><\/p>\n","protected":false},"excerpt":{"rendered":"<p>Tuotekoodi: W8899 Dekker &#8211; Heroic Trainer-Of-Arms \u00a0 \u00a0 \u00a0 Oikea nimi: Dekker Originally a mercenary from the Dunes of Doom, Dekker\u2122 switched sides during one of the early battles of the Great Unrest and fought with King Miro\u2122 against Marzo\u2019s &hellip; <a href=\"https:\/\/www.eurokolikonmaailma.fi\/?page_id=2651\">Lue loppuun <span class=\"meta-nav\">&rarr;<\/span><\/a><\/p>\n","protected":false},"author":1,"featured_media":0,"parent":1478,"menu_order":0,"comment_status":"open","ping_status":"open","template":"","meta":{"footnotes":""},"class_list":["post-2651","page","type-page","status-publish","hentry"],"_links":{"self":[{"href":"https:\/\/www.eurokolikonmaailma.fi\/index.php?rest_route=\/wp\/v2\/pages\/2651","targetHints":{"allow":["GET"]}}],"collection":[{"href":"https:\/\/www.eurokolikonmaailma.fi\/index.php?rest_route=\/wp\/v2\/pages"}],"about":[{"href":"https:\/\/www.eurokolikonmaailma.fi\/index.php?rest_route=\/wp\/v2\/types\/page"}],"author":[{"embeddable":true,"href":"https:\/\/www.eurokolikonmaailma.fi\/index.php?rest_route=\/wp\/v2\/users\/1"}],"replies":[{"embeddable":true,"href":"https:\/\/www.eurokolikonmaailma.fi\/index.php?rest_route=%2Fwp%2Fv2%2Fcomments&post=2651"}],"version-history":[{"count":2,"href":"https:\/\/www.eurokolikonmaailma.fi\/index.php?rest_route=\/wp\/v2\/pages\/2651\/revisions"}],"predecessor-version":[{"id":2653,"href":"https:\/\/www.eurokolikonmaailma.fi\/index.php?rest_route=\/wp\/v2\/pages\/2651\/revisions\/2653"}],"up":[{"embeddable":true,"href":"https:\/\/www.eurokolikonmaailma.fi\/index.php?rest_route=\/wp\/v2\/pages\/1478"}],"wp:attachment":[{"href":"https:\/\/www.eurokolikonmaailma.fi\/index.php?rest_route=%2Fwp%2Fv2%2Fmedia&parent=2651"}],"curies":[{"name":"wp","href":"https:\/\/api.w.org\/{rel}","templated":true}]}}