{"id":2637,"date":"2012-10-13T14:52:20","date_gmt":"2012-10-13T11:52:20","guid":{"rendered":"http:\/\/www.eurokolikonmaailma.fi\/?page_id=2637"},"modified":"2023-07-29T23:05:01","modified_gmt":"2023-07-29T20:05:01","slug":"masters-of-the-universe-chapter-7","status":"publish","type":"page","link":"https:\/\/www.eurokolikonmaailma.fi\/?page_id=2637","title":{"rendered":"Masters of the Universe, Chapter 7"},"content":{"rendered":"<h1>Masters of the Universe, Chapter 7<br \/>\n&#8211; \u00a0Trap Jaw ($0,99)<\/h1>\n<p><a href=\"http:\/\/motu.eurokolikonmaailma.fi\/kuvat\/sarjis\/muds_07_smallcover.jpg\" target=\"_blank\" rel=\"noopener\"><img loading=\"lazy\" decoding=\"async\" title=\"MOTU digisarjis numero 7 kansi\" src=\"http:\/\/motu.eurokolikonmaailma.fi\/kuvat\/sarjis\/muds_07_smallcover.jpg\" alt=\"\" width=\"324\" height=\"498\" \/><\/a><\/p>\n<p>T\u00e4m\u00e4 on seitsem\u00e4s osa DC Comics:n vuonna 2012 julkaisemista MOTU digisarjakuvista.<br \/>\nPrinttiversio julkaistu Masters of the Universe Paperback Volume 2:ssa.<\/p>\n<p>Julkaisuaika: 13. lokakuuta 2012<\/p>\n<p><strong>Tekij\u00e4t<\/strong><\/p>\n<p><strong>Tarina:<\/strong>\u00a0Kyle Higgins<br \/>\n<strong>Kuvitus:<\/strong>\u00a0Mike S. Miller<br \/>\n<strong>V\u00e4rit:<\/strong> Tony Avi\u00f1a<br \/>\n<strong>Tekstitt\u00e4j\u00e4:<\/strong>\u00a0Deron Bennett<br \/>\n<strong>Toimittaja:<\/strong>\u00a0Michael McCalister<br \/>\n<strong>Kansi:<\/strong>\u00a0Michael S. Miller &amp;\u00a0Tony Avi\u00f1a<\/p>\n","protected":false},"excerpt":{"rendered":"<p>Masters of the Universe, Chapter 7 &#8211; \u00a0Trap Jaw ($0,99) T\u00e4m\u00e4 on seitsem\u00e4s osa DC Comics:n vuonna 2012 julkaisemista MOTU digisarjakuvista. Printtiversio julkaistu Masters of the Universe Paperback Volume 2:ssa. Julkaisuaika: 13. lokakuuta 2012 Tekij\u00e4t Tarina:\u00a0Kyle Higgins Kuvitus:\u00a0Mike S. Miller &hellip; <a href=\"https:\/\/www.eurokolikonmaailma.fi\/?page_id=2637\">Lue loppuun <span class=\"meta-nav\">&rarr;<\/span><\/a><\/p>\n","protected":false},"author":1,"featured_media":0,"parent":4998,"menu_order":0,"comment_status":"open","ping_status":"closed","template":"","meta":{"footnotes":""},"class_list":["post-2637","page","type-page","status-publish","hentry"],"_links":{"self":[{"href":"https:\/\/www.eurokolikonmaailma.fi\/index.php?rest_route=\/wp\/v2\/pages\/2637","targetHints":{"allow":["GET"]}}],"collection":[{"href":"https:\/\/www.eurokolikonmaailma.fi\/index.php?rest_route=\/wp\/v2\/pages"}],"about":[{"href":"https:\/\/www.eurokolikonmaailma.fi\/index.php?rest_route=\/wp\/v2\/types\/page"}],"author":[{"embeddable":true,"href":"https:\/\/www.eurokolikonmaailma.fi\/index.php?rest_route=\/wp\/v2\/users\/1"}],"replies":[{"embeddable":true,"href":"https:\/\/www.eurokolikonmaailma.fi\/index.php?rest_route=%2Fwp%2Fv2%2Fcomments&post=2637"}],"version-history":[{"count":5,"href":"https:\/\/www.eurokolikonmaailma.fi\/index.php?rest_route=\/wp\/v2\/pages\/2637\/revisions"}],"predecessor-version":[{"id":5115,"href":"https:\/\/www.eurokolikonmaailma.fi\/index.php?rest_route=\/wp\/v2\/pages\/2637\/revisions\/5115"}],"up":[{"embeddable":true,"href":"https:\/\/www.eurokolikonmaailma.fi\/index.php?rest_route=\/wp\/v2\/pages\/4998"}],"wp:attachment":[{"href":"https:\/\/www.eurokolikonmaailma.fi\/index.php?rest_route=%2Fwp%2Fv2%2Fmedia&parent=2637"}],"curies":[{"name":"wp","href":"https:\/\/api.w.org\/{rel}","templated":true}]}}