{"id":2629,"date":"2012-10-13T01:40:47","date_gmt":"2012-10-12T22:40:47","guid":{"rendered":"http:\/\/www.eurokolikonmaailma.fi\/?page_id=2629"},"modified":"2012-10-13T01:40:47","modified_gmt":"2012-10-12T22:40:47","slug":"great-unrest-weapons-pak","status":"publish","type":"page","link":"https:\/\/www.eurokolikonmaailma.fi\/?page_id=2629","title":{"rendered":"Great Unrest Weapons Pak"},"content":{"rendered":"<p><img loading=\"lazy\" decoding=\"async\" style=\"line-height: 24px;\" src=\"http:\/\/motu.eurokolikonmaailma.fi\/kuvat\/Weapons_Pak\/motuc.1.jpg\" alt=\"\" width=\"118\" height=\"47\" border=\"0\" \/><br style=\"line-height: 24px;\" \/><span style=\"line-height: 24px;\">Tuotekoodi:\u00a0W8923<\/span><\/p>\n<h1>Great Unrest Weapons Pak<\/h1>\n<p><img decoding=\"async\" style=\"-webkit-user-select: none;\" src=\"http:\/\/motu.eurokolikonmaailma.fi\/kuvat\/Weapons_Pak\/W8923_fullsizeimage02.jpg\" alt=\"\" \/><\/p>\n<p>Pakkaus sis\u00e4lt\u00e4\u00e4 aseita ja varusteita MOTUC hahmoille ($18 \/ pkt)<\/p>\n<p>* Keldorin MYP miekka<br \/>\n* k\u00e4sitykki Asemiehelle<br \/>\n* Horde Primen sauva<br \/>\n* Draego-Manin aseet: liekkiruoska, ei-liekki miekka &amp; kilpi, jossa irrotettava liekkireunus<br \/>\n* Valkea Zoar-lintu<br \/>\n* uudelleen v\u00e4ritetyt versiot Chief Catnivuksen aseista<br \/>\n* uudelleen v\u00e4ritetyt versiot Clawfulin aseista<\/p>\n","protected":false},"excerpt":{"rendered":"<p>Tuotekoodi:\u00a0W8923 Great Unrest Weapons Pak Pakkaus sis\u00e4lt\u00e4\u00e4 aseita ja varusteita MOTUC hahmoille ($18 \/ pkt) * Keldorin MYP miekka * k\u00e4sitykki Asemiehelle * Horde Primen sauva * Draego-Manin aseet: liekkiruoska, ei-liekki miekka &amp; kilpi, jossa irrotettava liekkireunus * Valkea Zoar-lintu &hellip; <a href=\"https:\/\/www.eurokolikonmaailma.fi\/?page_id=2629\">Lue loppuun <span class=\"meta-nav\">&rarr;<\/span><\/a><\/p>\n","protected":false},"author":1,"featured_media":0,"parent":1478,"menu_order":0,"comment_status":"open","ping_status":"open","template":"","meta":{"footnotes":""},"class_list":["post-2629","page","type-page","status-publish","hentry"],"_links":{"self":[{"href":"https:\/\/www.eurokolikonmaailma.fi\/index.php?rest_route=\/wp\/v2\/pages\/2629","targetHints":{"allow":["GET"]}}],"collection":[{"href":"https:\/\/www.eurokolikonmaailma.fi\/index.php?rest_route=\/wp\/v2\/pages"}],"about":[{"href":"https:\/\/www.eurokolikonmaailma.fi\/index.php?rest_route=\/wp\/v2\/types\/page"}],"author":[{"embeddable":true,"href":"https:\/\/www.eurokolikonmaailma.fi\/index.php?rest_route=\/wp\/v2\/users\/1"}],"replies":[{"embeddable":true,"href":"https:\/\/www.eurokolikonmaailma.fi\/index.php?rest_route=%2Fwp%2Fv2%2Fcomments&post=2629"}],"version-history":[{"count":2,"href":"https:\/\/www.eurokolikonmaailma.fi\/index.php?rest_route=\/wp\/v2\/pages\/2629\/revisions"}],"predecessor-version":[{"id":2631,"href":"https:\/\/www.eurokolikonmaailma.fi\/index.php?rest_route=\/wp\/v2\/pages\/2629\/revisions\/2631"}],"up":[{"embeddable":true,"href":"https:\/\/www.eurokolikonmaailma.fi\/index.php?rest_route=\/wp\/v2\/pages\/1478"}],"wp:attachment":[{"href":"https:\/\/www.eurokolikonmaailma.fi\/index.php?rest_route=%2Fwp%2Fv2%2Fmedia&parent=2629"}],"curies":[{"name":"wp","href":"https:\/\/api.w.org\/{rel}","templated":true}]}}