{"id":2624,"date":"2012-10-13T01:30:45","date_gmt":"2012-10-12T22:30:45","guid":{"rendered":"http:\/\/www.eurokolikonmaailma.fi\/?page_id=2624"},"modified":"2025-05-30T16:20:35","modified_gmt":"2025-05-30T13:20:35","slug":"rattlor","status":"publish","type":"page","link":"https:\/\/www.eurokolikonmaailma.fi\/?page_id=2624","title":{"rendered":"Rattlor"},"content":{"rendered":"<p><img loading=\"lazy\" decoding=\"async\" style=\"color: #000000; font-family: 'Times New Roman'; line-height: normal; font-size: medium; font-weight: bold; width: 123px; height: 47px;\" src=\"http:\/\/motu.eurokolikonmaailma.fi\/kuvat\/Rattlor\/motuc.1.jpg\" alt=\"\" width=\"580\" height=\"221\" \/><img loading=\"lazy\" decoding=\"async\" title=\"K\u00e4\u00e4rmemiesten logo\" src=\"http:\/\/motu.eurokolikonmaailma.fi\/kuvat\/Rattlor\/snakelogo.jpg\" alt=\"\" width=\"76\" height=\"48\" \/><img loading=\"lazy\" decoding=\"async\" style=\"color: #000000; font-family: 'Times New Roman'; line-height: normal; font-size: medium; font-weight: bold; width: 46px; height: 47px;\" src=\"http:\/\/motu.eurokolikonmaailma.fi\/kuvat\/Rattlor\/clubeternia_burst.gif\" alt=\"\" width=\"79\" height=\"80\" \/><img loading=\"lazy\" decoding=\"async\" style=\"color: #000000; font-family: 'Times New Roman'; line-height: normal; font-size: medium; font-weight: bold; width: 57px; height: 47px;\" src=\"http:\/\/motu.eurokolikonmaailma.fi\/kuvat\/Rattlor\/30th_MOTUClogo.jpg\" alt=\"\" width=\"1034\" height=\"846\" \/><br style=\"color: #000000; font-family: 'Times New Roman'; font-size: medium; font-weight: bold; line-height: normal;\" \/><span style=\"color: #000000; font-family: 'Times New Roman'; font-size: medium; line-height: normal;\">Tuotekoodi:\u00a0W8910<\/span><\/p>\n<h1>Rattlor<br \/>\n&#8211; Evil Snake Men Creature With The Quick-Strike Head<\/h1>\n<p><img loading=\"lazy\" decoding=\"async\" style=\"-webkit-user-select: none;\" src=\"http:\/\/motu.eurokolikonmaailma.fi\/kuvat\/Rattlor\/W8910_fullsizeimage04.jpg\" alt=\"\" width=\"225\" height=\"314\" \/>\u00a0 \u00a0 \u00a0<img decoding=\"async\" style=\"-webkit-user-select: none;\" src=\"http:\/\/motu.eurokolikonmaailma.fi\/kuvat\/Rattlor\/W8910_fullsizeimage05.jpg\" alt=\"\" \/><\/p>\n<p><strong>Oikea nimi:<\/strong> Seeltyo of the Rattlor House<\/p>\n<p>A loyal leader in King Hssss\u2019 army, Rattlor\u2122 was the first of the Snake Men\u2122 to escape their imprisonment in the Void. He worked with the Snake Men\u2122 descendent Kobra Khan\u2122 to liberate the entire serpent army. Once freed, Hssss quickly began a three-way war against the Masters of the Universe\u00ae and Skeletor\u2019s Evil Warriors, with Rattlor\u2122 leading the attack. Eventually, Khan manipulated Hssss into demoting Rattlor\u2122 and he defected to the evil Horde army. Under Hordak\u00ae, Rattlor\u2122 became known as \u201cThe General\u201d for his keen insight into enemy strategy. After sounding his sinister battle rattle, Rattlor\u2122 lashes out at victims with his terrible quick-strike head!<\/p>\n<p><em>Kuningas Hssss:n armeijan uskollinen johtaja, Rattlor oli ensimm\u00e4inen vankeudestaan palannut K\u00e4\u00e4rmemies. H\u00e4n ty\u00f6skenteli yhdess\u00e4 K\u00e4\u00e4rmemiesten j\u00e4lkel\u00e4isen Kobra Khanin kanssa vapauttaakseen koko matelija-armeijan. Vapaaksi p\u00e4\u00e4sty\u00e4\u00e4n, Hssss pian alkoi sotaan Masters of the Universe -ryhm\u00e4\u00e4 ja Skeletoria vastaan Rattlorin johtaen hy\u00f6kk\u00e4yst\u00e4. Lopulta, Khan manipuloi Hssss:n alentamaan Rattlorin ja h\u00e4n loikkasi Hordiarmeijaan. Hordakin alaisena, Rattlor tunnettiin nimell\u00e4 &#8221;Kenraali&#8221;, johtuen syv\u00e4llisist\u00e4 tiedoistaan vihollisten strategioista. Rattlor hy\u00f6kk\u00e4\u00e4 uhrejaan vastaan kammottavan nopeaiskup\u00e4\u00e4ns\u00e4 kanssa, ensin kalistettuaan uhkaavaa taistelukalinaa h\u00e4nn\u00e4ll\u00e4\u00e4n!<\/em><\/p>\n","protected":false},"excerpt":{"rendered":"<p>Tuotekoodi:\u00a0W8910 Rattlor &#8211; Evil Snake Men Creature With The Quick-Strike Head \u00a0 \u00a0 \u00a0 Oikea nimi: Seeltyo of the Rattlor House A loyal leader in King Hssss\u2019 army, Rattlor\u2122 was the first of the Snake Men\u2122 to escape their imprisonment &hellip; <a href=\"https:\/\/www.eurokolikonmaailma.fi\/?page_id=2624\">Lue loppuun <span class=\"meta-nav\">&rarr;<\/span><\/a><\/p>\n","protected":false},"author":1,"featured_media":0,"parent":1478,"menu_order":0,"comment_status":"open","ping_status":"open","template":"","meta":{"footnotes":""},"class_list":["post-2624","page","type-page","status-publish","hentry"],"_links":{"self":[{"href":"https:\/\/www.eurokolikonmaailma.fi\/index.php?rest_route=\/wp\/v2\/pages\/2624","targetHints":{"allow":["GET"]}}],"collection":[{"href":"https:\/\/www.eurokolikonmaailma.fi\/index.php?rest_route=\/wp\/v2\/pages"}],"about":[{"href":"https:\/\/www.eurokolikonmaailma.fi\/index.php?rest_route=\/wp\/v2\/types\/page"}],"author":[{"embeddable":true,"href":"https:\/\/www.eurokolikonmaailma.fi\/index.php?rest_route=\/wp\/v2\/users\/1"}],"replies":[{"embeddable":true,"href":"https:\/\/www.eurokolikonmaailma.fi\/index.php?rest_route=%2Fwp%2Fv2%2Fcomments&post=2624"}],"version-history":[{"count":4,"href":"https:\/\/www.eurokolikonmaailma.fi\/index.php?rest_route=\/wp\/v2\/pages\/2624\/revisions"}],"predecessor-version":[{"id":5727,"href":"https:\/\/www.eurokolikonmaailma.fi\/index.php?rest_route=\/wp\/v2\/pages\/2624\/revisions\/5727"}],"up":[{"embeddable":true,"href":"https:\/\/www.eurokolikonmaailma.fi\/index.php?rest_route=\/wp\/v2\/pages\/1478"}],"wp:attachment":[{"href":"https:\/\/www.eurokolikonmaailma.fi\/index.php?rest_route=%2Fwp%2Fv2%2Fmedia&parent=2624"}],"curies":[{"name":"wp","href":"https:\/\/api.w.org\/{rel}","templated":true}]}}