{"id":2619,"date":"2012-10-13T01:19:01","date_gmt":"2012-10-12T22:19:01","guid":{"rendered":"http:\/\/www.eurokolikonmaailma.fi\/?page_id=2619"},"modified":"2012-10-13T01:20:20","modified_gmt":"2012-10-12T22:20:20","slug":"2619-2","status":"publish","type":"page","link":"https:\/\/www.eurokolikonmaailma.fi\/?page_id=2619","title":{"rendered":"Frosta"},"content":{"rendered":"<p><img loading=\"lazy\" decoding=\"async\" style=\"color: #000000; font-family: 'Times New Roman'; line-height: normal; font-size: medium; font-weight: bold; width: 123px; height: 47px;\" src=\"http:\/\/motu.eurokolikonmaailma.fi\/kuvat\/Frosta\/motuc.1.jpg\" alt=\"\" width=\"580\" height=\"221\" \/><img loading=\"lazy\" decoding=\"async\" style=\"color: #000000; font-family: 'Times New Roman'; line-height: normal; font-size: medium; font-weight: bold; width: 96px; height: 47px;\" src=\"http:\/\/motu.eurokolikonmaailma.fi\/kuvat\/Frosta\/POP_logo.jpg\" alt=\"\" width=\"500\" height=\"245\" \/><img loading=\"lazy\" decoding=\"async\" style=\"color: #000000; font-family: 'Times New Roman'; line-height: normal; font-size: medium; font-weight: bold; width: 46px; height: 47px;\" src=\"http:\/\/motu.eurokolikonmaailma.fi\/kuvat\/Frosta\/clubeternia_burst.gif\" alt=\"\" width=\"79\" height=\"80\" \/><img loading=\"lazy\" decoding=\"async\" style=\"color: #000000; font-family: 'Times New Roman'; line-height: normal; font-size: medium; font-weight: bold; width: 57px; height: 47px;\" src=\"http:\/\/motu.eurokolikonmaailma.fi\/kuvat\/Frosta\/30th_MOTUClogo.jpg\" alt=\"\" width=\"1034\" height=\"846\" \/><br style=\"color: #000000; font-family: 'Times New Roman'; font-size: medium; font-weight: bold; line-height: normal;\" \/><span style=\"color: #000000; font-family: 'Times New Roman'; font-size: medium; line-height: normal;\">Tuotekoodi:\u00a0W8903<\/span><\/p>\n<h1>Frosta<br \/>\n&#8211; Ice Empress of Etheria<\/h1>\n<p><img loading=\"lazy\" decoding=\"async\" style=\"-webkit-user-select: none;\" src=\"http:\/\/motu.eurokolikonmaailma.fi\/kuvat\/Frosta\/W8903_fullsizeimage02.jpg\" alt=\"\" width=\"208\" height=\"290\" \/>\u00a0 \u00a0 \u00a0<img loading=\"lazy\" decoding=\"async\" style=\"-webkit-user-select: none;\" src=\"http:\/\/motu.eurokolikonmaailma.fi\/kuvat\/Frosta\/W8903_fullsizeimage03.jpg\" alt=\"\" width=\"212\" height=\"290\" \/><\/p>\n<p>Osalla Frosta-hahmoista oli vasemman- ja oikeinpuoleinen kyyn\u00e4rvarsi vaihtaneet paikkaa, jonka vuoksi Mattel antaa kaikille Club Eternia 2012 -j\u00e4senille ilmaisen hyvityslahjan (lahja postitetaan joskun vuoden 2013 aikana).<\/p>\n<p><strong>Oikea nimi:<\/strong> Queen Mackenzie<\/p>\n<p>The beautiful and exotic friend of She-Ra\u00ae, Mackenzie is queen of the Kingdom of Snows, high in the mountains of Etheria. She possesses a magic wand that whistles like the wind and lets her conjure ice spells and freezing rain against her enemies. This power has given her a reputation as the Ice Empress of Etheria\u2122, although she prefers being called Frosta\u2122 by her friends. With the exception of her magic powers, she is otherwise a normal human female. She is sweet, kind and loyal to her allies. Together with She-Ra\u00ae and other members of the Great Rebellion, she traveled through a Laser Gate to Eternia\u00ae joining with the Renegade\u00a0<em>Masters of the Universe<\/em>\u00ae in the continued fight against Hordak\u2019s tyranny! Frosta\u2122 freezes her enemies with her magic spells.<\/p>\n<p><em>She-Ran kaunis ja eksoottinen yst\u00e4v\u00e4, Mackenzie on Lumien kuningaskunnan kuningatar, korkealla Etherian vuoristossa. H\u00e4nell\u00e4 on maaginen sauva, joka vihelt\u00e4\u00e4 kuin tuuli ja mahdollistaa h\u00e4nen loitsia ja puhaltaa j\u00e4\u00e4t\u00e4v\u00e4\u00e4 sadetta vihollisiaan vastaan. T\u00e4m\u00e4 voima on suonut h\u00e4nelle maineen Etherian j\u00e4\u00e4-keisarinnana, tosin h\u00e4n haluaa yst\u00e4viens\u00e4 kutsuvan h\u00e4nt\u00e4 Frostaksi. Taikavoimiaan lukuun ottamatta, h\u00e4n on tavallinen ihmisnainen. H\u00e4n on hempe\u00e4, lempe\u00e4 ja uskollinen liittolaisilleen. Yhdess\u00e4 She-Ran ja muiden Suuren Kapinan j\u00e4senten kanssa, h\u00e4n matkusti laserportin kautta Eternialle liitty\u00e4kseen yhteen kapinallisen Masters of the Universe -ryhm\u00e4n kanssa taistelussa Hordakin tyranniaa vastaan! Frosta j\u00e4\u00e4dytt\u00e4\u00e4 vihollisens\u00e4 loitsuillaan.<\/em><\/p>\n","protected":false},"excerpt":{"rendered":"<p>Tuotekoodi:\u00a0W8903 Frosta &#8211; Ice Empress of Etheria \u00a0 \u00a0 \u00a0 Osalla Frosta-hahmoista oli vasemman- ja oikeinpuoleinen kyyn\u00e4rvarsi vaihtaneet paikkaa, jonka vuoksi Mattel antaa kaikille Club Eternia 2012 -j\u00e4senille ilmaisen hyvityslahjan (lahja postitetaan joskun vuoden 2013 aikana). Oikea nimi: Queen Mackenzie &hellip; <a href=\"https:\/\/www.eurokolikonmaailma.fi\/?page_id=2619\">Lue loppuun <span class=\"meta-nav\">&rarr;<\/span><\/a><\/p>\n","protected":false},"author":1,"featured_media":0,"parent":1478,"menu_order":0,"comment_status":"open","ping_status":"open","template":"","meta":{"footnotes":""},"class_list":["post-2619","page","type-page","status-publish","hentry"],"_links":{"self":[{"href":"https:\/\/www.eurokolikonmaailma.fi\/index.php?rest_route=\/wp\/v2\/pages\/2619","targetHints":{"allow":["GET"]}}],"collection":[{"href":"https:\/\/www.eurokolikonmaailma.fi\/index.php?rest_route=\/wp\/v2\/pages"}],"about":[{"href":"https:\/\/www.eurokolikonmaailma.fi\/index.php?rest_route=\/wp\/v2\/types\/page"}],"author":[{"embeddable":true,"href":"https:\/\/www.eurokolikonmaailma.fi\/index.php?rest_route=\/wp\/v2\/users\/1"}],"replies":[{"embeddable":true,"href":"https:\/\/www.eurokolikonmaailma.fi\/index.php?rest_route=%2Fwp%2Fv2%2Fcomments&post=2619"}],"version-history":[{"count":4,"href":"https:\/\/www.eurokolikonmaailma.fi\/index.php?rest_route=\/wp\/v2\/pages\/2619\/revisions"}],"predecessor-version":[{"id":5718,"href":"https:\/\/www.eurokolikonmaailma.fi\/index.php?rest_route=\/wp\/v2\/pages\/2619\/revisions\/5718"}],"up":[{"embeddable":true,"href":"https:\/\/www.eurokolikonmaailma.fi\/index.php?rest_route=\/wp\/v2\/pages\/1478"}],"wp:attachment":[{"href":"https:\/\/www.eurokolikonmaailma.fi\/index.php?rest_route=%2Fwp%2Fv2%2Fmedia&parent=2619"}],"curies":[{"name":"wp","href":"https:\/\/api.w.org\/{rel}","templated":true}]}}