{"id":2532,"date":"2012-09-12T01:00:04","date_gmt":"2012-09-11T22:00:04","guid":{"rendered":"http:\/\/www.eurokolikonmaailma.fi\/?page_id=2532"},"modified":"2025-05-30T16:40:07","modified_gmt":"2025-05-30T13:40:07","slug":"snake-men-2-pack","status":"publish","type":"page","link":"https:\/\/www.eurokolikonmaailma.fi\/?page_id=2532","title":{"rendered":"Snake Men 2-pack"},"content":{"rendered":"<p><img loading=\"lazy\" decoding=\"async\" style=\"color: #000000; font-family: 'Times New Roman'; line-height: normal; font-size: medium; font-weight: bold; width: 123px; height: 47px;\" src=\"http:\/\/motu.eurokolikonmaailma.fi\/kuvat\/Snake_warriors\/motuc.1.jpg\" alt=\"\" width=\"580\" height=\"221\" \/><img loading=\"lazy\" decoding=\"async\" style=\"-webkit-user-select: none;\" src=\"http:\/\/motu.eurokolikonmaailma.fi\/kuvat\/Snake_warriors\/snakelogo.jpg\" alt=\"\" width=\"75\" height=\"48\" \/><img loading=\"lazy\" decoding=\"async\" style=\"color: #000000; font-family: 'Times New Roman'; line-height: normal; font-size: medium; font-weight: bold; width: 46px; height: 47px;\" src=\"http:\/\/motu.eurokolikonmaailma.fi\/kuvat\/Snake_warriors\/clubeternia_burst.gif\" alt=\"\" width=\"79\" height=\"80\" \/><img loading=\"lazy\" decoding=\"async\" style=\"color: #000000; font-family: 'Times New Roman'; line-height: normal; font-size: medium; font-weight: bold; width: 57px; height: 47px;\" src=\"http:\/\/motu.eurokolikonmaailma.fi\/kuvat\/Snake_warriors\/30th_MOTUClogo.jpg\" alt=\"\" width=\"1034\" height=\"846\" \/><br style=\"color: #000000; font-family: 'Times New Roman'; font-size: medium; font-weight: bold; line-height: normal;\" \/><span style=\"color: #000000; font-family: 'Times New Roman'; font-size: medium; line-height: normal;\">Tuotekoodi:\u00a0W8893<\/span><\/p>\n<h1>Snake Men<br \/>\n&#8211; Slithering Minions of King Hssss<\/h1>\n<p><img decoding=\"async\" style=\"-webkit-user-select: none;\" src=\"http:\/\/motu.eurokolikonmaailma.fi\/kuvat\/Snake_warriors\/W8893_fullsizeimage05.jpg\" alt=\"\" \/>\u00a0 \u00a0 \u00a0<img decoding=\"async\" style=\"-webkit-user-select: none;\" src=\"http:\/\/motu.eurokolikonmaailma.fi\/kuvat\/Snake_warriors\/W8893_fullsizeimage06.jpg\" alt=\"\" \/><\/p>\n<p><strong>Real name:<\/strong> vaihtelee<\/p>\n<p>A hybrid of three cold-blooded alien races, the Snake Men\u2122 were spliced together and bred by the Unnamed One to serve as loyal foot soldiers in his ever-growing army. Several battalions of Snake Men\u2122 were assigned to the Viper Lord King Hssss\u2122 and traveled with him to Eternia\u00ae to plunder its hidden magic for their formless master. Unprepared for an attack by invading Horde armies, the Snake Army was driven into hibernation and eventually trapped in the Void by the warrior Zodak\u2122. Five millennia later, Hssss and his reptile army escaped their imprisonment and once again took up the fight to claim Eternia\u00ae. Snake Men\u2122 fight loyally in the armies of King Hssss\u2122 against the heroic Masters of the Universe\u00ae.<\/p>\n<p><em>Kolmen kylm\u00e4verisen muukalaisrodun hybridi, K\u00e4\u00e4rmemiehet jalosti Nimet\u00f6n palvelemaan uskollisina jalkasotilaina h\u00e4nen alati kasvavassa armeijassaan. Useita pataljoonia K\u00e4\u00e4rmemiehi\u00e4 m\u00e4\u00e4r\u00e4ttiin palvelemaan Kyylordi kuningas Hssss:i\u00e4 ja matkustamaan h\u00e4nen kanssaan Eternialle ry\u00f6v\u00e4\u00e4m\u00e4\u00e4n sen piilotettu taika heid\u00e4n hahmottomalle mestarilleen. Valmistautumattomina Hordiarmeijan hy\u00f6kk\u00e4ykseen, K\u00e4\u00e4rmearmeija ajettiin talviunille and lopulta lukittiin Tyhjyyteen Zodakin toimesta. Viisi vuosituhatta my\u00f6hemmin, Hssss ja h\u00e4nen matelija-armeijansa pakenivat vankeudestaan ja j\u00e4lleen kerran jatkoivat taisteluaan Eternian herruudesta. K\u00e4\u00e4rmemiehet taistelevat uskollisesti kuningas Hssss:n armeijassa sankarillista Masters of the Universe -ryhm\u00e4\u00e4 vastaan.<\/em><\/p>\n","protected":false},"excerpt":{"rendered":"<p>Tuotekoodi:\u00a0W8893 Snake Men &#8211; Slithering Minions of King Hssss \u00a0 \u00a0 \u00a0 Real name: vaihtelee A hybrid of three cold-blooded alien races, the Snake Men\u2122 were spliced together and bred by the Unnamed One to serve as loyal foot soldiers &hellip; <a href=\"https:\/\/www.eurokolikonmaailma.fi\/?page_id=2532\">Lue loppuun <span class=\"meta-nav\">&rarr;<\/span><\/a><\/p>\n","protected":false},"author":1,"featured_media":0,"parent":1478,"menu_order":0,"comment_status":"open","ping_status":"open","template":"","meta":{"footnotes":""},"class_list":["post-2532","page","type-page","status-publish","hentry"],"_links":{"self":[{"href":"https:\/\/www.eurokolikonmaailma.fi\/index.php?rest_route=\/wp\/v2\/pages\/2532","targetHints":{"allow":["GET"]}}],"collection":[{"href":"https:\/\/www.eurokolikonmaailma.fi\/index.php?rest_route=\/wp\/v2\/pages"}],"about":[{"href":"https:\/\/www.eurokolikonmaailma.fi\/index.php?rest_route=\/wp\/v2\/types\/page"}],"author":[{"embeddable":true,"href":"https:\/\/www.eurokolikonmaailma.fi\/index.php?rest_route=\/wp\/v2\/users\/1"}],"replies":[{"embeddable":true,"href":"https:\/\/www.eurokolikonmaailma.fi\/index.php?rest_route=%2Fwp%2Fv2%2Fcomments&post=2532"}],"version-history":[{"count":4,"href":"https:\/\/www.eurokolikonmaailma.fi\/index.php?rest_route=\/wp\/v2\/pages\/2532\/revisions"}],"predecessor-version":[{"id":5738,"href":"https:\/\/www.eurokolikonmaailma.fi\/index.php?rest_route=\/wp\/v2\/pages\/2532\/revisions\/5738"}],"up":[{"embeddable":true,"href":"https:\/\/www.eurokolikonmaailma.fi\/index.php?rest_route=\/wp\/v2\/pages\/1478"}],"wp:attachment":[{"href":"https:\/\/www.eurokolikonmaailma.fi\/index.php?rest_route=%2Fwp%2Fv2%2Fmedia&parent=2532"}],"curies":[{"name":"wp","href":"https:\/\/api.w.org\/{rel}","templated":true}]}}