{"id":2528,"date":"2012-09-12T00:50:55","date_gmt":"2012-09-11T21:50:55","guid":{"rendered":"http:\/\/www.eurokolikonmaailma.fi\/?page_id=2528"},"modified":"2025-06-15T21:53:50","modified_gmt":"2025-06-15T18:53:50","slug":"dragon-blaster-skeletor","status":"publish","type":"page","link":"https:\/\/www.eurokolikonmaailma.fi\/?page_id=2528","title":{"rendered":"Dragon Blaster Skeletor"},"content":{"rendered":"<p><img loading=\"lazy\" decoding=\"async\" style=\"color: #000000; font-family: 'Times New Roman'; line-height: normal; font-size: medium; font-weight: bold; width: 123px; height: 47px;\" src=\"http:\/\/motu.eurokolikonmaailma.fi\/kuvat\/DB_Skeletor\/motuc.1.jpg\" alt=\"\" width=\"580\" height=\"221\" \/><img loading=\"lazy\" decoding=\"async\" style=\"color: #000000; font-family: 'Times New Roman'; line-height: normal; font-size: medium; font-weight: bold; width: 46px; height: 47px;\" src=\"http:\/\/motu.eurokolikonmaailma.fi\/kuvat\/DB_Skeletor\/clubeternia_burst.gif\" alt=\"\" width=\"79\" height=\"80\" \/><img loading=\"lazy\" decoding=\"async\" style=\"color: #000000; font-family: 'Times New Roman'; line-height: normal; font-size: medium; font-weight: bold; width: 57px; height: 47px;\" src=\"http:\/\/motu.eurokolikonmaailma.fi\/kuvat\/DB_Skeletor\/30th_MOTUClogo.jpg\" alt=\"\" width=\"1034\" height=\"846\" \/><br style=\"color: #000000; font-family: 'Times New Roman'; font-size: medium; font-weight: bold; line-height: normal;\" \/><span style=\"color: #000000; font-family: 'Times New Roman'; font-size: medium; line-height: normal;\">Tuotekoodi:\u00a0W8900<\/span><\/p>\n<h1>Dragon Blaster Skeletor<br \/>\n&#8211; Evil Leader &amp; His Dreadful Dragon with Paralyzing Spray<\/h1>\n<p><img loading=\"lazy\" decoding=\"async\" style=\"-webkit-user-select: none;\" src=\"http:\/\/motu.eurokolikonmaailma.fi\/kuvat\/DB_Skeletor\/W8900_fullsizeimage07.jpg\" alt=\"\" width=\"219\" height=\"310\" \/>\u00a0 \u00a0 \u00a0<img decoding=\"async\" style=\"-webkit-user-select: none;\" src=\"http:\/\/motu.eurokolikonmaailma.fi\/kuvat\/DB_Skeletor\/W8900_fullsizeimage08.jpg\" alt=\"\" \/><\/p>\n<p>T\u00e4m\u00e4n hahmon mukana tuli viimeinen kolmesta vuonna 2012 julkaistusta minisarjiksesta.<\/p>\n<p><strong>Oikea nimi:<\/strong> Keldor\u2122 of the house of Miro<\/p>\n<p>As the ruler of Eternia\u00ae following Randor\u2019s banishment, Skeletor\u00ae created a new magical armor infused with an Eternian Dragon, giving him the power to paralyze his enemies at first glance. His rule was cut short, however, when Skeletor\u2019s former master Hordak\u00ae returned from Despondos\u2122 with the help of Evil-Lyn\u00ae. Hordak\u00ae not only overthrew Skeletor\u00ae, but drove the Snake Men\u2122 into hibernation. Forced into a war on multiple fronts, Skeletor\u00ae continued to lead his Evil Warriors into battle, often having to fight side-by-side with his former enemies \u2013 the now renegade Masters of the Universe\u00ae. Perched on his master\u2019s armor, the Evil Dragon \u201cpet\u201d of Skeletor\u00ae stops his enemies cold with his paralyzing jet spray of venom.<\/p>\n<p><em>Ollessaan Eternian hallitsijana Randorin karkoittamisen j\u00e4lkeen, Skeletor loi uuden maagisen haarniskan johon oli yhdistetty eternialainen lohik\u00e4\u00e4rme, joka soi h\u00e4nelle voiman halvaannuttaa vihollisensa ensisilm\u00e4yksell\u00e4. H\u00e4nen valtakautensa j\u00e4i lyhyeksi, kun Skeletorin entinen mestari Hordak palasi Despondosista Evil-Lynin avustuksella. Hordak ei ainoastaan sy\u00f6ssyt Skeletoria vallasta, mutta ajoi my\u00f6s K\u00e4\u00e4rmemiehet talviunille. Pakotettuna usean rintaman sotaan, Skeletor jatkoi Pahuuden Sotureidensa taisteluihin johtamista, usein taistellen rinta rinnan entisten vihollistensa &#8211; nyt kapinallisen Masters of the Universe -ryhm\u00e4n kanssa. Is\u00e4nt\u00e4ns\u00e4 kyydiss\u00e4&#8230; Skeletorin Paha Lohik\u00e4\u00e4rme &#8221;lemmikki&#8221; pys\u00e4ytt\u00e4\u00e4 vihollisensa halvaannuttavalla myrkkysuihkulla.<\/em><\/p>\n<p><strong>Lue hahmon mukana tullut minisarjis:<\/strong><\/p>\n<div class=\"_3d-flip-book  fb3d-fullscreen-mode full-size\" data-id=\"5876\" data-mode=\"fullscreen\" data-title=\"false\" data-template=\"short-white-book-view\" data-lightbox=\"dark-shadow\" data-urlparam=\"fb3d-page\" data-page-n=\"0\" data-pdf=\"\" data-tax=\"null\" data-thumbnail=\"\" data-cols=\"3\" data-book-template=\"default\" data-trigger=\"\"><\/div><script type=\"text\/javascript\">window.FB3D_CLIENT_DATA = window.FB3D_CLIENT_DATA || [];FB3D_CLIENT_DATA.push('eyJwb3N0cyI6eyI1ODc2Ijp7IklEIjo1ODc2LCJ0aXRsZSI6Ik1PVFVDIE1pbmljb21pYyAzIiwidHlwZSI6InBkZiIsInJlYWR5X2Z1bmN0aW9uIjoiIiwiYm9va19zdHlsZSI6ImZsYXQiLCJib29rX3RlbXBsYXRlIjoibm9uZSIsIm91dGxpbmUiOltdLCJkYXRhIjp7InBvc3RfSUQiOiI1ODczIiwiZ3VpZCI6Imh0dHBzOlwvXC93d3cuZXVyb2tvbGlrb25tYWFpbG1hLmZpXC9ibG9naVwvd3AtY29udGVudFwvdXBsb2Fkc1wvMjAyNVwvMDZcL1Bvd2Vyc19vZl9HcmF5c2t1bGxfc2Vjb25kX3VsdGltYXRlX2JhdHRsZWdyb3VuZC5wZGYiLCJwZGZfcGFnZXMiOiIxNiIsInBhZ2VzX2N1c3RvbWl6YXRpb24iOiJub25lIn0sInRodW1ibmFpbCI6eyJkYXRhIjp7InBvc3RfSUQiOiIwIn0sInR5cGUiOiJhdXRvIn0sInByb3BzIjp7ImJhY2tncm91bmRDb2xvciI6ImF1dG8iLCJiYWNrZ3JvdW5kSW1hZ2UiOiJhdXRvIiwiYmFja2dyb3VuZFN0eWxlIjoiYXV0byIsImhpZ2hsaWdodExpbmtzIjoiYXV0byIsImxpZ2h0aW5nIjoiYXV0byIsInNpbmdsZVBhZ2VNb2RlIjoiYXV0byIsImNhY2hlZFBhZ2VzIjoiYXV0byIsInJlbmRlckluYWN0aXZlUGFnZXMiOiJhdXRvIiwicmVuZGVySW5hY3RpdmVQYWdlc09uTW9iaWxlIjoiYXV0byIsInJlbmRlcldoaWxlRmxpcHBpbmciOiJhdXRvIiwicHJlbG9hZFBhZ2VzIjoiYXV0byIsImF1dG9QbGF5RHVyYXRpb24iOiJhdXRvIiwicnRsIjoiYXV0byIsImludGVyYWN0aXZlQ29ybmVycyI6ImF1dG8iLCJtYXhEZXB0aCI6ImF1dG8iLCJzaGVldCI6eyJzdGFydFZlbG9jaXR5IjoiYXV0byIsIndhdmUiOiJhdXRvIiwic2hhcGUiOiJhdXRvIiwid2lkdGhUZXhlbHMiOiJhdXRvIiwiY29sb3IiOiJhdXRvIiwic2lkZSI6ImF1dG8iLCJzdHJldGNoSW1hZ2VzIjoiYXV0byIsImNvcm5lckRldmlhdGlvbiI6ImF1dG8iLCJmbGV4aWJpbGl0eSI6ImF1dG8iLCJmbGV4aWJsZUNvcm5lciI6ImF1dG8iLCJiZW5kaW5nIjoiYXV0byIsImhlaWdodFRleGVscyI6ImF1dG8ifSwiY292ZXIiOnsid2F2ZSI6ImF1dG8iLCJjb2xvciI6ImF1dG8iLCJzaWRlIjoiYXV0byIsInN0cmV0Y2hJbWFnZXMiOiJhdXRvIiwiYmluZGVyVGV4dHVyZSI6ImF1dG8iLCJkZXB0aCI6ImF1dG8iLCJwYWRkaW5nIjoiYXV0byIsInN0YXJ0VmVsb2NpdHkiOiJhdXRvIiwiZmxleGliaWxpdHkiOiJhdXRvIiwiZmxleGlibGVDb3JuZXIiOiJhdXRvIiwiYmVuZGluZyI6ImF1dG8iLCJ3aWR0aFRleGVscyI6ImF1dG8iLCJoZWlnaHRUZXhlbHMiOiJhdXRvIiwibWFzcyI6ImF1dG8iLCJzaGFwZSI6ImF1dG8ifSwicGFnZSI6eyJ3YXZlIjoiYXV0byIsImNvbG9yIjoiYXV0byIsInNpZGUiOiJhdXRvIiwic3RyZXRjaEltYWdlcyI6ImF1dG8iLCJkZXB0aCI6ImF1dG8iLCJzdGFydFZlbG9jaXR5IjoiYXV0byIsImZsZXhpYmlsaXR5IjoiYXV0byIsImZsZXhpYmxlQ29ybmVyIjoiYXV0byIsImJlbmRpbmciOiJhdXRvIiwid2lkdGhUZXhlbHMiOiJhdXRvIiwiaGVpZ2h0VGV4ZWxzIjoiYXV0byIsIm1hc3MiOiJhdXRvIiwic2hhcGUiOiJhdXRvIn0sImhlaWdodCI6ImF1dG8iLCJ3aWR0aCI6ImF1dG8iLCJncmF2aXR5IjoiYXV0byIsInBhZ2VzRm9yUHJlZGljdGluZyI6ImF1dG8ifSwiY29udHJvbFByb3BzIjp7ImFjdGlvbnMiOnsiY21kVG9jIjp7ImVuYWJsZWQiOiJhdXRvIiwiZW5hYmxlZEluTmFycm93IjoiYXV0byIsImFjdGl2ZSI6ImF1dG8iLCJkZWZhdWx0VGFiIjoiYXV0byJ9LCJjbWRBdXRvUGxheSI6eyJlbmFibGVkIjoiYXV0byIsImVuYWJsZWRJbk5hcnJvdyI6ImF1dG8iLCJhY3RpdmUiOiJhdXRvIn0sImNtZFNhdmUiOnsiZW5hYmxlZCI6IjAiLCJlbmFibGVkSW5OYXJyb3ciOiIwIn0sImNtZFByaW50Ijp7ImVuYWJsZWQiOiIwIiwiZW5hYmxlZEluTmFycm93IjoiMCJ9LCJjbWRTaW5nbGVQYWdlIjp7ImVuYWJsZWQiOiJhdXRvIiwiZW5hYmxlZEluTmFycm93IjoiYXV0byIsImFjdGl2ZSI6ImF1dG8iLCJhY3RpdmVGb3JNb2JpbGUiOiJhdXRvIn0sIndpZFRvb2xiYXIiOnsiZW5hYmxlZCI6ImF1dG8iLCJlbmFibGVkSW5OYXJyb3ciOiJhdXRvIn19fSwiYXV0b1RodW1ibmFpbCI6Imh0dHBzOlwvXC93d3cuZXVyb2tvbGlrb25tYWFpbG1hLmZpXC9ibG9naVwvd3AtY29udGVudFwvdXBsb2Fkc1wvM2QtZmxpcC1ib29rXC9hdXRvLXRodW1ibmFpbHNcLzU4NzYucG5nIiwicG9zdF9uYW1lIjoibW90dWMtbWluaWNvbWljLTMiLCJwb3N0X3R5cGUiOiIzZC1mbGlwLWJvb2sifX0sInBhZ2VzIjpbXSwiZmlyc3RQYWdlcyI6W119');window.FB3D_CLIENT_LOCALE && FB3D_CLIENT_LOCALE.render && FB3D_CLIENT_LOCALE.render();<\/script>\n","protected":false},"excerpt":{"rendered":"<p>Tuotekoodi:\u00a0W8900 Dragon Blaster Skeletor &#8211; Evil Leader &amp; His Dreadful Dragon with Paralyzing Spray \u00a0 \u00a0 \u00a0 T\u00e4m\u00e4n hahmon mukana tuli viimeinen kolmesta vuonna 2012 julkaistusta minisarjiksesta. Oikea nimi: Keldor\u2122 of the house of Miro As the ruler of Eternia\u00ae &hellip; <a href=\"https:\/\/www.eurokolikonmaailma.fi\/?page_id=2528\">Lue loppuun <span class=\"meta-nav\">&rarr;<\/span><\/a><\/p>\n","protected":false},"author":1,"featured_media":0,"parent":1478,"menu_order":0,"comment_status":"open","ping_status":"open","template":"","meta":{"footnotes":""},"class_list":["post-2528","page","type-page","status-publish","hentry"],"_links":{"self":[{"href":"https:\/\/www.eurokolikonmaailma.fi\/index.php?rest_route=\/wp\/v2\/pages\/2528","targetHints":{"allow":["GET"]}}],"collection":[{"href":"https:\/\/www.eurokolikonmaailma.fi\/index.php?rest_route=\/wp\/v2\/pages"}],"about":[{"href":"https:\/\/www.eurokolikonmaailma.fi\/index.php?rest_route=\/wp\/v2\/types\/page"}],"author":[{"embeddable":true,"href":"https:\/\/www.eurokolikonmaailma.fi\/index.php?rest_route=\/wp\/v2\/users\/1"}],"replies":[{"embeddable":true,"href":"https:\/\/www.eurokolikonmaailma.fi\/index.php?rest_route=%2Fwp%2Fv2%2Fcomments&post=2528"}],"version-history":[{"count":4,"href":"https:\/\/www.eurokolikonmaailma.fi\/index.php?rest_route=\/wp\/v2\/pages\/2528\/revisions"}],"predecessor-version":[{"id":5879,"href":"https:\/\/www.eurokolikonmaailma.fi\/index.php?rest_route=\/wp\/v2\/pages\/2528\/revisions\/5879"}],"up":[{"embeddable":true,"href":"https:\/\/www.eurokolikonmaailma.fi\/index.php?rest_route=\/wp\/v2\/pages\/1478"}],"wp:attachment":[{"href":"https:\/\/www.eurokolikonmaailma.fi\/index.php?rest_route=%2Fwp%2Fv2%2Fmedia&parent=2528"}],"curies":[{"name":"wp","href":"https:\/\/api.w.org\/{rel}","templated":true}]}}