{"id":2442,"date":"2012-08-30T00:21:25","date_gmt":"2012-08-29T21:21:25","guid":{"rendered":"http:\/\/www.eurokolikonmaailma.fi\/?page_id=2442"},"modified":"2025-05-30T16:30:56","modified_gmt":"2025-05-30T13:30:56","slug":"sir-laser-lot","status":"publish","type":"page","link":"https:\/\/www.eurokolikonmaailma.fi\/?page_id=2442","title":{"rendered":"Sir Laser-Lot"},"content":{"rendered":"<p><img loading=\"lazy\" decoding=\"async\" src=\"http:\/\/motu.eurokolikonmaailma.fi\/kuvat\/Sir_Laser_Lot\/motuc.1.jpg\" alt=\"\" width=\"125\" height=\"48\" \/><img loading=\"lazy\" decoding=\"async\" src=\"http:\/\/motu.eurokolikonmaailma.fi\/kuvat\/Sir_Laser_Lot\/pog_logo.png\" alt=\"\" width=\"108\" height=\"46\" \/><img loading=\"lazy\" decoding=\"async\" src=\"http:\/\/motu.eurokolikonmaailma.fi\/kuvat\/Sir_Laser_Lot\/clubMOTU30th_fullsizeimage.jpg\" alt=\"\" width=\"43\" height=\"48\" \/><img loading=\"lazy\" decoding=\"async\" src=\"http:\/\/motu.eurokolikonmaailma.fi\/kuvat\/Sir_Laser_Lot\/30th_MOTUClogo.jpg\" alt=\"\" width=\"58\" height=\"48\" \/><br \/>\nTuotekoodi:\u00a0W8904<\/p>\n<h1>Sir Laser-Lot<br \/>\n&#8211; Heroic Knight of Grayskull<\/h1>\n<p><a href=\"http:\/\/motu.eurokolikonmaailma.fi\/kuvat\/Sir_Laser_Lot\/sll_package_front.jpg\" target=\"_blank\" rel=\"noopener\"><img loading=\"lazy\" decoding=\"async\" title=\"Sir Laser-Lot pakkaus edest\u00e4\" src=\"http:\/\/motu.eurokolikonmaailma.fi\/kuvat\/Sir_Laser_Lot\/sll_package_front.jpg\" alt=\"\" width=\"229\" height=\"336\" \/><\/a><a href=\"http:\/\/motu.eurokolikonmaailma.fi\/kuvat\/Sir_Laser_Lot\/sll_cardback.jpg\" target=\"_blank\" rel=\"noopener\"><img loading=\"lazy\" decoding=\"async\" title=\"Sir Laser-Lot pakkaus takaa\" src=\"http:\/\/motu.eurokolikonmaailma.fi\/kuvat\/Sir_Laser_Lot\/sll_cardback.jpg\" alt=\"\" width=\"239\" height=\"336\" \/><\/a>\u00a0<a href=\"http:\/\/motu.eurokolikonmaailma.fi\/kuvat\/Sir_Laser_Lot\/sll_burst.jpg\" target=\"_blank\" rel=\"noopener\"><img loading=\"lazy\" decoding=\"async\" title=\"Sir Laser-Lot starburst\" src=\"http:\/\/motu.eurokolikonmaailma.fi\/kuvat\/Sir_Laser_Lot\/sll_burst.jpg\" alt=\"\" width=\"167\" height=\"86\" \/><\/a><\/p>\n<p><em>\u00a0Masters of The Universe 30-vuotta juhlahahmo 4\/6, jonka on luonut\u00a0Geoff Johns.<\/em><\/p>\n<p><strong>Oikea nimi:<\/strong> ei-paljastettu<\/p>\n<p>Across the continent of Preternia\u2122, the mightiest of King Grayskull\u2019s Knights was Sir Laser-Lot\u2122, a master of weapons and hand-to-hand fighting techniques. He wore an enchanted suit of armor powered by the great Gem of Tamadge which enhanced his strength and let him unleash powerful energy blasts. So legendary were his deeds that the future king He-Man\u00ae sent one of his loyal Time Agents into the past to bring Sir Laser-Lot\u2122 forward to his time. Here, Sir Laser-Lot\u2122 became the King\u2019s new Man-At-Arms\u00ae, training both the Royal Guards and the King\u2019s young son Dare in ancient battle techniques. Sir Laser-Lot\u2122 uses his energy blade to fight for chivalry and justice in any time.<\/p>\n<p><em>Preternian mantereella, kuningas Grayskullin mahtavin ritari oli Sir Laser-Lot, joka oli mestari aseiden k\u00e4yt\u00f6ss\u00e4 ja l\u00e4hitaistelutekniikoissa. H\u00e4n piti p\u00e4\u00e4ll\u00e4\u00e4n lumottua, mahtavasta Tamadgen jalokivest\u00e4 voimansa saavaa haarniskaa, joka vahvistaa h\u00e4nen voimiaan ja mahdollistaa voimakkaiden energiapurkausten vapauttamisen. Niin legendaariset olivat h\u00e4nen tekonsa, ett\u00e4 tulevaisuuden kuningas He-Man l\u00e4hetti yhden uskollisista Aika-agenteistaan menneisyyteen tuomaan Sir Laser-Lotin h\u00e4nen aikaansa. T\u00e4\u00e4ll\u00e4, Sir Laser-Lotista tuli kuninkaan uusi asemies, kouluttaen sek\u00e4 kuninkaallista kaartia, ett\u00e4 kuninkaan nuorelle pojalle Darelle muinaisia taistelutekniikoita. Sir Laser-Lot k\u00e4ytt\u00e4\u00e4 energiamiekkaansa taistellakseen ritarillisuuden ja oikeuden puolesta kaikkina aikoina.<\/em><\/p>\n<p><strong>Mukana tulevat varusteet:<\/strong><br \/>\n* miekka<br \/>\n* piikkipallo<br \/>\n* kilpi<br \/>\n* irrotettava haarniska<\/p>\n<h2>L\u00e4hikuva<\/h2>\n<p><a href=\"http:\/\/motu.eurokolikonmaailma.fi\/kuvat\/Sir_Laser_Lot\/sll_closeup.jpg\" target=\"_blank\" rel=\"noopener\"><img loading=\"lazy\" decoding=\"async\" title=\"Sir Laser-Lot l\u00e4hikuva\" src=\"http:\/\/motu.eurokolikonmaailma.fi\/kuvat\/Sir_Laser_Lot\/sll_closeup.jpg\" alt=\"\" width=\"329\" height=\"336\" \/><\/a><\/p>\n<h2>Kokovartalokuvat<\/h2>\n<p><a href=\"http:\/\/motu.eurokolikonmaailma.fi\/kuvat\/Sir_Laser_Lot\/sll_main.jpg\" target=\"_blank\" rel=\"noopener\"><img loading=\"lazy\" decoding=\"async\" title=\"Sir Laser-Lot aseistettuna\" src=\"http:\/\/motu.eurokolikonmaailma.fi\/kuvat\/Sir_Laser_Lot\/sll_main.jpg\" alt=\"\" width=\"287\" height=\"497\" \/><\/a><a href=\"http:\/\/motu.eurokolikonmaailma.fi\/kuvat\/Sir_Laser_Lot\/sll_front.jpg\" target=\"_blank\" rel=\"noopener\"><img loading=\"lazy\" decoding=\"async\" title=\"Sir Laser-Lot edest\u00e4\" src=\"http:\/\/motu.eurokolikonmaailma.fi\/kuvat\/Sir_Laser_Lot\/sll_front.jpg\" alt=\"\" width=\"278\" height=\"497\" \/><\/a><a href=\"http:\/\/motu.eurokolikonmaailma.fi\/kuvat\/Sir_Laser_Lot\/sll_angle1.jpg\" target=\"_blank\" rel=\"noopener\"><img loading=\"lazy\" decoding=\"async\" title=\"Sir Laser-Lot etuviistosta\" src=\"http:\/\/motu.eurokolikonmaailma.fi\/kuvat\/Sir_Laser_Lot\/sll_angle1.jpg\" alt=\"\" width=\"262\" height=\"497\" \/><\/a><a href=\"http:\/\/motu.eurokolikonmaailma.fi\/kuvat\/Sir_Laser_Lot\/sll_side1.jpg\" target=\"_blank\" rel=\"noopener\"><img loading=\"lazy\" decoding=\"async\" title=\"Sir Laser-Lot sivukuva 1\" src=\"http:\/\/motu.eurokolikonmaailma.fi\/kuvat\/Sir_Laser_Lot\/sll_side1.jpg\" alt=\"\" width=\"174\" height=\"497\" \/><\/a><a href=\"http:\/\/motu.eurokolikonmaailma.fi\/kuvat\/Sir_Laser_Lot\/sll_angle2.jpg\" target=\"_blank\" rel=\"noopener\"><img loading=\"lazy\" decoding=\"async\" title=\"Sir Laser-Lot takaviistosta 1\" src=\"http:\/\/motu.eurokolikonmaailma.fi\/kuvat\/Sir_Laser_Lot\/sll_angle2.jpg\" alt=\"\" width=\"325\" height=\"497\" \/><\/a><a href=\"http:\/\/motu.eurokolikonmaailma.fi\/kuvat\/Sir_Laser_Lot\/sll_back.jpg\" target=\"_blank\" rel=\"noopener\"><img loading=\"lazy\" decoding=\"async\" title=\"Sir Laser-Lot takaa\" src=\"http:\/\/motu.eurokolikonmaailma.fi\/kuvat\/Sir_Laser_Lot\/sll_back.jpg\" alt=\"\" width=\"378\" height=\"497\" \/><\/a><a href=\"http:\/\/motu.eurokolikonmaailma.fi\/kuvat\/Sir_Laser_Lot\/sll_angle3.jpg\" target=\"_blank\" rel=\"noopener\"><img loading=\"lazy\" decoding=\"async\" title=\"Sir Laser-Lot takaviistosta 2\" src=\"http:\/\/motu.eurokolikonmaailma.fi\/kuvat\/Sir_Laser_Lot\/sll_angle3.jpg\" alt=\"\" width=\"304\" height=\"497\" \/><\/a><a href=\"http:\/\/motu.eurokolikonmaailma.fi\/kuvat\/Sir_Laser_Lot\/sll_side2.jpg\" target=\"_blank\" rel=\"noopener\"><img loading=\"lazy\" decoding=\"async\" title=\"Sir Laser-Lot sivukuva 2\" src=\"http:\/\/motu.eurokolikonmaailma.fi\/kuvat\/Sir_Laser_Lot\/sll_side2.jpg\" alt=\"\" width=\"189\" height=\"497\" \/><\/a><a href=\"http:\/\/motu.eurokolikonmaailma.fi\/kuvat\/Sir_Laser_Lot\/sll_angle4.jpg\" target=\"_blank\" rel=\"noopener\"><img loading=\"lazy\" decoding=\"async\" title=\"Sir Laser-Lot etuviistosta 2\" src=\"http:\/\/motu.eurokolikonmaailma.fi\/kuvat\/Sir_Laser_Lot\/sll_angle4.jpg\" alt=\"\" width=\"305\" height=\"497\" \/><\/a><\/p>\n<p><a href=\"http:\/\/motu.eurokolikonmaailma.fi\/kuvat\/Sir_Laser_Lot\/sll_front_no_armor.jpg\" target=\"_blank\" rel=\"noopener\"><img loading=\"lazy\" decoding=\"async\" title=\"Sir Laser-Lot edest\u00e4 ilman haarniskaa\" src=\"http:\/\/motu.eurokolikonmaailma.fi\/kuvat\/Sir_Laser_Lot\/sll_front_no_armor.jpg\" alt=\"\" width=\"240\" height=\"497\" \/><\/a><a href=\"http:\/\/motu.eurokolikonmaailma.fi\/kuvat\/Sir_Laser_Lot\/sll_back_no_armor.jpg\" target=\"_blank\" rel=\"noopener\"><img loading=\"lazy\" decoding=\"async\" title=\"Sir Laser-Lot takaa ilman haarniskaa\" src=\"http:\/\/motu.eurokolikonmaailma.fi\/kuvat\/Sir_Laser_Lot\/sll_back_no_armor.jpg\" alt=\"\" width=\"229\" height=\"497\" \/><\/a><\/p>\n<h2>Varusteet<\/h2>\n<p><a href=\"http:\/\/motu.eurokolikonmaailma.fi\/kuvat\/Sir_Laser_Lot\/sll_mace.jpg\" target=\"_blank\" rel=\"noopener\"><img loading=\"lazy\" decoding=\"async\" title=\"Sir Laser-Lot piikkinuija\" src=\"http:\/\/motu.eurokolikonmaailma.fi\/kuvat\/Sir_Laser_Lot\/sll_mace.jpg\" alt=\"\" width=\"336\" height=\"111\" \/><\/a><a href=\"http:\/\/motu.eurokolikonmaailma.fi\/kuvat\/Sir_Laser_Lot\/sll_sword.jpg\" target=\"_blank\" rel=\"noopener\"><img loading=\"lazy\" decoding=\"async\" title=\"Sir Laser-Lot miekka\" src=\"http:\/\/motu.eurokolikonmaailma.fi\/kuvat\/Sir_Laser_Lot\/sll_sword.jpg\" alt=\"\" width=\"336\" height=\"81\" \/><\/a><\/p>\n<p><a href=\"http:\/\/motu.eurokolikonmaailma.fi\/kuvat\/Sir_Laser_Lot\/sll_shield.jpg\" target=\"_blank\" rel=\"noopener\"><img loading=\"lazy\" decoding=\"async\" title=\"Sir Laser-Lot kilpi\" src=\"http:\/\/motu.eurokolikonmaailma.fi\/kuvat\/Sir_Laser_Lot\/sll_shield.jpg\" alt=\"\" width=\"210\" height=\"302\" \/><\/a><\/p>\n","protected":false},"excerpt":{"rendered":"<p>Tuotekoodi:\u00a0W8904 Sir Laser-Lot &#8211; Heroic Knight of Grayskull \u00a0 \u00a0Masters of The Universe 30-vuotta juhlahahmo 4\/6, jonka on luonut\u00a0Geoff Johns. Oikea nimi: ei-paljastettu Across the continent of Preternia\u2122, the mightiest of King Grayskull\u2019s Knights was Sir Laser-Lot\u2122, a master of &hellip; <a href=\"https:\/\/www.eurokolikonmaailma.fi\/?page_id=2442\">Lue loppuun <span class=\"meta-nav\">&rarr;<\/span><\/a><\/p>\n","protected":false},"author":1,"featured_media":0,"parent":1478,"menu_order":0,"comment_status":"open","ping_status":"open","template":"","meta":{"footnotes":""},"class_list":["post-2442","page","type-page","status-publish","hentry"],"_links":{"self":[{"href":"https:\/\/www.eurokolikonmaailma.fi\/index.php?rest_route=\/wp\/v2\/pages\/2442","targetHints":{"allow":["GET"]}}],"collection":[{"href":"https:\/\/www.eurokolikonmaailma.fi\/index.php?rest_route=\/wp\/v2\/pages"}],"about":[{"href":"https:\/\/www.eurokolikonmaailma.fi\/index.php?rest_route=\/wp\/v2\/types\/page"}],"author":[{"embeddable":true,"href":"https:\/\/www.eurokolikonmaailma.fi\/index.php?rest_route=\/wp\/v2\/users\/1"}],"replies":[{"embeddable":true,"href":"https:\/\/www.eurokolikonmaailma.fi\/index.php?rest_route=%2Fwp%2Fv2%2Fcomments&post=2442"}],"version-history":[{"count":6,"href":"https:\/\/www.eurokolikonmaailma.fi\/index.php?rest_route=\/wp\/v2\/pages\/2442\/revisions"}],"predecessor-version":[{"id":5732,"href":"https:\/\/www.eurokolikonmaailma.fi\/index.php?rest_route=\/wp\/v2\/pages\/2442\/revisions\/5732"}],"up":[{"embeddable":true,"href":"https:\/\/www.eurokolikonmaailma.fi\/index.php?rest_route=\/wp\/v2\/pages\/1478"}],"wp:attachment":[{"href":"https:\/\/www.eurokolikonmaailma.fi\/index.php?rest_route=%2Fwp%2Fv2%2Fmedia&parent=2442"}],"curies":[{"name":"wp","href":"https:\/\/api.w.org\/{rel}","templated":true}]}}