{"id":2431,"date":"2012-08-29T23:37:49","date_gmt":"2012-08-29T20:37:49","guid":{"rendered":"http:\/\/www.eurokolikonmaailma.fi\/?page_id=2431"},"modified":"2012-08-29T23:37:49","modified_gmt":"2012-08-29T20:37:49","slug":"griffin","status":"publish","type":"page","link":"https:\/\/www.eurokolikonmaailma.fi\/?page_id=2431","title":{"rendered":"Griffin"},"content":{"rendered":"<p><img loading=\"lazy\" decoding=\"async\" style=\"color: #000000; font-family: 'Times New Roman'; line-height: normal; font-size: medium; font-weight: bold; width: 123px; height: 47px;\" src=\"http:\/\/motu.eurokolikonmaailma.fi\/kuvat\/Griffin\/motuc.1.jpg\" alt=\"\" width=\"580\" height=\"221\" \/><img loading=\"lazy\" decoding=\"async\" style=\"color: #000000; font-family: 'Times New Roman'; line-height: normal; font-size: medium; font-weight: bold; width: 46px; height: 47px;\" src=\"http:\/\/motu.eurokolikonmaailma.fi\/kuvat\/Griffin\/clubeternia_burst.gif\" alt=\"\" width=\"79\" height=\"80\" \/><img loading=\"lazy\" decoding=\"async\" style=\"color: #000000; font-family: 'Times New Roman'; line-height: normal; font-size: medium; font-weight: bold; width: 57px; height: 47px;\" src=\"http:\/\/motu.eurokolikonmaailma.fi\/kuvat\/Griffin\/30th_MOTUClogo.jpg\" alt=\"\" width=\"1034\" height=\"846\" \/><br style=\"color: #000000; font-family: 'Times New Roman'; font-size: medium; font-weight: bold; line-height: normal;\" \/><span style=\"color: #000000; font-family: 'Times New Roman'; font-size: medium; line-height: normal;\">Tuotekoodi:\u00a0W8891<\/span><\/p>\n<h1>Griffin<br \/>\n&#8211; Evil Flying Beasts<\/h1>\n<p><a href=\"http:\/\/motu.eurokolikonmaailma.fi\/kuvat\/Griffin\/540503_10150840670629844_57309659843_9564498_1445130859_n.jpg\" target=\"_blank\"><img loading=\"lazy\" decoding=\"async\" src=\"http:\/\/motu.eurokolikonmaailma.fi\/kuvat\/Griffin\/540503_10150840670629844_57309659843_9564498_1445130859_n.jpg\" alt=\"\" width=\"322\" height=\"298\" \/><\/a><a href=\"http:\/\/motu.eurokolikonmaailma.fi\/kuvat\/Griffin\/532726_10150840671859844_57309659843_9564502_320099998_n.jpg\" target=\"_blank\"><img loading=\"lazy\" decoding=\"async\" src=\"http:\/\/motu.eurokolikonmaailma.fi\/kuvat\/Griffin\/532726_10150840671859844_57309659843_9564502_320099998_n.jpg\" alt=\"\" width=\"326\" height=\"298\" \/><\/a><\/p>\n<p><strong>Oikea nimi:<\/strong> vaihtelee<\/p>\n<p>Griffins, great flying beasts originally brought to Eternia by Star Merchants, broke free and lived in a wild colony deep in the Vine Jungle. Here they were once again enslaved, becoming the steed of choice for the savage Beast Men living in their treetop villages. Raqquill Rqazz, a Beast Man serving Skeletor from Snake Mountain, often calls upon several Griffins to carry him and his master into battle. During the Second Ultimate Battleground, several hundred Griffins were commanded to attack Grayskull Tower, hoping to weaken the Masters&#8217; defense perimeter. Soaring high above Eternia, Griffins bring terror to those below!<\/p>\n<p><em>Aarnikotkat, T\u00e4htikauppiaiden alunperin Eternialle tuomat mahtavat leht\u00e4v\u00e4t pedot, p\u00e4\u00e4siv\u00e4t karkuun ja eliv\u00e4t villin\u00e4 yhdyskuntana syv\u00e4ll\u00e4 K\u00f6ynn\u00f6sviidakossa. T\u00e4\u00e4ll\u00e4 heid\u00e4t j\u00e4lleen kerran orjuutettiin raakalaismaisten puunlatvakyliss\u00e4 asustavien petomiesten ratsuiksi. Raqquill Rqazz, K\u00e4\u00e4rmevuoren Skeletoria palveleva petomies, usein kutsuu aarnikotkia kantamaan itsens\u00e4 ja mestarinsa taisteluun. Toisen Ultimaalisen Taistelukent\u00e4n taistelun aikana, useat sadat aarnikotkat k\u00e4skettiin hy\u00f6kk\u00e4\u00e4m\u00e4\u00e4n Grayskull tornin kimppuun, toiveena heikent\u00e4\u00e4 Masters-ryhm\u00e4n puolustusta. Liit\u00e4en korkealla Eternian taivaalla, aarnikotkat tuovat kauhua kaikille alapuolellaan!<\/em><\/p>\n","protected":false},"excerpt":{"rendered":"<p>Tuotekoodi:\u00a0W8891 Griffin &#8211; Evil Flying Beasts Oikea nimi: vaihtelee Griffins, great flying beasts originally brought to Eternia by Star Merchants, broke free and lived in a wild colony deep in the Vine Jungle. Here they were once again enslaved, becoming &hellip; <a href=\"https:\/\/www.eurokolikonmaailma.fi\/?page_id=2431\">Lue loppuun <span class=\"meta-nav\">&rarr;<\/span><\/a><\/p>\n","protected":false},"author":1,"featured_media":0,"parent":1478,"menu_order":0,"comment_status":"open","ping_status":"open","template":"","meta":{"footnotes":""},"class_list":["post-2431","page","type-page","status-publish","hentry"],"_links":{"self":[{"href":"https:\/\/www.eurokolikonmaailma.fi\/index.php?rest_route=\/wp\/v2\/pages\/2431","targetHints":{"allow":["GET"]}}],"collection":[{"href":"https:\/\/www.eurokolikonmaailma.fi\/index.php?rest_route=\/wp\/v2\/pages"}],"about":[{"href":"https:\/\/www.eurokolikonmaailma.fi\/index.php?rest_route=\/wp\/v2\/types\/page"}],"author":[{"embeddable":true,"href":"https:\/\/www.eurokolikonmaailma.fi\/index.php?rest_route=\/wp\/v2\/users\/1"}],"replies":[{"embeddable":true,"href":"https:\/\/www.eurokolikonmaailma.fi\/index.php?rest_route=%2Fwp%2Fv2%2Fcomments&post=2431"}],"version-history":[{"count":3,"href":"https:\/\/www.eurokolikonmaailma.fi\/index.php?rest_route=\/wp\/v2\/pages\/2431\/revisions"}],"predecessor-version":[{"id":5719,"href":"https:\/\/www.eurokolikonmaailma.fi\/index.php?rest_route=\/wp\/v2\/pages\/2431\/revisions\/5719"}],"up":[{"embeddable":true,"href":"https:\/\/www.eurokolikonmaailma.fi\/index.php?rest_route=\/wp\/v2\/pages\/1478"}],"wp:attachment":[{"href":"https:\/\/www.eurokolikonmaailma.fi\/index.php?rest_route=%2Fwp%2Fv2%2Fmedia&parent=2431"}],"curies":[{"name":"wp","href":"https:\/\/api.w.org\/{rel}","templated":true}]}}