{"id":2430,"date":"2012-08-29T23:32:27","date_gmt":"2012-08-29T20:32:27","guid":{"rendered":"http:\/\/www.eurokolikonmaailma.fi\/?page_id=2430"},"modified":"2025-06-15T21:50:43","modified_gmt":"2025-06-15T18:50:43","slug":"snake-man-at-arms","status":"publish","type":"page","link":"https:\/\/www.eurokolikonmaailma.fi\/?page_id=2430","title":{"rendered":"Snake Man-At-Arms"},"content":{"rendered":"<p><img loading=\"lazy\" decoding=\"async\" style=\"color: #000000; font-family: 'Times New Roman'; line-height: normal; font-size: medium; font-weight: bold; width: 123px; height: 47px;\" src=\"http:\/\/motu.eurokolikonmaailma.fi\/kuvat\/Snake_maa\/motuc.1.jpg\" alt=\"\" width=\"580\" height=\"221\" \/><img loading=\"lazy\" decoding=\"async\" style=\"color: #000000; font-family: 'Times New Roman'; line-height: normal; font-size: medium; font-weight: bold;\" src=\"http:\/\/motu.eurokolikonmaailma.fi\/kuvat\/Snake_maa\/snakelogo.jpg\" alt=\"\" width=\"74\" height=\"47\" \/><img loading=\"lazy\" decoding=\"async\" style=\"color: #000000; font-family: 'Times New Roman'; line-height: normal; font-size: medium; font-weight: bold; width: 46px; height: 47px;\" src=\"http:\/\/motu.eurokolikonmaailma.fi\/kuvat\/Snake_maa\/clubeternia_burst.gif\" alt=\"\" width=\"79\" height=\"80\" \/><img loading=\"lazy\" decoding=\"async\" style=\"color: #000000; font-family: 'Times New Roman'; line-height: normal; font-size: medium; font-weight: bold; width: 57px; height: 47px;\" src=\"http:\/\/motu.eurokolikonmaailma.fi\/kuvat\/Snake_maa\/30th_MOTUClogo.jpg\" alt=\"\" width=\"1034\" height=\"846\" \/><br style=\"color: #000000; font-family: 'Times New Roman'; font-size: medium; font-weight: bold; line-height: normal;\" \/><span style=\"color: #000000; font-family: 'Times New Roman'; font-size: medium; line-height: normal;\">Tuotekoodi:\u00a0W8914<\/span><\/p>\n<h1>Snake Man-At-Arms<br \/>\n&#8211; Transformed Master of Weapons<\/h1>\n<p><a href=\"http:\/\/motu.eurokolikonmaailma.fi\/kuvat\/Snake_maa\/525947_10150840679564844_57309659843_9564527_1551264120_n.jpg\" target=\"_blank\" rel=\"noopener\"><img loading=\"lazy\" decoding=\"async\" src=\"http:\/\/motu.eurokolikonmaailma.fi\/kuvat\/Snake_maa\/525947_10150840679564844_57309659843_9564527_1551264120_n.jpg\" alt=\"\" width=\"223\" height=\"321\" \/><\/a>\u00a0 \u00a0 \u00a0<a href=\"http:\/\/motu.eurokolikonmaailma.fi\/kuvat\/Snake_maa\/545036_10150840681684844_57309659843_9564532_1961654194_n.jpg\" target=\"_blank\" rel=\"noopener\"><img loading=\"lazy\" decoding=\"async\" src=\"http:\/\/motu.eurokolikonmaailma.fi\/kuvat\/Snake_maa\/545036_10150840681684844_57309659843_9564532_1961654194_n.jpg\" alt=\"\" width=\"233\" height=\"321\" \/><\/a><\/p>\n<p>T\u00e4m\u00e4n hahmon mukana tuli 2. kolmesta vuonna 2012 julkaistusta minisarjiksesta.<\/p>\n<p><strong>Oikea nimi<\/strong>: Duncan of the Viper Clan<\/p>\n<p>Duncan heroically served King Randor throughout their battles with Skeletor and the Snake Men as Eternia&#8217;s chief war strategist and weapons maker. Exposed to the Serpent&#8217;s Ring, Duncan was magically transformed by King Hssss into a Snake Man permanently. Under this evil spell, he used his genius to create great and horrific machines of war for the Snake Men as they battled for control of Eternia. Eventually, Duncan was forced to battle against Clamp Champ, who had since replaced him as Royal Man-At-Arms. In their epic final duel during the Second Ultimate Battleground, Duncan was mortally wounded, but not before momentarily recovering his humanity thanks to a spell cast by his daughter Teela, the new Sorceress of Grayskull.<\/p>\n<p><em>Duncan palveli sankarillisesti kuningas Randoria taisteluissa Skletoria ja K\u00e4\u00e4rmemiehi\u00e4 vastaan Eternian p\u00e4\u00e4strategistina and asesepp\u00e4n\u00e4. Altistuneena K\u00e4\u00e4rmeenrenkaalle, Duncan muuttui King Hssss:n magian vaikutuksesta pysyv\u00e4sti k\u00e4\u00e4rmemieheksi. T\u00e4m\u00e4n ilke\u00e4n lumouksen alaisena, h\u00e4n k\u00e4ytti \u00e4ly\u00e4\u00e4n luodakseen mahtavis ja kauheita sotakoneita k\u00e4\u00e4rmemiehille, heid\u00e4n taistellessaan Eternian valtiudesta. Lopulta Duncan joutui taisteluun Clamp Champia, joka oli korvannut h\u00e4net kuninkaallisena asemiehen\u00e4, vastaan. Heid\u00e4n lopullisen eeppisen, Toisen Ultimaalisen Taistelukent\u00e4n taistelun aikana tapahtuneen kohtaamisen aikana, Duncan haavoittui kuolettavasti, muttei ennen kuin h\u00e4n oli hetkeksi saanut ihmisyytens\u00e4 takaisin, kiitos tytt\u00e4rens\u00e4 Teelan, P\u00e4\u00e4kallolinnan uuden velhottaren loitsun.<\/em><\/p>\n<p><strong>Lue hahmon mukana tullut minisarjis:<\/strong><\/p>\n<div class=\"_3d-flip-book  fb3d-fullscreen-mode full-size\" data-id=\"5875\" data-mode=\"fullscreen\" data-title=\"false\" data-template=\"short-white-book-view\" data-lightbox=\"dark-shadow\" data-urlparam=\"fb3d-page\" data-page-n=\"0\" data-pdf=\"\" data-tax=\"null\" data-thumbnail=\"\" data-cols=\"3\" data-book-template=\"default\" data-trigger=\"\"><\/div><script type=\"text\/javascript\">window.FB3D_CLIENT_DATA = window.FB3D_CLIENT_DATA || [];FB3D_CLIENT_DATA.push('eyJwb3N0cyI6eyI1ODc1Ijp7IklEIjo1ODc1LCJ0aXRsZSI6Ik1PVFVDIE1pbmljb21pYyAyIiwidHlwZSI6InBkZiIsInJlYWR5X2Z1bmN0aW9uIjoiIiwiYm9va19zdHlsZSI6InZvbHVtZSIsImJvb2tfdGVtcGxhdGUiOiJub25lIiwib3V0bGluZSI6W10sImRhdGEiOnsicG9zdF9JRCI6IjU4NzQiLCJndWlkIjoiaHR0cHM6XC9cL3d3dy5ldXJva29saWtvbm1hYWlsbWEuZmlcL2Jsb2dpXC93cC1jb250ZW50XC91cGxvYWRzXC8yMDI1XC8wNlwvUG93ZXJzX29mX0dyYXlza3VsbF9IZS1Sb19VbmxlYXNoZWQucGRmIiwicGRmX3BhZ2VzIjoiMTIiLCJwYWdlc19jdXN0b21pemF0aW9uIjoibm9uZSJ9LCJ0aHVtYm5haWwiOnsiZGF0YSI6eyJwb3N0X0lEIjoiMCJ9LCJ0eXBlIjoiYXV0byJ9LCJwcm9wcyI6eyJiYWNrZ3JvdW5kQ29sb3IiOiJhdXRvIiwiYmFja2dyb3VuZEltYWdlIjoiYXV0byIsImJhY2tncm91bmRTdHlsZSI6ImF1dG8iLCJoaWdobGlnaHRMaW5rcyI6ImF1dG8iLCJsaWdodGluZyI6ImF1dG8iLCJzaW5nbGVQYWdlTW9kZSI6ImF1dG8iLCJjYWNoZWRQYWdlcyI6ImF1dG8iLCJyZW5kZXJJbmFjdGl2ZVBhZ2VzIjoiYXV0byIsInJlbmRlckluYWN0aXZlUGFnZXNPbk1vYmlsZSI6ImF1dG8iLCJyZW5kZXJXaGlsZUZsaXBwaW5nIjoiYXV0byIsInByZWxvYWRQYWdlcyI6ImF1dG8iLCJhdXRvUGxheUR1cmF0aW9uIjoiYXV0byIsInJ0bCI6ImF1dG8iLCJpbnRlcmFjdGl2ZUNvcm5lcnMiOiJhdXRvIiwibWF4RGVwdGgiOiJhdXRvIiwic2hlZXQiOnsic3RhcnRWZWxvY2l0eSI6ImF1dG8iLCJ3YXZlIjoiYXV0byIsInNoYXBlIjoiYXV0byIsIndpZHRoVGV4ZWxzIjoiYXV0byIsImNvbG9yIjoiYXV0byIsInNpZGUiOiJhdXRvIiwic3RyZXRjaEltYWdlcyI6ImF1dG8iLCJjb3JuZXJEZXZpYXRpb24iOiJhdXRvIiwiZmxleGliaWxpdHkiOiJhdXRvIiwiZmxleGlibGVDb3JuZXIiOiJhdXRvIiwiYmVuZGluZyI6ImF1dG8iLCJoZWlnaHRUZXhlbHMiOiJhdXRvIn0sImNvdmVyIjp7IndhdmUiOiJhdXRvIiwiY29sb3IiOiJhdXRvIiwic2lkZSI6ImF1dG8iLCJzdHJldGNoSW1hZ2VzIjoiYXV0byIsImJpbmRlclRleHR1cmUiOiJhdXRvIiwiZGVwdGgiOiJhdXRvIiwicGFkZGluZyI6ImF1dG8iLCJzdGFydFZlbG9jaXR5IjoiYXV0byIsImZsZXhpYmlsaXR5IjoiYXV0byIsImZsZXhpYmxlQ29ybmVyIjoiYXV0byIsImJlbmRpbmciOiJhdXRvIiwid2lkdGhUZXhlbHMiOiJhdXRvIiwiaGVpZ2h0VGV4ZWxzIjoiYXV0byIsIm1hc3MiOiJhdXRvIiwic2hhcGUiOiJhdXRvIn0sInBhZ2UiOnsid2F2ZSI6ImF1dG8iLCJjb2xvciI6ImF1dG8iLCJzaWRlIjoiYXV0byIsInN0cmV0Y2hJbWFnZXMiOiJhdXRvIiwiZGVwdGgiOiJhdXRvIiwic3RhcnRWZWxvY2l0eSI6ImF1dG8iLCJmbGV4aWJpbGl0eSI6ImF1dG8iLCJmbGV4aWJsZUNvcm5lciI6ImF1dG8iLCJiZW5kaW5nIjoiYXV0byIsIndpZHRoVGV4ZWxzIjoiYXV0byIsImhlaWdodFRleGVscyI6ImF1dG8iLCJtYXNzIjoiYXV0byIsInNoYXBlIjoiYXV0byJ9LCJoZWlnaHQiOiJhdXRvIiwid2lkdGgiOiJhdXRvIiwiZ3Jhdml0eSI6ImF1dG8iLCJwYWdlc0ZvclByZWRpY3RpbmciOiJhdXRvIn0sImNvbnRyb2xQcm9wcyI6eyJhY3Rpb25zIjp7ImNtZFRvYyI6eyJlbmFibGVkIjoiYXV0byIsImVuYWJsZWRJbk5hcnJvdyI6ImF1dG8iLCJhY3RpdmUiOiJhdXRvIiwiZGVmYXVsdFRhYiI6ImF1dG8ifSwiY21kQXV0b1BsYXkiOnsiZW5hYmxlZCI6ImF1dG8iLCJlbmFibGVkSW5OYXJyb3ciOiJhdXRvIiwiYWN0aXZlIjoiYXV0byJ9LCJjbWRTYXZlIjp7ImVuYWJsZWQiOiIwIiwiZW5hYmxlZEluTmFycm93IjoiMCJ9LCJjbWRQcmludCI6eyJlbmFibGVkIjoiMCIsImVuYWJsZWRJbk5hcnJvdyI6IjAifSwiY21kU2luZ2xlUGFnZSI6eyJlbmFibGVkIjoiYXV0byIsImVuYWJsZWRJbk5hcnJvdyI6ImF1dG8iLCJhY3RpdmUiOiJhdXRvIiwiYWN0aXZlRm9yTW9iaWxlIjoiYXV0byJ9LCJ3aWRUb29sYmFyIjp7ImVuYWJsZWQiOiJhdXRvIiwiZW5hYmxlZEluTmFycm93IjoiYXV0byJ9fX0sImF1dG9UaHVtYm5haWwiOiJodHRwczpcL1wvd3d3LmV1cm9rb2xpa29ubWFhaWxtYS5maVwvYmxvZ2lcL3dwLWNvbnRlbnRcL3VwbG9hZHNcLzNkLWZsaXAtYm9va1wvYXV0by10aHVtYm5haWxzXC81ODc1LnBuZyIsInBvc3RfbmFtZSI6Im1vdHVjLW1pbmljb21pYy0yIiwicG9zdF90eXBlIjoiM2QtZmxpcC1ib29rIn19LCJwYWdlcyI6W10sImZpcnN0UGFnZXMiOltdfQ==');window.FB3D_CLIENT_LOCALE && FB3D_CLIENT_LOCALE.render && FB3D_CLIENT_LOCALE.render();<\/script>\n","protected":false},"excerpt":{"rendered":"<p>Tuotekoodi:\u00a0W8914 Snake Man-At-Arms &#8211; Transformed Master of Weapons \u00a0 \u00a0 \u00a0 T\u00e4m\u00e4n hahmon mukana tuli 2. kolmesta vuonna 2012 julkaistusta minisarjiksesta. Oikea nimi: Duncan of the Viper Clan Duncan heroically served King Randor throughout their battles with Skeletor and the &hellip; <a href=\"https:\/\/www.eurokolikonmaailma.fi\/?page_id=2430\">Lue loppuun <span class=\"meta-nav\">&rarr;<\/span><\/a><\/p>\n","protected":false},"author":1,"featured_media":0,"parent":1478,"menu_order":0,"comment_status":"open","ping_status":"open","template":"","meta":{"footnotes":""},"class_list":["post-2430","page","type-page","status-publish","hentry"],"_links":{"self":[{"href":"https:\/\/www.eurokolikonmaailma.fi\/index.php?rest_route=\/wp\/v2\/pages\/2430","targetHints":{"allow":["GET"]}}],"collection":[{"href":"https:\/\/www.eurokolikonmaailma.fi\/index.php?rest_route=\/wp\/v2\/pages"}],"about":[{"href":"https:\/\/www.eurokolikonmaailma.fi\/index.php?rest_route=\/wp\/v2\/types\/page"}],"author":[{"embeddable":true,"href":"https:\/\/www.eurokolikonmaailma.fi\/index.php?rest_route=\/wp\/v2\/users\/1"}],"replies":[{"embeddable":true,"href":"https:\/\/www.eurokolikonmaailma.fi\/index.php?rest_route=%2Fwp%2Fv2%2Fcomments&post=2430"}],"version-history":[{"count":4,"href":"https:\/\/www.eurokolikonmaailma.fi\/index.php?rest_route=\/wp\/v2\/pages\/2430\/revisions"}],"predecessor-version":[{"id":5877,"href":"https:\/\/www.eurokolikonmaailma.fi\/index.php?rest_route=\/wp\/v2\/pages\/2430\/revisions\/5877"}],"up":[{"embeddable":true,"href":"https:\/\/www.eurokolikonmaailma.fi\/index.php?rest_route=\/wp\/v2\/pages\/1478"}],"wp:attachment":[{"href":"https:\/\/www.eurokolikonmaailma.fi\/index.php?rest_route=%2Fwp%2Fv2%2Fmedia&parent=2430"}],"curies":[{"name":"wp","href":"https:\/\/api.w.org\/{rel}","templated":true}]}}