{"id":2427,"date":"2012-08-29T23:20:14","date_gmt":"2012-08-29T20:20:14","guid":{"rendered":"http:\/\/www.eurokolikonmaailma.fi\/?page_id=2427"},"modified":"2012-08-29T23:20:14","modified_gmt":"2012-08-29T20:20:14","slug":"spikor","status":"publish","type":"page","link":"https:\/\/www.eurokolikonmaailma.fi\/?page_id=2427","title":{"rendered":"Spikor"},"content":{"rendered":"<p><img loading=\"lazy\" decoding=\"async\" style=\"color: #000000; font-family: 'Times New Roman'; line-height: normal; font-size: medium; font-weight: bold; width: 123px; height: 47px;\" src=\"http:\/\/motu.eurokolikonmaailma.fi\/kuvat\/Spikor\/motuc.1.jpg\" alt=\"\" width=\"580\" height=\"221\" \/><img loading=\"lazy\" decoding=\"async\" style=\"color: #000000; font-family: 'Times New Roman'; line-height: normal; font-size: medium; font-weight: bold; width: 46px; height: 47px;\" src=\"http:\/\/motu.eurokolikonmaailma.fi\/kuvat\/Spikor\/clubeternia_burst.gif\" alt=\"\" width=\"79\" height=\"80\" \/><img loading=\"lazy\" decoding=\"async\" style=\"color: #000000; font-family: 'Times New Roman'; line-height: normal; font-size: medium; font-weight: bold; width: 57px; height: 47px;\" src=\"http:\/\/motu.eurokolikonmaailma.fi\/kuvat\/Spikor\/30th_MOTUClogo.jpg\" alt=\"\" width=\"1034\" height=\"846\" \/><br style=\"color: #000000; font-family: 'Times New Roman'; font-size: medium; font-weight: bold; line-height: normal;\" \/><span style=\"color: #000000; font-family: 'Times New Roman'; font-size: medium; line-height: normal;\">Tuotekoodi:\u00a0W8917<\/span><\/p>\n<h1>Spikor<br \/>\n&#8211; Untouchable Master of Evil Combat<\/h1>\n<p><a href=\"http:\/\/motu.eurokolikonmaailma.fi\/kuvat\/Spikor\/552856_10150961759014844_2136851523_n.jpg\" target=\"_blank\"><img loading=\"lazy\" decoding=\"async\" src=\"http:\/\/motu.eurokolikonmaailma.fi\/kuvat\/Spikor\/552856_10150961759014844_2136851523_n.jpg\" alt=\"\" width=\"230\" height=\"320\" \/><\/a>\u00a0 \u00a0 \u00a0<a href=\"http:\/\/motu.eurokolikonmaailma.fi\/kuvat\/Spikor\/303418_10150961759494844_1666596117_n.jpg\" target=\"_blank\"><img loading=\"lazy\" decoding=\"async\" src=\"http:\/\/motu.eurokolikonmaailma.fi\/kuvat\/Spikor\/303418_10150961759494844_1666596117_n.jpg\" alt=\"\" width=\"234\" height=\"322\" \/><\/a><\/p>\n<p><strong>Oikea nimi:<\/strong> Kleffton<\/p>\n<p>Originally a blacksmith from the Eternian village of Nordling. Kleffton was fused with an enchanted suit of spiked armor and mystic trident when he attempted to steal a sacred scroll from the city&#8217;s high priests. Banished from his home, Kleffton became an outcast, wandering into the Sands of Time. He was discovered by Skeletor who saw his natural talent to forge weapons and recruited him to battle against the Snake Men. Now called Spikor, he serves Skeletor by creating new arms and armor for the Overlord of Evil. Spikor uses his spike-studded body and trident arm as mighty weapons!<\/p>\n<p><em>Alunperin eternialaisesta Nordlingin kyl\u00e4st\u00e4 l\u00e4ht\u00f6isin oleva sepp\u00e4. Klefton sulautettiin yhteen lumotun piikikk\u00e4\u00e4n haarniskan ja mystisen kolmik\u00e4rjen kanssa, yritt\u00e4ess\u00e4\u00e4n varastaa pyh\u00e4n k\u00e4\u00e4r\u00f6n kapungin ylipapeilta. Karkoitettuna kotoaan, Klefftonista tuli hylki\u00f6, vaellellen Aikojen Hiekoilla, h\u00e4net l\u00f6ysi Skeletor, joka n\u00e4ki h\u00e4nen luontaiset kykyns\u00e4 luoda aseita ja rekrytoi h\u00e4net taistelemaan K\u00e4\u00e4rmemiehi\u00e4 vastaan. Nyt nimelt\u00e4\u00e4n Spikor, h\u00e4n palvelee Skeletoria luoden pahuuden ylilordille uusia aseita ja haarniskoja. Spikor k\u00e4ytt\u00e4\u00e4 piikik\u00e4st\u00e4 ruumistaan ja kolmik\u00e4rke\u00e4 mahtavina aseina!<\/em><\/p>\n","protected":false},"excerpt":{"rendered":"<p>Tuotekoodi:\u00a0W8917 Spikor &#8211; Untouchable Master of Evil Combat \u00a0 \u00a0 \u00a0 Oikea nimi: Kleffton Originally a blacksmith from the Eternian village of Nordling. Kleffton was fused with an enchanted suit of spiked armor and mystic trident when he attempted to &hellip; <a href=\"https:\/\/www.eurokolikonmaailma.fi\/?page_id=2427\">Lue loppuun <span class=\"meta-nav\">&rarr;<\/span><\/a><\/p>\n","protected":false},"author":1,"featured_media":0,"parent":1478,"menu_order":0,"comment_status":"open","ping_status":"open","template":"","meta":{"footnotes":""},"class_list":["post-2427","page","type-page","status-publish","hentry"],"_links":{"self":[{"href":"https:\/\/www.eurokolikonmaailma.fi\/index.php?rest_route=\/wp\/v2\/pages\/2427","targetHints":{"allow":["GET"]}}],"collection":[{"href":"https:\/\/www.eurokolikonmaailma.fi\/index.php?rest_route=\/wp\/v2\/pages"}],"about":[{"href":"https:\/\/www.eurokolikonmaailma.fi\/index.php?rest_route=\/wp\/v2\/types\/page"}],"author":[{"embeddable":true,"href":"https:\/\/www.eurokolikonmaailma.fi\/index.php?rest_route=\/wp\/v2\/users\/1"}],"replies":[{"embeddable":true,"href":"https:\/\/www.eurokolikonmaailma.fi\/index.php?rest_route=%2Fwp%2Fv2%2Fcomments&post=2427"}],"version-history":[{"count":2,"href":"https:\/\/www.eurokolikonmaailma.fi\/index.php?rest_route=\/wp\/v2\/pages\/2427\/revisions"}],"predecessor-version":[{"id":2524,"href":"https:\/\/www.eurokolikonmaailma.fi\/index.php?rest_route=\/wp\/v2\/pages\/2427\/revisions\/2524"}],"up":[{"embeddable":true,"href":"https:\/\/www.eurokolikonmaailma.fi\/index.php?rest_route=\/wp\/v2\/pages\/1478"}],"wp:attachment":[{"href":"https:\/\/www.eurokolikonmaailma.fi\/index.php?rest_route=%2Fwp%2Fv2%2Fmedia&parent=2427"}],"curies":[{"name":"wp","href":"https:\/\/api.w.org\/{rel}","templated":true}]}}