{"id":2424,"date":"2012-08-29T23:14:17","date_gmt":"2012-08-29T20:14:17","guid":{"rendered":"http:\/\/www.eurokolikonmaailma.fi\/?page_id=2424"},"modified":"2025-05-30T16:07:21","modified_gmt":"2025-05-30T13:07:21","slug":"horde-prime","status":"publish","type":"page","link":"https:\/\/www.eurokolikonmaailma.fi\/?page_id=2424","title":{"rendered":"Horde Prime"},"content":{"rendered":"<p><img loading=\"lazy\" decoding=\"async\" style=\"color: #000000; font-family: 'Times New Roman'; line-height: normal; font-size: medium; font-weight: bold; width: 123px; height: 47px;\" src=\"http:\/\/motu.eurokolikonmaailma.fi\/kuvat\/Horde_Prime\/motuc.1.jpg\" alt=\"\" width=\"580\" height=\"221\" \/><img loading=\"lazy\" decoding=\"async\" class=\"alignnone size-full\" src=\"http:\/\/motu.eurokolikonmaailma.fi\/kuvat\/Horde_Prime\/horde_logo.png\" width=\"105\" height=\"47\" \/><img loading=\"lazy\" decoding=\"async\" style=\"color: #000000; font-family: 'Times New Roman'; line-height: normal; font-size: medium; font-weight: bold; width: 46px; height: 47px;\" src=\"http:\/\/motu.eurokolikonmaailma.fi\/kuvat\/Horde_Prime\/clubeternia_burst.gif\" alt=\"\" width=\"79\" height=\"80\" \/><img loading=\"lazy\" decoding=\"async\" style=\"color: #000000; font-family: 'Times New Roman'; line-height: normal; font-size: medium; font-weight: bold; width: 57px; height: 47px;\" src=\"http:\/\/motu.eurokolikonmaailma.fi\/kuvat\/Horde_Prime\/30th_MOTUClogo.jpg\" alt=\"\" width=\"1034\" height=\"846\" \/><br style=\"color: #000000; font-family: 'Times New Roman'; font-size: medium; font-weight: bold; line-height: normal;\" \/><span style=\"color: #000000; font-family: 'Times New Roman'; font-size: medium; line-height: normal;\">Tuotekoodi:\u00a0W8911<\/span><\/p>\n<h1>Horde Prime<br \/>\n&#8211; Supreme Ruler of the Horde Empire<\/h1>\n<p><a href=\"http:\/\/motu.eurokolikonmaailma.fi\/kuvat\/Horde_Prime\/582142_10150840674089844_57309659843_9564507_1797663883_n.jpg\" target=\"_blank\" rel=\"noopener\"><img loading=\"lazy\" decoding=\"async\" src=\"http:\/\/motu.eurokolikonmaailma.fi\/kuvat\/Horde_Prime\/582142_10150840674089844_57309659843_9564507_1797663883_n.jpg\" alt=\"\" width=\"225\" height=\"320\" \/><\/a>\u00a0 \u00a0 \u00a0<a href=\"http:\/\/motu.eurokolikonmaailma.fi\/kuvat\/Horde_Prime\/538906_10150840675979844_57309659843_9564515_1493320470_n.jpg\" target=\"_blank\" rel=\"noopener\"><img loading=\"lazy\" decoding=\"async\" src=\"http:\/\/motu.eurokolikonmaailma.fi\/kuvat\/Horde_Prime\/538906_10150840675979844_57309659843_9564515_1493320470_n.jpg\" alt=\"\" width=\"233\" height=\"320\" \/><\/a><\/p>\n<p>T\u00e4m\u00e4 hahmo oli alunperin tarkoitettu Club Eternia 2012 tilauspalveluextra hahmoksi, mutta Mattelin saatua lisenssin Filmation animaatiossa esiintyneisiin hahmoihin kes\u00e4ll\u00e4 2011, he vaihtoivat tilauspalveluhahmon Shadow Waveriksi ja tekiv\u00e4t Horde Primest\u00e4 normaalin kuukausittaishahmon.<\/p>\n<p><strong>Oikea nimi:<\/strong> Anillis Kur<\/p>\n<p>Evil dictator of a galaxy-spanning empire, the tyrannical Horde Prime rules from his throne on Horde World. Systematically wiping out many of the Cosmic Enforcers, Anillis gained his greatest triumph when he infected his arch enemy He-Ro with a mind wiping techno-organic virus and banished him to the far off magical planet of Eternia. Knowing his scheming younger brother&#8217;s ambition, Anillis sent him on a foolish quest to ensure He-Ro was defeated, never realizing that in doing so he would set about a destined series of events that five millenia later would lead to his defeat at the hands of the twin warriors He-Man and She-Ra!<\/p>\n<p><em>Ilke\u00e4 galaksinlaajuisen imperiumin diktaattori, tyrannimainen Horde Prime hallitsee valtaistuimeltaan Hordimaailmasta k\u00e4sin. Systemaattisesti tuhoten useita Kosmisia Lainvalvojia, Anillis saavutti suurimman voittonsa tartuttaessaan arkkiviholliseensa He-Roon mielenpyyhkiv\u00e4n tekno-orgaanisen viruksen ja karkotti h\u00e4net kaukaiselle, maagiselle Eternia-planeetalle. Tuntien juonivan pikkuveljens\u00e4 vallanhimon, Anillis l\u00e4hetti h\u00e4net j\u00e4rjett\u00f6m\u00e4lle matkalle varmistamaan He-Ron tuho, tajuamatta ett\u00e4 n\u00e4in tehdess\u00e4\u00e4n h\u00e4n laittoi alulle ennaltam\u00e4\u00e4r\u00e4tyn sarjan tapahtumia, jotka viisituhatta vuotta muohemmin johtaisivat h\u00e4nen omaan tuhoonsa kaksossoturien He-Manin ja She-Ran toimesta!<\/em><\/p>\n","protected":false},"excerpt":{"rendered":"<p>Tuotekoodi:\u00a0W8911 Horde Prime &#8211; Supreme Ruler of the Horde Empire \u00a0 \u00a0 \u00a0 T\u00e4m\u00e4 hahmo oli alunperin tarkoitettu Club Eternia 2012 tilauspalveluextra hahmoksi, mutta Mattelin saatua lisenssin Filmation animaatiossa esiintyneisiin hahmoihin kes\u00e4ll\u00e4 2011, he vaihtoivat tilauspalveluhahmon Shadow Waveriksi ja tekiv\u00e4t &hellip; <a href=\"https:\/\/www.eurokolikonmaailma.fi\/?page_id=2424\">Lue loppuun <span class=\"meta-nav\">&rarr;<\/span><\/a><\/p>\n","protected":false},"author":1,"featured_media":0,"parent":1478,"menu_order":0,"comment_status":"open","ping_status":"open","template":"","meta":{"footnotes":""},"class_list":["post-2424","page","type-page","status-publish","hentry"],"_links":{"self":[{"href":"https:\/\/www.eurokolikonmaailma.fi\/index.php?rest_route=\/wp\/v2\/pages\/2424","targetHints":{"allow":["GET"]}}],"collection":[{"href":"https:\/\/www.eurokolikonmaailma.fi\/index.php?rest_route=\/wp\/v2\/pages"}],"about":[{"href":"https:\/\/www.eurokolikonmaailma.fi\/index.php?rest_route=\/wp\/v2\/types\/page"}],"author":[{"embeddable":true,"href":"https:\/\/www.eurokolikonmaailma.fi\/index.php?rest_route=\/wp\/v2\/users\/1"}],"replies":[{"embeddable":true,"href":"https:\/\/www.eurokolikonmaailma.fi\/index.php?rest_route=%2Fwp%2Fv2%2Fcomments&post=2424"}],"version-history":[{"count":3,"href":"https:\/\/www.eurokolikonmaailma.fi\/index.php?rest_route=\/wp\/v2\/pages\/2424\/revisions"}],"predecessor-version":[{"id":5721,"href":"https:\/\/www.eurokolikonmaailma.fi\/index.php?rest_route=\/wp\/v2\/pages\/2424\/revisions\/5721"}],"up":[{"embeddable":true,"href":"https:\/\/www.eurokolikonmaailma.fi\/index.php?rest_route=\/wp\/v2\/pages\/1478"}],"wp:attachment":[{"href":"https:\/\/www.eurokolikonmaailma.fi\/index.php?rest_route=%2Fwp%2Fv2%2Fmedia&parent=2424"}],"curies":[{"name":"wp","href":"https:\/\/api.w.org\/{rel}","templated":true}]}}