{"id":2421,"date":"2012-08-29T23:06:12","date_gmt":"2012-08-29T20:06:12","guid":{"rendered":"http:\/\/www.eurokolikonmaailma.fi\/?page_id=2421"},"modified":"2025-05-30T16:34:49","modified_gmt":"2025-05-30T13:34:49","slug":"slush-head","status":"publish","type":"page","link":"https:\/\/www.eurokolikonmaailma.fi\/?page_id=2421","title":{"rendered":"Slush Head"},"content":{"rendered":"<p><img loading=\"lazy\" decoding=\"async\" style=\"color: #000000; font-family: 'Times New Roman'; line-height: normal; font-size: medium; font-weight: bold; width: 123px; height: 47px;\" src=\"http:\/\/motu.eurokolikonmaailma.fi\/kuvat\/Slush-Head\/motuc.1.jpg\" alt=\"\" width=\"580\" height=\"221\" \/><img loading=\"lazy\" decoding=\"async\" style=\"color: #000000; font-family: 'Times New Roman'; line-height: normal; font-size: medium; font-weight: bold; width: 65px; height: 47px;\" src=\"http:\/\/motu.eurokolikonmaailma.fi\/kuvat\/Slush-Head\/space_mutants.jpg\" alt=\"\" width=\"79\" height=\"80\" \/><img loading=\"lazy\" decoding=\"async\" style=\"color: #000000; font-family: 'Times New Roman'; line-height: normal; font-size: medium; font-weight: bold; width: 46px; height: 47px;\" src=\"http:\/\/motu.eurokolikonmaailma.fi\/kuvat\/Slush-Head\/clubeternia_burst.gif\" alt=\"\" width=\"79\" height=\"80\" \/><img loading=\"lazy\" decoding=\"async\" style=\"color: #000000; font-family: 'Times New Roman'; line-height: normal; font-size: medium; font-weight: bold; width: 57px; height: 47px;\" src=\"http:\/\/motu.eurokolikonmaailma.fi\/kuvat\/Slush-Head\/30th_MOTUClogo.jpg\" alt=\"\" width=\"1034\" height=\"846\" \/><br style=\"color: #000000; font-family: 'Times New Roman'; font-size: medium; font-weight: bold; line-height: normal;\" \/><span style=\"color: #000000; font-family: 'Times New Roman'; font-size: medium; line-height: normal;\">Tuotekoodi:\u00a0W8913<\/span><\/p>\n<h1>Slush Head<br \/>\n&#8211; Scaly Goon Squad Thug<\/h1>\n<p><a href=\"http:\/\/motu.eurokolikonmaailma.fi\/kuvat\/Slush-Head\/527938_10150699236279844_57309659843_9250685_720053352_n.jpg\" target=\"_blank\" rel=\"noopener\"><img loading=\"lazy\" decoding=\"async\" src=\"http:\/\/motu.eurokolikonmaailma.fi\/kuvat\/Slush-Head\/527938_10150699236279844_57309659843_9250685_720053352_n.jpg\" alt=\"\" width=\"223\" height=\"320\" \/><\/a>\u00a0 \u00a0 \u00a0<a href=\"http:\/\/motu.eurokolikonmaailma.fi\/kuvat\/Slush-Head\/564538_10150699239419844_57309659843_9250723_926790891_n.jpg\" target=\"_blank\" rel=\"noopener\"><img loading=\"lazy\" decoding=\"async\" src=\"http:\/\/motu.eurokolikonmaailma.fi\/kuvat\/Slush-Head\/564538_10150699239419844_57309659843_9250723_926790891_n.jpg\" alt=\"\" width=\"233\" height=\"320\" \/><\/a><\/p>\n<p><strong>Oikea nimi:<\/strong> Kalamarr<\/p>\n<p>This grotesque, scaly, web-footed creature from Denebria&#8217;s stinking Quagmire Swamp had his head permanently encased in a plateelium dome full of the swamp&#8217;s foul waters. He carries a trident spear gun and a saber axe as well as two huge mechanical tentacles for grabbing and crushing his foes. As a petty thug and pickpocket, Kalamarr bounced in and out of Prison Starr throughout his youth. Just when he began getting his life in order, Skeletor arrived on his quest to overthrow the Horde Empire. The promise of riches and power were enough to sway this mutant moron and goon squad member to Skeletor&#8217;s evil ways.<\/p>\n<p><em>T\u00e4m\u00e4n groteskin, suomuisen, r\u00e4pyl\u00e4jalkaisen Denebrian haisevalta Quagmire suolta kotoisin olevan olion p\u00e4\u00e4 on pysyv\u00e4sti suljettuna suon \u00e4ll\u00f6tt\u00e4v\u00e4\u00e4 vett\u00e4 t\u00e4ynn\u00e4 olevaan plateelium kupuun. H\u00e4n kantaa mukanaan kolmik\u00e4rki keih\u00e4sasetta ja sapelikirvest\u00e4, kuten my\u00f6s kahta valtavaa mekaanista lonkeroa, joita h\u00e4n k\u00e4ytt\u00e4\u00e4 vihollisiinsa tarttumiseen ja heid\u00e4n murskaamisekseen. Pikkurikollisena taskuvarkaana, Kalamarr pomppi sis\u00e4\u00e4n ja ulos Vankil\u00e4t\u00e4hdelt\u00e4 koko nuoruutensa ajan. Juuri kun h\u00e4n oli saamassa el\u00e4m\u00e4ns\u00e4 j\u00e4rjestykseen, Skeletor saapui retkell\u00e4\u00e4n Hordi-Imperiumin kukistamiseksi. Lupaus rikkauksista ja voimasta olivat tarpeeksi taivuttamaan t\u00e4m\u00e4n mutanttityperyksen Skeletorin pahuuden valtaan.<\/em><\/p>\n","protected":false},"excerpt":{"rendered":"<p>Tuotekoodi:\u00a0W8913 Slush Head &#8211; Scaly Goon Squad Thug \u00a0 \u00a0 \u00a0 Oikea nimi: Kalamarr This grotesque, scaly, web-footed creature from Denebria&#8217;s stinking Quagmire Swamp had his head permanently encased in a plateelium dome full of the swamp&#8217;s foul waters. He &hellip; <a href=\"https:\/\/www.eurokolikonmaailma.fi\/?page_id=2421\">Lue loppuun <span class=\"meta-nav\">&rarr;<\/span><\/a><\/p>\n","protected":false},"author":1,"featured_media":0,"parent":1478,"menu_order":0,"comment_status":"open","ping_status":"open","template":"","meta":{"footnotes":""},"class_list":["post-2421","page","type-page","status-publish","hentry"],"_links":{"self":[{"href":"https:\/\/www.eurokolikonmaailma.fi\/index.php?rest_route=\/wp\/v2\/pages\/2421","targetHints":{"allow":["GET"]}}],"collection":[{"href":"https:\/\/www.eurokolikonmaailma.fi\/index.php?rest_route=\/wp\/v2\/pages"}],"about":[{"href":"https:\/\/www.eurokolikonmaailma.fi\/index.php?rest_route=\/wp\/v2\/types\/page"}],"author":[{"embeddable":true,"href":"https:\/\/www.eurokolikonmaailma.fi\/index.php?rest_route=\/wp\/v2\/users\/1"}],"replies":[{"embeddable":true,"href":"https:\/\/www.eurokolikonmaailma.fi\/index.php?rest_route=%2Fwp%2Fv2%2Fcomments&post=2421"}],"version-history":[{"count":3,"href":"https:\/\/www.eurokolikonmaailma.fi\/index.php?rest_route=\/wp\/v2\/pages\/2421\/revisions"}],"predecessor-version":[{"id":5734,"href":"https:\/\/www.eurokolikonmaailma.fi\/index.php?rest_route=\/wp\/v2\/pages\/2421\/revisions\/5734"}],"up":[{"embeddable":true,"href":"https:\/\/www.eurokolikonmaailma.fi\/index.php?rest_route=\/wp\/v2\/pages\/1478"}],"wp:attachment":[{"href":"https:\/\/www.eurokolikonmaailma.fi\/index.php?rest_route=%2Fwp%2Fv2%2Fmedia&parent=2421"}],"curies":[{"name":"wp","href":"https:\/\/api.w.org\/{rel}","templated":true}]}}