{"id":2416,"date":"2012-08-29T22:59:27","date_gmt":"2012-08-29T19:59:27","guid":{"rendered":"http:\/\/www.eurokolikonmaailma.fi\/?page_id=2416"},"modified":"2012-08-29T22:59:27","modified_gmt":"2012-08-29T19:59:27","slug":"stinkor","status":"publish","type":"page","link":"https:\/\/www.eurokolikonmaailma.fi\/?page_id=2416","title":{"rendered":"Stinkor"},"content":{"rendered":"<p><img loading=\"lazy\" decoding=\"async\" style=\"color: #000000; font-family: 'Times New Roman'; line-height: normal; font-size: medium; font-weight: bold; width: 123px; height: 47px;\" src=\"http:\/\/motu.eurokolikonmaailma.fi\/kuvat\/Stinkor\/motuc.1.jpg\" alt=\"\" width=\"580\" height=\"221\" \/><img loading=\"lazy\" decoding=\"async\" style=\"color: #000000; font-family: 'Times New Roman'; line-height: normal; font-size: medium; font-weight: bold; width: 46px; height: 47px;\" src=\"http:\/\/motu.eurokolikonmaailma.fi\/kuvat\/Stinkor\/clubeternia_burst.gif\" alt=\"\" width=\"79\" height=\"80\" \/><img loading=\"lazy\" decoding=\"async\" style=\"color: #000000; font-family: 'Times New Roman'; line-height: normal; font-size: medium; font-weight: bold; width: 57px; height: 47px;\" src=\"http:\/\/motu.eurokolikonmaailma.fi\/kuvat\/Stinkor\/30th_MOTUClogo.jpg\" alt=\"\" width=\"1034\" height=\"846\" \/><br style=\"color: #000000; font-family: 'Times New Roman'; font-size: medium; font-weight: bold; line-height: normal;\" \/><span style=\"color: #000000; font-family: 'Times New Roman'; font-size: medium; line-height: normal;\">Tuotekoodi:\u00a0W8919<\/span><\/p>\n<h1>Stinkor<br \/>\n&#8211; Evil Master of Odors<\/h1>\n<p><a href=\"http:\/\/motu.eurokolikonmaailma.fi\/kuvat\/Stinkor\/429532_10150642072454844_57309659843_9060374_1078000879_n.jpg\" target=\"_blank\"><img loading=\"lazy\" decoding=\"async\" src=\"http:\/\/motu.eurokolikonmaailma.fi\/kuvat\/Stinkor\/429532_10150642072454844_57309659843_9060374_1078000879_n.jpg\" alt=\"\" width=\"225\" height=\"321\" \/><\/a>\u00a0 \u00a0 \u00a0<a href=\"http:\/\/motu.eurokolikonmaailma.fi\/kuvat\/Stinkor\/425790_10150642075204844_57309659843_9060380_1589397008_n.jpg\" target=\"_blank\"><img loading=\"lazy\" decoding=\"async\" src=\"http:\/\/motu.eurokolikonmaailma.fi\/kuvat\/Stinkor\/425790_10150642075204844_57309659843_9060380_1589397008_n.jpg\" alt=\"\" width=\"235\" height=\"321\" \/><\/a><\/p>\n<p><strong>Oikea nimi:<\/strong> Odiphus<\/p>\n<p>Originally a Pelezeean thief named Odiphus, Stinkor was banished from his village after helping a great warlord named Prahvus destroy their defensive weapons. Wandering throughout Eternia, curiosity led him to Tri-Klops&#8217;lab deep within Snake Mountain. There he caused an accident that infused his body with a horrid stench so powerful it drives away even Skeletor&#8217;s Evil Warriors. After demonstrating how his stench power could be used as a weapon of warfare, Odiphus was recruited back to Snake Mountain and armed with a Power Vest Gas Mask created by Tri-Klops to funnel his stench directly at foes. Armed for combat and calling himself Stinkor, Odiphus has the ability to stink and destroy with his odor of evil.<\/p>\n<p><em>Alunperin Palezeeanilainen varas nimelt\u00e4\u00e4n Odiphus, Stinkor karkoitettiin kyl\u00e4st\u00e4\u00e4n autettuaan mahtavaa sotaherraa Prahvusta tuhoamaan Odiphuksen kotikyl\u00e4n puolustusaseistuksen. Valtaen halki Eternian, uteliaisuus johti h\u00e4net syv\u00e4ll\u00e4 K\u00e4\u00e4rmevuoren uumenissa sijaitsevaan Tri-Klopsin laboratorioon. Siell\u00e4 h\u00e4n aiheutti onnettomuuden, joka pumppasi h\u00e4nen ruumiinsa t\u00e4yteen niin hirvitt\u00e4v\u00e4n kauheaa hajua, ett\u00e4 se ajaa tiehens\u00e4 jopa Skeletorin pahuuden soturit. Osoitettuaan kuinka h\u00e4nen l\u00f6yhk\u00e4\u00e4ns\u00e4 voitaisiin k\u00e4ytt\u00e4\u00e4 aseena sodank\u00e4ynniss\u00e4, Odiphus rekrytoitiin K\u00e4\u00e4rmevuorelle ja aseistettiin Tri-Klopsin luomalla Kaasunaamarihaarniskalla, jonka avulla h\u00e4nen l\u00f6yhk\u00e4\u00e4ns\u00e4 voidaan kanavoida suoraan vihollisia vastaan. Aseistuttuna taisteluun ja kutsuen itse\u00e4\u00e4n Stinkoriksi, Odiphuksella on taito haista pahalle ja tuhota pahalla hajullaan.<\/em><\/p>\n","protected":false},"excerpt":{"rendered":"<p>Tuotekoodi:\u00a0W8919 Stinkor &#8211; Evil Master of Odors \u00a0 \u00a0 \u00a0 Oikea nimi: Odiphus Originally a Pelezeean thief named Odiphus, Stinkor was banished from his village after helping a great warlord named Prahvus destroy their defensive weapons. Wandering throughout Eternia, curiosity &hellip; <a href=\"https:\/\/www.eurokolikonmaailma.fi\/?page_id=2416\">Lue loppuun <span class=\"meta-nav\">&rarr;<\/span><\/a><\/p>\n","protected":false},"author":1,"featured_media":0,"parent":1478,"menu_order":0,"comment_status":"open","ping_status":"open","template":"","meta":{"footnotes":""},"class_list":["post-2416","page","type-page","status-publish","hentry"],"_links":{"self":[{"href":"https:\/\/www.eurokolikonmaailma.fi\/index.php?rest_route=\/wp\/v2\/pages\/2416","targetHints":{"allow":["GET"]}}],"collection":[{"href":"https:\/\/www.eurokolikonmaailma.fi\/index.php?rest_route=\/wp\/v2\/pages"}],"about":[{"href":"https:\/\/www.eurokolikonmaailma.fi\/index.php?rest_route=\/wp\/v2\/types\/page"}],"author":[{"embeddable":true,"href":"https:\/\/www.eurokolikonmaailma.fi\/index.php?rest_route=\/wp\/v2\/users\/1"}],"replies":[{"embeddable":true,"href":"https:\/\/www.eurokolikonmaailma.fi\/index.php?rest_route=%2Fwp%2Fv2%2Fcomments&post=2416"}],"version-history":[{"count":3,"href":"https:\/\/www.eurokolikonmaailma.fi\/index.php?rest_route=\/wp\/v2\/pages\/2416\/revisions"}],"predecessor-version":[{"id":5742,"href":"https:\/\/www.eurokolikonmaailma.fi\/index.php?rest_route=\/wp\/v2\/pages\/2416\/revisions\/5742"}],"up":[{"embeddable":true,"href":"https:\/\/www.eurokolikonmaailma.fi\/index.php?rest_route=\/wp\/v2\/pages\/1478"}],"wp:attachment":[{"href":"https:\/\/www.eurokolikonmaailma.fi\/index.php?rest_route=%2Fwp%2Fv2%2Fmedia&parent=2416"}],"curies":[{"name":"wp","href":"https:\/\/api.w.org\/{rel}","templated":true}]}}