{"id":2402,"date":"2012-08-26T15:27:56","date_gmt":"2012-08-26T12:27:56","guid":{"rendered":"http:\/\/www.eurokolikonmaailma.fi\/?page_id=2402"},"modified":"2019-06-17T21:00:13","modified_gmt":"2019-06-17T18:00:13","slug":"masters-of-the-universe-ost","status":"publish","type":"page","link":"https:\/\/www.eurokolikonmaailma.fi\/?page_id=2402","title":{"rendered":"Masters of the Universe OST"},"content":{"rendered":"<h1>Masters of the Universe<br \/>\n&#8211; &nbsp;Limited Edition Complete Original Motion Picture Soundtrack<\/h1>\n<p><a href=\"http:\/\/motu.eurokolikonmaailma.fi\/kuvat\/audio\/MOTU_OST_kansi.jpg\" target=\"_blank\" rel=\"noopener noreferrer\"><img loading=\"lazy\" decoding=\"async\" title=\"MOTU OST kansi\" src=\"http:\/\/motu.eurokolikonmaailma.fi\/kuvat\/audio\/MOTU_OST_kansi.jpg\" alt=\"\" width=\"295\" height=\"297\"><\/a><\/p>\n<p><a href=\"http:\/\/motu.eurokolikonmaailma.fi\/kuvat\/audio\/MOTU_OST_bcover_out.jpg\" target=\"_blank\" rel=\"noopener noreferrer\"><img loading=\"lazy\" decoding=\"async\" title=\"MOTU OST takakansi\" src=\"http:\/\/motu.eurokolikonmaailma.fi\/kuvat\/audio\/MOTU_OST_bcover_out.jpg\" alt=\"\" width=\"382\" height=\"297\"><\/a><\/p>\n<p>T\u00e4t\u00e4 kaksi levyist\u00e4 Limited Edition -painosta t\u00e4st\u00e4 elokuva \u00e4\u00e4niraidasta on valmistettu vain 3000 kappaletta. T\u00e4m\u00e4 julkaisu sis\u00e4lt\u00e4\u00e4 ennen julkaisemattoman t\u00e4ydellisen Masters of the Universe elokuvan \u00e4\u00e4niraidan, sek\u00e4 alkuper\u00e4isen \u00e4\u00e4niraitajulkaisun.<\/p>\n<h2>Raitalista:<\/h2>\n<p>CD 1<\/p>\n<ol>\n<li>MASTERS OF THE UNIVERSE Main Title \/ It\u2019s All Mine (5:19)<\/li>\n<li>Quick Escape (2:48)<\/li>\n<li>Battle In Greyskull (2:36)<\/li>\n<li>Arrival On Earth (Not Used In Film) (1:09)<\/li>\n<li>Where Is The Key (0:42)<\/li>\n<li>The Cemetery (1:26)<\/li>\n<li>Getting A Bearing (1:01)<\/li>\n<li>The Mercenaries (1:20)<\/li>\n<li>Battle At The Gym (6:24)<\/li>\n<li>Skeletor\u2019s Wrath (3:00)<\/li>\n<li>Evil-Lyn To Earth (1:04)<\/li>\n<li>Kevin\u2019s Plight (3:35)<\/li>\n<li>It\u2019s Them! \/ Centurion Attack (4:27)<\/li>\n<li>Julie Sees Mom \/ Julie Takes Key (2:38)<\/li>\n<li>Skeletor Arrives \/ After Them (7:28)<\/li>\n<li>He-Man\u2019s Last Battle? \/ Skeletor Departs (3:49)<\/li>\n<li>Julie\u2019s Muzak (1:46)<\/li>\n<li>He-Man Gets Whipped (3:58)<\/li>\n<li>Kevin Remembers The Tune \/ People Of Eternia (3:50)<\/li>\n<\/ol>\n<p>CD 1:n kokonaiskesto 59:10<\/p>\n<p>CD 2<\/p>\n<ol>\n<li>Cosmic Key Music (0:14)<\/li>\n<li>The Battle Begins \/ The Final Battle (6:52)<\/li>\n<li>Time To Go (2:41)<\/li>\n<li>Julie And Kevin \/ Happy Ending (1:57)<\/li>\n<li>MASTERS OF THE UNIVERSE End Credits (5:10)MASTERS OF THE UNIVERSE<br \/>\nOriginal Soundtrack Album Version Produced by Bill Conti<\/li>\n<li>Main Title \/ Eternia Besieged (7:22)<\/li>\n<li>Gwildor&#8217;s Quadrille (1:50)<\/li>\n<li>Earthly Encounter (4:21)<\/li>\n<li>Procession Of The Mercenaries (2:47)<\/li>\n<li>Evil-Lyn&#8217;s Deception (2:42)<\/li>\n<li>Skeletor The Destroyer (3:09)<\/li>\n<li>He-Man Enslaved (4:40)<\/li>\n<li>Transformation Of Skeletor (2:28)<\/li>\n<li>The Power Of Greyskull (3:31)<\/li>\n<li>Good Journey (4:38)<\/li>\n<li>He-Man Victorious \/ End Title (5:10)<\/li>\n<\/ol>\n<p>CD 2:n kokonaiskesto 60:15<\/p>\n<p><a href=\"http:\/\/motu.eurokolikonmaailma.fi\/kuvat\/audio\/MOTU_OST_disc1.jpg\" target=\"_blank\" rel=\"noopener noreferrer\"><img loading=\"lazy\" decoding=\"async\" title=\"MOTU OST cd1\" src=\"http:\/\/motu.eurokolikonmaailma.fi\/kuvat\/audio\/MOTU_OST_disc1.jpg\" alt=\"\" width=\"196\" height=\"198\"><\/a><a href=\"http:\/\/motu.eurokolikonmaailma.fi\/kuvat\/audio\/MOTU_OST_disc2.jpg\" target=\"_blank\" rel=\"noopener noreferrer\"><img loading=\"lazy\" decoding=\"async\" title=\"MOTU OST cd2\" src=\"http:\/\/motu.eurokolikonmaailma.fi\/kuvat\/audio\/MOTU_OST_disc2.jpg\" alt=\"\" width=\"199\" height=\"198\"><\/a><\/p>\n<p><strong>Kansilehtinen:<\/strong><br \/>\n<div class=\"_3d-flip-book  fb3d-fullscreen-mode full-size\" data-id=\"4451\" data-mode=\"fullscreen\" data-title=\"false\" data-template=\"short-white-book-view\" data-lightbox=\"dark-shadow\" data-urlparam=\"fb3d-page\" data-page-n=\"0\" data-pdf=\"\" data-tax=\"null\" data-thumbnail=\"\" data-cols=\"3\" data-book-template=\"default\" data-trigger=\"\"><\/div><script type=\"text\/javascript\">window.FB3D_CLIENT_DATA = window.FB3D_CLIENT_DATA || [];FB3D_CLIENT_DATA.push('eyJwb3N0cyI6eyI0NDUxIjp7IklEIjo0NDUxLCJ0aXRsZSI6Ik1PVFUgT1NUIiwidHlwZSI6InBkZiIsInJlYWR5X2Z1bmN0aW9uIjoiIiwiYm9va19zdHlsZSI6InZvbHVtZSIsImJvb2tfdGVtcGxhdGUiOiJub25lIiwib3V0bGluZSI6W10sImRhdGEiOnsicG9zdF9JRCI6IjU0NTciLCJndWlkIjoiaHR0cHM6XC9cL3d3dy5ldXJva29saWtvbm1hYWlsbWEuZmlcL2Jsb2dpXC93cC1jb250ZW50XC91cGxvYWRzXC8yMDI1XC8wNVwvbW90dV9tb3ZpZV9zb3VuZHRyYWNrLnBkZiIsInBkZl9wYWdlcyI6IjEyIiwicGFnZXNfY3VzdG9taXphdGlvbiI6Im5vbmUifSwidGh1bWJuYWlsIjp7ImRhdGEiOnsicG9zdF9JRCI6IjAifSwidHlwZSI6ImF1dG8ifSwicHJvcHMiOnsiYmFja2dyb3VuZENvbG9yIjoiYXV0byIsImJhY2tncm91bmRJbWFnZSI6ImF1dG8iLCJiYWNrZ3JvdW5kU3R5bGUiOiJhdXRvIiwiaGlnaGxpZ2h0TGlua3MiOiJhdXRvIiwibGlnaHRpbmciOiJhdXRvIiwic2luZ2xlUGFnZU1vZGUiOiJhdXRvIiwiY2FjaGVkUGFnZXMiOiJhdXRvIiwicmVuZGVySW5hY3RpdmVQYWdlcyI6ImF1dG8iLCJyZW5kZXJJbmFjdGl2ZVBhZ2VzT25Nb2JpbGUiOiJhdXRvIiwicmVuZGVyV2hpbGVGbGlwcGluZyI6ImF1dG8iLCJwcmVsb2FkUGFnZXMiOiJhdXRvIiwiYXV0b1BsYXlEdXJhdGlvbiI6ImF1dG8iLCJydGwiOiJhdXRvIiwiaW50ZXJhY3RpdmVDb3JuZXJzIjoiYXV0byIsIm1heERlcHRoIjoiYXV0byIsInNoZWV0Ijp7InN0YXJ0VmVsb2NpdHkiOiJhdXRvIiwid2F2ZSI6ImF1dG8iLCJzaGFwZSI6ImF1dG8iLCJ3aWR0aFRleGVscyI6ImF1dG8iLCJjb2xvciI6ImF1dG8iLCJzaWRlIjoiYXV0byIsInN0cmV0Y2hJbWFnZXMiOiJhdXRvIiwiY29ybmVyRGV2aWF0aW9uIjoiYXV0byIsImZsZXhpYmlsaXR5IjoiYXV0byIsImZsZXhpYmxlQ29ybmVyIjoiYXV0byIsImJlbmRpbmciOiJhdXRvIiwiaGVpZ2h0VGV4ZWxzIjoiYXV0byJ9LCJjb3ZlciI6eyJ3YXZlIjoiYXV0byIsImNvbG9yIjoiYXV0byIsInNpZGUiOiJhdXRvIiwic3RyZXRjaEltYWdlcyI6ImF1dG8iLCJiaW5kZXJUZXh0dXJlIjoiYXV0byIsImRlcHRoIjoiYXV0byIsInBhZGRpbmciOiJhdXRvIiwic3RhcnRWZWxvY2l0eSI6ImF1dG8iLCJmbGV4aWJpbGl0eSI6ImF1dG8iLCJmbGV4aWJsZUNvcm5lciI6ImF1dG8iLCJiZW5kaW5nIjoiYXV0byIsIndpZHRoVGV4ZWxzIjoiYXV0byIsImhlaWdodFRleGVscyI6ImF1dG8iLCJtYXNzIjoiYXV0byIsInNoYXBlIjoiYXV0byJ9LCJwYWdlIjp7IndhdmUiOiJhdXRvIiwiY29sb3IiOiJhdXRvIiwic2lkZSI6ImF1dG8iLCJzdHJldGNoSW1hZ2VzIjoiYXV0byIsImRlcHRoIjoiYXV0byIsInN0YXJ0VmVsb2NpdHkiOiJhdXRvIiwiZmxleGliaWxpdHkiOiJhdXRvIiwiZmxleGlibGVDb3JuZXIiOiJhdXRvIiwiYmVuZGluZyI6ImF1dG8iLCJ3aWR0aFRleGVscyI6ImF1dG8iLCJoZWlnaHRUZXhlbHMiOiJhdXRvIiwibWFzcyI6ImF1dG8iLCJzaGFwZSI6ImF1dG8ifSwiaGVpZ2h0IjoiYXV0byIsIndpZHRoIjoiYXV0byIsImdyYXZpdHkiOiJhdXRvIiwicGFnZXNGb3JQcmVkaWN0aW5nIjoiYXV0byJ9LCJjb250cm9sUHJvcHMiOnsiYWN0aW9ucyI6eyJjbWRUb2MiOnsiZW5hYmxlZCI6ImF1dG8iLCJlbmFibGVkSW5OYXJyb3ciOiJhdXRvIiwiYWN0aXZlIjoiYXV0byIsImRlZmF1bHRUYWIiOiJhdXRvIn0sImNtZEF1dG9QbGF5Ijp7ImVuYWJsZWQiOiJhdXRvIiwiZW5hYmxlZEluTmFycm93IjoiYXV0byIsImFjdGl2ZSI6ImF1dG8ifSwiY21kU2F2ZSI6eyJlbmFibGVkIjoiMCIsImVuYWJsZWRJbk5hcnJvdyI6ImF1dG8ifSwiY21kUHJpbnQiOnsiZW5hYmxlZCI6IjAiLCJlbmFibGVkSW5OYXJyb3ciOiJhdXRvIn0sImNtZFNpbmdsZVBhZ2UiOnsiZW5hYmxlZCI6ImF1dG8iLCJlbmFibGVkSW5OYXJyb3ciOiJhdXRvIiwiYWN0aXZlIjoiYXV0byIsImFjdGl2ZUZvck1vYmlsZSI6ImF1dG8ifSwid2lkVG9vbGJhciI6eyJlbmFibGVkIjoiYXV0byIsImVuYWJsZWRJbk5hcnJvdyI6ImF1dG8ifX19LCJhdXRvVGh1bWJuYWlsIjoiaHR0cHM6XC9cL3d3dy5ldXJva29saWtvbm1hYWlsbWEuZmlcL2Jsb2dpXC93cC1jb250ZW50XC91cGxvYWRzXC8zZC1mbGlwLWJvb2tcL2F1dG8tdGh1bWJuYWlsc1wvNDQ1MS5wbmciLCJwb3N0X25hbWUiOiJtb3R1LW9zdCIsInBvc3RfdHlwZSI6IjNkLWZsaXAtYm9vayJ9fSwicGFnZXMiOltdLCJmaXJzdFBhZ2VzIjpbXX0=');window.FB3D_CLIENT_LOCALE && FB3D_CLIENT_LOCALE.render && FB3D_CLIENT_LOCALE.render();<\/script><\/p>\n","protected":false},"excerpt":{"rendered":"<p>Masters of the Universe &#8211; &nbsp;Limited Edition Complete Original Motion Picture Soundtrack T\u00e4t\u00e4 kaksi levyist\u00e4 Limited Edition -painosta t\u00e4st\u00e4 elokuva \u00e4\u00e4niraidasta on valmistettu vain 3000 kappaletta. T\u00e4m\u00e4 julkaisu sis\u00e4lt\u00e4\u00e4 ennen julkaisemattoman t\u00e4ydellisen Masters of the Universe elokuvan \u00e4\u00e4niraidan, sek\u00e4 alkuper\u00e4isen &hellip; <a href=\"https:\/\/www.eurokolikonmaailma.fi\/?page_id=2402\">Lue loppuun <span class=\"meta-nav\">&rarr;<\/span><\/a><\/p>\n","protected":false},"author":1,"featured_media":0,"parent":28,"menu_order":0,"comment_status":"open","ping_status":"open","template":"","meta":{"footnotes":""},"class_list":["post-2402","page","type-page","status-publish","hentry"],"_links":{"self":[{"href":"https:\/\/www.eurokolikonmaailma.fi\/index.php?rest_route=\/wp\/v2\/pages\/2402","targetHints":{"allow":["GET"]}}],"collection":[{"href":"https:\/\/www.eurokolikonmaailma.fi\/index.php?rest_route=\/wp\/v2\/pages"}],"about":[{"href":"https:\/\/www.eurokolikonmaailma.fi\/index.php?rest_route=\/wp\/v2\/types\/page"}],"author":[{"embeddable":true,"href":"https:\/\/www.eurokolikonmaailma.fi\/index.php?rest_route=\/wp\/v2\/users\/1"}],"replies":[{"embeddable":true,"href":"https:\/\/www.eurokolikonmaailma.fi\/index.php?rest_route=%2Fwp%2Fv2%2Fcomments&post=2402"}],"version-history":[{"count":8,"href":"https:\/\/www.eurokolikonmaailma.fi\/index.php?rest_route=\/wp\/v2\/pages\/2402\/revisions"}],"predecessor-version":[{"id":4453,"href":"https:\/\/www.eurokolikonmaailma.fi\/index.php?rest_route=\/wp\/v2\/pages\/2402\/revisions\/4453"}],"up":[{"embeddable":true,"href":"https:\/\/www.eurokolikonmaailma.fi\/index.php?rest_route=\/wp\/v2\/pages\/28"}],"wp:attachment":[{"href":"https:\/\/www.eurokolikonmaailma.fi\/index.php?rest_route=%2Fwp%2Fv2%2Fmedia&parent=2402"}],"curies":[{"name":"wp","href":"https:\/\/api.w.org\/{rel}","templated":true}]}}