{"id":2395,"date":"2012-08-25T18:34:52","date_gmt":"2012-08-25T15:34:52","guid":{"rendered":"http:\/\/www.eurokolikonmaailma.fi\/?page_id=2395"},"modified":"2017-03-02T21:54:47","modified_gmt":"2017-03-02T19:54:47","slug":"les-maitres-de-lunivers-soundtrack","status":"publish","type":"page","link":"https:\/\/www.eurokolikonmaailma.fi\/?page_id=2395","title":{"rendered":"Les Maitres de L&#8217;Univers Soundtrack"},"content":{"rendered":"<h1>Les Maitres de L&#8217;Univers Filmation Soundtrack<\/h1>\n<p><a href=\"http:\/\/motu.eurokolikonmaailma.fi\/kuvat\/audio\/hmsoundtrack_back.jpg\" target=\"_blank\"><img loading=\"lazy\" decoding=\"async\" title=\"Filmation OST takakansi\" src=\"http:\/\/motu.eurokolikonmaailma.fi\/kuvat\/audio\/hmsoundtrack_back.jpg\" alt=\"\" width=\"390\" height=\"301\" \/><\/a><a href=\"http:\/\/motu.eurokolikonmaailma.fi\/kuvat\/audio\/hmsoundtrack_front.jpg\" target=\"_blank\"><img loading=\"lazy\" decoding=\"async\" title=\"Filmation OST etukansi\" src=\"http:\/\/motu.eurokolikonmaailma.fi\/kuvat\/audio\/hmsoundtrack_front.jpg\" alt=\"\" width=\"306\" height=\"301\" \/><\/a>\u00a0 \u00a0<a href=\"http:\/\/motu.eurokolikonmaailma.fi\/kuvat\/audio\/hmsioundtrack_disc.jpg\" target=\"_blank\"><img loading=\"lazy\" decoding=\"async\" title=\"Filmation OST levy\" src=\"http:\/\/motu.eurokolikonmaailma.fi\/kuvat\/audio\/hmsioundtrack_disc.jpg\" alt=\"\" width=\"300\" height=\"301\" \/><\/a><\/p>\n<p>T\u00e4m\u00e4 levy on uudelleen julkaisu Ranskassa 1980-julkaistusta H<em>e-Man and the Masters of the Universe<\/em> -sarjan soundtrackist\u00e4.<\/p>\n<h2>Raitalista:<\/h2>\n<p>1. Les Maitres de l&#8217;Univers 3:50<br \/>\n2. Tila 1:25<br \/>\n3. Orko 1:52<br \/>\n4. Reves Tendres 1:55<br \/>\n5. le Chateau des Ombres 1:25<br \/>\n6. Las Famille Royale 1:42<br \/>\n7. La Course folle d&#8217;Orko 0:55<br \/>\n8. Le Chateau Malefique 2:00<br \/>\n9. Meditation 1:50<br \/>\n10. Orko et la machine a remoter le temps 1:35<br \/>\n11. La Planete Magique 2:55<br \/>\n12. Les bons amis (jakso &#8221;A Friend in Need&#8221; audioversiona ranskaksi) 16:10<br \/>\n13. Les Maitres de l&#8217;Univers (Version Alternative) 2:40<br \/>\n14. Les Maitres de l&#8217;Univers (Version Espagnole) 2:00<\/p>\n<p>T\u00e4m\u00e4 CD on ostettavissa <a href=\"http:\/\/www.amazon.fr\/Les-Maitres-LUnivers-Shuky-Levy\/dp\/B007O0CV9W\/ref=sr_1_4?ie=UTF8&amp;qid=1345909590&amp;sr=8-4\" target=\"_blank\">Amazon.fr -sivustolta<\/a>.<\/p>\n","protected":false},"excerpt":{"rendered":"<p>Les Maitres de L&#8217;Univers Filmation Soundtrack \u00a0 \u00a0 T\u00e4m\u00e4 levy on uudelleen julkaisu Ranskassa 1980-julkaistusta He-Man and the Masters of the Universe -sarjan soundtrackist\u00e4. Raitalista: 1. Les Maitres de l&#8217;Univers 3:50 2. Tila 1:25 3. Orko 1:52 4. Reves Tendres &hellip; <a href=\"https:\/\/www.eurokolikonmaailma.fi\/?page_id=2395\">Lue loppuun <span class=\"meta-nav\">&rarr;<\/span><\/a><\/p>\n","protected":false},"author":1,"featured_media":0,"parent":28,"menu_order":0,"comment_status":"open","ping_status":"open","template":"","meta":{"footnotes":""},"class_list":["post-2395","page","type-page","status-publish","hentry"],"_links":{"self":[{"href":"https:\/\/www.eurokolikonmaailma.fi\/index.php?rest_route=\/wp\/v2\/pages\/2395","targetHints":{"allow":["GET"]}}],"collection":[{"href":"https:\/\/www.eurokolikonmaailma.fi\/index.php?rest_route=\/wp\/v2\/pages"}],"about":[{"href":"https:\/\/www.eurokolikonmaailma.fi\/index.php?rest_route=\/wp\/v2\/types\/page"}],"author":[{"embeddable":true,"href":"https:\/\/www.eurokolikonmaailma.fi\/index.php?rest_route=\/wp\/v2\/users\/1"}],"replies":[{"embeddable":true,"href":"https:\/\/www.eurokolikonmaailma.fi\/index.php?rest_route=%2Fwp%2Fv2%2Fcomments&post=2395"}],"version-history":[{"count":5,"href":"https:\/\/www.eurokolikonmaailma.fi\/index.php?rest_route=\/wp\/v2\/pages\/2395\/revisions"}],"predecessor-version":[{"id":3922,"href":"https:\/\/www.eurokolikonmaailma.fi\/index.php?rest_route=\/wp\/v2\/pages\/2395\/revisions\/3922"}],"up":[{"embeddable":true,"href":"https:\/\/www.eurokolikonmaailma.fi\/index.php?rest_route=\/wp\/v2\/pages\/28"}],"wp:attachment":[{"href":"https:\/\/www.eurokolikonmaailma.fi\/index.php?rest_route=%2Fwp%2Fv2%2Fmedia&parent=2395"}],"curies":[{"name":"wp","href":"https:\/\/api.w.org\/{rel}","templated":true}]}}